
{"id":14520,"date":"2020-12-16T17:03:01","date_gmt":"2020-12-16T16:03:01","guid":{"rendered":"https:\/\/www.comercialanma.es\/?post_type=product&#038;p=14520"},"modified":"2025-10-17T18:03:40","modified_gmt":"2025-10-17T16:03:40","slug":"olivas-rellenas-campomar-2k","status":"publish","type":"product","link":"https:\/\/www.comercialanma.es\/?product=olivas-rellenas-campomar-2k","title":{"rendered":"Aceitunas rellenas de Anchoa 160-200 La Sota 2Kg."},"content":{"rendered":"<h3>Ingredientes:<\/h3>\n<p>Aceituna verde, agua, pasta de anchoa (agua, anchoa y gelificante: alginato), sal, acidulante: \u00e1cido c\u00edtrico, antioxidante: \u00e1cido asc\u00f3rbico<\/p>\n","protected":false},"excerpt":{"rendered":"<p>Aceitunas rellenas de anchoa | La Sota | 2Kg. | Envase lata | Tama\u00f1o mediano.<\/p>\n<p>Ideales para acompa\u00f1ar ensaladas o vermut. calibre mediano.<\/p>\n","protected":false},"featured_media":24480,"template":"","meta":{"spay_email":""},"yoast_head":"<!-- This site is optimized with the Yoast SEO plugin v15.9 - https:\/\/yoast.com\/wordpress\/plugins\/seo\/ -->\n<title>Aceitunas rellenas de Anchoa 160-200 La Sota 2Kg. - Comercial de Hosteleria Anma<\/title>\n<meta name=\"description\" content=\"Aceitunas rellenas de anchoa | La Sota | 2Kg. | 160-200 | Envase lata | Tama\u00f1o mediano. Para acompa\u00f1ar ensaladas o vermut.\" \/>\n<meta name=\"robots\" content=\"index, follow, max-snippet:-1, max-image-preview:large, max-video-preview:-1\" \/>\n<link rel=\"canonical\" href=\"https:\/\/www.comercialanma.es\/?product=olivas-rellenas-campomar-2k\" \/>\n<meta property=\"og:locale\" content=\"es_ES\" \/>\n<meta property=\"og:type\" content=\"article\" \/>\n<meta property=\"og:title\" content=\"Aceitunas rellenas de Anchoa 160-200 La Sota 2Kg. - Comercial de Hosteleria Anma\" \/>\n<meta property=\"og:description\" content=\"Aceitunas rellenas de anchoa | La Sota | 2Kg. | 160-200 | Envase lata | Tama\u00f1o mediano. Para acompa\u00f1ar ensaladas o vermut.\" \/>\n<meta property=\"og:url\" content=\"https:\/\/www.comercialanma.es\/?product=olivas-rellenas-campomar-2k\" \/>\n<meta property=\"og:site_name\" content=\"Comercial de Hosteleria Anma\" \/>\n<meta property=\"article:publisher\" content=\"https:\/\/www.facebook.com\/AnmaHosteleria\" \/>\n<meta property=\"article:modified_time\" content=\"2025-10-17T16:03:40+00:00\" \/>\n<meta property=\"og:image\" content=\"https:\/\/i1.wp.com\/www.comercialanma.es\/wp-content\/uploads\/2020\/12\/la-sota-2kg.jpg?fit=1080%2C1080&#038;ssl=1\" \/>\n\t<meta property=\"og:image:width\" content=\"1080\" \/>\n\t<meta property=\"og:image:height\" content=\"1080\" \/>\n<meta name=\"twitter:card\" content=\"summary_large_image\" \/>\n<script type=\"application\/ld+json\" class=\"yoast-schema-graph\">{\"@context\":\"https:\/\/schema.org\",\"@graph\":[{\"@type\":\"Organization\",\"@id\":\"https:\/\/www.comercialanma.es\/#organization\",\"name\":\"Comercial Anma\",\"url\":\"https:\/\/www.comercialanma.es\/\",\"sameAs\":[\"https:\/\/www.facebook.com\/AnmaHosteleria\",\"https:\/\/www.instagram.com\/anmahosteleria\/?hl=es\",\"https:\/\/www.youtube.com\/channel\/UCT2nmn08Ntks0hmpZPnDgCA\"],\"logo\":{\"@type\":\"ImageObject\",\"@id\":\"https:\/\/www.comercialanma.es\/#logo\",\"inLanguage\":\"es\",\"url\":\"https:\/\/i2.wp.com\/www.comercialanma.es\/wp-content\/uploads\/2019\/06\/logo-anma-color.png?fit=247%2C101&ssl=1\",\"width\":247,\"height\":101,\"caption\":\"Comercial Anma\"},\"image\":{\"@id\":\"https:\/\/www.comercialanma.es\/#logo\"}},{\"@type\":\"WebSite\",\"@id\":\"https:\/\/www.comercialanma.es\/#website\",\"url\":\"https:\/\/www.comercialanma.es\/\",\"name\":\"Comercial de Hosteleria Anma\",\"description\":\"\",\"publisher\":{\"@id\":\"https:\/\/www.comercialanma.es\/#organization\"},\"potentialAction\":[{\"@type\":\"SearchAction\",\"target\":\"https:\/\/www.comercialanma.es\/?s={search_term_string}\",\"query-input\":\"required name=search_term_string\"}],\"inLanguage\":\"es\"},{\"@type\":\"ImageObject\",\"@id\":\"https:\/\/www.comercialanma.es\/?product=olivas-rellenas-campomar-2k#primaryimage\",\"inLanguage\":\"es\",\"url\":\"https:\/\/i1.wp.com\/www.comercialanma.es\/wp-content\/uploads\/2020\/12\/la-sota-2kg.jpg?fit=1080%2C1080&ssl=1\",\"width\":1080,\"height\":1080},{\"@type\":\"WebPage\",\"@id\":\"https:\/\/www.comercialanma.es\/?product=olivas-rellenas-campomar-2k#webpage\",\"url\":\"https:\/\/www.comercialanma.es\/?product=olivas-rellenas-campomar-2k\",\"name\":\"Aceitunas rellenas de Anchoa 160-200 La Sota 2Kg. - Comercial de Hosteleria Anma\",\"isPartOf\":{\"@id\":\"https:\/\/www.comercialanma.es\/#website\"},\"primaryImageOfPage\":{\"@id\":\"https:\/\/www.comercialanma.es\/?product=olivas-rellenas-campomar-2k#primaryimage\"},\"datePublished\":\"2020-12-16T16:03:01+00:00\",\"dateModified\":\"2025-10-17T16:03:40+00:00\",\"description\":\"Aceitunas rellenas de anchoa | La Sota | 2Kg. | 160-200 | Envase lata | Tama\\u00f1o mediano. Para acompa\\u00f1ar ensaladas o vermut.\",\"breadcrumb\":{\"@id\":\"https:\/\/www.comercialanma.es\/?product=olivas-rellenas-campomar-2k#breadcrumb\"},\"inLanguage\":\"es\",\"potentialAction\":[{\"@type\":\"ReadAction\",\"target\":[\"https:\/\/www.comercialanma.es\/?product=olivas-rellenas-campomar-2k\"]}]},{\"@type\":\"BreadcrumbList\",\"@id\":\"https:\/\/www.comercialanma.es\/?product=olivas-rellenas-campomar-2k#breadcrumb\",\"itemListElement\":[{\"@type\":\"ListItem\",\"position\":1,\"item\":{\"@type\":\"WebPage\",\"@id\":\"https:\/\/www.comercialanma.es\/\",\"url\":\"https:\/\/www.comercialanma.es\/\",\"name\":\"Portada\"}},{\"@type\":\"ListItem\",\"position\":2,\"item\":{\"@type\":\"WebPage\",\"@id\":\"https:\/\/www.comercialanma.es\/?page_id=3963\",\"url\":\"https:\/\/www.comercialanma.es\/?page_id=3963\",\"name\":\"Cat\\u00e1logo de Productos\"}},{\"@type\":\"ListItem\",\"position\":3,\"item\":{\"@type\":\"WebPage\",\"@id\":\"https:\/\/www.comercialanma.es\/?product=olivas-rellenas-campomar-2k\",\"url\":\"https:\/\/www.comercialanma.es\/?product=olivas-rellenas-campomar-2k\",\"name\":\"Aceitunas rellenas de Anchoa 160-200 La Sota 2Kg.\"}}]}]}<\/script>\n<!-- \/ Yoast SEO plugin. -->","_links":{"self":[{"href":"https:\/\/www.comercialanma.es\/index.php?rest_route=\/wp\/v2\/product\/14520"}],"collection":[{"href":"https:\/\/www.comercialanma.es\/index.php?rest_route=\/wp\/v2\/product"}],"about":[{"href":"https:\/\/www.comercialanma.es\/index.php?rest_route=\/wp\/v2\/types\/product"}],"version-history":[{"count":4,"href":"https:\/\/www.comercialanma.es\/index.php?rest_route=\/wp\/v2\/product\/14520\/revisions"}],"predecessor-version":[{"id":24481,"href":"https:\/\/www.comercialanma.es\/index.php?rest_route=\/wp\/v2\/product\/14520\/revisions\/24481"}],"wp:featuredmedia":[{"embeddable":true,"href":"https:\/\/www.comercialanma.es\/index.php?rest_route=\/wp\/v2\/media\/24480"}],"wp:attachment":[{"href":"https:\/\/www.comercialanma.es\/index.php?rest_route=%2Fwp%2Fv2%2Fmedia&parent=14520"}],"curies":[{"name":"wp","href":"https:\/\/api.w.org\/{rel}","templated":true}]}}