
{"id":14610,"date":"2020-12-18T10:44:06","date_gmt":"2020-12-18T09:44:06","guid":{"rendered":"https:\/\/www.comercialanma.es\/?post_type=product&#038;p=14610"},"modified":"2020-12-18T11:20:37","modified_gmt":"2020-12-18T10:20:37","slug":"anchoas-el-menu-25-mariposa","status":"publish","type":"product","link":"https:\/\/www.comercialanma.es\/?product=anchoas-el-menu-25-mariposa","title":{"rendered":"Anchoas El Men\u00fa aceite de oliva 25 mariposas 50 filetes"},"content":{"rendered":"<h3>Ingredientes:<\/h3>\n<p>Anchoas, aceite de oliva virgen extra, sal.<\/p>\n","protected":false},"excerpt":{"rendered":"<p>Anchoas El Men\u00fa aceite de oliva 25 mariposas 50 filetes | El Men\u00fa | 25 mariposas<\/p>\n<p>Deliciosas anchoas del cant\u00e1brico gran tama\u00f1o en aceite de oliva. Estas anchoas demuestran la pasi\u00f3n y el cari\u00f1o de Conservas El Men\u00fa por el trabajo bien hecho. Te recomendamos degustarlas con un trozo de un buen pan.<\/p>\n","protected":false},"featured_media":14612,"template":"","meta":{"spay_email":""},"yoast_head":"<!-- This site is optimized with the Yoast SEO plugin v15.9 - https:\/\/yoast.com\/wordpress\/plugins\/seo\/ -->\n<title>Anchoas El Men\u00fa aceite de oliva 25 mariposas 50 filetes - Comercial de Hosteleria Anma<\/title>\n<meta name=\"description\" content=\"Anchoas El Men\u00fa aceite de oliva 25 mariposas 50 filetes | El Men\u00fa | 25 mariposas | Deliciosas anchoas del cant\u00e1brico en aceite de oliva.\" \/>\n<meta name=\"robots\" content=\"index, follow, max-snippet:-1, max-image-preview:large, max-video-preview:-1\" \/>\n<link rel=\"canonical\" href=\"https:\/\/www.comercialanma.es\/?product=anchoas-el-menu-25-mariposa\" \/>\n<meta property=\"og:locale\" content=\"es_ES\" \/>\n<meta property=\"og:type\" content=\"article\" \/>\n<meta property=\"og:title\" content=\"Anchoas El Men\u00fa aceite de oliva 25 mariposas 50 filetes - Comercial de Hosteleria Anma\" \/>\n<meta property=\"og:description\" content=\"Anchoas El Men\u00fa aceite de oliva 25 mariposas 50 filetes | El Men\u00fa | 25 mariposas | Deliciosas anchoas del cant\u00e1brico en aceite de oliva.\" \/>\n<meta property=\"og:url\" content=\"https:\/\/www.comercialanma.es\/?product=anchoas-el-menu-25-mariposa\" \/>\n<meta property=\"og:site_name\" content=\"Comercial de Hosteleria Anma\" \/>\n<meta property=\"article:publisher\" content=\"https:\/\/www.facebook.com\/AnmaHosteleria\" \/>\n<meta property=\"article:modified_time\" content=\"2020-12-18T10:20:37+00:00\" \/>\n<meta property=\"og:image\" content=\"https:\/\/i2.wp.com\/www.comercialanma.es\/wp-content\/uploads\/2020\/12\/anchoas-25-mariposas-el-menu.jpg?fit=1080%2C1080&#038;ssl=1\" \/>\n\t<meta property=\"og:image:width\" content=\"1080\" \/>\n\t<meta property=\"og:image:height\" content=\"1080\" \/>\n<meta name=\"twitter:card\" content=\"summary_large_image\" \/>\n<script type=\"application\/ld+json\" class=\"yoast-schema-graph\">{\"@context\":\"https:\/\/schema.org\",\"@graph\":[{\"@type\":\"Organization\",\"@id\":\"https:\/\/www.comercialanma.es\/#organization\",\"name\":\"Comercial Anma\",\"url\":\"https:\/\/www.comercialanma.es\/\",\"sameAs\":[\"https:\/\/www.facebook.com\/AnmaHosteleria\",\"https:\/\/www.instagram.com\/anmahosteleria\/?hl=es\",\"https:\/\/www.youtube.com\/channel\/UCT2nmn08Ntks0hmpZPnDgCA\"],\"logo\":{\"@type\":\"ImageObject\",\"@id\":\"https:\/\/www.comercialanma.es\/#logo\",\"inLanguage\":\"es\",\"url\":\"https:\/\/i2.wp.com\/www.comercialanma.es\/wp-content\/uploads\/2019\/06\/logo-anma-color.png?fit=247%2C101&ssl=1\",\"width\":247,\"height\":101,\"caption\":\"Comercial Anma\"},\"image\":{\"@id\":\"https:\/\/www.comercialanma.es\/#logo\"}},{\"@type\":\"WebSite\",\"@id\":\"https:\/\/www.comercialanma.es\/#website\",\"url\":\"https:\/\/www.comercialanma.es\/\",\"name\":\"Comercial de Hosteleria Anma\",\"description\":\"\",\"publisher\":{\"@id\":\"https:\/\/www.comercialanma.es\/#organization\"},\"potentialAction\":[{\"@type\":\"SearchAction\",\"target\":\"https:\/\/www.comercialanma.es\/?s={search_term_string}\",\"query-input\":\"required name=search_term_string\"}],\"inLanguage\":\"es\"},{\"@type\":\"ImageObject\",\"@id\":\"https:\/\/www.comercialanma.es\/?product=anchoas-el-menu-25-mariposa#primaryimage\",\"inLanguage\":\"es\",\"url\":\"https:\/\/i2.wp.com\/www.comercialanma.es\/wp-content\/uploads\/2020\/12\/anchoas-25-mariposas-el-menu.jpg?fit=1080%2C1080&ssl=1\",\"width\":1080,\"height\":1080},{\"@type\":\"WebPage\",\"@id\":\"https:\/\/www.comercialanma.es\/?product=anchoas-el-menu-25-mariposa#webpage\",\"url\":\"https:\/\/www.comercialanma.es\/?product=anchoas-el-menu-25-mariposa\",\"name\":\"Anchoas El Men\\u00fa aceite de oliva 25 mariposas 50 filetes - Comercial de Hosteleria Anma\",\"isPartOf\":{\"@id\":\"https:\/\/www.comercialanma.es\/#website\"},\"primaryImageOfPage\":{\"@id\":\"https:\/\/www.comercialanma.es\/?product=anchoas-el-menu-25-mariposa#primaryimage\"},\"datePublished\":\"2020-12-18T09:44:06+00:00\",\"dateModified\":\"2020-12-18T10:20:37+00:00\",\"description\":\"Anchoas El Men\\u00fa aceite de oliva 25 mariposas 50 filetes | El Men\\u00fa | 25 mariposas | Deliciosas anchoas del cant\\u00e1brico en aceite de oliva.\",\"breadcrumb\":{\"@id\":\"https:\/\/www.comercialanma.es\/?product=anchoas-el-menu-25-mariposa#breadcrumb\"},\"inLanguage\":\"es\",\"potentialAction\":[{\"@type\":\"ReadAction\",\"target\":[\"https:\/\/www.comercialanma.es\/?product=anchoas-el-menu-25-mariposa\"]}]},{\"@type\":\"BreadcrumbList\",\"@id\":\"https:\/\/www.comercialanma.es\/?product=anchoas-el-menu-25-mariposa#breadcrumb\",\"itemListElement\":[{\"@type\":\"ListItem\",\"position\":1,\"item\":{\"@type\":\"WebPage\",\"@id\":\"https:\/\/www.comercialanma.es\/\",\"url\":\"https:\/\/www.comercialanma.es\/\",\"name\":\"Portada\"}},{\"@type\":\"ListItem\",\"position\":2,\"item\":{\"@type\":\"WebPage\",\"@id\":\"https:\/\/www.comercialanma.es\/?page_id=3963\",\"url\":\"https:\/\/www.comercialanma.es\/?page_id=3963\",\"name\":\"Cat\\u00e1logo de Productos\"}},{\"@type\":\"ListItem\",\"position\":3,\"item\":{\"@type\":\"WebPage\",\"@id\":\"https:\/\/www.comercialanma.es\/?product=anchoas-el-menu-25-mariposa\",\"url\":\"https:\/\/www.comercialanma.es\/?product=anchoas-el-menu-25-mariposa\",\"name\":\"Anchoas El Men\\u00fa aceite de oliva 25 mariposas 50 filetes\"}}]}]}<\/script>\n<!-- \/ Yoast SEO plugin. -->","_links":{"self":[{"href":"https:\/\/www.comercialanma.es\/index.php?rest_route=\/wp\/v2\/product\/14610"}],"collection":[{"href":"https:\/\/www.comercialanma.es\/index.php?rest_route=\/wp\/v2\/product"}],"about":[{"href":"https:\/\/www.comercialanma.es\/index.php?rest_route=\/wp\/v2\/types\/product"}],"version-history":[{"count":4,"href":"https:\/\/www.comercialanma.es\/index.php?rest_route=\/wp\/v2\/product\/14610\/revisions"}],"predecessor-version":[{"id":14615,"href":"https:\/\/www.comercialanma.es\/index.php?rest_route=\/wp\/v2\/product\/14610\/revisions\/14615"}],"wp:featuredmedia":[{"embeddable":true,"href":"https:\/\/www.comercialanma.es\/index.php?rest_route=\/wp\/v2\/media\/14612"}],"wp:attachment":[{"href":"https:\/\/www.comercialanma.es\/index.php?rest_route=%2Fwp%2Fv2%2Fmedia&parent=14610"}],"curies":[{"name":"wp","href":"https:\/\/api.w.org\/{rel}","templated":true}]}}