
{"id":14626,"date":"2020-12-18T12:07:34","date_gmt":"2020-12-18T11:07:34","guid":{"rendered":"https:\/\/www.comercialanma.es\/?post_type=product&#038;p=14626"},"modified":"2021-12-15T09:07:18","modified_gmt":"2021-12-15T08:07:18","slug":"huevas-salmon-benfumat","status":"publish","type":"product","link":"https:\/\/www.comercialanma.es\/?product=huevas-salmon-benfumat","title":{"rendered":"Huevas de Salm\u00f3n Benfumat 50gr."},"content":{"rendered":"<p>Huevas de salm\u00f3n<\/p>\n<p>Marca: Benfumat<\/p>\n<p>Presentaci\u00f3n: Frasco 50gr.<\/p>\n","protected":false},"excerpt":{"rendered":"<p><span lang=\"ES\">Cuando hablamos de huevas marinas, pensamos en las de<span class=\"apple-converted-space\">\u00a0<\/span>esturi\u00f3n: el<span class=\"apple-converted-space\">\u00a0famoso <\/span>caviar. Pero existen otras huevas, tambi\u00e9n exquisitas, pero mucho m\u00e1s econ\u00f3micas. Como las huevas de salm\u00f3n, muy valoradas en la<span class=\"apple-converted-space\">\u00a0<\/span>cocina japonesa (se utilizan, por ejemplo, para hacer sushi) y buen\u00edsimas con tostadas, como aperitivo<\/span>.<\/p>\n","protected":false},"featured_media":14629,"template":"","meta":{"spay_email":""},"yoast_head":"<!-- This site is optimized with the Yoast SEO plugin v15.9 - https:\/\/yoast.com\/wordpress\/plugins\/seo\/ -->\n<title>Huevas de Salm\u00f3n Benfumat 50gr. - Comercial de Hosteleria Anma<\/title>\n<meta name=\"description\" content=\"Huevas de salm\u00f3n | Benfumat | 50gr. | Muy valoradas en la\u00a0cocina japonesa (se utilizan, por ejemplo, para hacer sushi).\" \/>\n<meta name=\"robots\" content=\"index, follow, max-snippet:-1, max-image-preview:large, max-video-preview:-1\" \/>\n<link rel=\"canonical\" href=\"https:\/\/www.comercialanma.es\/?product=huevas-salmon-benfumat\" \/>\n<meta property=\"og:locale\" content=\"es_ES\" \/>\n<meta property=\"og:type\" content=\"article\" \/>\n<meta property=\"og:title\" content=\"Huevas de Salm\u00f3n Benfumat 50gr. - Comercial de Hosteleria Anma\" \/>\n<meta property=\"og:description\" content=\"Huevas de salm\u00f3n | Benfumat | 50gr. | Muy valoradas en la\u00a0cocina japonesa (se utilizan, por ejemplo, para hacer sushi).\" \/>\n<meta property=\"og:url\" content=\"https:\/\/www.comercialanma.es\/?product=huevas-salmon-benfumat\" \/>\n<meta property=\"og:site_name\" content=\"Comercial de Hosteleria Anma\" \/>\n<meta property=\"article:publisher\" content=\"https:\/\/www.facebook.com\/AnmaHosteleria\" \/>\n<meta property=\"article:modified_time\" content=\"2021-12-15T08:07:18+00:00\" \/>\n<meta property=\"og:image\" content=\"https:\/\/i2.wp.com\/www.comercialanma.es\/wp-content\/uploads\/2020\/12\/Huevas-de-salmon-benfumat-50gr.jpg?fit=1080%2C1080&#038;ssl=1\" \/>\n\t<meta property=\"og:image:width\" content=\"1080\" \/>\n\t<meta property=\"og:image:height\" content=\"1080\" \/>\n<meta name=\"twitter:card\" content=\"summary_large_image\" \/>\n<meta name=\"twitter:label1\" content=\"Tiempo de lectura\">\n\t<meta name=\"twitter:data1\" content=\"1 minuto\">\n<script type=\"application\/ld+json\" class=\"yoast-schema-graph\">{\"@context\":\"https:\/\/schema.org\",\"@graph\":[{\"@type\":\"Organization\",\"@id\":\"https:\/\/www.comercialanma.es\/#organization\",\"name\":\"Comercial Anma\",\"url\":\"https:\/\/www.comercialanma.es\/\",\"sameAs\":[\"https:\/\/www.facebook.com\/AnmaHosteleria\",\"https:\/\/www.instagram.com\/anmahosteleria\/?hl=es\",\"https:\/\/www.youtube.com\/channel\/UCT2nmn08Ntks0hmpZPnDgCA\"],\"logo\":{\"@type\":\"ImageObject\",\"@id\":\"https:\/\/www.comercialanma.es\/#logo\",\"inLanguage\":\"es\",\"url\":\"https:\/\/i2.wp.com\/www.comercialanma.es\/wp-content\/uploads\/2019\/06\/logo-anma-color.png?fit=247%2C101&ssl=1\",\"width\":247,\"height\":101,\"caption\":\"Comercial Anma\"},\"image\":{\"@id\":\"https:\/\/www.comercialanma.es\/#logo\"}},{\"@type\":\"WebSite\",\"@id\":\"https:\/\/www.comercialanma.es\/#website\",\"url\":\"https:\/\/www.comercialanma.es\/\",\"name\":\"Comercial de Hosteleria Anma\",\"description\":\"\",\"publisher\":{\"@id\":\"https:\/\/www.comercialanma.es\/#organization\"},\"potentialAction\":[{\"@type\":\"SearchAction\",\"target\":\"https:\/\/www.comercialanma.es\/?s={search_term_string}\",\"query-input\":\"required name=search_term_string\"}],\"inLanguage\":\"es\"},{\"@type\":\"ImageObject\",\"@id\":\"https:\/\/www.comercialanma.es\/?product=huevas-salmon-benfumat#primaryimage\",\"inLanguage\":\"es\",\"url\":\"https:\/\/i2.wp.com\/www.comercialanma.es\/wp-content\/uploads\/2020\/12\/Huevas-de-salmon-benfumat-50gr.jpg?fit=1080%2C1080&ssl=1\",\"width\":1080,\"height\":1080},{\"@type\":\"WebPage\",\"@id\":\"https:\/\/www.comercialanma.es\/?product=huevas-salmon-benfumat#webpage\",\"url\":\"https:\/\/www.comercialanma.es\/?product=huevas-salmon-benfumat\",\"name\":\"Huevas de Salm\\u00f3n Benfumat 50gr. - Comercial de Hosteleria Anma\",\"isPartOf\":{\"@id\":\"https:\/\/www.comercialanma.es\/#website\"},\"primaryImageOfPage\":{\"@id\":\"https:\/\/www.comercialanma.es\/?product=huevas-salmon-benfumat#primaryimage\"},\"datePublished\":\"2020-12-18T11:07:34+00:00\",\"dateModified\":\"2021-12-15T08:07:18+00:00\",\"description\":\"Huevas de salm\\u00f3n | Benfumat | 50gr. | Muy valoradas en la\\u00a0cocina japonesa (se utilizan, por ejemplo, para hacer sushi).\",\"breadcrumb\":{\"@id\":\"https:\/\/www.comercialanma.es\/?product=huevas-salmon-benfumat#breadcrumb\"},\"inLanguage\":\"es\",\"potentialAction\":[{\"@type\":\"ReadAction\",\"target\":[\"https:\/\/www.comercialanma.es\/?product=huevas-salmon-benfumat\"]}]},{\"@type\":\"BreadcrumbList\",\"@id\":\"https:\/\/www.comercialanma.es\/?product=huevas-salmon-benfumat#breadcrumb\",\"itemListElement\":[{\"@type\":\"ListItem\",\"position\":1,\"item\":{\"@type\":\"WebPage\",\"@id\":\"https:\/\/www.comercialanma.es\/\",\"url\":\"https:\/\/www.comercialanma.es\/\",\"name\":\"Portada\"}},{\"@type\":\"ListItem\",\"position\":2,\"item\":{\"@type\":\"WebPage\",\"@id\":\"https:\/\/www.comercialanma.es\/?page_id=3963\",\"url\":\"https:\/\/www.comercialanma.es\/?page_id=3963\",\"name\":\"Cat\\u00e1logo de Productos\"}},{\"@type\":\"ListItem\",\"position\":3,\"item\":{\"@type\":\"WebPage\",\"@id\":\"https:\/\/www.comercialanma.es\/?product=huevas-salmon-benfumat\",\"url\":\"https:\/\/www.comercialanma.es\/?product=huevas-salmon-benfumat\",\"name\":\"Huevas de Salm\\u00f3n Benfumat 50gr.\"}}]}]}<\/script>\n<!-- \/ Yoast SEO plugin. -->","_links":{"self":[{"href":"https:\/\/www.comercialanma.es\/index.php?rest_route=\/wp\/v2\/product\/14626"}],"collection":[{"href":"https:\/\/www.comercialanma.es\/index.php?rest_route=\/wp\/v2\/product"}],"about":[{"href":"https:\/\/www.comercialanma.es\/index.php?rest_route=\/wp\/v2\/types\/product"}],"version-history":[{"count":2,"href":"https:\/\/www.comercialanma.es\/index.php?rest_route=\/wp\/v2\/product\/14626\/revisions"}],"predecessor-version":[{"id":20068,"href":"https:\/\/www.comercialanma.es\/index.php?rest_route=\/wp\/v2\/product\/14626\/revisions\/20068"}],"wp:featuredmedia":[{"embeddable":true,"href":"https:\/\/www.comercialanma.es\/index.php?rest_route=\/wp\/v2\/media\/14629"}],"wp:attachment":[{"href":"https:\/\/www.comercialanma.es\/index.php?rest_route=%2Fwp%2Fv2%2Fmedia&parent=14626"}],"curies":[{"name":"wp","href":"https:\/\/api.w.org\/{rel}","templated":true}]}}