
{"id":14733,"date":"2020-12-21T12:19:06","date_gmt":"2020-12-21T11:19:06","guid":{"rendered":"https:\/\/www.comercialanma.es\/?post_type=product&#038;p=14733"},"modified":"2022-08-24T10:13:59","modified_gmt":"2022-08-24T08:13:59","slug":"vaporizado-la-campana-5","status":"publish","type":"product","link":"https:\/\/www.comercialanma.es\/?product=vaporizado-la-campana-5","title":{"rendered":"Arroz vaporizado largo La Campana 5Kg."},"content":{"rendered":"<h3>VAPORIZACI\u00d3N:<\/h3>\n<p>Un proceso totalmente natural que somete al Arroz a una fuerte presi\u00f3n de vapor que hace que el salvado se integre en el grano junto con todas sus propiedades (vitaminas, proteinas y sales minerales), d\u00e1ndole adem\u00e1s un sabor propio y delicioso. Esto le hace un arroz especialmente resistente, pudi\u00e9ndose consumir tras tres o cuatro d\u00edas como si estuviera reci\u00e9n hecho.<\/p>\n","protected":false},"excerpt":{"rendered":"<p>Arroz largo vaporizado \u00a0 | La Campana | 5Kg. |<\/p>\n<p>Arroz de grano largo, requiere m\u00e1s tiempo de cocci\u00f3n, quedando el grano m\u00e1s firme y menos pegajoso.<\/p>\n<p>&nbsp;<\/p>\n<p>&nbsp;<\/p>\n<p>&nbsp;<\/p>\n<p>&nbsp;<\/p>\n<p>&nbsp;<\/p>\n<p>&nbsp;<\/p>\n","protected":false},"featured_media":21791,"template":"","meta":{"spay_email":""},"yoast_head":"<!-- This site is optimized with the Yoast SEO plugin v15.9 - https:\/\/yoast.com\/wordpress\/plugins\/seo\/ -->\n<title>Arroz vaporizado largo La Campana 5Kg. - Comercial de Hosteleria Anma<\/title>\n<meta name=\"description\" content=\"Arroz largo vaporizado | La Campana | 5Kg. | Grano largo, requiere m\u00e1s tiempo de cocci\u00f3n, quedando el grano m\u00e1s firme y menos pegajoso.\" \/>\n<meta name=\"robots\" content=\"index, follow, max-snippet:-1, max-image-preview:large, max-video-preview:-1\" \/>\n<link rel=\"canonical\" href=\"https:\/\/www.comercialanma.es\/?product=vaporizado-la-campana-5\" \/>\n<meta property=\"og:locale\" content=\"es_ES\" \/>\n<meta property=\"og:type\" content=\"article\" \/>\n<meta property=\"og:title\" content=\"Arroz vaporizado largo La Campana 5Kg. - Comercial de Hosteleria Anma\" \/>\n<meta property=\"og:description\" content=\"Arroz largo vaporizado | La Campana | 5Kg. | Grano largo, requiere m\u00e1s tiempo de cocci\u00f3n, quedando el grano m\u00e1s firme y menos pegajoso.\" \/>\n<meta property=\"og:url\" content=\"https:\/\/www.comercialanma.es\/?product=vaporizado-la-campana-5\" \/>\n<meta property=\"og:site_name\" content=\"Comercial de Hosteleria Anma\" \/>\n<meta property=\"article:publisher\" content=\"https:\/\/www.facebook.com\/AnmaHosteleria\" \/>\n<meta property=\"article:modified_time\" content=\"2022-08-24T08:13:59+00:00\" \/>\n<meta property=\"og:image\" content=\"https:\/\/i0.wp.com\/www.comercialanma.es\/wp-content\/uploads\/2020\/12\/Arroz-vaporizado-la-campana-5kg.jpg?fit=1080%2C1080&#038;ssl=1\" \/>\n\t<meta property=\"og:image:width\" content=\"1080\" \/>\n\t<meta property=\"og:image:height\" content=\"1080\" \/>\n<meta name=\"twitter:card\" content=\"summary_large_image\" \/>\n<script type=\"application\/ld+json\" class=\"yoast-schema-graph\">{\"@context\":\"https:\/\/schema.org\",\"@graph\":[{\"@type\":\"Organization\",\"@id\":\"https:\/\/www.comercialanma.es\/#organization\",\"name\":\"Comercial Anma\",\"url\":\"https:\/\/www.comercialanma.es\/\",\"sameAs\":[\"https:\/\/www.facebook.com\/AnmaHosteleria\",\"https:\/\/www.instagram.com\/anmahosteleria\/?hl=es\",\"https:\/\/www.youtube.com\/channel\/UCT2nmn08Ntks0hmpZPnDgCA\"],\"logo\":{\"@type\":\"ImageObject\",\"@id\":\"https:\/\/www.comercialanma.es\/#logo\",\"inLanguage\":\"es\",\"url\":\"https:\/\/i2.wp.com\/www.comercialanma.es\/wp-content\/uploads\/2019\/06\/logo-anma-color.png?fit=247%2C101&ssl=1\",\"width\":247,\"height\":101,\"caption\":\"Comercial Anma\"},\"image\":{\"@id\":\"https:\/\/www.comercialanma.es\/#logo\"}},{\"@type\":\"WebSite\",\"@id\":\"https:\/\/www.comercialanma.es\/#website\",\"url\":\"https:\/\/www.comercialanma.es\/\",\"name\":\"Comercial de Hosteleria Anma\",\"description\":\"\",\"publisher\":{\"@id\":\"https:\/\/www.comercialanma.es\/#organization\"},\"potentialAction\":[{\"@type\":\"SearchAction\",\"target\":\"https:\/\/www.comercialanma.es\/?s={search_term_string}\",\"query-input\":\"required name=search_term_string\"}],\"inLanguage\":\"es\"},{\"@type\":\"ImageObject\",\"@id\":\"https:\/\/www.comercialanma.es\/?product=vaporizado-la-campana-5#primaryimage\",\"inLanguage\":\"es\",\"url\":\"https:\/\/i0.wp.com\/www.comercialanma.es\/wp-content\/uploads\/2020\/12\/Arroz-vaporizado-la-campana-5kg.jpg?fit=1080%2C1080&ssl=1\",\"width\":1080,\"height\":1080},{\"@type\":\"WebPage\",\"@id\":\"https:\/\/www.comercialanma.es\/?product=vaporizado-la-campana-5#webpage\",\"url\":\"https:\/\/www.comercialanma.es\/?product=vaporizado-la-campana-5\",\"name\":\"Arroz vaporizado largo La Campana 5Kg. - Comercial de Hosteleria Anma\",\"isPartOf\":{\"@id\":\"https:\/\/www.comercialanma.es\/#website\"},\"primaryImageOfPage\":{\"@id\":\"https:\/\/www.comercialanma.es\/?product=vaporizado-la-campana-5#primaryimage\"},\"datePublished\":\"2020-12-21T11:19:06+00:00\",\"dateModified\":\"2022-08-24T08:13:59+00:00\",\"description\":\"Arroz largo vaporizado | La Campana | 5Kg. | Grano largo, requiere m\\u00e1s tiempo de cocci\\u00f3n, quedando el grano m\\u00e1s firme y menos pegajoso.\",\"breadcrumb\":{\"@id\":\"https:\/\/www.comercialanma.es\/?product=vaporizado-la-campana-5#breadcrumb\"},\"inLanguage\":\"es\",\"potentialAction\":[{\"@type\":\"ReadAction\",\"target\":[\"https:\/\/www.comercialanma.es\/?product=vaporizado-la-campana-5\"]}]},{\"@type\":\"BreadcrumbList\",\"@id\":\"https:\/\/www.comercialanma.es\/?product=vaporizado-la-campana-5#breadcrumb\",\"itemListElement\":[{\"@type\":\"ListItem\",\"position\":1,\"item\":{\"@type\":\"WebPage\",\"@id\":\"https:\/\/www.comercialanma.es\/\",\"url\":\"https:\/\/www.comercialanma.es\/\",\"name\":\"Portada\"}},{\"@type\":\"ListItem\",\"position\":2,\"item\":{\"@type\":\"WebPage\",\"@id\":\"https:\/\/www.comercialanma.es\/?page_id=3963\",\"url\":\"https:\/\/www.comercialanma.es\/?page_id=3963\",\"name\":\"Cat\\u00e1logo de Productos\"}},{\"@type\":\"ListItem\",\"position\":3,\"item\":{\"@type\":\"WebPage\",\"@id\":\"https:\/\/www.comercialanma.es\/?product=vaporizado-la-campana-5\",\"url\":\"https:\/\/www.comercialanma.es\/?product=vaporizado-la-campana-5\",\"name\":\"Arroz vaporizado largo La Campana 5Kg.\"}}]}]}<\/script>\n<!-- \/ Yoast SEO plugin. -->","_links":{"self":[{"href":"https:\/\/www.comercialanma.es\/index.php?rest_route=\/wp\/v2\/product\/14733"}],"collection":[{"href":"https:\/\/www.comercialanma.es\/index.php?rest_route=\/wp\/v2\/product"}],"about":[{"href":"https:\/\/www.comercialanma.es\/index.php?rest_route=\/wp\/v2\/types\/product"}],"version-history":[{"count":2,"href":"https:\/\/www.comercialanma.es\/index.php?rest_route=\/wp\/v2\/product\/14733\/revisions"}],"predecessor-version":[{"id":19045,"href":"https:\/\/www.comercialanma.es\/index.php?rest_route=\/wp\/v2\/product\/14733\/revisions\/19045"}],"wp:featuredmedia":[{"embeddable":true,"href":"https:\/\/www.comercialanma.es\/index.php?rest_route=\/wp\/v2\/media\/21791"}],"wp:attachment":[{"href":"https:\/\/www.comercialanma.es\/index.php?rest_route=%2Fwp%2Fv2%2Fmedia&parent=14733"}],"curies":[{"name":"wp","href":"https:\/\/api.w.org\/{rel}","templated":true}]}}