
{"id":14823,"date":"2020-12-22T09:29:11","date_gmt":"2020-12-22T08:29:11","guid":{"rendered":"https:\/\/www.comercialanma.es\/?post_type=product&#038;p=14823"},"modified":"2020-12-22T09:29:11","modified_gmt":"2020-12-22T08:29:11","slug":"espirales-gallo-3-sabores","status":"publish","type":"product","link":"https:\/\/www.comercialanma.es\/?product=espirales-gallo-3-sabores","title":{"rendered":"Espirales 3 sabores Gallo 500gr."},"content":{"rendered":"<h3>Ingredientes:<\/h3>\n<p>S\u00e9mola de trigo duro.<\/p>\n<p>&nbsp;<\/p>\n","protected":false},"excerpt":{"rendered":"<p>Espirales 3 sabores | Gallo | 500gr. |<\/p>\n<p>Gallo Ensaladas est\u00e1 especialmente elaborada para mantenerse al dente, incluso cuando no est\u00e1 caliente. A la utilizaci\u00f3n de los mejores trigos seleccionados, se a\u00f1aden tomates extreme\u00f1os y espinacas que, no s\u00f3lo aportan color, sino que hacen de esta pasta un plato completo, digestivo, ligero y apetitoso.<\/p>\n<p>Colorido y calidad en la gama m\u00e1s amplia para ensaladas.<\/p>\n","protected":false},"featured_media":14827,"template":"","meta":{"spay_email":""},"yoast_head":"<!-- This site is optimized with the Yoast SEO plugin v15.9 - https:\/\/yoast.com\/wordpress\/plugins\/seo\/ -->\n<title>Espirales 3 sabores Gallo 500gr. - Comercial de Hosteleria Anma<\/title>\n<meta name=\"description\" content=\"Espirales 3 sabores | Gallo | 500gr.| Gallo Ensaladas est\u00e1 especialmente elaborada para mantenerse al dente, incluso cuando no est\u00e1 caliente.\" \/>\n<meta name=\"robots\" content=\"index, follow, max-snippet:-1, max-image-preview:large, max-video-preview:-1\" \/>\n<link rel=\"canonical\" href=\"https:\/\/www.comercialanma.es\/?product=espirales-gallo-3-sabores\" \/>\n<meta property=\"og:locale\" content=\"es_ES\" \/>\n<meta property=\"og:type\" content=\"article\" \/>\n<meta property=\"og:title\" content=\"Espirales 3 sabores Gallo 500gr. - Comercial de Hosteleria Anma\" \/>\n<meta property=\"og:description\" content=\"Espirales 3 sabores | Gallo | 500gr.| Gallo Ensaladas est\u00e1 especialmente elaborada para mantenerse al dente, incluso cuando no est\u00e1 caliente.\" \/>\n<meta property=\"og:url\" content=\"https:\/\/www.comercialanma.es\/?product=espirales-gallo-3-sabores\" \/>\n<meta property=\"og:site_name\" content=\"Comercial de Hosteleria Anma\" \/>\n<meta property=\"article:publisher\" content=\"https:\/\/www.facebook.com\/AnmaHosteleria\" \/>\n<meta property=\"og:image\" content=\"https:\/\/i2.wp.com\/www.comercialanma.es\/wp-content\/uploads\/2020\/12\/Espirales-gallo-3-sabores-500.jpg?fit=1080%2C1080&#038;ssl=1\" \/>\n\t<meta property=\"og:image:width\" content=\"1080\" \/>\n\t<meta property=\"og:image:height\" content=\"1080\" \/>\n<meta name=\"twitter:card\" content=\"summary_large_image\" \/>\n<script type=\"application\/ld+json\" class=\"yoast-schema-graph\">{\"@context\":\"https:\/\/schema.org\",\"@graph\":[{\"@type\":\"Organization\",\"@id\":\"https:\/\/www.comercialanma.es\/#organization\",\"name\":\"Comercial Anma\",\"url\":\"https:\/\/www.comercialanma.es\/\",\"sameAs\":[\"https:\/\/www.facebook.com\/AnmaHosteleria\",\"https:\/\/www.instagram.com\/anmahosteleria\/?hl=es\",\"https:\/\/www.youtube.com\/channel\/UCT2nmn08Ntks0hmpZPnDgCA\"],\"logo\":{\"@type\":\"ImageObject\",\"@id\":\"https:\/\/www.comercialanma.es\/#logo\",\"inLanguage\":\"es\",\"url\":\"https:\/\/i2.wp.com\/www.comercialanma.es\/wp-content\/uploads\/2019\/06\/logo-anma-color.png?fit=247%2C101&ssl=1\",\"width\":247,\"height\":101,\"caption\":\"Comercial Anma\"},\"image\":{\"@id\":\"https:\/\/www.comercialanma.es\/#logo\"}},{\"@type\":\"WebSite\",\"@id\":\"https:\/\/www.comercialanma.es\/#website\",\"url\":\"https:\/\/www.comercialanma.es\/\",\"name\":\"Comercial de Hosteleria Anma\",\"description\":\"\",\"publisher\":{\"@id\":\"https:\/\/www.comercialanma.es\/#organization\"},\"potentialAction\":[{\"@type\":\"SearchAction\",\"target\":\"https:\/\/www.comercialanma.es\/?s={search_term_string}\",\"query-input\":\"required name=search_term_string\"}],\"inLanguage\":\"es\"},{\"@type\":\"ImageObject\",\"@id\":\"https:\/\/www.comercialanma.es\/?product=espirales-gallo-3-sabores#primaryimage\",\"inLanguage\":\"es\",\"url\":\"https:\/\/i2.wp.com\/www.comercialanma.es\/wp-content\/uploads\/2020\/12\/Espirales-gallo-3-sabores-500.jpg?fit=1080%2C1080&ssl=1\",\"width\":1080,\"height\":1080},{\"@type\":\"WebPage\",\"@id\":\"https:\/\/www.comercialanma.es\/?product=espirales-gallo-3-sabores#webpage\",\"url\":\"https:\/\/www.comercialanma.es\/?product=espirales-gallo-3-sabores\",\"name\":\"Espirales 3 sabores Gallo 500gr. - Comercial de Hosteleria Anma\",\"isPartOf\":{\"@id\":\"https:\/\/www.comercialanma.es\/#website\"},\"primaryImageOfPage\":{\"@id\":\"https:\/\/www.comercialanma.es\/?product=espirales-gallo-3-sabores#primaryimage\"},\"datePublished\":\"2020-12-22T08:29:11+00:00\",\"dateModified\":\"2020-12-22T08:29:11+00:00\",\"description\":\"Espirales 3 sabores | Gallo | 500gr.| Gallo Ensaladas est\\u00e1 especialmente elaborada para mantenerse al dente, incluso cuando no est\\u00e1 caliente.\",\"breadcrumb\":{\"@id\":\"https:\/\/www.comercialanma.es\/?product=espirales-gallo-3-sabores#breadcrumb\"},\"inLanguage\":\"es\",\"potentialAction\":[{\"@type\":\"ReadAction\",\"target\":[\"https:\/\/www.comercialanma.es\/?product=espirales-gallo-3-sabores\"]}]},{\"@type\":\"BreadcrumbList\",\"@id\":\"https:\/\/www.comercialanma.es\/?product=espirales-gallo-3-sabores#breadcrumb\",\"itemListElement\":[{\"@type\":\"ListItem\",\"position\":1,\"item\":{\"@type\":\"WebPage\",\"@id\":\"https:\/\/www.comercialanma.es\/\",\"url\":\"https:\/\/www.comercialanma.es\/\",\"name\":\"Portada\"}},{\"@type\":\"ListItem\",\"position\":2,\"item\":{\"@type\":\"WebPage\",\"@id\":\"https:\/\/www.comercialanma.es\/?page_id=3963\",\"url\":\"https:\/\/www.comercialanma.es\/?page_id=3963\",\"name\":\"Cat\\u00e1logo de Productos\"}},{\"@type\":\"ListItem\",\"position\":3,\"item\":{\"@type\":\"WebPage\",\"@id\":\"https:\/\/www.comercialanma.es\/?product=espirales-gallo-3-sabores\",\"url\":\"https:\/\/www.comercialanma.es\/?product=espirales-gallo-3-sabores\",\"name\":\"Espirales 3 sabores Gallo 500gr.\"}}]}]}<\/script>\n<!-- \/ Yoast SEO plugin. -->","_links":{"self":[{"href":"https:\/\/www.comercialanma.es\/index.php?rest_route=\/wp\/v2\/product\/14823"}],"collection":[{"href":"https:\/\/www.comercialanma.es\/index.php?rest_route=\/wp\/v2\/product"}],"about":[{"href":"https:\/\/www.comercialanma.es\/index.php?rest_route=\/wp\/v2\/types\/product"}],"version-history":[{"count":2,"href":"https:\/\/www.comercialanma.es\/index.php?rest_route=\/wp\/v2\/product\/14823\/revisions"}],"predecessor-version":[{"id":14828,"href":"https:\/\/www.comercialanma.es\/index.php?rest_route=\/wp\/v2\/product\/14823\/revisions\/14828"}],"wp:featuredmedia":[{"embeddable":true,"href":"https:\/\/www.comercialanma.es\/index.php?rest_route=\/wp\/v2\/media\/14827"}],"wp:attachment":[{"href":"https:\/\/www.comercialanma.es\/index.php?rest_route=%2Fwp%2Fv2%2Fmedia&parent=14823"}],"curies":[{"name":"wp","href":"https:\/\/api.w.org\/{rel}","templated":true}]}}