
{"id":14926,"date":"2021-01-25T11:51:06","date_gmt":"2021-01-25T10:51:06","guid":{"rendered":"https:\/\/www.comercialanma.es\/?post_type=product&#038;p=14926"},"modified":"2023-03-01T17:09:44","modified_gmt":"2023-03-01T16:09:44","slug":"guantes-sanyc-vinilo-azul-sin-polvo-talla-m","status":"publish","type":"product","link":"https:\/\/www.comercialanma.es\/?product=guantes-sanyc-vinilo-azul-sin-polvo-talla-m","title":{"rendered":"Guantes Sanyc Vinilo azul sin polvo Talla M"},"content":{"rendered":"<h3>Caracteristicas:<\/h3>\n<div class=\"et_pb_slide et_pb_bg_layout_dark et_pb_media_alignment_center et_pb_slide_4 et-pb-active-slide\">\n<div class=\"et_pb_container clearfix et_pb_empty_slide\">\n<div class=\"et_pb_slider_container_inner\">\n<div class=\"et_pb_slide_description\">\n<div class=\"et_pb_slide_content\">\n<div class=\"et_pb_slide et_pb_bg_layout_dark et_pb_media_alignment_center et_pb_slide_4 et-pb-active-slide\">\n<div class=\"et_pb_container clearfix et_pb_empty_slide\">\n<div class=\"et_pb_slider_container_inner\">\n<div class=\"et_pb_slide_description\">\n<div class=\"et_pb_slide_content\">Exploraciones m\u00e9dicas, manipulaci\u00f3n de material contaminado (qu\u00edmico, biol\u00f3gico) y agentes mec\u00e1nico.<\/div>\n<div>\n<h3>E.P.I:<\/h3>\n<div>Categor\u00eda III<\/div>\n<\/div>\n<\/div>\n<\/div>\n<\/div>\n<\/div>\n<\/div>\n<\/div>\n<\/div>\n<\/div>\n<\/div>\n","protected":false},"excerpt":{"rendered":"<p>Guante vinilo azul | Sanyc | Sin polvo| Caja 100u.|<\/p>\n<p>Guantes de examen desechables elaborados con vinilo (PVC)\u00a0azul sin polvo, envasados en paquetes de 100 unidades. El vinilo es un material muy resistente para los guantes desechables, lo que hace que sean dificiles de rasgar o romper.<\/p>\n<p>&nbsp;<\/p>\n<p>&nbsp;<\/p>\n<p>&nbsp;<\/p>\n<p>&nbsp;<\/p>\n<p>&nbsp;<\/p>\n<p>&nbsp;<\/p>\n<p>&nbsp;<\/p>\n<p>&nbsp;<\/p>\n","protected":false},"featured_media":22153,"template":"","meta":{"spay_email":""},"yoast_head":"<!-- This site is optimized with the Yoast SEO plugin v15.9 - https:\/\/yoast.com\/wordpress\/plugins\/seo\/ -->\n<title>Guantes Sanyc Vinilo azul sin polvo Talla M - Comercial de Hosteleria Anma<\/title>\n<meta name=\"description\" content=\"Guante vinilo azul | Sanyc | Sin polvo| Caja 100u. | Guantes de examen desechables elaborados con vinilo (PVC) azul sin polvo.\" \/>\n<meta name=\"robots\" content=\"index, follow, max-snippet:-1, max-image-preview:large, max-video-preview:-1\" \/>\n<link rel=\"canonical\" href=\"https:\/\/www.comercialanma.es\/?product=guantes-sanyc-vinilo-azul-sin-polvo-talla-m\" \/>\n<meta property=\"og:locale\" content=\"es_ES\" \/>\n<meta property=\"og:type\" content=\"article\" \/>\n<meta property=\"og:title\" content=\"Guantes Sanyc Vinilo azul sin polvo Talla M - Comercial de Hosteleria Anma\" \/>\n<meta property=\"og:description\" content=\"Guante vinilo azul | Sanyc | Sin polvo| Caja 100u. | Guantes de examen desechables elaborados con vinilo (PVC) azul sin polvo.\" \/>\n<meta property=\"og:url\" content=\"https:\/\/www.comercialanma.es\/?product=guantes-sanyc-vinilo-azul-sin-polvo-talla-m\" \/>\n<meta property=\"og:site_name\" content=\"Comercial de Hosteleria Anma\" \/>\n<meta property=\"article:publisher\" content=\"https:\/\/www.facebook.com\/AnmaHosteleria\" \/>\n<meta property=\"article:modified_time\" content=\"2023-03-01T16:09:44+00:00\" \/>\n<meta property=\"og:image\" content=\"https:\/\/i2.wp.com\/www.comercialanma.es\/wp-content\/uploads\/2021\/01\/Guantes-Sanyc-Vinilo-Azul-M.jpg?fit=1080%2C1080&#038;ssl=1\" \/>\n\t<meta property=\"og:image:width\" content=\"1080\" \/>\n\t<meta property=\"og:image:height\" content=\"1080\" \/>\n<meta name=\"twitter:card\" content=\"summary_large_image\" \/>\n<script type=\"application\/ld+json\" class=\"yoast-schema-graph\">{\"@context\":\"https:\/\/schema.org\",\"@graph\":[{\"@type\":\"Organization\",\"@id\":\"https:\/\/www.comercialanma.es\/#organization\",\"name\":\"Comercial Anma\",\"url\":\"https:\/\/www.comercialanma.es\/\",\"sameAs\":[\"https:\/\/www.facebook.com\/AnmaHosteleria\",\"https:\/\/www.instagram.com\/anmahosteleria\/?hl=es\",\"https:\/\/www.youtube.com\/channel\/UCT2nmn08Ntks0hmpZPnDgCA\"],\"logo\":{\"@type\":\"ImageObject\",\"@id\":\"https:\/\/www.comercialanma.es\/#logo\",\"inLanguage\":\"es\",\"url\":\"https:\/\/i2.wp.com\/www.comercialanma.es\/wp-content\/uploads\/2019\/06\/logo-anma-color.png?fit=247%2C101&ssl=1\",\"width\":247,\"height\":101,\"caption\":\"Comercial Anma\"},\"image\":{\"@id\":\"https:\/\/www.comercialanma.es\/#logo\"}},{\"@type\":\"WebSite\",\"@id\":\"https:\/\/www.comercialanma.es\/#website\",\"url\":\"https:\/\/www.comercialanma.es\/\",\"name\":\"Comercial de Hosteleria Anma\",\"description\":\"\",\"publisher\":{\"@id\":\"https:\/\/www.comercialanma.es\/#organization\"},\"potentialAction\":[{\"@type\":\"SearchAction\",\"target\":\"https:\/\/www.comercialanma.es\/?s={search_term_string}\",\"query-input\":\"required name=search_term_string\"}],\"inLanguage\":\"es\"},{\"@type\":\"ImageObject\",\"@id\":\"https:\/\/www.comercialanma.es\/?product=guantes-sanyc-vinilo-azul-sin-polvo-talla-m#primaryimage\",\"inLanguage\":\"es\",\"url\":\"https:\/\/i2.wp.com\/www.comercialanma.es\/wp-content\/uploads\/2021\/01\/Guantes-Sanyc-Vinilo-Azul-M.jpg?fit=1080%2C1080&ssl=1\",\"width\":1080,\"height\":1080},{\"@type\":\"WebPage\",\"@id\":\"https:\/\/www.comercialanma.es\/?product=guantes-sanyc-vinilo-azul-sin-polvo-talla-m#webpage\",\"url\":\"https:\/\/www.comercialanma.es\/?product=guantes-sanyc-vinilo-azul-sin-polvo-talla-m\",\"name\":\"Guantes Sanyc Vinilo azul sin polvo Talla M - Comercial de Hosteleria Anma\",\"isPartOf\":{\"@id\":\"https:\/\/www.comercialanma.es\/#website\"},\"primaryImageOfPage\":{\"@id\":\"https:\/\/www.comercialanma.es\/?product=guantes-sanyc-vinilo-azul-sin-polvo-talla-m#primaryimage\"},\"datePublished\":\"2021-01-25T10:51:06+00:00\",\"dateModified\":\"2023-03-01T16:09:44+00:00\",\"description\":\"Guante vinilo azul | Sanyc | Sin polvo| Caja 100u. | Guantes de examen desechables elaborados con vinilo (PVC) azul sin polvo.\",\"breadcrumb\":{\"@id\":\"https:\/\/www.comercialanma.es\/?product=guantes-sanyc-vinilo-azul-sin-polvo-talla-m#breadcrumb\"},\"inLanguage\":\"es\",\"potentialAction\":[{\"@type\":\"ReadAction\",\"target\":[\"https:\/\/www.comercialanma.es\/?product=guantes-sanyc-vinilo-azul-sin-polvo-talla-m\"]}]},{\"@type\":\"BreadcrumbList\",\"@id\":\"https:\/\/www.comercialanma.es\/?product=guantes-sanyc-vinilo-azul-sin-polvo-talla-m#breadcrumb\",\"itemListElement\":[{\"@type\":\"ListItem\",\"position\":1,\"item\":{\"@type\":\"WebPage\",\"@id\":\"https:\/\/www.comercialanma.es\/\",\"url\":\"https:\/\/www.comercialanma.es\/\",\"name\":\"Portada\"}},{\"@type\":\"ListItem\",\"position\":2,\"item\":{\"@type\":\"WebPage\",\"@id\":\"https:\/\/www.comercialanma.es\/?page_id=3963\",\"url\":\"https:\/\/www.comercialanma.es\/?page_id=3963\",\"name\":\"Cat\\u00e1logo de Productos\"}},{\"@type\":\"ListItem\",\"position\":3,\"item\":{\"@type\":\"WebPage\",\"@id\":\"https:\/\/www.comercialanma.es\/?product=guantes-sanyc-vinilo-azul-sin-polvo-talla-m\",\"url\":\"https:\/\/www.comercialanma.es\/?product=guantes-sanyc-vinilo-azul-sin-polvo-talla-m\",\"name\":\"Guantes Sanyc Vinilo azul sin polvo Talla M\"}}]}]}<\/script>\n<!-- \/ Yoast SEO plugin. -->","_links":{"self":[{"href":"https:\/\/www.comercialanma.es\/index.php?rest_route=\/wp\/v2\/product\/14926"}],"collection":[{"href":"https:\/\/www.comercialanma.es\/index.php?rest_route=\/wp\/v2\/product"}],"about":[{"href":"https:\/\/www.comercialanma.es\/index.php?rest_route=\/wp\/v2\/types\/product"}],"version-history":[{"count":2,"href":"https:\/\/www.comercialanma.es\/index.php?rest_route=\/wp\/v2\/product\/14926\/revisions"}],"predecessor-version":[{"id":14929,"href":"https:\/\/www.comercialanma.es\/index.php?rest_route=\/wp\/v2\/product\/14926\/revisions\/14929"}],"wp:featuredmedia":[{"embeddable":true,"href":"https:\/\/www.comercialanma.es\/index.php?rest_route=\/wp\/v2\/media\/22153"}],"wp:attachment":[{"href":"https:\/\/www.comercialanma.es\/index.php?rest_route=%2Fwp%2Fv2%2Fmedia&parent=14926"}],"curies":[{"name":"wp","href":"https:\/\/api.w.org\/{rel}","templated":true}]}}