
{"id":14953,"date":"2021-01-25T15:32:04","date_gmt":"2021-01-25T14:32:04","guid":{"rendered":"https:\/\/www.comercialanma.es\/?post_type=product&#038;p=14953"},"modified":"2021-01-25T15:49:21","modified_gmt":"2021-01-25T14:49:21","slug":"cucal","status":"publish","type":"product","link":"https:\/\/www.comercialanma.es\/?product=cucal","title":{"rendered":"Insecticida Cucal cucarachas y hormigas aerosol 400ml."},"content":{"rendered":"<h3><strong>Caracteristicas:<\/strong><\/h3>\n<div class=\"et_pb_slide et_pb_bg_layout_dark et_pb_media_alignment_center et_pb_slide_4 et-pb-active-slide\">\n<div class=\"et_pb_container clearfix et_pb_empty_slide\">\n<div class=\"et_pb_slider_container_inner\">\n<div class=\"et_pb_slide_description\">\n<div class=\"et_pb_slide_content\">\n<div class=\"et_pb_slide et_pb_bg_layout_dark et_pb_media_alignment_center et_pb_slide_4 et-pb-active-slide\">\n<div class=\"et_pb_container clearfix et_pb_empty_slide\">\n<div class=\"et_pb_slider_container_inner\">\n<div class=\"et_pb_slide_description\">\n<div class=\"et_pb_slide_content\">\n<ul class=\"a-unordered-list a-vertical a-spacing-mini\">\n<li><span class=\"a-list-item\"> Elimina tanto hormigas como cucarachas y sus huevos de forma instant\u00e1nea <\/span><\/li>\n<li><span class=\"a-list-item\"> Efecto inmediato <\/span><\/li>\n<li><span class=\"a-list-item\"> Nueva v\u00e1lvula que permite rociar boca-abajo <\/span><\/li>\n<li><span class=\"a-list-item\"> Llega con m\u00e1s comodidad a los rincones m\u00e1s dif\u00edciles <\/span><\/li>\n<\/ul>\n<p><b>Ingrediente activo:<\/b><br \/>\nD-Tetrametrina, Cifenotrin, Piriproxifen<\/p>\n<\/div>\n<\/div>\n<\/div>\n<\/div>\n<\/div>\n<\/div>\n<\/div>\n<\/div>\n<\/div>\n<\/div>\n","protected":false},"excerpt":{"rendered":"<p>Insecticida cucarachas y hormigas | Cucal | Formato aerosol | 400ml.|<\/p>\n<p>Soluciona tu problema de cucarachas y hormigas de manera instant\u00e1nea. Cucal Instant es un insecticida en formato aerosol que elimina instant\u00e1neamente las cucarachas y sus huevos, y las hormigas. Adem\u00e1s de su efectividad instant\u00e1nea, Cucal deja una fina pel\u00edcula protectora que prolonga la efectividad del producto durante varios d\u00edas y evita la entrada de nuevas cucarachas.<\/p>\n<p>&nbsp;<\/p>\n<p>&nbsp;<\/p>\n<p>&nbsp;<\/p>\n<p>&nbsp;<\/p>\n<p>&nbsp;<\/p>\n<p>&nbsp;<\/p>\n<p>&nbsp;<\/p>\n<p>&nbsp;<\/p>\n","protected":false},"featured_media":14954,"template":"","meta":{"spay_email":""},"yoast_head":"<!-- This site is optimized with the Yoast SEO plugin v15.9 - https:\/\/yoast.com\/wordpress\/plugins\/seo\/ -->\n<title>Insecticida Cucal cucarachas y hormigas aerosol 400ml. - Comercial de Hosteleria Anma<\/title>\n<meta name=\"description\" content=\"Insecticida cucarachas y hormigas | Cucal | Formato aerosol | 400ml.| Soluciona tu problema de cucarachas y hormigas de manera instant\u00e1nea.\" \/>\n<meta name=\"robots\" content=\"index, follow, max-snippet:-1, max-image-preview:large, max-video-preview:-1\" \/>\n<link rel=\"canonical\" href=\"https:\/\/www.comercialanma.es\/?product=cucal\" \/>\n<meta property=\"og:locale\" content=\"es_ES\" \/>\n<meta property=\"og:type\" content=\"article\" \/>\n<meta property=\"og:title\" content=\"Insecticida Cucal cucarachas y hormigas aerosol 400ml. - Comercial de Hosteleria Anma\" \/>\n<meta property=\"og:description\" content=\"Insecticida cucarachas y hormigas | Cucal | Formato aerosol | 400ml.| Soluciona tu problema de cucarachas y hormigas de manera instant\u00e1nea.\" \/>\n<meta property=\"og:url\" content=\"https:\/\/www.comercialanma.es\/?product=cucal\" \/>\n<meta property=\"og:site_name\" content=\"Comercial de Hosteleria Anma\" \/>\n<meta property=\"article:publisher\" content=\"https:\/\/www.facebook.com\/AnmaHosteleria\" \/>\n<meta property=\"article:modified_time\" content=\"2021-01-25T14:49:21+00:00\" \/>\n<meta property=\"og:image\" content=\"https:\/\/i0.wp.com\/www.comercialanma.es\/wp-content\/uploads\/2021\/01\/cucal-500ml..jpg?fit=1080%2C1080&#038;ssl=1\" \/>\n\t<meta property=\"og:image:width\" content=\"1080\" \/>\n\t<meta property=\"og:image:height\" content=\"1080\" \/>\n<meta name=\"twitter:card\" content=\"summary_large_image\" \/>\n<script type=\"application\/ld+json\" class=\"yoast-schema-graph\">{\"@context\":\"https:\/\/schema.org\",\"@graph\":[{\"@type\":\"Organization\",\"@id\":\"https:\/\/www.comercialanma.es\/#organization\",\"name\":\"Comercial Anma\",\"url\":\"https:\/\/www.comercialanma.es\/\",\"sameAs\":[\"https:\/\/www.facebook.com\/AnmaHosteleria\",\"https:\/\/www.instagram.com\/anmahosteleria\/?hl=es\",\"https:\/\/www.youtube.com\/channel\/UCT2nmn08Ntks0hmpZPnDgCA\"],\"logo\":{\"@type\":\"ImageObject\",\"@id\":\"https:\/\/www.comercialanma.es\/#logo\",\"inLanguage\":\"es\",\"url\":\"https:\/\/i2.wp.com\/www.comercialanma.es\/wp-content\/uploads\/2019\/06\/logo-anma-color.png?fit=247%2C101&ssl=1\",\"width\":247,\"height\":101,\"caption\":\"Comercial Anma\"},\"image\":{\"@id\":\"https:\/\/www.comercialanma.es\/#logo\"}},{\"@type\":\"WebSite\",\"@id\":\"https:\/\/www.comercialanma.es\/#website\",\"url\":\"https:\/\/www.comercialanma.es\/\",\"name\":\"Comercial de Hosteleria Anma\",\"description\":\"\",\"publisher\":{\"@id\":\"https:\/\/www.comercialanma.es\/#organization\"},\"potentialAction\":[{\"@type\":\"SearchAction\",\"target\":\"https:\/\/www.comercialanma.es\/?s={search_term_string}\",\"query-input\":\"required name=search_term_string\"}],\"inLanguage\":\"es\"},{\"@type\":\"ImageObject\",\"@id\":\"https:\/\/www.comercialanma.es\/?product=cucal#primaryimage\",\"inLanguage\":\"es\",\"url\":\"https:\/\/i0.wp.com\/www.comercialanma.es\/wp-content\/uploads\/2021\/01\/cucal-500ml..jpg?fit=1080%2C1080&ssl=1\",\"width\":1080,\"height\":1080},{\"@type\":\"WebPage\",\"@id\":\"https:\/\/www.comercialanma.es\/?product=cucal#webpage\",\"url\":\"https:\/\/www.comercialanma.es\/?product=cucal\",\"name\":\"Insecticida Cucal cucarachas y hormigas aerosol 400ml. - Comercial de Hosteleria Anma\",\"isPartOf\":{\"@id\":\"https:\/\/www.comercialanma.es\/#website\"},\"primaryImageOfPage\":{\"@id\":\"https:\/\/www.comercialanma.es\/?product=cucal#primaryimage\"},\"datePublished\":\"2021-01-25T14:32:04+00:00\",\"dateModified\":\"2021-01-25T14:49:21+00:00\",\"description\":\"Insecticida cucarachas y hormigas | Cucal | Formato aerosol | 400ml.| Soluciona tu problema de cucarachas y hormigas de manera instant\\u00e1nea.\",\"breadcrumb\":{\"@id\":\"https:\/\/www.comercialanma.es\/?product=cucal#breadcrumb\"},\"inLanguage\":\"es\",\"potentialAction\":[{\"@type\":\"ReadAction\",\"target\":[\"https:\/\/www.comercialanma.es\/?product=cucal\"]}]},{\"@type\":\"BreadcrumbList\",\"@id\":\"https:\/\/www.comercialanma.es\/?product=cucal#breadcrumb\",\"itemListElement\":[{\"@type\":\"ListItem\",\"position\":1,\"item\":{\"@type\":\"WebPage\",\"@id\":\"https:\/\/www.comercialanma.es\/\",\"url\":\"https:\/\/www.comercialanma.es\/\",\"name\":\"Portada\"}},{\"@type\":\"ListItem\",\"position\":2,\"item\":{\"@type\":\"WebPage\",\"@id\":\"https:\/\/www.comercialanma.es\/?page_id=3963\",\"url\":\"https:\/\/www.comercialanma.es\/?page_id=3963\",\"name\":\"Cat\\u00e1logo de Productos\"}},{\"@type\":\"ListItem\",\"position\":3,\"item\":{\"@type\":\"WebPage\",\"@id\":\"https:\/\/www.comercialanma.es\/?product=cucal\",\"url\":\"https:\/\/www.comercialanma.es\/?product=cucal\",\"name\":\"Insecticida Cucal cucarachas y hormigas aerosol 400ml.\"}}]}]}<\/script>\n<!-- \/ Yoast SEO plugin. -->","_links":{"self":[{"href":"https:\/\/www.comercialanma.es\/index.php?rest_route=\/wp\/v2\/product\/14953"}],"collection":[{"href":"https:\/\/www.comercialanma.es\/index.php?rest_route=\/wp\/v2\/product"}],"about":[{"href":"https:\/\/www.comercialanma.es\/index.php?rest_route=\/wp\/v2\/types\/product"}],"version-history":[{"count":2,"href":"https:\/\/www.comercialanma.es\/index.php?rest_route=\/wp\/v2\/product\/14953\/revisions"}],"predecessor-version":[{"id":14956,"href":"https:\/\/www.comercialanma.es\/index.php?rest_route=\/wp\/v2\/product\/14953\/revisions\/14956"}],"wp:featuredmedia":[{"embeddable":true,"href":"https:\/\/www.comercialanma.es\/index.php?rest_route=\/wp\/v2\/media\/14954"}],"wp:attachment":[{"href":"https:\/\/www.comercialanma.es\/index.php?rest_route=%2Fwp%2Fv2%2Fmedia&parent=14953"}],"curies":[{"name":"wp","href":"https:\/\/api.w.org\/{rel}","templated":true}]}}