
{"id":14960,"date":"2021-01-25T16:27:06","date_gmt":"2021-01-25T15:27:06","guid":{"rendered":"https:\/\/www.comercialanma.es\/?post_type=product&#038;p=14960"},"modified":"2021-01-25T16:35:26","modified_gmt":"2021-01-25T15:35:26","slug":"gel-anticucas","status":"publish","type":"product","link":"https:\/\/www.comercialanma.es\/?product=gel-anticucas","title":{"rendered":"Gel anticucarachas Blattanex ultra gel jeringa 5 g."},"content":{"rendered":"<h3>Descripci\u00f3n:<\/h3>\n<p>Jeringa con cebo en Gel contra cucarachas con alta capacidad de atracci\u00f3n.<\/p>\n<p>\u2022 Activo 12 meses.<\/p>\n<p>\u2022 5 gramos.<\/p>\n<p>\u2022 Para una espacio de 25 &#8211; 50 m\u00b2.<\/p>\n","protected":false},"excerpt":{"rendered":"<p>Gel anticucarachas Blattanex ultra gel | Bayer | 5gr.|<span class=\"a-size-base\"><br \/>\n<\/span><\/p>\n<p>Blattanex Ultra-gel la revoluci\u00f3n en la lucha contra las cucarachas. Las cucarachas mueren despu\u00e9s de comer el gel. El producto se presenta en jeringa con cebo en forma de gel que permite la m\u00ednima exposici\u00f3n al insecticida, es inodoro, no mancha, no poluciona el ambiente, y el cebo permanece activo durante m\u00e1s de 12 meses. La mejor forma para controlar cucarachas de una forma sencilla y eficaz.<\/p>\n<p>&nbsp;<\/p>\n<p>&nbsp;<\/p>\n<p>&nbsp;<\/p>\n<p>&nbsp;<\/p>\n<p>&nbsp;<\/p>\n<p>&nbsp;<\/p>\n<p>&nbsp;<\/p>\n<p>&nbsp;<\/p>\n<p>&nbsp;<\/p>\n","protected":false},"featured_media":14962,"template":"","meta":{"spay_email":""},"yoast_head":"<!-- This site is optimized with the Yoast SEO plugin v15.9 - https:\/\/yoast.com\/wordpress\/plugins\/seo\/ -->\n<title>Gel anticucarachas Blattanex ultra gel jeringa 5 g. - Comercial de Hosteleria Anma<\/title>\n<meta name=\"description\" content=\"Jeringa con cebo en Gel contra cucarachas con alta capacidad de atracci\u00f3n.\u2022 Activo 12 meses.\u2022 5 gramos.\u2022 Para una espacio de 25 - 50 m\u00b2.\" \/>\n<meta name=\"robots\" content=\"index, follow, max-snippet:-1, max-image-preview:large, max-video-preview:-1\" \/>\n<link rel=\"canonical\" href=\"https:\/\/www.comercialanma.es\/?product=gel-anticucas\" \/>\n<meta property=\"og:locale\" content=\"es_ES\" \/>\n<meta property=\"og:type\" content=\"article\" \/>\n<meta property=\"og:title\" content=\"Gel anticucarachas Blattanex ultra gel jeringa 5 g. - Comercial de Hosteleria Anma\" \/>\n<meta property=\"og:description\" content=\"Jeringa con cebo en Gel contra cucarachas con alta capacidad de atracci\u00f3n.\u2022 Activo 12 meses.\u2022 5 gramos.\u2022 Para una espacio de 25 - 50 m\u00b2.\" \/>\n<meta property=\"og:url\" content=\"https:\/\/www.comercialanma.es\/?product=gel-anticucas\" \/>\n<meta property=\"og:site_name\" content=\"Comercial de Hosteleria Anma\" \/>\n<meta property=\"article:publisher\" content=\"https:\/\/www.facebook.com\/AnmaHosteleria\" \/>\n<meta property=\"article:modified_time\" content=\"2021-01-25T15:35:26+00:00\" \/>\n<meta property=\"og:image\" content=\"https:\/\/i1.wp.com\/www.comercialanma.es\/wp-content\/uploads\/2021\/01\/Blattanex-gel-cebo.jpg?fit=1080%2C1080&#038;ssl=1\" \/>\n\t<meta property=\"og:image:width\" content=\"1080\" \/>\n\t<meta property=\"og:image:height\" content=\"1080\" \/>\n<meta name=\"twitter:card\" content=\"summary_large_image\" \/>\n<script type=\"application\/ld+json\" class=\"yoast-schema-graph\">{\"@context\":\"https:\/\/schema.org\",\"@graph\":[{\"@type\":\"Organization\",\"@id\":\"https:\/\/www.comercialanma.es\/#organization\",\"name\":\"Comercial Anma\",\"url\":\"https:\/\/www.comercialanma.es\/\",\"sameAs\":[\"https:\/\/www.facebook.com\/AnmaHosteleria\",\"https:\/\/www.instagram.com\/anmahosteleria\/?hl=es\",\"https:\/\/www.youtube.com\/channel\/UCT2nmn08Ntks0hmpZPnDgCA\"],\"logo\":{\"@type\":\"ImageObject\",\"@id\":\"https:\/\/www.comercialanma.es\/#logo\",\"inLanguage\":\"es\",\"url\":\"https:\/\/i2.wp.com\/www.comercialanma.es\/wp-content\/uploads\/2019\/06\/logo-anma-color.png?fit=247%2C101&ssl=1\",\"width\":247,\"height\":101,\"caption\":\"Comercial Anma\"},\"image\":{\"@id\":\"https:\/\/www.comercialanma.es\/#logo\"}},{\"@type\":\"WebSite\",\"@id\":\"https:\/\/www.comercialanma.es\/#website\",\"url\":\"https:\/\/www.comercialanma.es\/\",\"name\":\"Comercial de Hosteleria Anma\",\"description\":\"\",\"publisher\":{\"@id\":\"https:\/\/www.comercialanma.es\/#organization\"},\"potentialAction\":[{\"@type\":\"SearchAction\",\"target\":\"https:\/\/www.comercialanma.es\/?s={search_term_string}\",\"query-input\":\"required name=search_term_string\"}],\"inLanguage\":\"es\"},{\"@type\":\"ImageObject\",\"@id\":\"https:\/\/www.comercialanma.es\/?product=gel-anticucas#primaryimage\",\"inLanguage\":\"es\",\"url\":\"https:\/\/i1.wp.com\/www.comercialanma.es\/wp-content\/uploads\/2021\/01\/Blattanex-gel-cebo.jpg?fit=1080%2C1080&ssl=1\",\"width\":1080,\"height\":1080},{\"@type\":\"WebPage\",\"@id\":\"https:\/\/www.comercialanma.es\/?product=gel-anticucas#webpage\",\"url\":\"https:\/\/www.comercialanma.es\/?product=gel-anticucas\",\"name\":\"Gel anticucarachas Blattanex ultra gel jeringa 5 g. - Comercial de Hosteleria Anma\",\"isPartOf\":{\"@id\":\"https:\/\/www.comercialanma.es\/#website\"},\"primaryImageOfPage\":{\"@id\":\"https:\/\/www.comercialanma.es\/?product=gel-anticucas#primaryimage\"},\"datePublished\":\"2021-01-25T15:27:06+00:00\",\"dateModified\":\"2021-01-25T15:35:26+00:00\",\"description\":\"Jeringa con cebo en Gel contra cucarachas con alta capacidad de atracci\\u00f3n.\\u2022 Activo 12 meses.\\u2022 5 gramos.\\u2022 Para una espacio de 25 - 50 m\\u00b2.\",\"breadcrumb\":{\"@id\":\"https:\/\/www.comercialanma.es\/?product=gel-anticucas#breadcrumb\"},\"inLanguage\":\"es\",\"potentialAction\":[{\"@type\":\"ReadAction\",\"target\":[\"https:\/\/www.comercialanma.es\/?product=gel-anticucas\"]}]},{\"@type\":\"BreadcrumbList\",\"@id\":\"https:\/\/www.comercialanma.es\/?product=gel-anticucas#breadcrumb\",\"itemListElement\":[{\"@type\":\"ListItem\",\"position\":1,\"item\":{\"@type\":\"WebPage\",\"@id\":\"https:\/\/www.comercialanma.es\/\",\"url\":\"https:\/\/www.comercialanma.es\/\",\"name\":\"Portada\"}},{\"@type\":\"ListItem\",\"position\":2,\"item\":{\"@type\":\"WebPage\",\"@id\":\"https:\/\/www.comercialanma.es\/?page_id=3963\",\"url\":\"https:\/\/www.comercialanma.es\/?page_id=3963\",\"name\":\"Cat\\u00e1logo de Productos\"}},{\"@type\":\"ListItem\",\"position\":3,\"item\":{\"@type\":\"WebPage\",\"@id\":\"https:\/\/www.comercialanma.es\/?product=gel-anticucas\",\"url\":\"https:\/\/www.comercialanma.es\/?product=gel-anticucas\",\"name\":\"Gel anticucarachas Blattanex ultra gel jeringa 5 g.\"}}]}]}<\/script>\n<!-- \/ Yoast SEO plugin. -->","_links":{"self":[{"href":"https:\/\/www.comercialanma.es\/index.php?rest_route=\/wp\/v2\/product\/14960"}],"collection":[{"href":"https:\/\/www.comercialanma.es\/index.php?rest_route=\/wp\/v2\/product"}],"about":[{"href":"https:\/\/www.comercialanma.es\/index.php?rest_route=\/wp\/v2\/types\/product"}],"version-history":[{"count":3,"href":"https:\/\/www.comercialanma.es\/index.php?rest_route=\/wp\/v2\/product\/14960\/revisions"}],"predecessor-version":[{"id":14965,"href":"https:\/\/www.comercialanma.es\/index.php?rest_route=\/wp\/v2\/product\/14960\/revisions\/14965"}],"wp:featuredmedia":[{"embeddable":true,"href":"https:\/\/www.comercialanma.es\/index.php?rest_route=\/wp\/v2\/media\/14962"}],"wp:attachment":[{"href":"https:\/\/www.comercialanma.es\/index.php?rest_route=%2Fwp%2Fv2%2Fmedia&parent=14960"}],"curies":[{"name":"wp","href":"https:\/\/api.w.org\/{rel}","templated":true}]}}