
{"id":14969,"date":"2021-01-26T09:31:15","date_gmt":"2021-01-26T08:31:15","guid":{"rendered":"https:\/\/www.comercialanma.es\/?post_type=product&#038;p=14969"},"modified":"2021-01-26T10:02:13","modified_gmt":"2021-01-26T09:02:13","slug":"quitamanchas-cebralin","status":"publish","type":"product","link":"https:\/\/www.comercialanma.es\/?product=quitamanchas-cebralin","title":{"rendered":"Quitamanchas Cebral\u00edn aerosol 200ml."},"content":{"rendered":"<h3 class=\"info-title\">Advertencia de seguridad<\/h3>\n<ul class=\"info-list\">\n<li class=\"info-item\">Peligro<\/li>\n<li class=\"info-item\">Puede provocar somnolencia o v\u00e9rtigo.<\/li>\n<li class=\"info-item\">T\u00f3xico para los organismos acu\u00e1ticos, con efectos nocivos duraderos.<\/li>\n<li class=\"info-item\">Provoca irritaci\u00f3n cut\u00e1nea.<\/li>\n<li class=\"info-item\">Provoca irritaci\u00f3n ocular grave.<\/li>\n<li class=\"info-item\">Aerosol extremadamente inflamable.<\/li>\n<\/ul>\n","protected":false},"excerpt":{"rendered":"<p>Quitamanchas | Cebral\u00edn | Aerosol | 200ml.<\/p>\n<p>Elimina las manchas de grasas sin necesidad de lavar.<\/p>\n<p>Con Cebral\u00edn Quitamanchas en Seco podr\u00e1s eliminar las manchas de aceite y salsas sin necesidad de poner la lavadora. Te olvidar\u00e1s de las manchas al momento. Adem\u00e1s, Cebral\u00edn Quitamanchas en Seco es el producto ideal para pretratar las manchas al instante, antes de poner la prenda en la lavadora. El producto absorber\u00e1 la mancha y tu ropa saldr\u00e1 limpia e impecable.<\/p>\n","protected":false},"featured_media":14970,"template":"","meta":{"spay_email":""},"yoast_head":"<!-- This site is optimized with the Yoast SEO plugin v15.9 - https:\/\/yoast.com\/wordpress\/plugins\/seo\/ -->\n<title>Quitamanchas Cebral\u00edn aerosol 200ml. - Comercial de Hosteleria Anma<\/title>\n<meta name=\"description\" content=\"Quitamanchas | Cebral\u00edn | Aerosol | 200ml. Quitamanchas en Seco elimina manchas de aceite y salsas sin necesidad de poner la lavadora.\" \/>\n<meta name=\"robots\" content=\"index, follow, max-snippet:-1, max-image-preview:large, max-video-preview:-1\" \/>\n<link rel=\"canonical\" href=\"https:\/\/www.comercialanma.es\/?product=quitamanchas-cebralin\" \/>\n<meta property=\"og:locale\" content=\"es_ES\" \/>\n<meta property=\"og:type\" content=\"article\" \/>\n<meta property=\"og:title\" content=\"Quitamanchas Cebral\u00edn aerosol 200ml. - Comercial de Hosteleria Anma\" \/>\n<meta property=\"og:description\" content=\"Quitamanchas | Cebral\u00edn | Aerosol | 200ml. Quitamanchas en Seco elimina manchas de aceite y salsas sin necesidad de poner la lavadora.\" \/>\n<meta property=\"og:url\" content=\"https:\/\/www.comercialanma.es\/?product=quitamanchas-cebralin\" \/>\n<meta property=\"og:site_name\" content=\"Comercial de Hosteleria Anma\" \/>\n<meta property=\"article:publisher\" content=\"https:\/\/www.facebook.com\/AnmaHosteleria\" \/>\n<meta property=\"article:modified_time\" content=\"2021-01-26T09:02:13+00:00\" \/>\n<meta property=\"og:image\" content=\"https:\/\/i0.wp.com\/www.comercialanma.es\/wp-content\/uploads\/2021\/01\/Quitamanchas-Cebralin.jpg?fit=1080%2C1080&#038;ssl=1\" \/>\n\t<meta property=\"og:image:width\" content=\"1080\" \/>\n\t<meta property=\"og:image:height\" content=\"1080\" \/>\n<meta name=\"twitter:card\" content=\"summary_large_image\" \/>\n<script type=\"application\/ld+json\" class=\"yoast-schema-graph\">{\"@context\":\"https:\/\/schema.org\",\"@graph\":[{\"@type\":\"Organization\",\"@id\":\"https:\/\/www.comercialanma.es\/#organization\",\"name\":\"Comercial Anma\",\"url\":\"https:\/\/www.comercialanma.es\/\",\"sameAs\":[\"https:\/\/www.facebook.com\/AnmaHosteleria\",\"https:\/\/www.instagram.com\/anmahosteleria\/?hl=es\",\"https:\/\/www.youtube.com\/channel\/UCT2nmn08Ntks0hmpZPnDgCA\"],\"logo\":{\"@type\":\"ImageObject\",\"@id\":\"https:\/\/www.comercialanma.es\/#logo\",\"inLanguage\":\"es\",\"url\":\"https:\/\/i2.wp.com\/www.comercialanma.es\/wp-content\/uploads\/2019\/06\/logo-anma-color.png?fit=247%2C101&ssl=1\",\"width\":247,\"height\":101,\"caption\":\"Comercial Anma\"},\"image\":{\"@id\":\"https:\/\/www.comercialanma.es\/#logo\"}},{\"@type\":\"WebSite\",\"@id\":\"https:\/\/www.comercialanma.es\/#website\",\"url\":\"https:\/\/www.comercialanma.es\/\",\"name\":\"Comercial de Hosteleria Anma\",\"description\":\"\",\"publisher\":{\"@id\":\"https:\/\/www.comercialanma.es\/#organization\"},\"potentialAction\":[{\"@type\":\"SearchAction\",\"target\":\"https:\/\/www.comercialanma.es\/?s={search_term_string}\",\"query-input\":\"required name=search_term_string\"}],\"inLanguage\":\"es\"},{\"@type\":\"ImageObject\",\"@id\":\"https:\/\/www.comercialanma.es\/?product=quitamanchas-cebralin#primaryimage\",\"inLanguage\":\"es\",\"url\":\"https:\/\/i0.wp.com\/www.comercialanma.es\/wp-content\/uploads\/2021\/01\/Quitamanchas-Cebralin.jpg?fit=1080%2C1080&ssl=1\",\"width\":1080,\"height\":1080},{\"@type\":\"WebPage\",\"@id\":\"https:\/\/www.comercialanma.es\/?product=quitamanchas-cebralin#webpage\",\"url\":\"https:\/\/www.comercialanma.es\/?product=quitamanchas-cebralin\",\"name\":\"Quitamanchas Cebral\\u00edn aerosol 200ml. - Comercial de Hosteleria Anma\",\"isPartOf\":{\"@id\":\"https:\/\/www.comercialanma.es\/#website\"},\"primaryImageOfPage\":{\"@id\":\"https:\/\/www.comercialanma.es\/?product=quitamanchas-cebralin#primaryimage\"},\"datePublished\":\"2021-01-26T08:31:15+00:00\",\"dateModified\":\"2021-01-26T09:02:13+00:00\",\"description\":\"Quitamanchas | Cebral\\u00edn | Aerosol | 200ml. Quitamanchas en Seco elimina manchas de aceite y salsas sin necesidad de poner la lavadora.\",\"breadcrumb\":{\"@id\":\"https:\/\/www.comercialanma.es\/?product=quitamanchas-cebralin#breadcrumb\"},\"inLanguage\":\"es\",\"potentialAction\":[{\"@type\":\"ReadAction\",\"target\":[\"https:\/\/www.comercialanma.es\/?product=quitamanchas-cebralin\"]}]},{\"@type\":\"BreadcrumbList\",\"@id\":\"https:\/\/www.comercialanma.es\/?product=quitamanchas-cebralin#breadcrumb\",\"itemListElement\":[{\"@type\":\"ListItem\",\"position\":1,\"item\":{\"@type\":\"WebPage\",\"@id\":\"https:\/\/www.comercialanma.es\/\",\"url\":\"https:\/\/www.comercialanma.es\/\",\"name\":\"Portada\"}},{\"@type\":\"ListItem\",\"position\":2,\"item\":{\"@type\":\"WebPage\",\"@id\":\"https:\/\/www.comercialanma.es\/?page_id=3963\",\"url\":\"https:\/\/www.comercialanma.es\/?page_id=3963\",\"name\":\"Cat\\u00e1logo de Productos\"}},{\"@type\":\"ListItem\",\"position\":3,\"item\":{\"@type\":\"WebPage\",\"@id\":\"https:\/\/www.comercialanma.es\/?product=quitamanchas-cebralin\",\"url\":\"https:\/\/www.comercialanma.es\/?product=quitamanchas-cebralin\",\"name\":\"Quitamanchas Cebral\\u00edn aerosol 200ml.\"}}]}]}<\/script>\n<!-- \/ Yoast SEO plugin. -->","_links":{"self":[{"href":"https:\/\/www.comercialanma.es\/index.php?rest_route=\/wp\/v2\/product\/14969"}],"collection":[{"href":"https:\/\/www.comercialanma.es\/index.php?rest_route=\/wp\/v2\/product"}],"about":[{"href":"https:\/\/www.comercialanma.es\/index.php?rest_route=\/wp\/v2\/types\/product"}],"version-history":[{"count":2,"href":"https:\/\/www.comercialanma.es\/index.php?rest_route=\/wp\/v2\/product\/14969\/revisions"}],"predecessor-version":[{"id":14972,"href":"https:\/\/www.comercialanma.es\/index.php?rest_route=\/wp\/v2\/product\/14969\/revisions\/14972"}],"wp:featuredmedia":[{"embeddable":true,"href":"https:\/\/www.comercialanma.es\/index.php?rest_route=\/wp\/v2\/media\/14970"}],"wp:attachment":[{"href":"https:\/\/www.comercialanma.es\/index.php?rest_route=%2Fwp%2Fv2%2Fmedia&parent=14969"}],"curies":[{"name":"wp","href":"https:\/\/api.w.org\/{rel}","templated":true}]}}