
{"id":14992,"date":"2021-01-26T12:38:33","date_gmt":"2021-01-26T11:38:33","guid":{"rendered":"https:\/\/www.comercialanma.es\/?post_type=product&#038;p=14992"},"modified":"2021-01-26T12:51:12","modified_gmt":"2021-01-26T11:51:12","slug":"ariel-21-dosis","status":"publish","type":"product","link":"https:\/\/www.comercialanma.es\/?product=ariel-21-dosis","title":{"rendered":"Detergente Ariel regular 21 Lavados"},"content":{"rendered":"<h3>DESCRIPCI\u00d3N:<\/h3>\n<ul class=\"a-unordered-list a-vertical a-spacing-mini\">\n<li><span class=\"a-list-item\"> Poder quitamanchas <\/span><\/li>\n<li><span class=\"a-list-item\"> Incre\u00edble poder quitamanchas en 1 lavado <\/span><\/li>\n<li><span class=\"a-list-item\"> Incorpora una innovadora arielita para pretratar que permite usar la dosis correcta <\/span><\/li>\n<li><span class=\"a-list-item\"> Gracias a su f\u00f3rmula y a su innovadora arielita para pretratar, Ariel elimina las manchas desde el primer lavado. <\/span><\/li>\n<\/ul>\n","protected":false},"excerpt":{"rendered":"<p>Detergente l\u00edquido | Ariel | 21 Dosis<\/p>\n<p>Ariel L\u00edquido Regular 21 Lavados es ideal para eliminar las manchas, incluso las que m\u00e1s se resisten. Ariel es duro con las manchas, pero suave con tu ropa. Al contrario que el detergente en polvo, el detergente l\u00edquido Ariel act\u00faa justo en el foco del lavado.<br \/>\nSu f\u00f3rmula nos ayuda a mantener la ropa con el color original, sin dejar que los colores se apaguen. Elimina las manchas causantes de malos olores, como el sudor y los olores corporales, y deja tu ropa limpia y con un agradable aroma.<\/p>\n<p>&nbsp;<\/p>\n","protected":false},"featured_media":14993,"template":"","meta":{"spay_email":""},"yoast_head":"<!-- This site is optimized with the Yoast SEO plugin v15.9 - https:\/\/yoast.com\/wordpress\/plugins\/seo\/ -->\n<title>Detergente Ariel regular 21 Lavados - Comercial de Hosteleria Anma<\/title>\n<meta name=\"description\" content=\"Detergente l\u00edquido | Ariel | 21 Dosis | Ariel L\u00edquido Regular 21 Lavados es ideal para eliminar las manchas, incluso las que m\u00e1s se resisten.\" \/>\n<meta name=\"robots\" content=\"index, follow, max-snippet:-1, max-image-preview:large, max-video-preview:-1\" \/>\n<link rel=\"canonical\" href=\"https:\/\/www.comercialanma.es\/?product=ariel-21-dosis\" \/>\n<meta property=\"og:locale\" content=\"es_ES\" \/>\n<meta property=\"og:type\" content=\"article\" \/>\n<meta property=\"og:title\" content=\"Detergente Ariel regular 21 Lavados - Comercial de Hosteleria Anma\" \/>\n<meta property=\"og:description\" content=\"Detergente l\u00edquido | Ariel | 21 Dosis | Ariel L\u00edquido Regular 21 Lavados es ideal para eliminar las manchas, incluso las que m\u00e1s se resisten.\" \/>\n<meta property=\"og:url\" content=\"https:\/\/www.comercialanma.es\/?product=ariel-21-dosis\" \/>\n<meta property=\"og:site_name\" content=\"Comercial de Hosteleria Anma\" \/>\n<meta property=\"article:publisher\" content=\"https:\/\/www.facebook.com\/AnmaHosteleria\" \/>\n<meta property=\"article:modified_time\" content=\"2021-01-26T11:51:12+00:00\" \/>\n<meta property=\"og:image\" content=\"https:\/\/i0.wp.com\/www.comercialanma.es\/wp-content\/uploads\/2021\/01\/ariel-21-dosis.jpg?fit=1080%2C1080&#038;ssl=1\" \/>\n\t<meta property=\"og:image:width\" content=\"1080\" \/>\n\t<meta property=\"og:image:height\" content=\"1080\" \/>\n<meta name=\"twitter:card\" content=\"summary_large_image\" \/>\n<script type=\"application\/ld+json\" class=\"yoast-schema-graph\">{\"@context\":\"https:\/\/schema.org\",\"@graph\":[{\"@type\":\"Organization\",\"@id\":\"https:\/\/www.comercialanma.es\/#organization\",\"name\":\"Comercial Anma\",\"url\":\"https:\/\/www.comercialanma.es\/\",\"sameAs\":[\"https:\/\/www.facebook.com\/AnmaHosteleria\",\"https:\/\/www.instagram.com\/anmahosteleria\/?hl=es\",\"https:\/\/www.youtube.com\/channel\/UCT2nmn08Ntks0hmpZPnDgCA\"],\"logo\":{\"@type\":\"ImageObject\",\"@id\":\"https:\/\/www.comercialanma.es\/#logo\",\"inLanguage\":\"es\",\"url\":\"https:\/\/i2.wp.com\/www.comercialanma.es\/wp-content\/uploads\/2019\/06\/logo-anma-color.png?fit=247%2C101&ssl=1\",\"width\":247,\"height\":101,\"caption\":\"Comercial Anma\"},\"image\":{\"@id\":\"https:\/\/www.comercialanma.es\/#logo\"}},{\"@type\":\"WebSite\",\"@id\":\"https:\/\/www.comercialanma.es\/#website\",\"url\":\"https:\/\/www.comercialanma.es\/\",\"name\":\"Comercial de Hosteleria Anma\",\"description\":\"\",\"publisher\":{\"@id\":\"https:\/\/www.comercialanma.es\/#organization\"},\"potentialAction\":[{\"@type\":\"SearchAction\",\"target\":\"https:\/\/www.comercialanma.es\/?s={search_term_string}\",\"query-input\":\"required name=search_term_string\"}],\"inLanguage\":\"es\"},{\"@type\":\"ImageObject\",\"@id\":\"https:\/\/www.comercialanma.es\/?product=ariel-21-dosis#primaryimage\",\"inLanguage\":\"es\",\"url\":\"https:\/\/i0.wp.com\/www.comercialanma.es\/wp-content\/uploads\/2021\/01\/ariel-21-dosis.jpg?fit=1080%2C1080&ssl=1\",\"width\":1080,\"height\":1080},{\"@type\":\"WebPage\",\"@id\":\"https:\/\/www.comercialanma.es\/?product=ariel-21-dosis#webpage\",\"url\":\"https:\/\/www.comercialanma.es\/?product=ariel-21-dosis\",\"name\":\"Detergente Ariel regular 21 Lavados - Comercial de Hosteleria Anma\",\"isPartOf\":{\"@id\":\"https:\/\/www.comercialanma.es\/#website\"},\"primaryImageOfPage\":{\"@id\":\"https:\/\/www.comercialanma.es\/?product=ariel-21-dosis#primaryimage\"},\"datePublished\":\"2021-01-26T11:38:33+00:00\",\"dateModified\":\"2021-01-26T11:51:12+00:00\",\"description\":\"Detergente l\\u00edquido | Ariel | 21 Dosis | Ariel L\\u00edquido Regular 21 Lavados es ideal para eliminar las manchas, incluso las que m\\u00e1s se resisten.\",\"breadcrumb\":{\"@id\":\"https:\/\/www.comercialanma.es\/?product=ariel-21-dosis#breadcrumb\"},\"inLanguage\":\"es\",\"potentialAction\":[{\"@type\":\"ReadAction\",\"target\":[\"https:\/\/www.comercialanma.es\/?product=ariel-21-dosis\"]}]},{\"@type\":\"BreadcrumbList\",\"@id\":\"https:\/\/www.comercialanma.es\/?product=ariel-21-dosis#breadcrumb\",\"itemListElement\":[{\"@type\":\"ListItem\",\"position\":1,\"item\":{\"@type\":\"WebPage\",\"@id\":\"https:\/\/www.comercialanma.es\/\",\"url\":\"https:\/\/www.comercialanma.es\/\",\"name\":\"Portada\"}},{\"@type\":\"ListItem\",\"position\":2,\"item\":{\"@type\":\"WebPage\",\"@id\":\"https:\/\/www.comercialanma.es\/?page_id=3963\",\"url\":\"https:\/\/www.comercialanma.es\/?page_id=3963\",\"name\":\"Cat\\u00e1logo de Productos\"}},{\"@type\":\"ListItem\",\"position\":3,\"item\":{\"@type\":\"WebPage\",\"@id\":\"https:\/\/www.comercialanma.es\/?product=ariel-21-dosis\",\"url\":\"https:\/\/www.comercialanma.es\/?product=ariel-21-dosis\",\"name\":\"Detergente Ariel regular 21 Lavados\"}}]}]}<\/script>\n<!-- \/ Yoast SEO plugin. -->","_links":{"self":[{"href":"https:\/\/www.comercialanma.es\/index.php?rest_route=\/wp\/v2\/product\/14992"}],"collection":[{"href":"https:\/\/www.comercialanma.es\/index.php?rest_route=\/wp\/v2\/product"}],"about":[{"href":"https:\/\/www.comercialanma.es\/index.php?rest_route=\/wp\/v2\/types\/product"}],"version-history":[{"count":1,"href":"https:\/\/www.comercialanma.es\/index.php?rest_route=\/wp\/v2\/product\/14992\/revisions"}],"predecessor-version":[{"id":14994,"href":"https:\/\/www.comercialanma.es\/index.php?rest_route=\/wp\/v2\/product\/14992\/revisions\/14994"}],"wp:featuredmedia":[{"embeddable":true,"href":"https:\/\/www.comercialanma.es\/index.php?rest_route=\/wp\/v2\/media\/14993"}],"wp:attachment":[{"href":"https:\/\/www.comercialanma.es\/index.php?rest_route=%2Fwp%2Fv2%2Fmedia&parent=14992"}],"curies":[{"name":"wp","href":"https:\/\/api.w.org\/{rel}","templated":true}]}}