
{"id":15008,"date":"2021-01-26T15:51:50","date_gmt":"2021-01-26T14:51:50","guid":{"rendered":"https:\/\/www.comercialanma.es\/?post_type=product&#038;p=15008"},"modified":"2021-01-26T15:53:39","modified_gmt":"2021-01-26T14:53:39","slug":"fairy-5l","status":"publish","type":"product","link":"https:\/\/www.comercialanma.es\/?product=fairy-5l","title":{"rendered":"Lavavajillas Fairy Original 5L."},"content":{"rendered":"<h3>DESCRIPCI\u00d3N:<\/h3>\n<ul class=\"a-unordered-list a-vertical a-spacing-mini\">\n<li><span class=\"a-list-item\">Detergente lavavajillas para el lavado a mano<\/span><\/li>\n<li><span class=\"a-list-item\">Elimina la grasa de tu vajilla con resultados brillantes<\/span><\/li>\n<\/ul>\n","protected":false},"excerpt":{"rendered":"<p>Lavavajillas manual | Fairy Original | 820ml.<\/p>\n<p>Su nueva f\u00f3rmula enriquecida aporta m\u00e1s burbujas y mejora su eficacia contra la grasa.<br \/>\nCon m\u00e1s de tres d\u00e9cadas de trayectoria, y convertido en un icono de limpieza, la innovaci\u00f3n ha sido siempre una de las grandes l\u00edneas de trabajo de Fairy para ofrecer al consumidor final un producto cada vez m\u00e1s eficaz, adaptado a sus necesidades y capaz de superar sus exigencias. As\u00ed, el lavavajillas Fairy Regular, dura ahora hasta dos veces m\u00e1s. Fairy ha enriquecido su nueva f\u00f3rmula, aport\u00e1ndole m\u00e1s burbujas y mejorando su eficacia contra la grasa. De esta manera, se produce un notable ahorro, tanto econ\u00f3mico, como de esfuerzo y tiempo.<\/p>\n<p>&nbsp;<\/p>\n","protected":false},"featured_media":15010,"template":"","meta":{"spay_email":""},"yoast_head":"<!-- This site is optimized with the Yoast SEO plugin v15.9 - https:\/\/yoast.com\/wordpress\/plugins\/seo\/ -->\n<title>Lavavajillas Fairy Original 5L. - Comercial de Hosteleria Anma<\/title>\n<meta name=\"description\" content=\"Lavavajillas manual | Fairy Original | 5L. | Su nueva f\u00f3rmula enriquecida aporta m\u00e1s burbujas y mejora su eficacia contra la grasa.\" \/>\n<meta name=\"robots\" content=\"index, follow, max-snippet:-1, max-image-preview:large, max-video-preview:-1\" \/>\n<link rel=\"canonical\" href=\"https:\/\/www.comercialanma.es\/?product=fairy-5l\" \/>\n<meta property=\"og:locale\" content=\"es_ES\" \/>\n<meta property=\"og:type\" content=\"article\" \/>\n<meta property=\"og:title\" content=\"Lavavajillas Fairy Original 5L. - Comercial de Hosteleria Anma\" \/>\n<meta property=\"og:description\" content=\"Lavavajillas manual | Fairy Original | 5L. | Su nueva f\u00f3rmula enriquecida aporta m\u00e1s burbujas y mejora su eficacia contra la grasa.\" \/>\n<meta property=\"og:url\" content=\"https:\/\/www.comercialanma.es\/?product=fairy-5l\" \/>\n<meta property=\"og:site_name\" content=\"Comercial de Hosteleria Anma\" \/>\n<meta property=\"article:publisher\" content=\"https:\/\/www.facebook.com\/AnmaHosteleria\" \/>\n<meta property=\"article:modified_time\" content=\"2021-01-26T14:53:39+00:00\" \/>\n<meta property=\"og:image\" content=\"https:\/\/i2.wp.com\/www.comercialanma.es\/wp-content\/uploads\/2021\/01\/fairy-profesional-5l.jpg?fit=1080%2C1080&#038;ssl=1\" \/>\n\t<meta property=\"og:image:width\" content=\"1080\" \/>\n\t<meta property=\"og:image:height\" content=\"1080\" \/>\n<meta name=\"twitter:card\" content=\"summary_large_image\" \/>\n<meta name=\"twitter:label1\" content=\"Tiempo de lectura\">\n\t<meta name=\"twitter:data1\" content=\"1 minuto\">\n<script type=\"application\/ld+json\" class=\"yoast-schema-graph\">{\"@context\":\"https:\/\/schema.org\",\"@graph\":[{\"@type\":\"Organization\",\"@id\":\"https:\/\/www.comercialanma.es\/#organization\",\"name\":\"Comercial Anma\",\"url\":\"https:\/\/www.comercialanma.es\/\",\"sameAs\":[\"https:\/\/www.facebook.com\/AnmaHosteleria\",\"https:\/\/www.instagram.com\/anmahosteleria\/?hl=es\",\"https:\/\/www.youtube.com\/channel\/UCT2nmn08Ntks0hmpZPnDgCA\"],\"logo\":{\"@type\":\"ImageObject\",\"@id\":\"https:\/\/www.comercialanma.es\/#logo\",\"inLanguage\":\"es\",\"url\":\"https:\/\/i2.wp.com\/www.comercialanma.es\/wp-content\/uploads\/2019\/06\/logo-anma-color.png?fit=247%2C101&ssl=1\",\"width\":247,\"height\":101,\"caption\":\"Comercial Anma\"},\"image\":{\"@id\":\"https:\/\/www.comercialanma.es\/#logo\"}},{\"@type\":\"WebSite\",\"@id\":\"https:\/\/www.comercialanma.es\/#website\",\"url\":\"https:\/\/www.comercialanma.es\/\",\"name\":\"Comercial de Hosteleria Anma\",\"description\":\"\",\"publisher\":{\"@id\":\"https:\/\/www.comercialanma.es\/#organization\"},\"potentialAction\":[{\"@type\":\"SearchAction\",\"target\":\"https:\/\/www.comercialanma.es\/?s={search_term_string}\",\"query-input\":\"required name=search_term_string\"}],\"inLanguage\":\"es\"},{\"@type\":\"ImageObject\",\"@id\":\"https:\/\/www.comercialanma.es\/?product=fairy-5l#primaryimage\",\"inLanguage\":\"es\",\"url\":\"https:\/\/i2.wp.com\/www.comercialanma.es\/wp-content\/uploads\/2021\/01\/fairy-profesional-5l.jpg?fit=1080%2C1080&ssl=1\",\"width\":1080,\"height\":1080},{\"@type\":\"WebPage\",\"@id\":\"https:\/\/www.comercialanma.es\/?product=fairy-5l#webpage\",\"url\":\"https:\/\/www.comercialanma.es\/?product=fairy-5l\",\"name\":\"Lavavajillas Fairy Original 5L. - Comercial de Hosteleria Anma\",\"isPartOf\":{\"@id\":\"https:\/\/www.comercialanma.es\/#website\"},\"primaryImageOfPage\":{\"@id\":\"https:\/\/www.comercialanma.es\/?product=fairy-5l#primaryimage\"},\"datePublished\":\"2021-01-26T14:51:50+00:00\",\"dateModified\":\"2021-01-26T14:53:39+00:00\",\"description\":\"Lavavajillas manual | Fairy Original | 5L. | Su nueva f\\u00f3rmula enriquecida aporta m\\u00e1s burbujas y mejora su eficacia contra la grasa.\",\"breadcrumb\":{\"@id\":\"https:\/\/www.comercialanma.es\/?product=fairy-5l#breadcrumb\"},\"inLanguage\":\"es\",\"potentialAction\":[{\"@type\":\"ReadAction\",\"target\":[\"https:\/\/www.comercialanma.es\/?product=fairy-5l\"]}]},{\"@type\":\"BreadcrumbList\",\"@id\":\"https:\/\/www.comercialanma.es\/?product=fairy-5l#breadcrumb\",\"itemListElement\":[{\"@type\":\"ListItem\",\"position\":1,\"item\":{\"@type\":\"WebPage\",\"@id\":\"https:\/\/www.comercialanma.es\/\",\"url\":\"https:\/\/www.comercialanma.es\/\",\"name\":\"Portada\"}},{\"@type\":\"ListItem\",\"position\":2,\"item\":{\"@type\":\"WebPage\",\"@id\":\"https:\/\/www.comercialanma.es\/?page_id=3963\",\"url\":\"https:\/\/www.comercialanma.es\/?page_id=3963\",\"name\":\"Cat\\u00e1logo de Productos\"}},{\"@type\":\"ListItem\",\"position\":3,\"item\":{\"@type\":\"WebPage\",\"@id\":\"https:\/\/www.comercialanma.es\/?product=fairy-5l\",\"url\":\"https:\/\/www.comercialanma.es\/?product=fairy-5l\",\"name\":\"Lavavajillas Fairy Original 5L.\"}}]}]}<\/script>\n<!-- \/ Yoast SEO plugin. -->","_links":{"self":[{"href":"https:\/\/www.comercialanma.es\/index.php?rest_route=\/wp\/v2\/product\/15008"}],"collection":[{"href":"https:\/\/www.comercialanma.es\/index.php?rest_route=\/wp\/v2\/product"}],"about":[{"href":"https:\/\/www.comercialanma.es\/index.php?rest_route=\/wp\/v2\/types\/product"}],"version-history":[{"count":1,"href":"https:\/\/www.comercialanma.es\/index.php?rest_route=\/wp\/v2\/product\/15008\/revisions"}],"predecessor-version":[{"id":15011,"href":"https:\/\/www.comercialanma.es\/index.php?rest_route=\/wp\/v2\/product\/15008\/revisions\/15011"}],"wp:featuredmedia":[{"embeddable":true,"href":"https:\/\/www.comercialanma.es\/index.php?rest_route=\/wp\/v2\/media\/15010"}],"wp:attachment":[{"href":"https:\/\/www.comercialanma.es\/index.php?rest_route=%2Fwp%2Fv2%2Fmedia&parent=15008"}],"curies":[{"name":"wp","href":"https:\/\/api.w.org\/{rel}","templated":true}]}}