
{"id":15012,"date":"2021-01-26T15:55:21","date_gmt":"2021-01-26T14:55:21","guid":{"rendered":"https:\/\/www.comercialanma.es\/?post_type=product&#038;p=15012"},"modified":"2021-01-26T16:09:20","modified_gmt":"2021-01-26T15:09:20","slug":"finish-650","status":"publish","type":"product","link":"https:\/\/www.comercialanma.es\/?product=finish-650","title":{"rendered":"Lavavajillas Finish gel 650ml."},"content":{"rendered":"<h2 class=\"product-features\">Caracter\u00edsticas del producto<\/h2>\n<ul>\n<li>Finish Gel aporta una una limpieza y brillo incre\u00edbles incluso en ciclos cortos.<\/li>\n<li>La f\u00f3rmula de r\u00e1pida disoluci\u00f3n elimina incluso las manchas m\u00e1s dif\u00edciles.<\/li>\n<li>Contiene la tecnolog\u00eda Ultra Brillo que est\u00e1 dise\u00f1ada para combatir las marcas de agua y la opacidad.<\/li>\n<\/ul>\n","protected":false},"excerpt":{"rendered":"<p>Lavavajillas M\u00e1quina | Finish | 650ml.|<\/p>\n<p>La nueva f\u00f3rmula de Finish Gell All in One Max Brillo y Protecci\u00f3n, de r\u00e1pida disoluci\u00f3n, aporta la limpieza y brillo que esperas de Finish a\u00f1adiendo protecci\u00f3n contra la corrosi\u00f3n en el cristal. Finish All in One Max puede con los restos de comida incrustada incluso actuando en bajas temperaturas. \u00a1Incluso para ciclos cortos!<\/p>\n<p>&nbsp;<\/p>\n","protected":false},"featured_media":15013,"template":"","meta":{"spay_email":""},"yoast_head":"<!-- This site is optimized with the Yoast SEO plugin v15.9 - https:\/\/yoast.com\/wordpress\/plugins\/seo\/ -->\n<title>Lavavajillas Finish gel 650ml. - Comercial de Hosteleria Anma<\/title>\n<meta name=\"description\" content=\"Lavavajillas M\u00e1quina | Finish | 650ml.| Aporta la limpieza y brillo que esperas a\u00f1adiendo protecci\u00f3n contra la corrosi\u00f3n en el cristal.\" \/>\n<meta name=\"robots\" content=\"index, follow, max-snippet:-1, max-image-preview:large, max-video-preview:-1\" \/>\n<link rel=\"canonical\" href=\"https:\/\/www.comercialanma.es\/?product=finish-650\" \/>\n<meta property=\"og:locale\" content=\"es_ES\" \/>\n<meta property=\"og:type\" content=\"article\" \/>\n<meta property=\"og:title\" content=\"Lavavajillas Finish gel 650ml. - Comercial de Hosteleria Anma\" \/>\n<meta property=\"og:description\" content=\"Lavavajillas M\u00e1quina | Finish | 650ml.| Aporta la limpieza y brillo que esperas a\u00f1adiendo protecci\u00f3n contra la corrosi\u00f3n en el cristal.\" \/>\n<meta property=\"og:url\" content=\"https:\/\/www.comercialanma.es\/?product=finish-650\" \/>\n<meta property=\"og:site_name\" content=\"Comercial de Hosteleria Anma\" \/>\n<meta property=\"article:publisher\" content=\"https:\/\/www.facebook.com\/AnmaHosteleria\" \/>\n<meta property=\"article:modified_time\" content=\"2021-01-26T15:09:20+00:00\" \/>\n<meta property=\"og:image\" content=\"https:\/\/i1.wp.com\/www.comercialanma.es\/wp-content\/uploads\/2021\/01\/finsh-gel-650ml.jpg?fit=1080%2C1080&#038;ssl=1\" \/>\n\t<meta property=\"og:image:width\" content=\"1080\" \/>\n\t<meta property=\"og:image:height\" content=\"1080\" \/>\n<meta name=\"twitter:card\" content=\"summary_large_image\" \/>\n<meta name=\"twitter:label1\" content=\"Tiempo de lectura\">\n\t<meta name=\"twitter:data1\" content=\"1 minuto\">\n<script type=\"application\/ld+json\" class=\"yoast-schema-graph\">{\"@context\":\"https:\/\/schema.org\",\"@graph\":[{\"@type\":\"Organization\",\"@id\":\"https:\/\/www.comercialanma.es\/#organization\",\"name\":\"Comercial Anma\",\"url\":\"https:\/\/www.comercialanma.es\/\",\"sameAs\":[\"https:\/\/www.facebook.com\/AnmaHosteleria\",\"https:\/\/www.instagram.com\/anmahosteleria\/?hl=es\",\"https:\/\/www.youtube.com\/channel\/UCT2nmn08Ntks0hmpZPnDgCA\"],\"logo\":{\"@type\":\"ImageObject\",\"@id\":\"https:\/\/www.comercialanma.es\/#logo\",\"inLanguage\":\"es\",\"url\":\"https:\/\/i2.wp.com\/www.comercialanma.es\/wp-content\/uploads\/2019\/06\/logo-anma-color.png?fit=247%2C101&ssl=1\",\"width\":247,\"height\":101,\"caption\":\"Comercial Anma\"},\"image\":{\"@id\":\"https:\/\/www.comercialanma.es\/#logo\"}},{\"@type\":\"WebSite\",\"@id\":\"https:\/\/www.comercialanma.es\/#website\",\"url\":\"https:\/\/www.comercialanma.es\/\",\"name\":\"Comercial de Hosteleria Anma\",\"description\":\"\",\"publisher\":{\"@id\":\"https:\/\/www.comercialanma.es\/#organization\"},\"potentialAction\":[{\"@type\":\"SearchAction\",\"target\":\"https:\/\/www.comercialanma.es\/?s={search_term_string}\",\"query-input\":\"required name=search_term_string\"}],\"inLanguage\":\"es\"},{\"@type\":\"ImageObject\",\"@id\":\"https:\/\/www.comercialanma.es\/?product=finish-650#primaryimage\",\"inLanguage\":\"es\",\"url\":\"https:\/\/i1.wp.com\/www.comercialanma.es\/wp-content\/uploads\/2021\/01\/finsh-gel-650ml.jpg?fit=1080%2C1080&ssl=1\",\"width\":1080,\"height\":1080},{\"@type\":\"WebPage\",\"@id\":\"https:\/\/www.comercialanma.es\/?product=finish-650#webpage\",\"url\":\"https:\/\/www.comercialanma.es\/?product=finish-650\",\"name\":\"Lavavajillas Finish gel 650ml. - Comercial de Hosteleria Anma\",\"isPartOf\":{\"@id\":\"https:\/\/www.comercialanma.es\/#website\"},\"primaryImageOfPage\":{\"@id\":\"https:\/\/www.comercialanma.es\/?product=finish-650#primaryimage\"},\"datePublished\":\"2021-01-26T14:55:21+00:00\",\"dateModified\":\"2021-01-26T15:09:20+00:00\",\"description\":\"Lavavajillas M\\u00e1quina | Finish | 650ml.| Aporta la limpieza y brillo que esperas a\\u00f1adiendo protecci\\u00f3n contra la corrosi\\u00f3n en el cristal.\",\"breadcrumb\":{\"@id\":\"https:\/\/www.comercialanma.es\/?product=finish-650#breadcrumb\"},\"inLanguage\":\"es\",\"potentialAction\":[{\"@type\":\"ReadAction\",\"target\":[\"https:\/\/www.comercialanma.es\/?product=finish-650\"]}]},{\"@type\":\"BreadcrumbList\",\"@id\":\"https:\/\/www.comercialanma.es\/?product=finish-650#breadcrumb\",\"itemListElement\":[{\"@type\":\"ListItem\",\"position\":1,\"item\":{\"@type\":\"WebPage\",\"@id\":\"https:\/\/www.comercialanma.es\/\",\"url\":\"https:\/\/www.comercialanma.es\/\",\"name\":\"Portada\"}},{\"@type\":\"ListItem\",\"position\":2,\"item\":{\"@type\":\"WebPage\",\"@id\":\"https:\/\/www.comercialanma.es\/?page_id=3963\",\"url\":\"https:\/\/www.comercialanma.es\/?page_id=3963\",\"name\":\"Cat\\u00e1logo de Productos\"}},{\"@type\":\"ListItem\",\"position\":3,\"item\":{\"@type\":\"WebPage\",\"@id\":\"https:\/\/www.comercialanma.es\/?product=finish-650\",\"url\":\"https:\/\/www.comercialanma.es\/?product=finish-650\",\"name\":\"Lavavajillas Finish gel 650ml.\"}}]}]}<\/script>\n<!-- \/ Yoast SEO plugin. -->","_links":{"self":[{"href":"https:\/\/www.comercialanma.es\/index.php?rest_route=\/wp\/v2\/product\/15012"}],"collection":[{"href":"https:\/\/www.comercialanma.es\/index.php?rest_route=\/wp\/v2\/product"}],"about":[{"href":"https:\/\/www.comercialanma.es\/index.php?rest_route=\/wp\/v2\/types\/product"}],"version-history":[{"count":1,"href":"https:\/\/www.comercialanma.es\/index.php?rest_route=\/wp\/v2\/product\/15012\/revisions"}],"predecessor-version":[{"id":15014,"href":"https:\/\/www.comercialanma.es\/index.php?rest_route=\/wp\/v2\/product\/15012\/revisions\/15014"}],"wp:featuredmedia":[{"embeddable":true,"href":"https:\/\/www.comercialanma.es\/index.php?rest_route=\/wp\/v2\/media\/15013"}],"wp:attachment":[{"href":"https:\/\/www.comercialanma.es\/index.php?rest_route=%2Fwp%2Fv2%2Fmedia&parent=15012"}],"curies":[{"name":"wp","href":"https:\/\/api.w.org\/{rel}","templated":true}]}}