
{"id":15025,"date":"2021-01-26T17:09:04","date_gmt":"2021-01-26T16:09:04","guid":{"rendered":"https:\/\/www.comercialanma.es\/?post_type=product&#038;p=15025"},"modified":"2021-02-03T16:06:10","modified_gmt":"2021-02-03T15:06:10","slug":"tenn-125","status":"publish","type":"product","link":"https:\/\/www.comercialanma.es\/?product=tenn-125","title":{"rendered":"Fregasuelos Tenn Brillante 1,25L."},"content":{"rendered":"<h2 class=\"product-features\">Contiene entre otros ingredientes:<\/h2>\n<ul>\n<li class=\"product-features\">Menos del 5% de tensioactivos ani\u00f3nicos.<\/li>\n<li class=\"product-features\">Tambi\u00e9n contiene perfume (Benzyl alcohol, Benzyl salicylate, Butylphenyl mathypropional, Citronellol, Hexyl cinnamal, Linalool) y conservantes (Benzisothiazolinone, Methylisothiazolinone).<\/li>\n<li class=\"product-features\">Contiene Polieterpolifosfato.<\/li>\n<\/ul>\n","protected":false},"excerpt":{"rendered":"<p>Fregasuelos | Tenn Brillante | 1,25L.|<\/p>\n<p>Tenn Brillante\u00a0Fregasuelos\u00a0Universal\u00a01,25 litros,\u00a0es el limpiador ideal para conseguir una limpieza brillante gracias a su secado r\u00e1pido, baja espuma y a su f\u00f3rmula con efecto reparaci\u00f3n que repara gradualmente grietas invisibles y abrasiones que son causa de que tus baldosas pierdan el brillo original. Se puede utilizar en todas las superficies lavabales del hogar como baldosas o m\u00e1rmoles. Proporciona un perfume m\u00e1s intenso y duradero gracias a su f\u00f3rmula con tecnolog\u00eda de fragancia para conservar la intensidad del perfume.<\/p>\n","protected":false},"featured_media":15027,"template":"","meta":{"spay_email":""},"yoast_head":"<!-- This site is optimized with the Yoast SEO plugin v15.9 - https:\/\/yoast.com\/wordpress\/plugins\/seo\/ -->\n<title>Fregasuelos Tenn Brillante 1,25L. - Comercial de Hosteleria Anma<\/title>\n<meta name=\"description\" content=\"Fregasuelos | Tenn Brillante | 1,25L.| Limpiador ideal para conseguir una limpieza brillante gracias a su secado r\u00e1pido, baja espuma.\" \/>\n<meta name=\"robots\" content=\"index, follow, max-snippet:-1, max-image-preview:large, max-video-preview:-1\" \/>\n<link rel=\"canonical\" href=\"https:\/\/www.comercialanma.es\/?product=tenn-125\" \/>\n<meta property=\"og:locale\" content=\"es_ES\" \/>\n<meta property=\"og:type\" content=\"article\" \/>\n<meta property=\"og:title\" content=\"Fregasuelos Tenn Brillante 1,25L. - Comercial de Hosteleria Anma\" \/>\n<meta property=\"og:description\" content=\"Fregasuelos | Tenn Brillante | 1,25L.| Limpiador ideal para conseguir una limpieza brillante gracias a su secado r\u00e1pido, baja espuma.\" \/>\n<meta property=\"og:url\" content=\"https:\/\/www.comercialanma.es\/?product=tenn-125\" \/>\n<meta property=\"og:site_name\" content=\"Comercial de Hosteleria Anma\" \/>\n<meta property=\"article:publisher\" content=\"https:\/\/www.facebook.com\/AnmaHosteleria\" \/>\n<meta property=\"article:modified_time\" content=\"2021-02-03T15:06:10+00:00\" \/>\n<meta property=\"og:image\" content=\"https:\/\/i0.wp.com\/www.comercialanma.es\/wp-content\/uploads\/2021\/01\/tenn-brillante-15.jpg?fit=1080%2C1080&#038;ssl=1\" \/>\n\t<meta property=\"og:image:width\" content=\"1080\" \/>\n\t<meta property=\"og:image:height\" content=\"1080\" \/>\n<meta name=\"twitter:card\" content=\"summary_large_image\" \/>\n<meta name=\"twitter:label1\" content=\"Tiempo de lectura\">\n\t<meta name=\"twitter:data1\" content=\"1 minuto\">\n<script type=\"application\/ld+json\" class=\"yoast-schema-graph\">{\"@context\":\"https:\/\/schema.org\",\"@graph\":[{\"@type\":\"Organization\",\"@id\":\"https:\/\/www.comercialanma.es\/#organization\",\"name\":\"Comercial Anma\",\"url\":\"https:\/\/www.comercialanma.es\/\",\"sameAs\":[\"https:\/\/www.facebook.com\/AnmaHosteleria\",\"https:\/\/www.instagram.com\/anmahosteleria\/?hl=es\",\"https:\/\/www.youtube.com\/channel\/UCT2nmn08Ntks0hmpZPnDgCA\"],\"logo\":{\"@type\":\"ImageObject\",\"@id\":\"https:\/\/www.comercialanma.es\/#logo\",\"inLanguage\":\"es\",\"url\":\"https:\/\/i2.wp.com\/www.comercialanma.es\/wp-content\/uploads\/2019\/06\/logo-anma-color.png?fit=247%2C101&ssl=1\",\"width\":247,\"height\":101,\"caption\":\"Comercial Anma\"},\"image\":{\"@id\":\"https:\/\/www.comercialanma.es\/#logo\"}},{\"@type\":\"WebSite\",\"@id\":\"https:\/\/www.comercialanma.es\/#website\",\"url\":\"https:\/\/www.comercialanma.es\/\",\"name\":\"Comercial de Hosteleria Anma\",\"description\":\"\",\"publisher\":{\"@id\":\"https:\/\/www.comercialanma.es\/#organization\"},\"potentialAction\":[{\"@type\":\"SearchAction\",\"target\":\"https:\/\/www.comercialanma.es\/?s={search_term_string}\",\"query-input\":\"required name=search_term_string\"}],\"inLanguage\":\"es\"},{\"@type\":\"ImageObject\",\"@id\":\"https:\/\/www.comercialanma.es\/?product=tenn-125#primaryimage\",\"inLanguage\":\"es\",\"url\":\"https:\/\/i0.wp.com\/www.comercialanma.es\/wp-content\/uploads\/2021\/01\/tenn-brillante-15.jpg?fit=1080%2C1080&ssl=1\",\"width\":1080,\"height\":1080},{\"@type\":\"WebPage\",\"@id\":\"https:\/\/www.comercialanma.es\/?product=tenn-125#webpage\",\"url\":\"https:\/\/www.comercialanma.es\/?product=tenn-125\",\"name\":\"Fregasuelos Tenn Brillante 1,25L. - Comercial de Hosteleria Anma\",\"isPartOf\":{\"@id\":\"https:\/\/www.comercialanma.es\/#website\"},\"primaryImageOfPage\":{\"@id\":\"https:\/\/www.comercialanma.es\/?product=tenn-125#primaryimage\"},\"datePublished\":\"2021-01-26T16:09:04+00:00\",\"dateModified\":\"2021-02-03T15:06:10+00:00\",\"description\":\"Fregasuelos | Tenn Brillante | 1,25L.| Limpiador ideal para conseguir una limpieza brillante gracias a su secado r\\u00e1pido, baja espuma.\",\"breadcrumb\":{\"@id\":\"https:\/\/www.comercialanma.es\/?product=tenn-125#breadcrumb\"},\"inLanguage\":\"es\",\"potentialAction\":[{\"@type\":\"ReadAction\",\"target\":[\"https:\/\/www.comercialanma.es\/?product=tenn-125\"]}]},{\"@type\":\"BreadcrumbList\",\"@id\":\"https:\/\/www.comercialanma.es\/?product=tenn-125#breadcrumb\",\"itemListElement\":[{\"@type\":\"ListItem\",\"position\":1,\"item\":{\"@type\":\"WebPage\",\"@id\":\"https:\/\/www.comercialanma.es\/\",\"url\":\"https:\/\/www.comercialanma.es\/\",\"name\":\"Portada\"}},{\"@type\":\"ListItem\",\"position\":2,\"item\":{\"@type\":\"WebPage\",\"@id\":\"https:\/\/www.comercialanma.es\/?page_id=3963\",\"url\":\"https:\/\/www.comercialanma.es\/?page_id=3963\",\"name\":\"Cat\\u00e1logo de Productos\"}},{\"@type\":\"ListItem\",\"position\":3,\"item\":{\"@type\":\"WebPage\",\"@id\":\"https:\/\/www.comercialanma.es\/?product=tenn-125\",\"url\":\"https:\/\/www.comercialanma.es\/?product=tenn-125\",\"name\":\"Fregasuelos Tenn Brillante 1,25L.\"}}]}]}<\/script>\n<!-- \/ Yoast SEO plugin. -->","_links":{"self":[{"href":"https:\/\/www.comercialanma.es\/index.php?rest_route=\/wp\/v2\/product\/15025"}],"collection":[{"href":"https:\/\/www.comercialanma.es\/index.php?rest_route=\/wp\/v2\/product"}],"about":[{"href":"https:\/\/www.comercialanma.es\/index.php?rest_route=\/wp\/v2\/types\/product"}],"version-history":[{"count":4,"href":"https:\/\/www.comercialanma.es\/index.php?rest_route=\/wp\/v2\/product\/15025\/revisions"}],"predecessor-version":[{"id":15223,"href":"https:\/\/www.comercialanma.es\/index.php?rest_route=\/wp\/v2\/product\/15025\/revisions\/15223"}],"wp:featuredmedia":[{"embeddable":true,"href":"https:\/\/www.comercialanma.es\/index.php?rest_route=\/wp\/v2\/media\/15027"}],"wp:attachment":[{"href":"https:\/\/www.comercialanma.es\/index.php?rest_route=%2Fwp%2Fv2%2Fmedia&parent=15025"}],"curies":[{"name":"wp","href":"https:\/\/api.w.org\/{rel}","templated":true}]}}