
{"id":15159,"date":"2021-02-02T11:18:00","date_gmt":"2021-02-02T10:18:00","guid":{"rendered":"https:\/\/www.comercialanma.es\/?post_type=product&#038;p=15159"},"modified":"2021-02-02T11:33:00","modified_gmt":"2021-02-02T10:33:00","slug":"don-limpio-ph-neutro","status":"publish","type":"product","link":"https:\/\/www.comercialanma.es\/?product=don-limpio-ph-neutro","title":{"rendered":"Don Limpio PH Neutro madera 1,3L."},"content":{"rendered":"<h2 class=\"product-features\">Descripci\u00f3n:<\/h2>\n<ul class=\"a-unordered-list a-vertical a-spacing-mini\">\n<li><span class=\"a-list-item\"> Ofrece una soluci\u00f3n universal para la limpieza y el cuidado del suelo <\/span><\/li>\n<li><span class=\"a-list-item\"> Elimina la suciedad y la grasa <\/span><\/li>\n<li><span class=\"a-list-item\"> Limpieza eficaz de todas las superficies <\/span><\/li>\n<li><span class=\"a-list-item\"> Volumen: 1300 ml <\/span><\/li>\n<\/ul>\n","protected":false},"excerpt":{"rendered":"<p>Limpiador Multiusos PH Neutro | Don Limpio | 5L.|<\/p>\n<div id=\"description\" class=\"tab-pane fade in active\" role=\"tabpanel\">\n<div class=\"product-description\">\n<p>Utiliza Don Limpio Ph Neutro en todas las superficies m\u00e1s delicadas de tu hogar. Ideal para m\u00e1rmol, madera, parquet, etc.s perfecto para limpiar pr\u00e1cticamente todas las superficies s\u00f3lidas del hogar. Se puede usar para limpiar los platos, la grasa de la cocina o incluso el suelo. Despu\u00e9s de probarlo no querr\u00e1s limpiar con ning\u00fan otro producto.<\/p>\n<\/div>\n<\/div>\n","protected":false},"featured_media":15160,"template":"","meta":{"spay_email":""},"yoast_head":"<!-- This site is optimized with the Yoast SEO plugin v15.9 - https:\/\/yoast.com\/wordpress\/plugins\/seo\/ -->\n<title>Don Limpio PH Neutro madera 1,3L. - Comercial de Hosteleria Anma<\/title>\n<meta name=\"description\" content=\"Limpiador Multiusos PH Neutro | Don Limpio | 5L.| Utiliza Don Limpio Ph Neutro en todas las superficies m\u00e1s delicadas de tu hogar.\" \/>\n<meta name=\"robots\" content=\"index, follow, max-snippet:-1, max-image-preview:large, max-video-preview:-1\" \/>\n<link rel=\"canonical\" href=\"https:\/\/www.comercialanma.es\/?product=don-limpio-ph-neutro\" \/>\n<meta property=\"og:locale\" content=\"es_ES\" \/>\n<meta property=\"og:type\" content=\"article\" \/>\n<meta property=\"og:title\" content=\"Don Limpio PH Neutro madera 1,3L. - Comercial de Hosteleria Anma\" \/>\n<meta property=\"og:description\" content=\"Limpiador Multiusos PH Neutro | Don Limpio | 5L.| Utiliza Don Limpio Ph Neutro en todas las superficies m\u00e1s delicadas de tu hogar.\" \/>\n<meta property=\"og:url\" content=\"https:\/\/www.comercialanma.es\/?product=don-limpio-ph-neutro\" \/>\n<meta property=\"og:site_name\" content=\"Comercial de Hosteleria Anma\" \/>\n<meta property=\"article:publisher\" content=\"https:\/\/www.facebook.com\/AnmaHosteleria\" \/>\n<meta property=\"article:modified_time\" content=\"2021-02-02T10:33:00+00:00\" \/>\n<meta property=\"og:image\" content=\"https:\/\/i1.wp.com\/www.comercialanma.es\/wp-content\/uploads\/2021\/02\/Don-limpio-ph-neutro-13.jpg?fit=1080%2C1080&#038;ssl=1\" \/>\n\t<meta property=\"og:image:width\" content=\"1080\" \/>\n\t<meta property=\"og:image:height\" content=\"1080\" \/>\n<meta name=\"twitter:card\" content=\"summary_large_image\" \/>\n<meta name=\"twitter:label1\" content=\"Tiempo de lectura\">\n\t<meta name=\"twitter:data1\" content=\"1 minuto\">\n<script type=\"application\/ld+json\" class=\"yoast-schema-graph\">{\"@context\":\"https:\/\/schema.org\",\"@graph\":[{\"@type\":\"Organization\",\"@id\":\"https:\/\/www.comercialanma.es\/#organization\",\"name\":\"Comercial Anma\",\"url\":\"https:\/\/www.comercialanma.es\/\",\"sameAs\":[\"https:\/\/www.facebook.com\/AnmaHosteleria\",\"https:\/\/www.instagram.com\/anmahosteleria\/?hl=es\",\"https:\/\/www.youtube.com\/channel\/UCT2nmn08Ntks0hmpZPnDgCA\"],\"logo\":{\"@type\":\"ImageObject\",\"@id\":\"https:\/\/www.comercialanma.es\/#logo\",\"inLanguage\":\"es\",\"url\":\"https:\/\/i2.wp.com\/www.comercialanma.es\/wp-content\/uploads\/2019\/06\/logo-anma-color.png?fit=247%2C101&ssl=1\",\"width\":247,\"height\":101,\"caption\":\"Comercial Anma\"},\"image\":{\"@id\":\"https:\/\/www.comercialanma.es\/#logo\"}},{\"@type\":\"WebSite\",\"@id\":\"https:\/\/www.comercialanma.es\/#website\",\"url\":\"https:\/\/www.comercialanma.es\/\",\"name\":\"Comercial de Hosteleria Anma\",\"description\":\"\",\"publisher\":{\"@id\":\"https:\/\/www.comercialanma.es\/#organization\"},\"potentialAction\":[{\"@type\":\"SearchAction\",\"target\":\"https:\/\/www.comercialanma.es\/?s={search_term_string}\",\"query-input\":\"required name=search_term_string\"}],\"inLanguage\":\"es\"},{\"@type\":\"ImageObject\",\"@id\":\"https:\/\/www.comercialanma.es\/?product=don-limpio-ph-neutro#primaryimage\",\"inLanguage\":\"es\",\"url\":\"https:\/\/i1.wp.com\/www.comercialanma.es\/wp-content\/uploads\/2021\/02\/Don-limpio-ph-neutro-13.jpg?fit=1080%2C1080&ssl=1\",\"width\":1080,\"height\":1080},{\"@type\":\"WebPage\",\"@id\":\"https:\/\/www.comercialanma.es\/?product=don-limpio-ph-neutro#webpage\",\"url\":\"https:\/\/www.comercialanma.es\/?product=don-limpio-ph-neutro\",\"name\":\"Don Limpio PH Neutro madera 1,3L. - Comercial de Hosteleria Anma\",\"isPartOf\":{\"@id\":\"https:\/\/www.comercialanma.es\/#website\"},\"primaryImageOfPage\":{\"@id\":\"https:\/\/www.comercialanma.es\/?product=don-limpio-ph-neutro#primaryimage\"},\"datePublished\":\"2021-02-02T10:18:00+00:00\",\"dateModified\":\"2021-02-02T10:33:00+00:00\",\"description\":\"Limpiador Multiusos PH Neutro | Don Limpio | 5L.| Utiliza Don Limpio Ph Neutro en todas las superficies m\\u00e1s delicadas de tu hogar.\",\"breadcrumb\":{\"@id\":\"https:\/\/www.comercialanma.es\/?product=don-limpio-ph-neutro#breadcrumb\"},\"inLanguage\":\"es\",\"potentialAction\":[{\"@type\":\"ReadAction\",\"target\":[\"https:\/\/www.comercialanma.es\/?product=don-limpio-ph-neutro\"]}]},{\"@type\":\"BreadcrumbList\",\"@id\":\"https:\/\/www.comercialanma.es\/?product=don-limpio-ph-neutro#breadcrumb\",\"itemListElement\":[{\"@type\":\"ListItem\",\"position\":1,\"item\":{\"@type\":\"WebPage\",\"@id\":\"https:\/\/www.comercialanma.es\/\",\"url\":\"https:\/\/www.comercialanma.es\/\",\"name\":\"Portada\"}},{\"@type\":\"ListItem\",\"position\":2,\"item\":{\"@type\":\"WebPage\",\"@id\":\"https:\/\/www.comercialanma.es\/?page_id=3963\",\"url\":\"https:\/\/www.comercialanma.es\/?page_id=3963\",\"name\":\"Cat\\u00e1logo de Productos\"}},{\"@type\":\"ListItem\",\"position\":3,\"item\":{\"@type\":\"WebPage\",\"@id\":\"https:\/\/www.comercialanma.es\/?product=don-limpio-ph-neutro\",\"url\":\"https:\/\/www.comercialanma.es\/?product=don-limpio-ph-neutro\",\"name\":\"Don Limpio PH Neutro madera 1,3L.\"}}]}]}<\/script>\n<!-- \/ Yoast SEO plugin. -->","_links":{"self":[{"href":"https:\/\/www.comercialanma.es\/index.php?rest_route=\/wp\/v2\/product\/15159"}],"collection":[{"href":"https:\/\/www.comercialanma.es\/index.php?rest_route=\/wp\/v2\/product"}],"about":[{"href":"https:\/\/www.comercialanma.es\/index.php?rest_route=\/wp\/v2\/types\/product"}],"version-history":[{"count":1,"href":"https:\/\/www.comercialanma.es\/index.php?rest_route=\/wp\/v2\/product\/15159\/revisions"}],"predecessor-version":[{"id":15161,"href":"https:\/\/www.comercialanma.es\/index.php?rest_route=\/wp\/v2\/product\/15159\/revisions\/15161"}],"wp:featuredmedia":[{"embeddable":true,"href":"https:\/\/www.comercialanma.es\/index.php?rest_route=\/wp\/v2\/media\/15160"}],"wp:attachment":[{"href":"https:\/\/www.comercialanma.es\/index.php?rest_route=%2Fwp%2Fv2%2Fmedia&parent=15159"}],"curies":[{"name":"wp","href":"https:\/\/api.w.org\/{rel}","templated":true}]}}