
{"id":15213,"date":"2021-02-03T15:38:20","date_gmt":"2021-02-03T14:38:20","guid":{"rendered":"https:\/\/www.comercialanma.es\/?post_type=product&#038;p=15213"},"modified":"2021-02-03T15:42:43","modified_gmt":"2021-02-03T14:42:43","slug":"estrella-15","status":"publish","type":"product","link":"https:\/\/www.comercialanma.es\/?product=estrella-15","title":{"rendered":"Lej\u00eda Estrella 1,5L."},"content":{"rendered":"<ul class=\"a-unordered-list a-vertical a-spacing-mini\">\n<li><span class=\"a-list-item\"> Limpieza sin huella garantiza en profundidad de tu hogar <\/span><\/li>\n<li><span class=\"a-list-item\"> Protege a familia con la m\u00e1xima desinfecci\u00f3n <\/span><\/li>\n<li><span class=\"a-list-item\"> Testado en laboratorios independientes <\/span><\/li>\n<\/ul>\n","protected":false},"excerpt":{"rendered":"<p>Lej\u00eda | Estrella | 1,5L.|<\/p>\n<p>M\u00e1xima desinfecci\u00f3n<br \/>\nEstrella elimina virus, hongos, bacterias y al\u00e9rgenos, garantizando la m\u00e1xima protecci\u00f3n para tu familia (f\u00f3rmula testada en laboratorios independientes).<\/p>\n<p>Limpieza en profundidad<br \/>\nAcaba con la suciedad de todas las superficies con facilidad<\/p>\n<p>Combate el mal olor<br \/>\nElimina bacterias y hongos responsables de su formaci\u00f3n.<\/p>\n<p>Elimina al\u00e9rgenos<br \/>\nNeutraliza y elimina las sustancias que pueden provocar reacciones al\u00e9rgicas. Las m\u00e1s comunes son el polen, moho, pelo de mascota y polvo.<\/p>\n","protected":false},"featured_media":15214,"template":"","meta":{"spay_email":""},"yoast_head":"<!-- This site is optimized with the Yoast SEO plugin v15.9 - https:\/\/yoast.com\/wordpress\/plugins\/seo\/ -->\n<title>Lej\u00eda Estrella 1,5L. - Comercial de Hosteleria Anma<\/title>\n<meta name=\"description\" content=\"Lej\u00eda | Estrella | 1,5L.| Estrella elimina virus, hongos, bacterias y al\u00e9rgenos, garantizando la m\u00e1xima protecci\u00f3n para tu familia.\" \/>\n<meta name=\"robots\" content=\"index, follow, max-snippet:-1, max-image-preview:large, max-video-preview:-1\" \/>\n<link rel=\"canonical\" href=\"https:\/\/www.comercialanma.es\/?product=estrella-15\" \/>\n<meta property=\"og:locale\" content=\"es_ES\" \/>\n<meta property=\"og:type\" content=\"article\" \/>\n<meta property=\"og:title\" content=\"Lej\u00eda Estrella 1,5L. - Comercial de Hosteleria Anma\" \/>\n<meta property=\"og:description\" content=\"Lej\u00eda | Estrella | 1,5L.| Estrella elimina virus, hongos, bacterias y al\u00e9rgenos, garantizando la m\u00e1xima protecci\u00f3n para tu familia.\" \/>\n<meta property=\"og:url\" content=\"https:\/\/www.comercialanma.es\/?product=estrella-15\" \/>\n<meta property=\"og:site_name\" content=\"Comercial de Hosteleria Anma\" \/>\n<meta property=\"article:publisher\" content=\"https:\/\/www.facebook.com\/AnmaHosteleria\" \/>\n<meta property=\"article:modified_time\" content=\"2021-02-03T14:42:43+00:00\" \/>\n<meta property=\"og:image\" content=\"https:\/\/i1.wp.com\/www.comercialanma.es\/wp-content\/uploads\/2021\/02\/Lejia-estrella-15.jpg?fit=1080%2C1080&#038;ssl=1\" \/>\n\t<meta property=\"og:image:width\" content=\"1080\" \/>\n\t<meta property=\"og:image:height\" content=\"1080\" \/>\n<meta name=\"twitter:card\" content=\"summary_large_image\" \/>\n<meta name=\"twitter:label1\" content=\"Tiempo de lectura\">\n\t<meta name=\"twitter:data1\" content=\"1 minuto\">\n<script type=\"application\/ld+json\" class=\"yoast-schema-graph\">{\"@context\":\"https:\/\/schema.org\",\"@graph\":[{\"@type\":\"Organization\",\"@id\":\"https:\/\/www.comercialanma.es\/#organization\",\"name\":\"Comercial Anma\",\"url\":\"https:\/\/www.comercialanma.es\/\",\"sameAs\":[\"https:\/\/www.facebook.com\/AnmaHosteleria\",\"https:\/\/www.instagram.com\/anmahosteleria\/?hl=es\",\"https:\/\/www.youtube.com\/channel\/UCT2nmn08Ntks0hmpZPnDgCA\"],\"logo\":{\"@type\":\"ImageObject\",\"@id\":\"https:\/\/www.comercialanma.es\/#logo\",\"inLanguage\":\"es\",\"url\":\"https:\/\/i2.wp.com\/www.comercialanma.es\/wp-content\/uploads\/2019\/06\/logo-anma-color.png?fit=247%2C101&ssl=1\",\"width\":247,\"height\":101,\"caption\":\"Comercial Anma\"},\"image\":{\"@id\":\"https:\/\/www.comercialanma.es\/#logo\"}},{\"@type\":\"WebSite\",\"@id\":\"https:\/\/www.comercialanma.es\/#website\",\"url\":\"https:\/\/www.comercialanma.es\/\",\"name\":\"Comercial de Hosteleria Anma\",\"description\":\"\",\"publisher\":{\"@id\":\"https:\/\/www.comercialanma.es\/#organization\"},\"potentialAction\":[{\"@type\":\"SearchAction\",\"target\":\"https:\/\/www.comercialanma.es\/?s={search_term_string}\",\"query-input\":\"required name=search_term_string\"}],\"inLanguage\":\"es\"},{\"@type\":\"ImageObject\",\"@id\":\"https:\/\/www.comercialanma.es\/?product=estrella-15#primaryimage\",\"inLanguage\":\"es\",\"url\":\"https:\/\/i1.wp.com\/www.comercialanma.es\/wp-content\/uploads\/2021\/02\/Lejia-estrella-15.jpg?fit=1080%2C1080&ssl=1\",\"width\":1080,\"height\":1080},{\"@type\":\"WebPage\",\"@id\":\"https:\/\/www.comercialanma.es\/?product=estrella-15#webpage\",\"url\":\"https:\/\/www.comercialanma.es\/?product=estrella-15\",\"name\":\"Lej\\u00eda Estrella 1,5L. - Comercial de Hosteleria Anma\",\"isPartOf\":{\"@id\":\"https:\/\/www.comercialanma.es\/#website\"},\"primaryImageOfPage\":{\"@id\":\"https:\/\/www.comercialanma.es\/?product=estrella-15#primaryimage\"},\"datePublished\":\"2021-02-03T14:38:20+00:00\",\"dateModified\":\"2021-02-03T14:42:43+00:00\",\"description\":\"Lej\\u00eda | Estrella | 1,5L.| Estrella elimina virus, hongos, bacterias y al\\u00e9rgenos, garantizando la m\\u00e1xima protecci\\u00f3n para tu familia.\",\"breadcrumb\":{\"@id\":\"https:\/\/www.comercialanma.es\/?product=estrella-15#breadcrumb\"},\"inLanguage\":\"es\",\"potentialAction\":[{\"@type\":\"ReadAction\",\"target\":[\"https:\/\/www.comercialanma.es\/?product=estrella-15\"]}]},{\"@type\":\"BreadcrumbList\",\"@id\":\"https:\/\/www.comercialanma.es\/?product=estrella-15#breadcrumb\",\"itemListElement\":[{\"@type\":\"ListItem\",\"position\":1,\"item\":{\"@type\":\"WebPage\",\"@id\":\"https:\/\/www.comercialanma.es\/\",\"url\":\"https:\/\/www.comercialanma.es\/\",\"name\":\"Portada\"}},{\"@type\":\"ListItem\",\"position\":2,\"item\":{\"@type\":\"WebPage\",\"@id\":\"https:\/\/www.comercialanma.es\/?page_id=3963\",\"url\":\"https:\/\/www.comercialanma.es\/?page_id=3963\",\"name\":\"Cat\\u00e1logo de Productos\"}},{\"@type\":\"ListItem\",\"position\":3,\"item\":{\"@type\":\"WebPage\",\"@id\":\"https:\/\/www.comercialanma.es\/?product=estrella-15\",\"url\":\"https:\/\/www.comercialanma.es\/?product=estrella-15\",\"name\":\"Lej\\u00eda Estrella 1,5L.\"}}]}]}<\/script>\n<!-- \/ Yoast SEO plugin. -->","_links":{"self":[{"href":"https:\/\/www.comercialanma.es\/index.php?rest_route=\/wp\/v2\/product\/15213"}],"collection":[{"href":"https:\/\/www.comercialanma.es\/index.php?rest_route=\/wp\/v2\/product"}],"about":[{"href":"https:\/\/www.comercialanma.es\/index.php?rest_route=\/wp\/v2\/types\/product"}],"version-history":[{"count":1,"href":"https:\/\/www.comercialanma.es\/index.php?rest_route=\/wp\/v2\/product\/15213\/revisions"}],"predecessor-version":[{"id":15215,"href":"https:\/\/www.comercialanma.es\/index.php?rest_route=\/wp\/v2\/product\/15213\/revisions\/15215"}],"wp:featuredmedia":[{"embeddable":true,"href":"https:\/\/www.comercialanma.es\/index.php?rest_route=\/wp\/v2\/media\/15214"}],"wp:attachment":[{"href":"https:\/\/www.comercialanma.es\/index.php?rest_route=%2Fwp%2Fv2%2Fmedia&parent=15213"}],"curies":[{"name":"wp","href":"https:\/\/api.w.org\/{rel}","templated":true}]}}