
{"id":15230,"date":"2021-02-03T16:19:46","date_gmt":"2021-02-03T15:19:46","guid":{"rendered":"https:\/\/www.comercialanma.es\/?post_type=product&#038;p=15230"},"modified":"2021-02-03T16:26:54","modified_gmt":"2021-02-03T15:26:54","slug":"estropajo-acero-gigante","status":"publish","type":"product","link":"https:\/\/www.comercialanma.es\/?product=estropajo-acero-gigante","title":{"rendered":"Estropajo Acero Inox gigante 60gr."},"content":{"rendered":"<ul class=\"a-unordered-list a-vertical a-spacing-mini\">\n<li><span class=\"a-list-item\"> Estropajo de acero inoxidable de calidad extra y tama\u00f1o gigante. <\/span><\/li>\n<li><span class=\"a-list-item\"> M\u00e1s profesional e indicado para el uso en la limpieza en cocinas, utensilios de cocina como sartenes o cazuelas, quemadores, suciedad adherida por quemaduras, etc. <\/span><\/li>\n<li><span class=\"a-list-item\"> Los estropajos de acero inoxidable de Clim profesional est\u00e1n indicados para la limpieza a fondo en la cocina, especialmente para quemadores, comida quemada, parrillas <\/span><\/li>\n<\/ul>\n","protected":false},"excerpt":{"rendered":"<p>Estropajo gigante | Acero Inox | 60gr.|<\/p>\n<p>El dise\u00f1o de este estropajo le permite limpiar suciedades dificiles sin esfuerzo, debido a su fabricaci\u00f3n en fibras de acero inoxidable. Adem\u00e1s es un utensilio de limpieza f\u00e1cil de usar y de almacenar tras su utilizaci\u00f3n.<br \/>\nProducto especialmente pensado para la limpieza extrema en la cocina, vajillas, utensilios, etc.<\/p>\n","protected":false},"featured_media":15232,"template":"","meta":{"spay_email":""},"yoast_head":"<!-- This site is optimized with the Yoast SEO plugin v15.9 - https:\/\/yoast.com\/wordpress\/plugins\/seo\/ -->\n<title>Estropajo Acero Inox gigante 60gr. - Comercial de Hosteleria Anma<\/title>\n<meta name=\"description\" content=\"Estropajo gigante | Acero Inox | 60gr.| Estropajo de acero inoxidable. Indicados para la limpieza a fondo. Indicados para la limpieza extrema.\" \/>\n<meta name=\"robots\" content=\"index, follow, max-snippet:-1, max-image-preview:large, max-video-preview:-1\" \/>\n<link rel=\"canonical\" href=\"https:\/\/www.comercialanma.es\/?product=estropajo-acero-gigante\" \/>\n<meta property=\"og:locale\" content=\"es_ES\" \/>\n<meta property=\"og:type\" content=\"article\" \/>\n<meta property=\"og:title\" content=\"Estropajo Acero Inox gigante 60gr. - Comercial de Hosteleria Anma\" \/>\n<meta property=\"og:description\" content=\"Estropajo gigante | Acero Inox | 60gr.| Estropajo de acero inoxidable. Indicados para la limpieza a fondo. Indicados para la limpieza extrema.\" \/>\n<meta property=\"og:url\" content=\"https:\/\/www.comercialanma.es\/?product=estropajo-acero-gigante\" \/>\n<meta property=\"og:site_name\" content=\"Comercial de Hosteleria Anma\" \/>\n<meta property=\"article:publisher\" content=\"https:\/\/www.facebook.com\/AnmaHosteleria\" \/>\n<meta property=\"article:modified_time\" content=\"2021-02-03T15:26:54+00:00\" \/>\n<meta property=\"og:image\" content=\"https:\/\/i2.wp.com\/www.comercialanma.es\/wp-content\/uploads\/2021\/02\/Estropajo-gigante.jpg?fit=1080%2C1080&#038;ssl=1\" \/>\n\t<meta property=\"og:image:width\" content=\"1080\" \/>\n\t<meta property=\"og:image:height\" content=\"1080\" \/>\n<meta name=\"twitter:card\" content=\"summary_large_image\" \/>\n<meta name=\"twitter:label1\" content=\"Tiempo de lectura\">\n\t<meta name=\"twitter:data1\" content=\"1 minuto\">\n<script type=\"application\/ld+json\" class=\"yoast-schema-graph\">{\"@context\":\"https:\/\/schema.org\",\"@graph\":[{\"@type\":\"Organization\",\"@id\":\"https:\/\/www.comercialanma.es\/#organization\",\"name\":\"Comercial Anma\",\"url\":\"https:\/\/www.comercialanma.es\/\",\"sameAs\":[\"https:\/\/www.facebook.com\/AnmaHosteleria\",\"https:\/\/www.instagram.com\/anmahosteleria\/?hl=es\",\"https:\/\/www.youtube.com\/channel\/UCT2nmn08Ntks0hmpZPnDgCA\"],\"logo\":{\"@type\":\"ImageObject\",\"@id\":\"https:\/\/www.comercialanma.es\/#logo\",\"inLanguage\":\"es\",\"url\":\"https:\/\/i2.wp.com\/www.comercialanma.es\/wp-content\/uploads\/2019\/06\/logo-anma-color.png?fit=247%2C101&ssl=1\",\"width\":247,\"height\":101,\"caption\":\"Comercial Anma\"},\"image\":{\"@id\":\"https:\/\/www.comercialanma.es\/#logo\"}},{\"@type\":\"WebSite\",\"@id\":\"https:\/\/www.comercialanma.es\/#website\",\"url\":\"https:\/\/www.comercialanma.es\/\",\"name\":\"Comercial de Hosteleria Anma\",\"description\":\"\",\"publisher\":{\"@id\":\"https:\/\/www.comercialanma.es\/#organization\"},\"potentialAction\":[{\"@type\":\"SearchAction\",\"target\":\"https:\/\/www.comercialanma.es\/?s={search_term_string}\",\"query-input\":\"required name=search_term_string\"}],\"inLanguage\":\"es\"},{\"@type\":\"ImageObject\",\"@id\":\"https:\/\/www.comercialanma.es\/?product=estropajo-acero-gigante#primaryimage\",\"inLanguage\":\"es\",\"url\":\"https:\/\/i2.wp.com\/www.comercialanma.es\/wp-content\/uploads\/2021\/02\/Estropajo-gigante.jpg?fit=1080%2C1080&ssl=1\",\"width\":1080,\"height\":1080},{\"@type\":\"WebPage\",\"@id\":\"https:\/\/www.comercialanma.es\/?product=estropajo-acero-gigante#webpage\",\"url\":\"https:\/\/www.comercialanma.es\/?product=estropajo-acero-gigante\",\"name\":\"Estropajo Acero Inox gigante 60gr. - Comercial de Hosteleria Anma\",\"isPartOf\":{\"@id\":\"https:\/\/www.comercialanma.es\/#website\"},\"primaryImageOfPage\":{\"@id\":\"https:\/\/www.comercialanma.es\/?product=estropajo-acero-gigante#primaryimage\"},\"datePublished\":\"2021-02-03T15:19:46+00:00\",\"dateModified\":\"2021-02-03T15:26:54+00:00\",\"description\":\"Estropajo gigante | Acero Inox | 60gr.| Estropajo de acero inoxidable. Indicados para la limpieza a fondo. Indicados para la limpieza extrema.\",\"breadcrumb\":{\"@id\":\"https:\/\/www.comercialanma.es\/?product=estropajo-acero-gigante#breadcrumb\"},\"inLanguage\":\"es\",\"potentialAction\":[{\"@type\":\"ReadAction\",\"target\":[\"https:\/\/www.comercialanma.es\/?product=estropajo-acero-gigante\"]}]},{\"@type\":\"BreadcrumbList\",\"@id\":\"https:\/\/www.comercialanma.es\/?product=estropajo-acero-gigante#breadcrumb\",\"itemListElement\":[{\"@type\":\"ListItem\",\"position\":1,\"item\":{\"@type\":\"WebPage\",\"@id\":\"https:\/\/www.comercialanma.es\/\",\"url\":\"https:\/\/www.comercialanma.es\/\",\"name\":\"Portada\"}},{\"@type\":\"ListItem\",\"position\":2,\"item\":{\"@type\":\"WebPage\",\"@id\":\"https:\/\/www.comercialanma.es\/?page_id=3963\",\"url\":\"https:\/\/www.comercialanma.es\/?page_id=3963\",\"name\":\"Cat\\u00e1logo de Productos\"}},{\"@type\":\"ListItem\",\"position\":3,\"item\":{\"@type\":\"WebPage\",\"@id\":\"https:\/\/www.comercialanma.es\/?product=estropajo-acero-gigante\",\"url\":\"https:\/\/www.comercialanma.es\/?product=estropajo-acero-gigante\",\"name\":\"Estropajo Acero Inox gigante 60gr.\"}}]}]}<\/script>\n<!-- \/ Yoast SEO plugin. -->","_links":{"self":[{"href":"https:\/\/www.comercialanma.es\/index.php?rest_route=\/wp\/v2\/product\/15230"}],"collection":[{"href":"https:\/\/www.comercialanma.es\/index.php?rest_route=\/wp\/v2\/product"}],"about":[{"href":"https:\/\/www.comercialanma.es\/index.php?rest_route=\/wp\/v2\/types\/product"}],"version-history":[{"count":2,"href":"https:\/\/www.comercialanma.es\/index.php?rest_route=\/wp\/v2\/product\/15230\/revisions"}],"predecessor-version":[{"id":15233,"href":"https:\/\/www.comercialanma.es\/index.php?rest_route=\/wp\/v2\/product\/15230\/revisions\/15233"}],"wp:featuredmedia":[{"embeddable":true,"href":"https:\/\/www.comercialanma.es\/index.php?rest_route=\/wp\/v2\/media\/15232"}],"wp:attachment":[{"href":"https:\/\/www.comercialanma.es\/index.php?rest_route=%2Fwp%2Fv2%2Fmedia&parent=15230"}],"curies":[{"name":"wp","href":"https:\/\/api.w.org\/{rel}","templated":true}]}}