
{"id":15677,"date":"2021-02-11T12:42:01","date_gmt":"2021-02-11T11:42:01","guid":{"rendered":"https:\/\/www.comercialanma.es\/?post_type=product&#038;p=15677"},"modified":"2021-02-11T15:02:07","modified_gmt":"2021-02-11T14:02:07","slug":"jamon-lonchas-espuna","status":"publish","type":"product","link":"https:\/\/www.comercialanma.es\/?product=jamon-lonchas-espuna","title":{"rendered":"Jam\u00f3n lonchas curado 335gr. Espu\u00f1a"},"content":{"rendered":"<ul>\n<li>Formato lonchas<\/li>\n<li>335gr.<\/li>\n<li>Marca Espu\u00f1a<\/li>\n<\/ul>\n","protected":false},"excerpt":{"rendered":"<p>Lonchas de jam\u00f3n curado | 335gr. | Espu\u00f1a |<\/p>\n<p>Corte con color uniforme. Intenso aroma de jam\u00f3n. Bouquet tradicional. Sabor delicado. Con microfilm separador de lonchas. Bandeja transparente de f\u00e1cil apertura. El sistema de envasado permite ver la totalidad del producto. F\u00e1cil separaci\u00f3n de las lonchas.<\/p>\n<p>&nbsp;<\/p>\n<p>&nbsp;<\/p>\n<p>&nbsp;<\/p>\n","protected":false},"featured_media":15680,"template":"","meta":{"spay_email":""},"yoast_head":"<!-- This site is optimized with the Yoast SEO plugin v15.9 - https:\/\/yoast.com\/wordpress\/plugins\/seo\/ -->\n<title>Jam\u00f3n lonchas curado 335gr. Espu\u00f1a - Comercial de Hosteleria Anma<\/title>\n<meta name=\"description\" content=\"Lonchas de jam\u00f3n curado | 335gr. | Espu\u00f1a | Corte con color uniforme. Intenso aroma de jam\u00f3n, sabor delicado. F\u00e1cil separaci\u00f3n de lonchas.\" \/>\n<meta name=\"robots\" content=\"index, follow, max-snippet:-1, max-image-preview:large, max-video-preview:-1\" \/>\n<link rel=\"canonical\" href=\"https:\/\/www.comercialanma.es\/?product=jamon-lonchas-espuna\" \/>\n<meta property=\"og:locale\" content=\"es_ES\" \/>\n<meta property=\"og:type\" content=\"article\" \/>\n<meta property=\"og:title\" content=\"Jam\u00f3n lonchas curado 335gr. Espu\u00f1a - Comercial de Hosteleria Anma\" \/>\n<meta property=\"og:description\" content=\"Lonchas de jam\u00f3n curado | 335gr. | Espu\u00f1a | Corte con color uniforme. Intenso aroma de jam\u00f3n, sabor delicado. F\u00e1cil separaci\u00f3n de lonchas.\" \/>\n<meta property=\"og:url\" content=\"https:\/\/www.comercialanma.es\/?product=jamon-lonchas-espuna\" \/>\n<meta property=\"og:site_name\" content=\"Comercial de Hosteleria Anma\" \/>\n<meta property=\"article:publisher\" content=\"https:\/\/www.facebook.com\/AnmaHosteleria\" \/>\n<meta property=\"article:modified_time\" content=\"2021-02-11T14:02:07+00:00\" \/>\n<meta property=\"og:image\" content=\"https:\/\/i2.wp.com\/www.comercialanma.es\/wp-content\/uploads\/2021\/02\/Jamon-curado-espuna-xl-335.jpg?fit=1080%2C1080&#038;ssl=1\" \/>\n\t<meta property=\"og:image:width\" content=\"1080\" \/>\n\t<meta property=\"og:image:height\" content=\"1080\" \/>\n<meta name=\"twitter:card\" content=\"summary_large_image\" \/>\n<meta name=\"twitter:label1\" content=\"Tiempo de lectura\">\n\t<meta name=\"twitter:data1\" content=\"1 minuto\">\n<script type=\"application\/ld+json\" class=\"yoast-schema-graph\">{\"@context\":\"https:\/\/schema.org\",\"@graph\":[{\"@type\":\"Organization\",\"@id\":\"https:\/\/www.comercialanma.es\/#organization\",\"name\":\"Comercial Anma\",\"url\":\"https:\/\/www.comercialanma.es\/\",\"sameAs\":[\"https:\/\/www.facebook.com\/AnmaHosteleria\",\"https:\/\/www.instagram.com\/anmahosteleria\/?hl=es\",\"https:\/\/www.youtube.com\/channel\/UCT2nmn08Ntks0hmpZPnDgCA\"],\"logo\":{\"@type\":\"ImageObject\",\"@id\":\"https:\/\/www.comercialanma.es\/#logo\",\"inLanguage\":\"es\",\"url\":\"https:\/\/i2.wp.com\/www.comercialanma.es\/wp-content\/uploads\/2019\/06\/logo-anma-color.png?fit=247%2C101&ssl=1\",\"width\":247,\"height\":101,\"caption\":\"Comercial Anma\"},\"image\":{\"@id\":\"https:\/\/www.comercialanma.es\/#logo\"}},{\"@type\":\"WebSite\",\"@id\":\"https:\/\/www.comercialanma.es\/#website\",\"url\":\"https:\/\/www.comercialanma.es\/\",\"name\":\"Comercial de Hosteleria Anma\",\"description\":\"\",\"publisher\":{\"@id\":\"https:\/\/www.comercialanma.es\/#organization\"},\"potentialAction\":[{\"@type\":\"SearchAction\",\"target\":\"https:\/\/www.comercialanma.es\/?s={search_term_string}\",\"query-input\":\"required name=search_term_string\"}],\"inLanguage\":\"es\"},{\"@type\":\"ImageObject\",\"@id\":\"https:\/\/www.comercialanma.es\/?product=jamon-lonchas-espuna#primaryimage\",\"inLanguage\":\"es\",\"url\":\"https:\/\/i2.wp.com\/www.comercialanma.es\/wp-content\/uploads\/2021\/02\/Jamon-curado-espuna-xl-335.jpg?fit=1080%2C1080&ssl=1\",\"width\":1080,\"height\":1080},{\"@type\":\"WebPage\",\"@id\":\"https:\/\/www.comercialanma.es\/?product=jamon-lonchas-espuna#webpage\",\"url\":\"https:\/\/www.comercialanma.es\/?product=jamon-lonchas-espuna\",\"name\":\"Jam\\u00f3n lonchas curado 335gr. Espu\\u00f1a - Comercial de Hosteleria Anma\",\"isPartOf\":{\"@id\":\"https:\/\/www.comercialanma.es\/#website\"},\"primaryImageOfPage\":{\"@id\":\"https:\/\/www.comercialanma.es\/?product=jamon-lonchas-espuna#primaryimage\"},\"datePublished\":\"2021-02-11T11:42:01+00:00\",\"dateModified\":\"2021-02-11T14:02:07+00:00\",\"description\":\"Lonchas de jam\\u00f3n curado | 335gr. | Espu\\u00f1a | Corte con color uniforme. Intenso aroma de jam\\u00f3n, sabor delicado. F\\u00e1cil separaci\\u00f3n de lonchas.\",\"breadcrumb\":{\"@id\":\"https:\/\/www.comercialanma.es\/?product=jamon-lonchas-espuna#breadcrumb\"},\"inLanguage\":\"es\",\"potentialAction\":[{\"@type\":\"ReadAction\",\"target\":[\"https:\/\/www.comercialanma.es\/?product=jamon-lonchas-espuna\"]}]},{\"@type\":\"BreadcrumbList\",\"@id\":\"https:\/\/www.comercialanma.es\/?product=jamon-lonchas-espuna#breadcrumb\",\"itemListElement\":[{\"@type\":\"ListItem\",\"position\":1,\"item\":{\"@type\":\"WebPage\",\"@id\":\"https:\/\/www.comercialanma.es\/\",\"url\":\"https:\/\/www.comercialanma.es\/\",\"name\":\"Portada\"}},{\"@type\":\"ListItem\",\"position\":2,\"item\":{\"@type\":\"WebPage\",\"@id\":\"https:\/\/www.comercialanma.es\/?page_id=3963\",\"url\":\"https:\/\/www.comercialanma.es\/?page_id=3963\",\"name\":\"Cat\\u00e1logo de Productos\"}},{\"@type\":\"ListItem\",\"position\":3,\"item\":{\"@type\":\"WebPage\",\"@id\":\"https:\/\/www.comercialanma.es\/?product=jamon-lonchas-espuna\",\"url\":\"https:\/\/www.comercialanma.es\/?product=jamon-lonchas-espuna\",\"name\":\"Jam\\u00f3n lonchas curado 335gr. Espu\\u00f1a\"}}]}]}<\/script>\n<!-- \/ Yoast SEO plugin. -->","_links":{"self":[{"href":"https:\/\/www.comercialanma.es\/index.php?rest_route=\/wp\/v2\/product\/15677"}],"collection":[{"href":"https:\/\/www.comercialanma.es\/index.php?rest_route=\/wp\/v2\/product"}],"about":[{"href":"https:\/\/www.comercialanma.es\/index.php?rest_route=\/wp\/v2\/types\/product"}],"version-history":[{"count":1,"href":"https:\/\/www.comercialanma.es\/index.php?rest_route=\/wp\/v2\/product\/15677\/revisions"}],"predecessor-version":[{"id":15679,"href":"https:\/\/www.comercialanma.es\/index.php?rest_route=\/wp\/v2\/product\/15677\/revisions\/15679"}],"wp:featuredmedia":[{"embeddable":true,"href":"https:\/\/www.comercialanma.es\/index.php?rest_route=\/wp\/v2\/media\/15680"}],"wp:attachment":[{"href":"https:\/\/www.comercialanma.es\/index.php?rest_route=%2Fwp%2Fv2%2Fmedia&parent=15677"}],"curies":[{"name":"wp","href":"https:\/\/api.w.org\/{rel}","templated":true}]}}