
{"id":15683,"date":"2021-02-12T12:13:02","date_gmt":"2021-02-12T11:13:02","guid":{"rendered":"https:\/\/www.comercialanma.es\/?post_type=product&#038;p=15683"},"modified":"2021-02-12T12:15:43","modified_gmt":"2021-02-12T11:15:43","slug":"puerto-strawberry-1l","status":"publish","type":"product","link":"https:\/\/www.comercialanma.es\/?product=puerto-strawberry-1l","title":{"rendered":"Ginebra Puerto de Indias Strawberry Premium 1L."},"content":{"rendered":"<h3>Notas de Cata:<\/h3>\n<ul>\n<li>Lo especial de este destilado es la maceraci\u00f3n previa con fresas de la localidad onubense de Lepe, que le aporta golosidad en nariz y un dulzor que contrasta con el amargor y astringencia del enebro, ingrediente principal en una ginebra.<\/li>\n<li>Se recomienda servirla en una copa de bal\u00f3n, con hielo y t\u00f3nica, adornada con l\u00e1minas de fresa fresca, para acentuar su sabor.<\/li>\n<li>Tambi\u00e9n puede utilizarse en diversos c\u00f3cteles.<\/li>\n<li>Graduaci\u00f3n: 37,5%.<\/li>\n<\/ul>\n","protected":false},"excerpt":{"rendered":"<p>Gin Puerto de Indias Strawberry | 1L. | Puerto de Indias |<\/p>\n<p>Puerto de Indias Strawberry es una deliciosa ginebra que posee un elegante toque a regaliz y un intenso aroma a fresas y enebro. Lo elabora una de las destiler\u00edas m\u00e1s antiguas e importantes de Andaluc\u00eda, Puerto de Indias, fundada en Carmona, Sevilla, en 1885. Su nombre es un homenaje al importante papel que tuvo Sevilla en el intercambio de productos con Am\u00e9rica tras el descubrimiento del Nuevo Mundo.<\/p>\n","protected":false},"featured_media":7419,"template":"","meta":{"spay_email":""},"yoast_head":"<!-- This site is optimized with the Yoast SEO plugin v15.9 - https:\/\/yoast.com\/wordpress\/plugins\/seo\/ -->\n<title>Ginebra Puerto de Indias Strawberry Premium 1L. - Comercial de Hosteleria Anma<\/title>\n<meta name=\"description\" content=\"Gin Puerto de Indias Strawberry | 1L. | Puerto de Indias | Deliciosa ginebra con elegante toque a regaliz, intenso aroma a fresas y enebro.\" \/>\n<meta name=\"robots\" content=\"index, follow, max-snippet:-1, max-image-preview:large, max-video-preview:-1\" \/>\n<link rel=\"canonical\" href=\"https:\/\/www.comercialanma.es\/?product=puerto-strawberry-1l\" \/>\n<meta property=\"og:locale\" content=\"es_ES\" \/>\n<meta property=\"og:type\" content=\"article\" \/>\n<meta property=\"og:title\" content=\"Ginebra Puerto de Indias Strawberry Premium 1L. - Comercial de Hosteleria Anma\" \/>\n<meta property=\"og:description\" content=\"Gin Puerto de Indias Strawberry | 1L. | Puerto de Indias | Deliciosa ginebra con elegante toque a regaliz, intenso aroma a fresas y enebro.\" \/>\n<meta property=\"og:url\" content=\"https:\/\/www.comercialanma.es\/?product=puerto-strawberry-1l\" \/>\n<meta property=\"og:site_name\" content=\"Comercial de Hosteleria Anma\" \/>\n<meta property=\"article:publisher\" content=\"https:\/\/www.facebook.com\/AnmaHosteleria\" \/>\n<meta property=\"article:modified_time\" content=\"2021-02-12T11:15:43+00:00\" \/>\n<meta property=\"og:image\" content=\"https:\/\/i0.wp.com\/www.comercialanma.es\/wp-content\/uploads\/2019\/07\/Puerto-Indias-Strawbery.jpg?fit=1200%2C1200&#038;ssl=1\" \/>\n\t<meta property=\"og:image:width\" content=\"1200\" \/>\n\t<meta property=\"og:image:height\" content=\"1200\" \/>\n<meta name=\"twitter:card\" content=\"summary_large_image\" \/>\n<script type=\"application\/ld+json\" class=\"yoast-schema-graph\">{\"@context\":\"https:\/\/schema.org\",\"@graph\":[{\"@type\":\"Organization\",\"@id\":\"https:\/\/www.comercialanma.es\/#organization\",\"name\":\"Comercial Anma\",\"url\":\"https:\/\/www.comercialanma.es\/\",\"sameAs\":[\"https:\/\/www.facebook.com\/AnmaHosteleria\",\"https:\/\/www.instagram.com\/anmahosteleria\/?hl=es\",\"https:\/\/www.youtube.com\/channel\/UCT2nmn08Ntks0hmpZPnDgCA\"],\"logo\":{\"@type\":\"ImageObject\",\"@id\":\"https:\/\/www.comercialanma.es\/#logo\",\"inLanguage\":\"es\",\"url\":\"https:\/\/i2.wp.com\/www.comercialanma.es\/wp-content\/uploads\/2019\/06\/logo-anma-color.png?fit=247%2C101&ssl=1\",\"width\":247,\"height\":101,\"caption\":\"Comercial Anma\"},\"image\":{\"@id\":\"https:\/\/www.comercialanma.es\/#logo\"}},{\"@type\":\"WebSite\",\"@id\":\"https:\/\/www.comercialanma.es\/#website\",\"url\":\"https:\/\/www.comercialanma.es\/\",\"name\":\"Comercial de Hosteleria Anma\",\"description\":\"\",\"publisher\":{\"@id\":\"https:\/\/www.comercialanma.es\/#organization\"},\"potentialAction\":[{\"@type\":\"SearchAction\",\"target\":\"https:\/\/www.comercialanma.es\/?s={search_term_string}\",\"query-input\":\"required name=search_term_string\"}],\"inLanguage\":\"es\"},{\"@type\":\"ImageObject\",\"@id\":\"https:\/\/www.comercialanma.es\/?product=puerto-strawberry-1l#primaryimage\",\"inLanguage\":\"es\",\"url\":\"https:\/\/i0.wp.com\/www.comercialanma.es\/wp-content\/uploads\/2019\/07\/Puerto-Indias-Strawbery.jpg?fit=1200%2C1200&ssl=1\",\"width\":1200,\"height\":1200},{\"@type\":\"WebPage\",\"@id\":\"https:\/\/www.comercialanma.es\/?product=puerto-strawberry-1l#webpage\",\"url\":\"https:\/\/www.comercialanma.es\/?product=puerto-strawberry-1l\",\"name\":\"Ginebra Puerto de Indias Strawberry Premium 1L. - Comercial de Hosteleria Anma\",\"isPartOf\":{\"@id\":\"https:\/\/www.comercialanma.es\/#website\"},\"primaryImageOfPage\":{\"@id\":\"https:\/\/www.comercialanma.es\/?product=puerto-strawberry-1l#primaryimage\"},\"datePublished\":\"2021-02-12T11:13:02+00:00\",\"dateModified\":\"2021-02-12T11:15:43+00:00\",\"description\":\"Gin Puerto de Indias Strawberry | 1L. | Puerto de Indias | Deliciosa ginebra con elegante toque a regaliz, intenso aroma a fresas y enebro.\",\"breadcrumb\":{\"@id\":\"https:\/\/www.comercialanma.es\/?product=puerto-strawberry-1l#breadcrumb\"},\"inLanguage\":\"es\",\"potentialAction\":[{\"@type\":\"ReadAction\",\"target\":[\"https:\/\/www.comercialanma.es\/?product=puerto-strawberry-1l\"]}]},{\"@type\":\"BreadcrumbList\",\"@id\":\"https:\/\/www.comercialanma.es\/?product=puerto-strawberry-1l#breadcrumb\",\"itemListElement\":[{\"@type\":\"ListItem\",\"position\":1,\"item\":{\"@type\":\"WebPage\",\"@id\":\"https:\/\/www.comercialanma.es\/\",\"url\":\"https:\/\/www.comercialanma.es\/\",\"name\":\"Portada\"}},{\"@type\":\"ListItem\",\"position\":2,\"item\":{\"@type\":\"WebPage\",\"@id\":\"https:\/\/www.comercialanma.es\/?page_id=3963\",\"url\":\"https:\/\/www.comercialanma.es\/?page_id=3963\",\"name\":\"Cat\\u00e1logo de Productos\"}},{\"@type\":\"ListItem\",\"position\":3,\"item\":{\"@type\":\"WebPage\",\"@id\":\"https:\/\/www.comercialanma.es\/?product=puerto-strawberry-1l\",\"url\":\"https:\/\/www.comercialanma.es\/?product=puerto-strawberry-1l\",\"name\":\"Ginebra Puerto de Indias Strawberry Premium 1L.\"}}]}]}<\/script>\n<!-- \/ Yoast SEO plugin. -->","_links":{"self":[{"href":"https:\/\/www.comercialanma.es\/index.php?rest_route=\/wp\/v2\/product\/15683"}],"collection":[{"href":"https:\/\/www.comercialanma.es\/index.php?rest_route=\/wp\/v2\/product"}],"about":[{"href":"https:\/\/www.comercialanma.es\/index.php?rest_route=\/wp\/v2\/types\/product"}],"version-history":[{"count":1,"href":"https:\/\/www.comercialanma.es\/index.php?rest_route=\/wp\/v2\/product\/15683\/revisions"}],"predecessor-version":[{"id":15684,"href":"https:\/\/www.comercialanma.es\/index.php?rest_route=\/wp\/v2\/product\/15683\/revisions\/15684"}],"wp:featuredmedia":[{"embeddable":true,"href":"https:\/\/www.comercialanma.es\/index.php?rest_route=\/wp\/v2\/media\/7419"}],"wp:attachment":[{"href":"https:\/\/www.comercialanma.es\/index.php?rest_route=%2Fwp%2Fv2%2Fmedia&parent=15683"}],"curies":[{"name":"wp","href":"https:\/\/api.w.org\/{rel}","templated":true}]}}