
{"id":15708,"date":"2021-02-12T16:59:08","date_gmt":"2021-02-12T15:59:08","guid":{"rendered":"https:\/\/www.comercialanma.es\/?post_type=product&#038;p=15708"},"modified":"2021-12-21T11:54:14","modified_gmt":"2021-12-21T10:54:14","slug":"paleta-bellota-100-viandas","status":"publish","type":"product","link":"https:\/\/www.comercialanma.es\/?product=paleta-bellota-100-viandas","title":{"rendered":"Paleta Bellota 100% Ib\u00e9rica Viandas"},"content":{"rendered":"<ul>\n<li>Paleta bellota 100% Ib\u00e9rica<\/li>\n<li>5Kg .\/Aprox.<\/li>\n<li>Curaci\u00f3n 24-36 meses.<\/li>\n<li>Viandas Hacienda Zorita<\/li>\n<\/ul>\n","protected":false},"excerpt":{"rendered":"<p>Paleta bellota 100% Ib\u00e9rcia | 5kg.\/ Aprox. | Viandas |<\/p>\n<p>Pieza elaborada con la extremidad delantera de cerdos propios 100% ib\u00e9ricos seleccionados desde su nacimiento y criados en libertad con una exquisita alimentaci\u00f3n a base de pastos, cereales y bellotas. Su curaci\u00f3n oscila entre 24 y 36 meses bajo el microclima \u00fanico,en nuestras bodegas y secaderos lo cual garantiza su excitante e intenso sabor as\u00ed como su aroma tentador e inconfundible<\/p>\n<p>&nbsp;<\/p>\n<p>&nbsp;<\/p>\n<p>&nbsp;<\/p>\n<p>&nbsp;<\/p>\n","protected":false},"featured_media":20176,"template":"","meta":{"spay_email":""},"yoast_head":"<!-- This site is optimized with the Yoast SEO plugin v15.9 - https:\/\/yoast.com\/wordpress\/plugins\/seo\/ -->\n<title>Paleta Bellota 100% Ib\u00e9rica Viandas - Comercial de Hosteleria Anma<\/title>\n<meta name=\"description\" content=\"Paleta bellota 100% Ib\u00e9rcia | 5kg.\/ Aprox. | Viandas | cerdos propios 100% ib\u00e9ricos, alimentaci\u00f3n a base de pastos, cereales y bellotas.\" \/>\n<meta name=\"robots\" content=\"index, follow, max-snippet:-1, max-image-preview:large, max-video-preview:-1\" \/>\n<link rel=\"canonical\" href=\"https:\/\/www.comercialanma.es\/?product=paleta-bellota-100-viandas\" \/>\n<meta property=\"og:locale\" content=\"es_ES\" \/>\n<meta property=\"og:type\" content=\"article\" \/>\n<meta property=\"og:title\" content=\"Paleta Bellota 100% Ib\u00e9rica Viandas - Comercial de Hosteleria Anma\" \/>\n<meta property=\"og:description\" content=\"Paleta bellota 100% Ib\u00e9rcia | 5kg.\/ Aprox. | Viandas | cerdos propios 100% ib\u00e9ricos, alimentaci\u00f3n a base de pastos, cereales y bellotas.\" \/>\n<meta property=\"og:url\" content=\"https:\/\/www.comercialanma.es\/?product=paleta-bellota-100-viandas\" \/>\n<meta property=\"og:site_name\" content=\"Comercial de Hosteleria Anma\" \/>\n<meta property=\"article:publisher\" content=\"https:\/\/www.facebook.com\/AnmaHosteleria\" \/>\n<meta property=\"article:modified_time\" content=\"2021-12-21T10:54:14+00:00\" \/>\n<meta property=\"og:image\" content=\"https:\/\/i1.wp.com\/www.comercialanma.es\/wp-content\/uploads\/2021\/02\/Paleta-100-bellota-viandas.jpg?fit=1080%2C1080&#038;ssl=1\" \/>\n\t<meta property=\"og:image:width\" content=\"1080\" \/>\n\t<meta property=\"og:image:height\" content=\"1080\" \/>\n<meta name=\"twitter:card\" content=\"summary_large_image\" \/>\n<meta name=\"twitter:label1\" content=\"Tiempo de lectura\">\n\t<meta name=\"twitter:data1\" content=\"1 minuto\">\n<script type=\"application\/ld+json\" class=\"yoast-schema-graph\">{\"@context\":\"https:\/\/schema.org\",\"@graph\":[{\"@type\":\"Organization\",\"@id\":\"https:\/\/www.comercialanma.es\/#organization\",\"name\":\"Comercial Anma\",\"url\":\"https:\/\/www.comercialanma.es\/\",\"sameAs\":[\"https:\/\/www.facebook.com\/AnmaHosteleria\",\"https:\/\/www.instagram.com\/anmahosteleria\/?hl=es\",\"https:\/\/www.youtube.com\/channel\/UCT2nmn08Ntks0hmpZPnDgCA\"],\"logo\":{\"@type\":\"ImageObject\",\"@id\":\"https:\/\/www.comercialanma.es\/#logo\",\"inLanguage\":\"es\",\"url\":\"https:\/\/i2.wp.com\/www.comercialanma.es\/wp-content\/uploads\/2019\/06\/logo-anma-color.png?fit=247%2C101&ssl=1\",\"width\":247,\"height\":101,\"caption\":\"Comercial Anma\"},\"image\":{\"@id\":\"https:\/\/www.comercialanma.es\/#logo\"}},{\"@type\":\"WebSite\",\"@id\":\"https:\/\/www.comercialanma.es\/#website\",\"url\":\"https:\/\/www.comercialanma.es\/\",\"name\":\"Comercial de Hosteleria Anma\",\"description\":\"\",\"publisher\":{\"@id\":\"https:\/\/www.comercialanma.es\/#organization\"},\"potentialAction\":[{\"@type\":\"SearchAction\",\"target\":\"https:\/\/www.comercialanma.es\/?s={search_term_string}\",\"query-input\":\"required name=search_term_string\"}],\"inLanguage\":\"es\"},{\"@type\":\"ImageObject\",\"@id\":\"https:\/\/www.comercialanma.es\/?product=paleta-bellota-100-viandas#primaryimage\",\"inLanguage\":\"es\",\"url\":\"https:\/\/i1.wp.com\/www.comercialanma.es\/wp-content\/uploads\/2021\/02\/Paleta-100-bellota-viandas.jpg?fit=1080%2C1080&ssl=1\",\"width\":1080,\"height\":1080},{\"@type\":\"WebPage\",\"@id\":\"https:\/\/www.comercialanma.es\/?product=paleta-bellota-100-viandas#webpage\",\"url\":\"https:\/\/www.comercialanma.es\/?product=paleta-bellota-100-viandas\",\"name\":\"Paleta Bellota 100% Ib\\u00e9rica Viandas - Comercial de Hosteleria Anma\",\"isPartOf\":{\"@id\":\"https:\/\/www.comercialanma.es\/#website\"},\"primaryImageOfPage\":{\"@id\":\"https:\/\/www.comercialanma.es\/?product=paleta-bellota-100-viandas#primaryimage\"},\"datePublished\":\"2021-02-12T15:59:08+00:00\",\"dateModified\":\"2021-12-21T10:54:14+00:00\",\"description\":\"Paleta bellota 100% Ib\\u00e9rcia | 5kg.\/ Aprox. | Viandas | cerdos propios 100% ib\\u00e9ricos, alimentaci\\u00f3n a base de pastos, cereales y bellotas.\",\"breadcrumb\":{\"@id\":\"https:\/\/www.comercialanma.es\/?product=paleta-bellota-100-viandas#breadcrumb\"},\"inLanguage\":\"es\",\"potentialAction\":[{\"@type\":\"ReadAction\",\"target\":[\"https:\/\/www.comercialanma.es\/?product=paleta-bellota-100-viandas\"]}]},{\"@type\":\"BreadcrumbList\",\"@id\":\"https:\/\/www.comercialanma.es\/?product=paleta-bellota-100-viandas#breadcrumb\",\"itemListElement\":[{\"@type\":\"ListItem\",\"position\":1,\"item\":{\"@type\":\"WebPage\",\"@id\":\"https:\/\/www.comercialanma.es\/\",\"url\":\"https:\/\/www.comercialanma.es\/\",\"name\":\"Portada\"}},{\"@type\":\"ListItem\",\"position\":2,\"item\":{\"@type\":\"WebPage\",\"@id\":\"https:\/\/www.comercialanma.es\/?page_id=3963\",\"url\":\"https:\/\/www.comercialanma.es\/?page_id=3963\",\"name\":\"Cat\\u00e1logo de Productos\"}},{\"@type\":\"ListItem\",\"position\":3,\"item\":{\"@type\":\"WebPage\",\"@id\":\"https:\/\/www.comercialanma.es\/?product=paleta-bellota-100-viandas\",\"url\":\"https:\/\/www.comercialanma.es\/?product=paleta-bellota-100-viandas\",\"name\":\"Paleta Bellota 100% Ib\\u00e9rica Viandas\"}}]}]}<\/script>\n<!-- \/ Yoast SEO plugin. -->","_links":{"self":[{"href":"https:\/\/www.comercialanma.es\/index.php?rest_route=\/wp\/v2\/product\/15708"}],"collection":[{"href":"https:\/\/www.comercialanma.es\/index.php?rest_route=\/wp\/v2\/product"}],"about":[{"href":"https:\/\/www.comercialanma.es\/index.php?rest_route=\/wp\/v2\/types\/product"}],"version-history":[{"count":2,"href":"https:\/\/www.comercialanma.es\/index.php?rest_route=\/wp\/v2\/product\/15708\/revisions"}],"predecessor-version":[{"id":19871,"href":"https:\/\/www.comercialanma.es\/index.php?rest_route=\/wp\/v2\/product\/15708\/revisions\/19871"}],"wp:featuredmedia":[{"embeddable":true,"href":"https:\/\/www.comercialanma.es\/index.php?rest_route=\/wp\/v2\/media\/20176"}],"wp:attachment":[{"href":"https:\/\/www.comercialanma.es\/index.php?rest_route=%2Fwp%2Fv2%2Fmedia&parent=15708"}],"curies":[{"name":"wp","href":"https:\/\/api.w.org\/{rel}","templated":true}]}}