
{"id":15842,"date":"2021-02-19T15:01:36","date_gmt":"2021-02-19T14:01:36","guid":{"rendered":"https:\/\/www.comercialanma.es\/?post_type=product&#038;p=15842"},"modified":"2021-02-19T15:27:22","modified_gmt":"2021-02-19T14:27:22","slug":"noilly-dry","status":"publish","type":"product","link":"https:\/\/www.comercialanma.es\/?product=noilly-dry","title":{"rendered":"Vermut Noilly Prat Dry 75cl."},"content":{"rendered":"<p>Noilly Prat se hace exclusivamente a partir de variedades de uva blancas cultivadas en la zona de Marsella, principalmente Picpoul de Pinet y Clairette.<\/p>\n<h3>Pa\u00eds:<\/h3>\n<ul>\n<li>Francia<\/li>\n<\/ul>\n<h3>Nota de Cata<\/h3>\n<ul>\n<li>Vermouth Noilly Prat Dry es un vermut suave y elegante, de color amarillo p\u00e1lido. Postgusto a cilantro y manzanilla.<\/li>\n<\/ul>\n<h3>Graduaci\u00f3n:<\/h3>\n<ul>\n<li>18\u00ba vol.<\/li>\n<\/ul>\n","protected":false},"excerpt":{"rendered":"<div id=\"info_valoracion\">\n<div id=\"short_description_block\">\n<div id=\"short_description_content\">\n<div id=\"full_description\">\n<p>Vermut | Noilly Prat Dry | 75cl. | 18\u00bavol |<\/p>\n<p>Vermouth Noilly Prat Dry es elaborado mediante un proceso que es pr\u00e1cticamente el mismo que se emplea desde la d\u00e9cada de 1850. Noilly Prat se hace exclusivamente a partir de variedades de uva blancas cultivadas en la zona de Marsella, principalmente Picpoul de Pinet y Clairette.<\/p>\n<p>El resultado es un vino seco, con cuerpo y color \u00e1mbar, similar a Madeira y Jerez. Durante el a\u00f1o fuera, de 6 a 8% del volumen se pierde por evaporaci\u00f3n, la &#8220;parte de los \u00e1ngeles&#8221;.<\/p>\n<\/div>\n<\/div>\n<\/div>\n<div class=\"available-box\"><\/div>\n<\/div>\n<p>&nbsp;<\/p>\n","protected":false},"featured_media":15845,"template":"","meta":{"spay_email":""},"yoast_head":"<!-- This site is optimized with the Yoast SEO plugin v15.9 - https:\/\/yoast.com\/wordpress\/plugins\/seo\/ -->\n<title>Vermut Noilly Prat Dry 75cl. - Comercial de Hosteleria Anma<\/title>\n<meta name=\"description\" content=\"Vermut | Noilly Prat Dry | 75cl. | 18\u00ba vol| Vermut suave y elegante, de color amarillo p\u00e1lido. Postgusto a cilantro y manzanilla.\" \/>\n<meta name=\"robots\" content=\"index, follow, max-snippet:-1, max-image-preview:large, max-video-preview:-1\" \/>\n<link rel=\"canonical\" href=\"https:\/\/www.comercialanma.es\/?product=noilly-dry\" \/>\n<meta property=\"og:locale\" content=\"es_ES\" \/>\n<meta property=\"og:type\" content=\"article\" \/>\n<meta property=\"og:title\" content=\"Vermut Noilly Prat Dry 75cl. - Comercial de Hosteleria Anma\" \/>\n<meta property=\"og:description\" content=\"Vermut | Noilly Prat Dry | 75cl. | 18\u00ba vol| Vermut suave y elegante, de color amarillo p\u00e1lido. Postgusto a cilantro y manzanilla.\" \/>\n<meta property=\"og:url\" content=\"https:\/\/www.comercialanma.es\/?product=noilly-dry\" \/>\n<meta property=\"og:site_name\" content=\"Comercial de Hosteleria Anma\" \/>\n<meta property=\"article:publisher\" content=\"https:\/\/www.facebook.com\/AnmaHosteleria\" \/>\n<meta property=\"article:modified_time\" content=\"2021-02-19T14:27:22+00:00\" \/>\n<meta property=\"og:image\" content=\"https:\/\/i0.wp.com\/www.comercialanma.es\/wp-content\/uploads\/2021\/02\/noilly-prat-dry.jpg?fit=1080%2C1080&#038;ssl=1\" \/>\n\t<meta property=\"og:image:width\" content=\"1080\" \/>\n\t<meta property=\"og:image:height\" content=\"1080\" \/>\n<meta name=\"twitter:card\" content=\"summary_large_image\" \/>\n<meta name=\"twitter:label1\" content=\"Tiempo de lectura\">\n\t<meta name=\"twitter:data1\" content=\"1 minuto\">\n<script type=\"application\/ld+json\" class=\"yoast-schema-graph\">{\"@context\":\"https:\/\/schema.org\",\"@graph\":[{\"@type\":\"Organization\",\"@id\":\"https:\/\/www.comercialanma.es\/#organization\",\"name\":\"Comercial Anma\",\"url\":\"https:\/\/www.comercialanma.es\/\",\"sameAs\":[\"https:\/\/www.facebook.com\/AnmaHosteleria\",\"https:\/\/www.instagram.com\/anmahosteleria\/?hl=es\",\"https:\/\/www.youtube.com\/channel\/UCT2nmn08Ntks0hmpZPnDgCA\"],\"logo\":{\"@type\":\"ImageObject\",\"@id\":\"https:\/\/www.comercialanma.es\/#logo\",\"inLanguage\":\"es\",\"url\":\"https:\/\/i2.wp.com\/www.comercialanma.es\/wp-content\/uploads\/2019\/06\/logo-anma-color.png?fit=247%2C101&ssl=1\",\"width\":247,\"height\":101,\"caption\":\"Comercial Anma\"},\"image\":{\"@id\":\"https:\/\/www.comercialanma.es\/#logo\"}},{\"@type\":\"WebSite\",\"@id\":\"https:\/\/www.comercialanma.es\/#website\",\"url\":\"https:\/\/www.comercialanma.es\/\",\"name\":\"Comercial de Hosteleria Anma\",\"description\":\"\",\"publisher\":{\"@id\":\"https:\/\/www.comercialanma.es\/#organization\"},\"potentialAction\":[{\"@type\":\"SearchAction\",\"target\":\"https:\/\/www.comercialanma.es\/?s={search_term_string}\",\"query-input\":\"required name=search_term_string\"}],\"inLanguage\":\"es\"},{\"@type\":\"ImageObject\",\"@id\":\"https:\/\/www.comercialanma.es\/?product=noilly-dry#primaryimage\",\"inLanguage\":\"es\",\"url\":\"https:\/\/i0.wp.com\/www.comercialanma.es\/wp-content\/uploads\/2021\/02\/noilly-prat-dry.jpg?fit=1080%2C1080&ssl=1\",\"width\":1080,\"height\":1080},{\"@type\":\"WebPage\",\"@id\":\"https:\/\/www.comercialanma.es\/?product=noilly-dry#webpage\",\"url\":\"https:\/\/www.comercialanma.es\/?product=noilly-dry\",\"name\":\"Vermut Noilly Prat Dry 75cl. - Comercial de Hosteleria Anma\",\"isPartOf\":{\"@id\":\"https:\/\/www.comercialanma.es\/#website\"},\"primaryImageOfPage\":{\"@id\":\"https:\/\/www.comercialanma.es\/?product=noilly-dry#primaryimage\"},\"datePublished\":\"2021-02-19T14:01:36+00:00\",\"dateModified\":\"2021-02-19T14:27:22+00:00\",\"description\":\"Vermut | Noilly Prat Dry | 75cl. | 18\\u00ba vol| Vermut suave y elegante, de color amarillo p\\u00e1lido. Postgusto a cilantro y manzanilla.\",\"breadcrumb\":{\"@id\":\"https:\/\/www.comercialanma.es\/?product=noilly-dry#breadcrumb\"},\"inLanguage\":\"es\",\"potentialAction\":[{\"@type\":\"ReadAction\",\"target\":[\"https:\/\/www.comercialanma.es\/?product=noilly-dry\"]}]},{\"@type\":\"BreadcrumbList\",\"@id\":\"https:\/\/www.comercialanma.es\/?product=noilly-dry#breadcrumb\",\"itemListElement\":[{\"@type\":\"ListItem\",\"position\":1,\"item\":{\"@type\":\"WebPage\",\"@id\":\"https:\/\/www.comercialanma.es\/\",\"url\":\"https:\/\/www.comercialanma.es\/\",\"name\":\"Portada\"}},{\"@type\":\"ListItem\",\"position\":2,\"item\":{\"@type\":\"WebPage\",\"@id\":\"https:\/\/www.comercialanma.es\/?page_id=3963\",\"url\":\"https:\/\/www.comercialanma.es\/?page_id=3963\",\"name\":\"Cat\\u00e1logo de Productos\"}},{\"@type\":\"ListItem\",\"position\":3,\"item\":{\"@type\":\"WebPage\",\"@id\":\"https:\/\/www.comercialanma.es\/?product=noilly-dry\",\"url\":\"https:\/\/www.comercialanma.es\/?product=noilly-dry\",\"name\":\"Vermut Noilly Prat Dry 75cl.\"}}]}]}<\/script>\n<!-- \/ Yoast SEO plugin. -->","_links":{"self":[{"href":"https:\/\/www.comercialanma.es\/index.php?rest_route=\/wp\/v2\/product\/15842"}],"collection":[{"href":"https:\/\/www.comercialanma.es\/index.php?rest_route=\/wp\/v2\/product"}],"about":[{"href":"https:\/\/www.comercialanma.es\/index.php?rest_route=\/wp\/v2\/types\/product"}],"version-history":[{"count":2,"href":"https:\/\/www.comercialanma.es\/index.php?rest_route=\/wp\/v2\/product\/15842\/revisions"}],"predecessor-version":[{"id":15851,"href":"https:\/\/www.comercialanma.es\/index.php?rest_route=\/wp\/v2\/product\/15842\/revisions\/15851"}],"wp:featuredmedia":[{"embeddable":true,"href":"https:\/\/www.comercialanma.es\/index.php?rest_route=\/wp\/v2\/media\/15845"}],"wp:attachment":[{"href":"https:\/\/www.comercialanma.es\/index.php?rest_route=%2Fwp%2Fv2%2Fmedia&parent=15842"}],"curies":[{"name":"wp","href":"https:\/\/api.w.org\/{rel}","templated":true}]}}