
{"id":15903,"date":"2021-02-22T11:01:56","date_gmt":"2021-02-22T10:01:56","guid":{"rendered":"https:\/\/www.comercialanma.es\/?post_type=product&#038;p=15903"},"modified":"2021-02-22T11:03:54","modified_gmt":"2021-02-22T10:03:54","slug":"sant-aniol-pet-50","status":"publish","type":"product","link":"https:\/\/www.comercialanma.es\/?product=sant-aniol-pet-50","title":{"rendered":"Agua Sant Aniol Pet 50cl."},"content":{"rendered":"<p>Familia: <strong>Agua Mineral Natural<\/strong><br \/>\nMineralizaci\u00f3n: <strong>D\u00e9bil<\/strong><br \/>\nEstilo: <strong>Hipos\u00f3dica<\/strong><br \/>\nCon gas: <strong> No<\/strong><br \/>\nManantial: <strong>Zona volc\u00e1nica La Garrotxa<\/strong><br \/>\nProcedencia: <strong> Sant Aniol de Finestres, Gerona (Espa\u00f1a<\/strong>)<\/p>\n<h3>Composici\u00f3n Qu\u00edmica (mg\/l):<\/h3>\n<ul>\n<li><span id=\"petita3\">Residuo seco: <strong>320<\/strong><\/span><\/li>\n<li><span id=\"petita3\">Bicarbonatos: <strong>360<\/strong><\/span><\/li>\n<li><span id=\"petita3\">Sulfatos: <strong>14,8<\/strong><\/span><\/li>\n<li><span id=\"petita3\">Cloruros: <strong>5,3<\/strong><\/span><\/li>\n<li><span id=\"petita3\">Calcio: <strong>90,7<\/strong><\/span><\/li>\n<li><span id=\"petita3\">Magnesio: <strong>16,5<\/strong><\/span><\/li>\n<li><span id=\"petita3\">Sodio: <strong>6,8<\/strong><\/span><\/li>\n<li><span id=\"petita3\">Potasio: <strong>1,6<\/strong><\/span><\/li>\n<li><span id=\"petita3\">S\u00edlice: <strong>12,1<\/strong><\/span><\/li>\n<li><span id=\"petita3\">Fluoruros: <strong>&lt;0,2<\/strong><\/span><\/li>\n<li><span id=\"petita3\">Litio: <\/span><\/li>\n<li><span id=\"petita3\">Hierro: <\/span><\/li>\n<li><span id=\"petita3\">pH: <\/span><span id=\"petita3\"><\/span><\/li>\n<\/ul>\n<p>&nbsp;<\/p>\n","protected":false},"excerpt":{"rendered":"<div class=\"col span_12 left\">\n<div class=\"vc_col-sm-12 wpb_column column_container vc_column_container col has-animation no-extra-padding instance-2 animated-in\" data-bg-cover=\"\" data-padding-pos=\"all\" data-has-bg-color=\"false\" data-bg-color=\"\" data-bg-opacity=\"1\" data-hover-bg=\"\" data-hover-bg-opacity=\"1\" data-animation=\"fade-in-from-bottom\" data-delay=\"300\">\n<div class=\"vc_column-inner\">\n<div class=\"wpb_wrapper\">\n<div class=\"wpb_text_column wpb_content_element \">\n<div>\n<p>El agua Sant Aniol presenta una equilibrada composici\u00f3n mineral de manera que la combinaci\u00f3n de sus elementos ayuda a facilitar la purificaci\u00f3n de nuestro cuerpo. Tambi\u00e9n ayuda a prevenir infecciones del aparato urinario y a reducir el \u00e1cido \u00farico y el colesterol.<\/p>\n<\/div>\n<div class=\"wpb_wrapper\">Con este fin, Sant Aniol cuenta con una gamma PET muy singular. Una serie de botellas destinadas al consumo dom\u00e9stico, dise\u00f1adas especialmente para desempe\u00f1ar una funci\u00f3n pr\u00e1ctica y, como dicta la esencia de Sant Aniol, caracterizadas por un dise\u00f1o elegante que la distancia de la competencia tanto en el supermercado como en casa.<\/div>\n<\/div>\n<\/div>\n<\/div>\n<\/div>\n<\/div>\n","protected":false},"featured_media":15904,"template":"","meta":{"spay_email":""},"yoast_head":"<!-- This site is optimized with the Yoast SEO plugin v15.9 - https:\/\/yoast.com\/wordpress\/plugins\/seo\/ -->\n<title>Agua Sant Aniol Pet 50cl. - Comercial de Hosteleria Anma<\/title>\n<meta name=\"description\" content=\"Agua mineral natural | Sant Aniol | 50cl.| Pet | Equilibrada composici\u00f3n mineral de manera que la combinaci\u00f3n de sus elementos.\" \/>\n<meta name=\"robots\" content=\"index, follow, max-snippet:-1, max-image-preview:large, max-video-preview:-1\" \/>\n<link rel=\"canonical\" href=\"https:\/\/www.comercialanma.es\/?product=sant-aniol-pet-50\" \/>\n<meta property=\"og:locale\" content=\"es_ES\" \/>\n<meta property=\"og:type\" content=\"article\" \/>\n<meta property=\"og:title\" content=\"Agua Sant Aniol Pet 50cl. - Comercial de Hosteleria Anma\" \/>\n<meta property=\"og:description\" content=\"Agua mineral natural | Sant Aniol | 50cl.| Pet | Equilibrada composici\u00f3n mineral de manera que la combinaci\u00f3n de sus elementos.\" \/>\n<meta property=\"og:url\" content=\"https:\/\/www.comercialanma.es\/?product=sant-aniol-pet-50\" \/>\n<meta property=\"og:site_name\" content=\"Comercial de Hosteleria Anma\" \/>\n<meta property=\"article:publisher\" content=\"https:\/\/www.facebook.com\/AnmaHosteleria\" \/>\n<meta property=\"article:modified_time\" content=\"2021-02-22T10:03:54+00:00\" \/>\n<meta property=\"og:image\" content=\"https:\/\/i2.wp.com\/www.comercialanma.es\/wp-content\/uploads\/2021\/02\/sant-aniol-50cl.jpg?fit=1080%2C1080&#038;ssl=1\" \/>\n\t<meta property=\"og:image:width\" content=\"1080\" \/>\n\t<meta property=\"og:image:height\" content=\"1080\" \/>\n<meta name=\"twitter:card\" content=\"summary_large_image\" \/>\n<meta name=\"twitter:label1\" content=\"Tiempo de lectura\">\n\t<meta name=\"twitter:data1\" content=\"1 minuto\">\n<script type=\"application\/ld+json\" class=\"yoast-schema-graph\">{\"@context\":\"https:\/\/schema.org\",\"@graph\":[{\"@type\":\"Organization\",\"@id\":\"https:\/\/www.comercialanma.es\/#organization\",\"name\":\"Comercial Anma\",\"url\":\"https:\/\/www.comercialanma.es\/\",\"sameAs\":[\"https:\/\/www.facebook.com\/AnmaHosteleria\",\"https:\/\/www.instagram.com\/anmahosteleria\/?hl=es\",\"https:\/\/www.youtube.com\/channel\/UCT2nmn08Ntks0hmpZPnDgCA\"],\"logo\":{\"@type\":\"ImageObject\",\"@id\":\"https:\/\/www.comercialanma.es\/#logo\",\"inLanguage\":\"es\",\"url\":\"https:\/\/i2.wp.com\/www.comercialanma.es\/wp-content\/uploads\/2019\/06\/logo-anma-color.png?fit=247%2C101&ssl=1\",\"width\":247,\"height\":101,\"caption\":\"Comercial Anma\"},\"image\":{\"@id\":\"https:\/\/www.comercialanma.es\/#logo\"}},{\"@type\":\"WebSite\",\"@id\":\"https:\/\/www.comercialanma.es\/#website\",\"url\":\"https:\/\/www.comercialanma.es\/\",\"name\":\"Comercial de Hosteleria Anma\",\"description\":\"\",\"publisher\":{\"@id\":\"https:\/\/www.comercialanma.es\/#organization\"},\"potentialAction\":[{\"@type\":\"SearchAction\",\"target\":\"https:\/\/www.comercialanma.es\/?s={search_term_string}\",\"query-input\":\"required name=search_term_string\"}],\"inLanguage\":\"es\"},{\"@type\":\"ImageObject\",\"@id\":\"https:\/\/www.comercialanma.es\/?product=sant-aniol-pet-50#primaryimage\",\"inLanguage\":\"es\",\"url\":\"https:\/\/i2.wp.com\/www.comercialanma.es\/wp-content\/uploads\/2021\/02\/sant-aniol-50cl.jpg?fit=1080%2C1080&ssl=1\",\"width\":1080,\"height\":1080},{\"@type\":\"WebPage\",\"@id\":\"https:\/\/www.comercialanma.es\/?product=sant-aniol-pet-50#webpage\",\"url\":\"https:\/\/www.comercialanma.es\/?product=sant-aniol-pet-50\",\"name\":\"Agua Sant Aniol Pet 50cl. - Comercial de Hosteleria Anma\",\"isPartOf\":{\"@id\":\"https:\/\/www.comercialanma.es\/#website\"},\"primaryImageOfPage\":{\"@id\":\"https:\/\/www.comercialanma.es\/?product=sant-aniol-pet-50#primaryimage\"},\"datePublished\":\"2021-02-22T10:01:56+00:00\",\"dateModified\":\"2021-02-22T10:03:54+00:00\",\"description\":\"Agua mineral natural | Sant Aniol | 50cl.| Pet | Equilibrada composici\\u00f3n mineral de manera que la combinaci\\u00f3n de sus elementos.\",\"breadcrumb\":{\"@id\":\"https:\/\/www.comercialanma.es\/?product=sant-aniol-pet-50#breadcrumb\"},\"inLanguage\":\"es\",\"potentialAction\":[{\"@type\":\"ReadAction\",\"target\":[\"https:\/\/www.comercialanma.es\/?product=sant-aniol-pet-50\"]}]},{\"@type\":\"BreadcrumbList\",\"@id\":\"https:\/\/www.comercialanma.es\/?product=sant-aniol-pet-50#breadcrumb\",\"itemListElement\":[{\"@type\":\"ListItem\",\"position\":1,\"item\":{\"@type\":\"WebPage\",\"@id\":\"https:\/\/www.comercialanma.es\/\",\"url\":\"https:\/\/www.comercialanma.es\/\",\"name\":\"Portada\"}},{\"@type\":\"ListItem\",\"position\":2,\"item\":{\"@type\":\"WebPage\",\"@id\":\"https:\/\/www.comercialanma.es\/?page_id=3963\",\"url\":\"https:\/\/www.comercialanma.es\/?page_id=3963\",\"name\":\"Cat\\u00e1logo de Productos\"}},{\"@type\":\"ListItem\",\"position\":3,\"item\":{\"@type\":\"WebPage\",\"@id\":\"https:\/\/www.comercialanma.es\/?product=sant-aniol-pet-50\",\"url\":\"https:\/\/www.comercialanma.es\/?product=sant-aniol-pet-50\",\"name\":\"Agua Sant Aniol Pet 50cl.\"}}]}]}<\/script>\n<!-- \/ Yoast SEO plugin. -->","_links":{"self":[{"href":"https:\/\/www.comercialanma.es\/index.php?rest_route=\/wp\/v2\/product\/15903"}],"collection":[{"href":"https:\/\/www.comercialanma.es\/index.php?rest_route=\/wp\/v2\/product"}],"about":[{"href":"https:\/\/www.comercialanma.es\/index.php?rest_route=\/wp\/v2\/types\/product"}],"version-history":[{"count":1,"href":"https:\/\/www.comercialanma.es\/index.php?rest_route=\/wp\/v2\/product\/15903\/revisions"}],"predecessor-version":[{"id":15905,"href":"https:\/\/www.comercialanma.es\/index.php?rest_route=\/wp\/v2\/product\/15903\/revisions\/15905"}],"wp:featuredmedia":[{"embeddable":true,"href":"https:\/\/www.comercialanma.es\/index.php?rest_route=\/wp\/v2\/media\/15904"}],"wp:attachment":[{"href":"https:\/\/www.comercialanma.es\/index.php?rest_route=%2Fwp%2Fv2%2Fmedia&parent=15903"}],"curies":[{"name":"wp","href":"https:\/\/api.w.org\/{rel}","templated":true}]}}