
{"id":15933,"date":"2021-02-22T12:33:34","date_gmt":"2021-02-22T11:33:34","guid":{"rendered":"https:\/\/www.comercialanma.es\/?post_type=product&#038;p=15933"},"modified":"2021-09-27T17:18:10","modified_gmt":"2021-09-27T15:18:10","slug":"bratwurst-subirats","status":"publish","type":"product","link":"https:\/\/www.comercialanma.es\/?product=bratwurst-subirats","title":{"rendered":"Frankfurt tipo Bratwurst 2U. Subirats"},"content":{"rendered":"<ul>\n<li>Marca Subirats<\/li>\n<li>15 unidades<\/li>\n<li>Calibre 22cm.<\/li>\n<li>Peso 1,2Kg.<\/li>\n<\/ul>\n","protected":false},"excerpt":{"rendered":"<div class=\"col span_12 left\">\n<div class=\"vc_col-sm-12 wpb_column column_container vc_column_container col has-animation no-extra-padding instance-2 animated-in\" data-bg-cover=\"\" data-padding-pos=\"all\" data-has-bg-color=\"false\" data-bg-color=\"\" data-bg-opacity=\"1\" data-hover-bg=\"\" data-hover-bg-opacity=\"1\" data-animation=\"fade-in-from-bottom\" data-delay=\"300\">\n<div class=\"vc_column-inner\">\n<div class=\"wpb_wrapper\">\n<div>\n<p>Frankfurt tipo Bratwurst | Subirats | Pack 2U.| 300gr.|<\/p>\n<p>Salchicha cocida con prote\u00edna a\u00f1adida de la leche.<\/p>\n<\/div>\n<div class=\"wpb_text_column wpb_content_element \">\n<p>Ingredientes: paleta, papada de cerdo, agua, sal, prote\u00ednas de la leche, especias y extracto de especias, dextrosa, az\u00facar, prote\u00edna de soja, maltodextrina, potenciador del sabor E621 hidrolizado de prote\u00edna vegetal, estabilizante (E450, E451, E452), acidificante E331 y aromas. Tripa natural de cerdo.<\/p>\n<\/div>\n<\/div>\n<\/div>\n<\/div>\n<\/div>\n","protected":false},"featured_media":15934,"template":"","meta":{"spay_email":""},"yoast_head":"<!-- This site is optimized with the Yoast SEO plugin v15.9 - https:\/\/yoast.com\/wordpress\/plugins\/seo\/ -->\n<title>Frankfurt tipo Bratwurst 2U. Subirats - Comercial de Hosteleria Anma<\/title>\n<meta name=\"description\" content=\"Frankfurt tipo Bratwurst | Subirats | Pack 2U. | 300gr. | Salchicha cocida con prote\u00edna a\u00f1adida de la leche.\" \/>\n<meta name=\"robots\" content=\"index, follow, max-snippet:-1, max-image-preview:large, max-video-preview:-1\" \/>\n<link rel=\"canonical\" href=\"https:\/\/www.comercialanma.es\/?product=bratwurst-subirats\" \/>\n<meta property=\"og:locale\" content=\"es_ES\" \/>\n<meta property=\"og:type\" content=\"article\" \/>\n<meta property=\"og:title\" content=\"Frankfurt tipo Bratwurst 2U. Subirats - Comercial de Hosteleria Anma\" \/>\n<meta property=\"og:description\" content=\"Frankfurt tipo Bratwurst | Subirats | Pack 2U. | 300gr. | Salchicha cocida con prote\u00edna a\u00f1adida de la leche.\" \/>\n<meta property=\"og:url\" content=\"https:\/\/www.comercialanma.es\/?product=bratwurst-subirats\" \/>\n<meta property=\"og:site_name\" content=\"Comercial de Hosteleria Anma\" \/>\n<meta property=\"article:publisher\" content=\"https:\/\/www.facebook.com\/AnmaHosteleria\" \/>\n<meta property=\"article:modified_time\" content=\"2021-09-27T15:18:10+00:00\" \/>\n<meta property=\"og:image\" content=\"https:\/\/i2.wp.com\/www.comercialanma.es\/wp-content\/uploads\/2021\/02\/Bratswurt-2-subirats.jpg?fit=1080%2C1080&#038;ssl=1\" \/>\n\t<meta property=\"og:image:width\" content=\"1080\" \/>\n\t<meta property=\"og:image:height\" content=\"1080\" \/>\n<meta name=\"twitter:card\" content=\"summary_large_image\" \/>\n<meta name=\"twitter:label1\" content=\"Tiempo de lectura\">\n\t<meta name=\"twitter:data1\" content=\"1 minuto\">\n<script type=\"application\/ld+json\" class=\"yoast-schema-graph\">{\"@context\":\"https:\/\/schema.org\",\"@graph\":[{\"@type\":\"Organization\",\"@id\":\"https:\/\/www.comercialanma.es\/#organization\",\"name\":\"Comercial Anma\",\"url\":\"https:\/\/www.comercialanma.es\/\",\"sameAs\":[\"https:\/\/www.facebook.com\/AnmaHosteleria\",\"https:\/\/www.instagram.com\/anmahosteleria\/?hl=es\",\"https:\/\/www.youtube.com\/channel\/UCT2nmn08Ntks0hmpZPnDgCA\"],\"logo\":{\"@type\":\"ImageObject\",\"@id\":\"https:\/\/www.comercialanma.es\/#logo\",\"inLanguage\":\"es\",\"url\":\"https:\/\/i2.wp.com\/www.comercialanma.es\/wp-content\/uploads\/2019\/06\/logo-anma-color.png?fit=247%2C101&ssl=1\",\"width\":247,\"height\":101,\"caption\":\"Comercial Anma\"},\"image\":{\"@id\":\"https:\/\/www.comercialanma.es\/#logo\"}},{\"@type\":\"WebSite\",\"@id\":\"https:\/\/www.comercialanma.es\/#website\",\"url\":\"https:\/\/www.comercialanma.es\/\",\"name\":\"Comercial de Hosteleria Anma\",\"description\":\"\",\"publisher\":{\"@id\":\"https:\/\/www.comercialanma.es\/#organization\"},\"potentialAction\":[{\"@type\":\"SearchAction\",\"target\":\"https:\/\/www.comercialanma.es\/?s={search_term_string}\",\"query-input\":\"required name=search_term_string\"}],\"inLanguage\":\"es\"},{\"@type\":\"ImageObject\",\"@id\":\"https:\/\/www.comercialanma.es\/?product=bratwurst-subirats#primaryimage\",\"inLanguage\":\"es\",\"url\":\"https:\/\/i2.wp.com\/www.comercialanma.es\/wp-content\/uploads\/2021\/02\/Bratswurt-2-subirats.jpg?fit=1080%2C1080&ssl=1\",\"width\":1080,\"height\":1080},{\"@type\":\"WebPage\",\"@id\":\"https:\/\/www.comercialanma.es\/?product=bratwurst-subirats#webpage\",\"url\":\"https:\/\/www.comercialanma.es\/?product=bratwurst-subirats\",\"name\":\"Frankfurt tipo Bratwurst 2U. Subirats - Comercial de Hosteleria Anma\",\"isPartOf\":{\"@id\":\"https:\/\/www.comercialanma.es\/#website\"},\"primaryImageOfPage\":{\"@id\":\"https:\/\/www.comercialanma.es\/?product=bratwurst-subirats#primaryimage\"},\"datePublished\":\"2021-02-22T11:33:34+00:00\",\"dateModified\":\"2021-09-27T15:18:10+00:00\",\"description\":\"Frankfurt tipo Bratwurst | Subirats | Pack 2U. | 300gr. | Salchicha cocida con prote\\u00edna a\\u00f1adida de la leche.\",\"breadcrumb\":{\"@id\":\"https:\/\/www.comercialanma.es\/?product=bratwurst-subirats#breadcrumb\"},\"inLanguage\":\"es\",\"potentialAction\":[{\"@type\":\"ReadAction\",\"target\":[\"https:\/\/www.comercialanma.es\/?product=bratwurst-subirats\"]}]},{\"@type\":\"BreadcrumbList\",\"@id\":\"https:\/\/www.comercialanma.es\/?product=bratwurst-subirats#breadcrumb\",\"itemListElement\":[{\"@type\":\"ListItem\",\"position\":1,\"item\":{\"@type\":\"WebPage\",\"@id\":\"https:\/\/www.comercialanma.es\/\",\"url\":\"https:\/\/www.comercialanma.es\/\",\"name\":\"Portada\"}},{\"@type\":\"ListItem\",\"position\":2,\"item\":{\"@type\":\"WebPage\",\"@id\":\"https:\/\/www.comercialanma.es\/?page_id=3963\",\"url\":\"https:\/\/www.comercialanma.es\/?page_id=3963\",\"name\":\"Cat\\u00e1logo de Productos\"}},{\"@type\":\"ListItem\",\"position\":3,\"item\":{\"@type\":\"WebPage\",\"@id\":\"https:\/\/www.comercialanma.es\/?product=bratwurst-subirats\",\"url\":\"https:\/\/www.comercialanma.es\/?product=bratwurst-subirats\",\"name\":\"Frankfurt tipo Bratwurst 2U. Subirats\"}}]}]}<\/script>\n<!-- \/ Yoast SEO plugin. -->","_links":{"self":[{"href":"https:\/\/www.comercialanma.es\/index.php?rest_route=\/wp\/v2\/product\/15933"}],"collection":[{"href":"https:\/\/www.comercialanma.es\/index.php?rest_route=\/wp\/v2\/product"}],"about":[{"href":"https:\/\/www.comercialanma.es\/index.php?rest_route=\/wp\/v2\/types\/product"}],"version-history":[{"count":1,"href":"https:\/\/www.comercialanma.es\/index.php?rest_route=\/wp\/v2\/product\/15933\/revisions"}],"predecessor-version":[{"id":15935,"href":"https:\/\/www.comercialanma.es\/index.php?rest_route=\/wp\/v2\/product\/15933\/revisions\/15935"}],"wp:featuredmedia":[{"embeddable":true,"href":"https:\/\/www.comercialanma.es\/index.php?rest_route=\/wp\/v2\/media\/15934"}],"wp:attachment":[{"href":"https:\/\/www.comercialanma.es\/index.php?rest_route=%2Fwp%2Fv2%2Fmedia&parent=15933"}],"curies":[{"name":"wp","href":"https:\/\/api.w.org\/{rel}","templated":true}]}}