
{"id":16118,"date":"2021-03-17T11:22:36","date_gmt":"2021-03-17T10:22:36","guid":{"rendered":"https:\/\/www.comercialanma.es\/?post_type=product&#038;p=16118"},"modified":"2024-04-19T10:12:18","modified_gmt":"2024-04-19T08:12:18","slug":"pocapena-tinto","status":"publish","type":"product","link":"https:\/\/www.comercialanma.es\/?product=pocapena-tinto","title":{"rendered":"Pocapena tinto 75cl."},"content":{"rendered":"<h3>D.O.:<\/h3>\n<ul>\n<li><span class=\"value\">Costers del Segre &#8211; Vall del Corb <\/span><\/li>\n<\/ul>\n<h3>Variedades de uva:<\/h3>\n<ul>\n<li><span lang=\"es\"><span title=\"\">Tempranillo.<\/span><\/span><\/li>\n<\/ul>\n<h3>Graduaci\u00f3n:<\/h3>\n<ul>\n<li>Graduaci\u00f3n: 14,0% vol.<\/li>\n<\/ul>\n<h3>Nota de cata:<\/h3>\n<div id=\"tab_cata_2012\" class=\"tab_content catas_review_container\">\n<ul>\n<li class=\"sp catas_review col-xs-12 nopadding\"><span class=\"cata_content\"><span class=\"value\">Atractivo color rub\u00ed billante, con una moderada intensidad colorante. <\/span><\/span><\/li>\n<li class=\"sp catas_review col-xs-12 nopadding\"><span class=\"cata_content\"><span class=\"value\">En nariz es intenso y decidido, con generosos aromas de fruta roja como la cereza y aromas mas dulces como la vainilla. <\/span><\/span><\/li>\n<li class=\"sp catas_review col-xs-12 nopadding\"><span class=\"cata_content\"><span class=\"value\">Su entrada en boca es sedosa y agradable, con una refinada acideza, gana persistencia a medida que avanza su peso en boca. <\/span><\/span><\/li>\n<\/ul>\n<\/div>\n","protected":false},"excerpt":{"rendered":"<p>Pocapena tinto es una linea de vinos jovenes y sin complejos. En este caso hemos escogido la variedad de uva, Tempranillo, muy presente en la vi\u00f1as de nuestra zona.<\/p>\n<p>La uva, se ha macerado con sus pieles y ha fermentado durante diez dies a T\u00aa controlada entre 23-24\u00baC, en diferentes dep\u00f3sitos de acero inoxidable y segun su procedencia por parcelas. Una vez acabada la fermentaci\u00f3n, se descuban los diferentes dep\u00f3sitos y una vez acabada la segunda fermentaci\u00f3n la malol\u00e1ctica, se han dejado reposar en frio. Despues se han probado todos los dep\u00f3sitos para decidir el mejor cupaje, momento en el qual se ha creado el Pocapena\u00a0y se ha mantenido en dep\u00f3sito, hasta el momento de embotellar.<\/p>\n","protected":false},"featured_media":23708,"template":"","meta":{"spay_email":""},"yoast_head":"<!-- This site is optimized with the Yoast SEO plugin v15.9 - https:\/\/yoast.com\/wordpress\/plugins\/seo\/ -->\n<title>Pocapena tinto 75cl. - Comercial de Hosteleria Anma<\/title>\n<meta name=\"description\" content=\"Vino Pocapena tinto | D.O Costers del Segre | 75cl. | Tempranillo | Pocapena tinto es una linea de vinos jovenes y sin complejos.\" \/>\n<meta name=\"robots\" content=\"index, follow, max-snippet:-1, max-image-preview:large, max-video-preview:-1\" \/>\n<link rel=\"canonical\" href=\"https:\/\/www.comercialanma.es\/?product=pocapena-tinto\" \/>\n<meta property=\"og:locale\" content=\"es_ES\" \/>\n<meta property=\"og:type\" content=\"article\" \/>\n<meta property=\"og:title\" content=\"Pocapena tinto 75cl. - Comercial de Hosteleria Anma\" \/>\n<meta property=\"og:description\" content=\"Vino Pocapena tinto | D.O Costers del Segre | 75cl. | Tempranillo | Pocapena tinto es una linea de vinos jovenes y sin complejos.\" \/>\n<meta property=\"og:url\" content=\"https:\/\/www.comercialanma.es\/?product=pocapena-tinto\" \/>\n<meta property=\"og:site_name\" content=\"Comercial de Hosteleria Anma\" \/>\n<meta property=\"article:publisher\" content=\"https:\/\/www.facebook.com\/AnmaHosteleria\" \/>\n<meta property=\"article:modified_time\" content=\"2024-04-19T08:12:18+00:00\" \/>\n<meta property=\"og:image\" content=\"https:\/\/i0.wp.com\/www.comercialanma.es\/wp-content\/uploads\/2021\/03\/POCAPENA-TINTO.jpg?fit=1080%2C1080&#038;ssl=1\" \/>\n\t<meta property=\"og:image:width\" content=\"1080\" \/>\n\t<meta property=\"og:image:height\" content=\"1080\" \/>\n<meta name=\"twitter:card\" content=\"summary_large_image\" \/>\n<meta name=\"twitter:label1\" content=\"Tiempo de lectura\">\n\t<meta name=\"twitter:data1\" content=\"1 minuto\">\n<script type=\"application\/ld+json\" class=\"yoast-schema-graph\">{\"@context\":\"https:\/\/schema.org\",\"@graph\":[{\"@type\":\"Organization\",\"@id\":\"https:\/\/www.comercialanma.es\/#organization\",\"name\":\"Comercial Anma\",\"url\":\"https:\/\/www.comercialanma.es\/\",\"sameAs\":[\"https:\/\/www.facebook.com\/AnmaHosteleria\",\"https:\/\/www.instagram.com\/anmahosteleria\/?hl=es\",\"https:\/\/www.youtube.com\/channel\/UCT2nmn08Ntks0hmpZPnDgCA\"],\"logo\":{\"@type\":\"ImageObject\",\"@id\":\"https:\/\/www.comercialanma.es\/#logo\",\"inLanguage\":\"es\",\"url\":\"https:\/\/i2.wp.com\/www.comercialanma.es\/wp-content\/uploads\/2019\/06\/logo-anma-color.png?fit=247%2C101&ssl=1\",\"width\":247,\"height\":101,\"caption\":\"Comercial Anma\"},\"image\":{\"@id\":\"https:\/\/www.comercialanma.es\/#logo\"}},{\"@type\":\"WebSite\",\"@id\":\"https:\/\/www.comercialanma.es\/#website\",\"url\":\"https:\/\/www.comercialanma.es\/\",\"name\":\"Comercial de Hosteleria Anma\",\"description\":\"\",\"publisher\":{\"@id\":\"https:\/\/www.comercialanma.es\/#organization\"},\"potentialAction\":[{\"@type\":\"SearchAction\",\"target\":\"https:\/\/www.comercialanma.es\/?s={search_term_string}\",\"query-input\":\"required name=search_term_string\"}],\"inLanguage\":\"es\"},{\"@type\":\"ImageObject\",\"@id\":\"https:\/\/www.comercialanma.es\/?product=pocapena-tinto#primaryimage\",\"inLanguage\":\"es\",\"url\":\"https:\/\/i0.wp.com\/www.comercialanma.es\/wp-content\/uploads\/2021\/03\/POCAPENA-TINTO.jpg?fit=1080%2C1080&ssl=1\",\"width\":1080,\"height\":1080},{\"@type\":\"WebPage\",\"@id\":\"https:\/\/www.comercialanma.es\/?product=pocapena-tinto#webpage\",\"url\":\"https:\/\/www.comercialanma.es\/?product=pocapena-tinto\",\"name\":\"Pocapena tinto 75cl. - Comercial de Hosteleria Anma\",\"isPartOf\":{\"@id\":\"https:\/\/www.comercialanma.es\/#website\"},\"primaryImageOfPage\":{\"@id\":\"https:\/\/www.comercialanma.es\/?product=pocapena-tinto#primaryimage\"},\"datePublished\":\"2021-03-17T10:22:36+00:00\",\"dateModified\":\"2024-04-19T08:12:18+00:00\",\"description\":\"Vino Pocapena tinto | D.O Costers del Segre | 75cl. | Tempranillo | Pocapena tinto es una linea de vinos jovenes y sin complejos.\",\"breadcrumb\":{\"@id\":\"https:\/\/www.comercialanma.es\/?product=pocapena-tinto#breadcrumb\"},\"inLanguage\":\"es\",\"potentialAction\":[{\"@type\":\"ReadAction\",\"target\":[\"https:\/\/www.comercialanma.es\/?product=pocapena-tinto\"]}]},{\"@type\":\"BreadcrumbList\",\"@id\":\"https:\/\/www.comercialanma.es\/?product=pocapena-tinto#breadcrumb\",\"itemListElement\":[{\"@type\":\"ListItem\",\"position\":1,\"item\":{\"@type\":\"WebPage\",\"@id\":\"https:\/\/www.comercialanma.es\/\",\"url\":\"https:\/\/www.comercialanma.es\/\",\"name\":\"Portada\"}},{\"@type\":\"ListItem\",\"position\":2,\"item\":{\"@type\":\"WebPage\",\"@id\":\"https:\/\/www.comercialanma.es\/?page_id=3963\",\"url\":\"https:\/\/www.comercialanma.es\/?page_id=3963\",\"name\":\"Cat\\u00e1logo de Productos\"}},{\"@type\":\"ListItem\",\"position\":3,\"item\":{\"@type\":\"WebPage\",\"@id\":\"https:\/\/www.comercialanma.es\/?product=pocapena-tinto\",\"url\":\"https:\/\/www.comercialanma.es\/?product=pocapena-tinto\",\"name\":\"Pocapena tinto 75cl.\"}}]}]}<\/script>\n<!-- \/ Yoast SEO plugin. -->","_links":{"self":[{"href":"https:\/\/www.comercialanma.es\/index.php?rest_route=\/wp\/v2\/product\/16118"}],"collection":[{"href":"https:\/\/www.comercialanma.es\/index.php?rest_route=\/wp\/v2\/product"}],"about":[{"href":"https:\/\/www.comercialanma.es\/index.php?rest_route=\/wp\/v2\/types\/product"}],"version-history":[{"count":4,"href":"https:\/\/www.comercialanma.es\/index.php?rest_route=\/wp\/v2\/product\/16118\/revisions"}],"predecessor-version":[{"id":23709,"href":"https:\/\/www.comercialanma.es\/index.php?rest_route=\/wp\/v2\/product\/16118\/revisions\/23709"}],"wp:featuredmedia":[{"embeddable":true,"href":"https:\/\/www.comercialanma.es\/index.php?rest_route=\/wp\/v2\/media\/23708"}],"wp:attachment":[{"href":"https:\/\/www.comercialanma.es\/index.php?rest_route=%2Fwp%2Fv2%2Fmedia&parent=16118"}],"curies":[{"name":"wp","href":"https:\/\/api.w.org\/{rel}","templated":true}]}}