
{"id":16132,"date":"2021-03-17T12:07:03","date_gmt":"2021-03-17T11:07:03","guid":{"rendered":"https:\/\/www.comercialanma.es\/?post_type=product&#038;p=16132"},"modified":"2022-04-25T08:59:41","modified_gmt":"2022-04-25T06:59:41","slug":"cava-pocapena","status":"publish","type":"product","link":"https:\/\/www.comercialanma.es\/?product=cava-pocapena","title":{"rendered":"Cava Pocapena Brut Nature 75cl."},"content":{"rendered":"<h3>D.O.:<\/h3>\n<ul>\n<li>Cava<\/li>\n<\/ul>\n<h3>Variedad:<\/h3>\n<ul>\n<li>Macabeo, Parellada, Xarel\u00b7lo<\/li>\n<\/ul>\n<h3>Graduaci\u00f3n:<\/h3>\n<ul>\n<li>Graduaci\u00f3n: 12,0% vol.<\/li>\n<\/ul>\n<h3>Nota de Cata:<\/h3>\n<div class=\"field\">\n<ul>\n<li class=\"field-item odd \"><span class=\"value\">Color amarillo p\u00e1lido, con matices verdosos y con una burbuja viva y fina<\/span><\/li>\n<li class=\"field-item odd \"><span class=\"value\">Destacan los aromas de fruta blanca (pera y manzana \u00e1cida) y c\u00edtricos (lim\u00f3n \u00e1cido) as\u00ed como delicadas notas de flores blancas<\/span><\/li>\n<li class=\"field-item odd \"><span class=\"value\">Es intenso y muy fresco. Presenta una refrescante acidez, un alcohol integrado y un cuerpo firme, que conjuntamente con los aromas a fruta fresca c\u00edtrica y blanca, le confieren una persistencia moderada y sabrosa, que invita a tomar otra copa, sin complicaciones.<\/span><\/li>\n<\/ul>\n<\/div>\n","protected":false},"excerpt":{"rendered":"<p>El vino base del Cava Pocapena Brut Nature fermenta en dep\u00f3sitos de acero inoxidable a una T\u00ba entre 15-17\u00baC.\u00a0 A continuaci\u00f3n se hace un cupaje de las diferentes variedades en un mismo dep\u00f3sito, donde se a\u00f1aden las levaduras y az\u00facar (tirada) para que se pueda hacer la segunda fermentaci\u00f3n en botella. El cava reposa un m\u00ednimo de 15 meses\u00a0 en la bodega, a T\u00aa y humedad controladas.<\/p>\n<p>Cava Pocapena Brut Nature es\u00a0joven, fresco, y desenfadado, ideal para tomarlo en cualquier ocasi\u00f3n.Tiene un color amarillo p\u00e1lido, con matices verdosos y con una burbuja viva y fina, destacando\u00a0los aromas de fruta blanca (pera y manzana \u00e1cida) y c\u00edtricos (lim\u00f3n \u00e1cido) as\u00ed como delicadas notas de flores blancas.<\/p>\n","protected":false},"featured_media":16134,"template":"","meta":{"spay_email":""},"yoast_head":"<!-- This site is optimized with the Yoast SEO plugin v15.9 - https:\/\/yoast.com\/wordpress\/plugins\/seo\/ -->\n<title>Cava Pocapena Brut Nature 75cl. - Comercial de Hosteleria Anma<\/title>\n<meta name=\"description\" content=\"Cava Pocapena | Brut Nature | 75cl.| Macabeu, Xarel.lo y Parellada | Cava Pocapena Brut Nature es\u00a0joven, fresco, y desenfadado.\" \/>\n<meta name=\"robots\" content=\"index, follow, max-snippet:-1, max-image-preview:large, max-video-preview:-1\" \/>\n<link rel=\"canonical\" href=\"https:\/\/www.comercialanma.es\/?product=cava-pocapena\" \/>\n<meta property=\"og:locale\" content=\"es_ES\" \/>\n<meta property=\"og:type\" content=\"article\" \/>\n<meta property=\"og:title\" content=\"Cava Pocapena Brut Nature 75cl. - Comercial de Hosteleria Anma\" \/>\n<meta property=\"og:description\" content=\"Cava Pocapena | Brut Nature | 75cl.| Macabeu, Xarel.lo y Parellada | Cava Pocapena Brut Nature es\u00a0joven, fresco, y desenfadado.\" \/>\n<meta property=\"og:url\" content=\"https:\/\/www.comercialanma.es\/?product=cava-pocapena\" \/>\n<meta property=\"og:site_name\" content=\"Comercial de Hosteleria Anma\" \/>\n<meta property=\"article:publisher\" content=\"https:\/\/www.facebook.com\/AnmaHosteleria\" \/>\n<meta property=\"article:modified_time\" content=\"2022-04-25T06:59:41+00:00\" \/>\n<meta property=\"og:image\" content=\"https:\/\/i1.wp.com\/www.comercialanma.es\/wp-content\/uploads\/2021\/03\/pocapena-cava.jpg?fit=1080%2C1080&#038;ssl=1\" \/>\n\t<meta property=\"og:image:width\" content=\"1080\" \/>\n\t<meta property=\"og:image:height\" content=\"1080\" \/>\n<meta name=\"twitter:card\" content=\"summary_large_image\" \/>\n<meta name=\"twitter:label1\" content=\"Tiempo de lectura\">\n\t<meta name=\"twitter:data1\" content=\"1 minuto\">\n<script type=\"application\/ld+json\" class=\"yoast-schema-graph\">{\"@context\":\"https:\/\/schema.org\",\"@graph\":[{\"@type\":\"Organization\",\"@id\":\"https:\/\/www.comercialanma.es\/#organization\",\"name\":\"Comercial Anma\",\"url\":\"https:\/\/www.comercialanma.es\/\",\"sameAs\":[\"https:\/\/www.facebook.com\/AnmaHosteleria\",\"https:\/\/www.instagram.com\/anmahosteleria\/?hl=es\",\"https:\/\/www.youtube.com\/channel\/UCT2nmn08Ntks0hmpZPnDgCA\"],\"logo\":{\"@type\":\"ImageObject\",\"@id\":\"https:\/\/www.comercialanma.es\/#logo\",\"inLanguage\":\"es\",\"url\":\"https:\/\/i2.wp.com\/www.comercialanma.es\/wp-content\/uploads\/2019\/06\/logo-anma-color.png?fit=247%2C101&ssl=1\",\"width\":247,\"height\":101,\"caption\":\"Comercial Anma\"},\"image\":{\"@id\":\"https:\/\/www.comercialanma.es\/#logo\"}},{\"@type\":\"WebSite\",\"@id\":\"https:\/\/www.comercialanma.es\/#website\",\"url\":\"https:\/\/www.comercialanma.es\/\",\"name\":\"Comercial de Hosteleria Anma\",\"description\":\"\",\"publisher\":{\"@id\":\"https:\/\/www.comercialanma.es\/#organization\"},\"potentialAction\":[{\"@type\":\"SearchAction\",\"target\":\"https:\/\/www.comercialanma.es\/?s={search_term_string}\",\"query-input\":\"required name=search_term_string\"}],\"inLanguage\":\"es\"},{\"@type\":\"ImageObject\",\"@id\":\"https:\/\/www.comercialanma.es\/?product=cava-pocapena#primaryimage\",\"inLanguage\":\"es\",\"url\":\"https:\/\/i1.wp.com\/www.comercialanma.es\/wp-content\/uploads\/2021\/03\/pocapena-cava.jpg?fit=1080%2C1080&ssl=1\",\"width\":1080,\"height\":1080},{\"@type\":\"WebPage\",\"@id\":\"https:\/\/www.comercialanma.es\/?product=cava-pocapena#webpage\",\"url\":\"https:\/\/www.comercialanma.es\/?product=cava-pocapena\",\"name\":\"Cava Pocapena Brut Nature 75cl. - Comercial de Hosteleria Anma\",\"isPartOf\":{\"@id\":\"https:\/\/www.comercialanma.es\/#website\"},\"primaryImageOfPage\":{\"@id\":\"https:\/\/www.comercialanma.es\/?product=cava-pocapena#primaryimage\"},\"datePublished\":\"2021-03-17T11:07:03+00:00\",\"dateModified\":\"2022-04-25T06:59:41+00:00\",\"description\":\"Cava Pocapena | Brut Nature | 75cl.| Macabeu, Xarel.lo y Parellada | Cava Pocapena Brut Nature es\\u00a0joven, fresco, y desenfadado.\",\"breadcrumb\":{\"@id\":\"https:\/\/www.comercialanma.es\/?product=cava-pocapena#breadcrumb\"},\"inLanguage\":\"es\",\"potentialAction\":[{\"@type\":\"ReadAction\",\"target\":[\"https:\/\/www.comercialanma.es\/?product=cava-pocapena\"]}]},{\"@type\":\"BreadcrumbList\",\"@id\":\"https:\/\/www.comercialanma.es\/?product=cava-pocapena#breadcrumb\",\"itemListElement\":[{\"@type\":\"ListItem\",\"position\":1,\"item\":{\"@type\":\"WebPage\",\"@id\":\"https:\/\/www.comercialanma.es\/\",\"url\":\"https:\/\/www.comercialanma.es\/\",\"name\":\"Portada\"}},{\"@type\":\"ListItem\",\"position\":2,\"item\":{\"@type\":\"WebPage\",\"@id\":\"https:\/\/www.comercialanma.es\/?page_id=3963\",\"url\":\"https:\/\/www.comercialanma.es\/?page_id=3963\",\"name\":\"Cat\\u00e1logo de Productos\"}},{\"@type\":\"ListItem\",\"position\":3,\"item\":{\"@type\":\"WebPage\",\"@id\":\"https:\/\/www.comercialanma.es\/?product=cava-pocapena\",\"url\":\"https:\/\/www.comercialanma.es\/?product=cava-pocapena\",\"name\":\"Cava Pocapena Brut Nature 75cl.\"}}]}]}<\/script>\n<!-- \/ Yoast SEO plugin. -->","_links":{"self":[{"href":"https:\/\/www.comercialanma.es\/index.php?rest_route=\/wp\/v2\/product\/16132"}],"collection":[{"href":"https:\/\/www.comercialanma.es\/index.php?rest_route=\/wp\/v2\/product"}],"about":[{"href":"https:\/\/www.comercialanma.es\/index.php?rest_route=\/wp\/v2\/types\/product"}],"version-history":[{"count":1,"href":"https:\/\/www.comercialanma.es\/index.php?rest_route=\/wp\/v2\/product\/16132\/revisions"}],"predecessor-version":[{"id":16133,"href":"https:\/\/www.comercialanma.es\/index.php?rest_route=\/wp\/v2\/product\/16132\/revisions\/16133"}],"wp:featuredmedia":[{"embeddable":true,"href":"https:\/\/www.comercialanma.es\/index.php?rest_route=\/wp\/v2\/media\/16134"}],"wp:attachment":[{"href":"https:\/\/www.comercialanma.es\/index.php?rest_route=%2Fwp%2Fv2%2Fmedia&parent=16132"}],"curies":[{"name":"wp","href":"https:\/\/api.w.org\/{rel}","templated":true}]}}