
{"id":16198,"date":"2021-04-09T15:23:13","date_gmt":"2021-04-09T13:23:13","guid":{"rendered":"https:\/\/www.comercialanma.es\/?post_type=product&#038;p=16198"},"modified":"2021-06-22T16:03:54","modified_gmt":"2021-06-22T14:03:54","slug":"organics-tonic-water","status":"publish","type":"product","link":"https:\/\/www.comercialanma.es\/?product=organics-tonic-water","title":{"rendered":"ORGANICS by Red Bull Tonic Water 250ml. E.R"},"content":{"rendered":"<ul class=\"a-unordered-list a-vertical a-spacing-mini\">\n<li>Con extractos bot\u00e1nicos, quinina y zumo de lim\u00f3n concentrado procedente de la agricultura ecol\u00f3gica<\/li>\n<li><span class=\"a-list-item\">Una arm\u00f3nica combinaci\u00f3n de sabor dulce, fuerte y seco.<\/span><\/li>\n<li><span class=\"a-list-item\"> Autentica Esencia Natural <\/span><\/li>\n<li><span class=\"a-list-item\"> Refresco Bio <\/span><\/li>\n<li><span class=\"a-list-item\"> Con notas arom\u00e1ticas<\/span><\/li>\n<\/ul>\n","protected":false},"excerpt":{"rendered":"<p>ORGANICS Tonic Water | 250ml.| by Red Bull | Envase retornable |<\/p>\n<p>ORGANICS by Red Bull no contiene aromas artificiales, ni conservantes ni ning\u00fan aditivo artificial como el \u00e1cido fosf\u00f3rico, cumpliendo la Regulaci\u00f3n Org\u00e1nica de la EU. <img loading=\"lazy\" class=\"alignnone wp-image-11065\" src=\"http:\/\/www.comercialanma.es\/wp-content\/uploads\/2019\/10\/simbolo-producto-ecologico.jpg\" alt=\"\" width=\"35\" height=\"23\" \/><\/p>\n<p class=\"single-product-stage__title single-product-stage__title--bull\">Una arm\u00f3nica combinaci\u00f3n de sabor dulce, fuerte y seco.<\/p>\n","protected":false},"featured_media":16199,"template":"","meta":{"spay_email":""},"yoast_head":"<!-- This site is optimized with the Yoast SEO plugin v15.9 - https:\/\/yoast.com\/wordpress\/plugins\/seo\/ -->\n<title>ORGANICS by Red Bull Tonic Water 250ml. E.R - Comercial de Hosteleria Anma<\/title>\n<meta name=\"description\" content=\"ORGANICS Tonic Water | 250ml.| by Red Bull | Envase retornable | Una arm\u00f3nica combinaci\u00f3n de sabor dulce, fuerte y seco.\" \/>\n<meta name=\"robots\" content=\"index, follow, max-snippet:-1, max-image-preview:large, max-video-preview:-1\" \/>\n<link rel=\"canonical\" href=\"https:\/\/www.comercialanma.es\/?product=organics-tonic-water\" \/>\n<meta property=\"og:locale\" content=\"es_ES\" \/>\n<meta property=\"og:type\" content=\"article\" \/>\n<meta property=\"og:title\" content=\"ORGANICS by Red Bull Tonic Water 250ml. E.R - Comercial de Hosteleria Anma\" \/>\n<meta property=\"og:description\" content=\"ORGANICS Tonic Water | 250ml.| by Red Bull | Envase retornable | Una arm\u00f3nica combinaci\u00f3n de sabor dulce, fuerte y seco.\" \/>\n<meta property=\"og:url\" content=\"https:\/\/www.comercialanma.es\/?product=organics-tonic-water\" \/>\n<meta property=\"og:site_name\" content=\"Comercial de Hosteleria Anma\" \/>\n<meta property=\"article:publisher\" content=\"https:\/\/www.facebook.com\/AnmaHosteleria\" \/>\n<meta property=\"article:modified_time\" content=\"2021-06-22T14:03:54+00:00\" \/>\n<meta property=\"og:image\" content=\"https:\/\/i2.wp.com\/www.comercialanma.es\/wp-content\/uploads\/2021\/04\/ORGANICS-TONIC-WATER-250ML.jpg?fit=1080%2C1080&#038;ssl=1\" \/>\n\t<meta property=\"og:image:width\" content=\"1080\" \/>\n\t<meta property=\"og:image:height\" content=\"1080\" \/>\n<meta name=\"twitter:card\" content=\"summary_large_image\" \/>\n<meta name=\"twitter:label1\" content=\"Tiempo de lectura\">\n\t<meta name=\"twitter:data1\" content=\"1 minuto\">\n<script type=\"application\/ld+json\" class=\"yoast-schema-graph\">{\"@context\":\"https:\/\/schema.org\",\"@graph\":[{\"@type\":\"Organization\",\"@id\":\"https:\/\/www.comercialanma.es\/#organization\",\"name\":\"Comercial Anma\",\"url\":\"https:\/\/www.comercialanma.es\/\",\"sameAs\":[\"https:\/\/www.facebook.com\/AnmaHosteleria\",\"https:\/\/www.instagram.com\/anmahosteleria\/?hl=es\",\"https:\/\/www.youtube.com\/channel\/UCT2nmn08Ntks0hmpZPnDgCA\"],\"logo\":{\"@type\":\"ImageObject\",\"@id\":\"https:\/\/www.comercialanma.es\/#logo\",\"inLanguage\":\"es\",\"url\":\"https:\/\/i2.wp.com\/www.comercialanma.es\/wp-content\/uploads\/2019\/06\/logo-anma-color.png?fit=247%2C101&ssl=1\",\"width\":247,\"height\":101,\"caption\":\"Comercial Anma\"},\"image\":{\"@id\":\"https:\/\/www.comercialanma.es\/#logo\"}},{\"@type\":\"WebSite\",\"@id\":\"https:\/\/www.comercialanma.es\/#website\",\"url\":\"https:\/\/www.comercialanma.es\/\",\"name\":\"Comercial de Hosteleria Anma\",\"description\":\"\",\"publisher\":{\"@id\":\"https:\/\/www.comercialanma.es\/#organization\"},\"potentialAction\":[{\"@type\":\"SearchAction\",\"target\":\"https:\/\/www.comercialanma.es\/?s={search_term_string}\",\"query-input\":\"required name=search_term_string\"}],\"inLanguage\":\"es\"},{\"@type\":\"ImageObject\",\"@id\":\"https:\/\/www.comercialanma.es\/?product=organics-tonic-water#primaryimage\",\"inLanguage\":\"es\",\"url\":\"https:\/\/i2.wp.com\/www.comercialanma.es\/wp-content\/uploads\/2021\/04\/ORGANICS-TONIC-WATER-250ML.jpg?fit=1080%2C1080&ssl=1\",\"width\":1080,\"height\":1080},{\"@type\":\"WebPage\",\"@id\":\"https:\/\/www.comercialanma.es\/?product=organics-tonic-water#webpage\",\"url\":\"https:\/\/www.comercialanma.es\/?product=organics-tonic-water\",\"name\":\"ORGANICS by Red Bull Tonic Water 250ml. E.R - Comercial de Hosteleria Anma\",\"isPartOf\":{\"@id\":\"https:\/\/www.comercialanma.es\/#website\"},\"primaryImageOfPage\":{\"@id\":\"https:\/\/www.comercialanma.es\/?product=organics-tonic-water#primaryimage\"},\"datePublished\":\"2021-04-09T13:23:13+00:00\",\"dateModified\":\"2021-06-22T14:03:54+00:00\",\"description\":\"ORGANICS Tonic Water | 250ml.| by Red Bull | Envase retornable | Una arm\\u00f3nica combinaci\\u00f3n de sabor dulce, fuerte y seco.\",\"breadcrumb\":{\"@id\":\"https:\/\/www.comercialanma.es\/?product=organics-tonic-water#breadcrumb\"},\"inLanguage\":\"es\",\"potentialAction\":[{\"@type\":\"ReadAction\",\"target\":[\"https:\/\/www.comercialanma.es\/?product=organics-tonic-water\"]}]},{\"@type\":\"BreadcrumbList\",\"@id\":\"https:\/\/www.comercialanma.es\/?product=organics-tonic-water#breadcrumb\",\"itemListElement\":[{\"@type\":\"ListItem\",\"position\":1,\"item\":{\"@type\":\"WebPage\",\"@id\":\"https:\/\/www.comercialanma.es\/\",\"url\":\"https:\/\/www.comercialanma.es\/\",\"name\":\"Portada\"}},{\"@type\":\"ListItem\",\"position\":2,\"item\":{\"@type\":\"WebPage\",\"@id\":\"https:\/\/www.comercialanma.es\/?page_id=3963\",\"url\":\"https:\/\/www.comercialanma.es\/?page_id=3963\",\"name\":\"Cat\\u00e1logo de Productos\"}},{\"@type\":\"ListItem\",\"position\":3,\"item\":{\"@type\":\"WebPage\",\"@id\":\"https:\/\/www.comercialanma.es\/?product=organics-tonic-water\",\"url\":\"https:\/\/www.comercialanma.es\/?product=organics-tonic-water\",\"name\":\"ORGANICS by Red Bull Tonic Water 250ml. E.R\"}}]}]}<\/script>\n<!-- \/ Yoast SEO plugin. -->","_links":{"self":[{"href":"https:\/\/www.comercialanma.es\/index.php?rest_route=\/wp\/v2\/product\/16198"}],"collection":[{"href":"https:\/\/www.comercialanma.es\/index.php?rest_route=\/wp\/v2\/product"}],"about":[{"href":"https:\/\/www.comercialanma.es\/index.php?rest_route=\/wp\/v2\/types\/product"}],"version-history":[{"count":3,"href":"https:\/\/www.comercialanma.es\/index.php?rest_route=\/wp\/v2\/product\/16198\/revisions"}],"predecessor-version":[{"id":16202,"href":"https:\/\/www.comercialanma.es\/index.php?rest_route=\/wp\/v2\/product\/16198\/revisions\/16202"}],"wp:featuredmedia":[{"embeddable":true,"href":"https:\/\/www.comercialanma.es\/index.php?rest_route=\/wp\/v2\/media\/16199"}],"wp:attachment":[{"href":"https:\/\/www.comercialanma.es\/index.php?rest_route=%2Fwp%2Fv2%2Fmedia&parent=16198"}],"curies":[{"name":"wp","href":"https:\/\/api.w.org\/{rel}","templated":true}]}}