
{"id":16366,"date":"2021-05-06T12:15:11","date_gmt":"2021-05-06T10:15:11","guid":{"rendered":"https:\/\/www.comercialanma.es\/?post_type=product&#038;p=16366"},"modified":"2021-05-06T12:34:33","modified_gmt":"2021-05-06T10:34:33","slug":"hendrik-lunar","status":"publish","type":"product","link":"https:\/\/www.comercialanma.es\/?product=hendrik-lunar","title":{"rendered":"Ginebra Hendrik\u00b4s Lunar 70cl."},"content":{"rendered":"<h3>Notas de cata:<\/h3>\n<ul>\n<li>Es refrescante con una complejidad seductora y una deliciosa calidez, se comprueba cuando es saboreada.<\/li>\n<li>Es \u00fanica para degustar una puesta de sol o para saborearla de noche, mientras te atrapa el magnetismo de la luna y la belleza de la c\u00fapula celeste.<\/li>\n<\/ul>\n","protected":false},"excerpt":{"rendered":"<p><strong>Gin Hendricks Lunar<\/strong>\u00a0es la ultima creaci\u00f3n de Hendricks, una ginebra Premium\u00a0muy peculiar y diferente. Elaborada con flores que florecen bajo la luz de la luna.<\/p>\n<p>Hendrick\u2019s Lunar es el nuevo lanzamiento del gabinete de curiosidades de la maestra destiladora Lesley Gracie.\u00a0 La inspiraci\u00f3n golpe\u00f3 a la Sra. Lesley Gracie al amparo de la luz de la luna, mientras se permit\u00eda un poco de jardiner\u00eda bot\u00e1nica a medianoche en sus amados invernaderos en el Hendrick\u2019s Gin Palace en Girvan, Escocia.<\/p>\n<p>Con esas flores que s\u00f3lo florecen bajo la luz de la Luna y que desprenden un aroma \u00fanico y encantador, Lesley creo Lunar Gin.<br \/>\nHendrick\u2019s Lunar es una ginebra muy peculiar e inusual, muy diferente a cualquier otra.<\/p>\n","protected":false},"featured_media":16367,"template":"","meta":{"spay_email":""},"yoast_head":"<!-- This site is optimized with the Yoast SEO plugin v15.9 - https:\/\/yoast.com\/wordpress\/plugins\/seo\/ -->\n<title>Ginebra Hendrik\u00b4s Lunar 70cl. - Comercial de Hosteleria Anma<\/title>\n<meta name=\"description\" content=\"Ginebra Hendrik\u00b4s Lunar | 70cl. | La \u00faltima creaci\u00f3n de Hendricks. Elaborada con flores que florecen bajo la luz de la luna.\" \/>\n<meta name=\"robots\" content=\"index, follow, max-snippet:-1, max-image-preview:large, max-video-preview:-1\" \/>\n<link rel=\"canonical\" href=\"https:\/\/www.comercialanma.es\/?product=hendrik-lunar\" \/>\n<meta property=\"og:locale\" content=\"es_ES\" \/>\n<meta property=\"og:type\" content=\"article\" \/>\n<meta property=\"og:title\" content=\"Ginebra Hendrik\u00b4s Lunar 70cl. - Comercial de Hosteleria Anma\" \/>\n<meta property=\"og:description\" content=\"Ginebra Hendrik\u00b4s Lunar | 70cl. | La \u00faltima creaci\u00f3n de Hendricks. Elaborada con flores que florecen bajo la luz de la luna.\" \/>\n<meta property=\"og:url\" content=\"https:\/\/www.comercialanma.es\/?product=hendrik-lunar\" \/>\n<meta property=\"og:site_name\" content=\"Comercial de Hosteleria Anma\" \/>\n<meta property=\"article:publisher\" content=\"https:\/\/www.facebook.com\/AnmaHosteleria\" \/>\n<meta property=\"article:modified_time\" content=\"2021-05-06T10:34:33+00:00\" \/>\n<meta property=\"og:image\" content=\"https:\/\/i1.wp.com\/www.comercialanma.es\/wp-content\/uploads\/2021\/05\/HENDRIKS-LUNAR.jpg?fit=1080%2C1080&#038;ssl=1\" \/>\n\t<meta property=\"og:image:width\" content=\"1080\" \/>\n\t<meta property=\"og:image:height\" content=\"1080\" \/>\n<meta name=\"twitter:card\" content=\"summary_large_image\" \/>\n<meta name=\"twitter:label1\" content=\"Tiempo de lectura\">\n\t<meta name=\"twitter:data1\" content=\"1 minuto\">\n<script type=\"application\/ld+json\" class=\"yoast-schema-graph\">{\"@context\":\"https:\/\/schema.org\",\"@graph\":[{\"@type\":\"Organization\",\"@id\":\"https:\/\/www.comercialanma.es\/#organization\",\"name\":\"Comercial Anma\",\"url\":\"https:\/\/www.comercialanma.es\/\",\"sameAs\":[\"https:\/\/www.facebook.com\/AnmaHosteleria\",\"https:\/\/www.instagram.com\/anmahosteleria\/?hl=es\",\"https:\/\/www.youtube.com\/channel\/UCT2nmn08Ntks0hmpZPnDgCA\"],\"logo\":{\"@type\":\"ImageObject\",\"@id\":\"https:\/\/www.comercialanma.es\/#logo\",\"inLanguage\":\"es\",\"url\":\"https:\/\/i2.wp.com\/www.comercialanma.es\/wp-content\/uploads\/2019\/06\/logo-anma-color.png?fit=247%2C101&ssl=1\",\"width\":247,\"height\":101,\"caption\":\"Comercial Anma\"},\"image\":{\"@id\":\"https:\/\/www.comercialanma.es\/#logo\"}},{\"@type\":\"WebSite\",\"@id\":\"https:\/\/www.comercialanma.es\/#website\",\"url\":\"https:\/\/www.comercialanma.es\/\",\"name\":\"Comercial de Hosteleria Anma\",\"description\":\"\",\"publisher\":{\"@id\":\"https:\/\/www.comercialanma.es\/#organization\"},\"potentialAction\":[{\"@type\":\"SearchAction\",\"target\":\"https:\/\/www.comercialanma.es\/?s={search_term_string}\",\"query-input\":\"required name=search_term_string\"}],\"inLanguage\":\"es\"},{\"@type\":\"ImageObject\",\"@id\":\"https:\/\/www.comercialanma.es\/?product=hendrik-lunar#primaryimage\",\"inLanguage\":\"es\",\"url\":\"https:\/\/i1.wp.com\/www.comercialanma.es\/wp-content\/uploads\/2021\/05\/HENDRIKS-LUNAR.jpg?fit=1080%2C1080&ssl=1\",\"width\":1080,\"height\":1080},{\"@type\":\"WebPage\",\"@id\":\"https:\/\/www.comercialanma.es\/?product=hendrik-lunar#webpage\",\"url\":\"https:\/\/www.comercialanma.es\/?product=hendrik-lunar\",\"name\":\"Ginebra Hendrik\\u00b4s Lunar 70cl. - Comercial de Hosteleria Anma\",\"isPartOf\":{\"@id\":\"https:\/\/www.comercialanma.es\/#website\"},\"primaryImageOfPage\":{\"@id\":\"https:\/\/www.comercialanma.es\/?product=hendrik-lunar#primaryimage\"},\"datePublished\":\"2021-05-06T10:15:11+00:00\",\"dateModified\":\"2021-05-06T10:34:33+00:00\",\"description\":\"Ginebra Hendrik\\u00b4s Lunar | 70cl. | La \\u00faltima creaci\\u00f3n de Hendricks. Elaborada con flores que florecen bajo la luz de la luna.\",\"breadcrumb\":{\"@id\":\"https:\/\/www.comercialanma.es\/?product=hendrik-lunar#breadcrumb\"},\"inLanguage\":\"es\",\"potentialAction\":[{\"@type\":\"ReadAction\",\"target\":[\"https:\/\/www.comercialanma.es\/?product=hendrik-lunar\"]}]},{\"@type\":\"BreadcrumbList\",\"@id\":\"https:\/\/www.comercialanma.es\/?product=hendrik-lunar#breadcrumb\",\"itemListElement\":[{\"@type\":\"ListItem\",\"position\":1,\"item\":{\"@type\":\"WebPage\",\"@id\":\"https:\/\/www.comercialanma.es\/\",\"url\":\"https:\/\/www.comercialanma.es\/\",\"name\":\"Portada\"}},{\"@type\":\"ListItem\",\"position\":2,\"item\":{\"@type\":\"WebPage\",\"@id\":\"https:\/\/www.comercialanma.es\/?page_id=3963\",\"url\":\"https:\/\/www.comercialanma.es\/?page_id=3963\",\"name\":\"Cat\\u00e1logo de Productos\"}},{\"@type\":\"ListItem\",\"position\":3,\"item\":{\"@type\":\"WebPage\",\"@id\":\"https:\/\/www.comercialanma.es\/?product=hendrik-lunar\",\"url\":\"https:\/\/www.comercialanma.es\/?product=hendrik-lunar\",\"name\":\"Ginebra Hendrik\\u00b4s Lunar 70cl.\"}}]}]}<\/script>\n<!-- \/ Yoast SEO plugin. -->","_links":{"self":[{"href":"https:\/\/www.comercialanma.es\/index.php?rest_route=\/wp\/v2\/product\/16366"}],"collection":[{"href":"https:\/\/www.comercialanma.es\/index.php?rest_route=\/wp\/v2\/product"}],"about":[{"href":"https:\/\/www.comercialanma.es\/index.php?rest_route=\/wp\/v2\/types\/product"}],"version-history":[{"count":1,"href":"https:\/\/www.comercialanma.es\/index.php?rest_route=\/wp\/v2\/product\/16366\/revisions"}],"predecessor-version":[{"id":16368,"href":"https:\/\/www.comercialanma.es\/index.php?rest_route=\/wp\/v2\/product\/16366\/revisions\/16368"}],"wp:featuredmedia":[{"embeddable":true,"href":"https:\/\/www.comercialanma.es\/index.php?rest_route=\/wp\/v2\/media\/16367"}],"wp:attachment":[{"href":"https:\/\/www.comercialanma.es\/index.php?rest_route=%2Fwp%2Fv2%2Fmedia&parent=16366"}],"curies":[{"name":"wp","href":"https:\/\/api.w.org\/{rel}","templated":true}]}}