
{"id":16385,"date":"2021-05-13T13:00:40","date_gmt":"2021-05-13T11:00:40","guid":{"rendered":"https:\/\/www.comercialanma.es\/?post_type=product&#038;p=16385"},"modified":"2021-06-18T12:07:53","modified_gmt":"2021-06-18T10:07:53","slug":"amaretto-villa","status":"publish","type":"product","link":"https:\/\/www.comercialanma.es\/?product=amaretto-villa","title":{"rendered":"Amaretto Villamassa 70cl."},"content":{"rendered":"<h3>Nota de cata:<\/h3>\n<ul>\n<li>Villa Massa Amaretto es un delicioso licor dulce y suave, que se caracteriza por un aroma sabroso con notas de mazap\u00e1n en la nariz y un regusto intenso y duradero de almendra.<\/li>\n<li>Toques de vainilla, cereza y cacao en el paladar.<\/li>\n<li>Un perfecto equilibrio entre el dulzor y los sabores de almendra amarga.<\/li>\n<\/ul>\n<h3>Graduaci\u00f3n:<\/h3>\n<ul>\n<li>30% Vol.<\/li>\n<\/ul>\n","protected":false},"excerpt":{"rendered":"<p>Amaretto Villamassa | 70cl. | Un licor de almendras suave y deliciosamente dulce, elaborada con aut\u00e9nticas almendras de sicilia.<\/p>\n<p>Sicilia, la isla m\u00e1s grande del Mediterr\u00e1neo, combina perfectamente la mezcla de temperaturas c\u00e1lidas y sol durante todo el a\u00f1o, con una f\u00e9rtil tierra volc\u00e1nica. Esta es la raz\u00f3n por la que se producen unas almendras \u00fanicas por su gusto y sabor.<\/p>\n<p>Las almendras sicilianas se caracterizan tambi\u00e9n por su c\u00e1scara gruesa y le\u00f1osa que les proporciona un embalaje natural. Esta c\u00e1scara protege la almendra del exterior, conservando el intenso sabor y aroma del fruto interior.<\/p>\n<p>&nbsp;<\/p>\n","protected":false},"featured_media":16386,"template":"","meta":{"spay_email":""},"yoast_head":"<!-- This site is optimized with the Yoast SEO plugin v15.9 - https:\/\/yoast.com\/wordpress\/plugins\/seo\/ -->\n<title>Amaretto Villamassa 70cl. - Comercial de Hosteleria Anma<\/title>\n<meta name=\"description\" content=\"Amaretto Villamassa | 70cl. | Un licor de almendras suave y deliciosamente dulce, elaborada con aut\u00e9nticas almendras de sicilia.\" \/>\n<meta name=\"robots\" content=\"index, follow, max-snippet:-1, max-image-preview:large, max-video-preview:-1\" \/>\n<link rel=\"canonical\" href=\"https:\/\/www.comercialanma.es\/?product=amaretto-villa\" \/>\n<meta property=\"og:locale\" content=\"es_ES\" \/>\n<meta property=\"og:type\" content=\"article\" \/>\n<meta property=\"og:title\" content=\"Amaretto Villamassa 70cl. - Comercial de Hosteleria Anma\" \/>\n<meta property=\"og:description\" content=\"Amaretto Villamassa | 70cl. | Un licor de almendras suave y deliciosamente dulce, elaborada con aut\u00e9nticas almendras de sicilia.\" \/>\n<meta property=\"og:url\" content=\"https:\/\/www.comercialanma.es\/?product=amaretto-villa\" \/>\n<meta property=\"og:site_name\" content=\"Comercial de Hosteleria Anma\" \/>\n<meta property=\"article:publisher\" content=\"https:\/\/www.facebook.com\/AnmaHosteleria\" \/>\n<meta property=\"article:modified_time\" content=\"2021-06-18T10:07:53+00:00\" \/>\n<meta property=\"og:image\" content=\"https:\/\/i2.wp.com\/www.comercialanma.es\/wp-content\/uploads\/2021\/05\/Amaretto-Villamasa.jpg?fit=1080%2C1080&#038;ssl=1\" \/>\n\t<meta property=\"og:image:width\" content=\"1080\" \/>\n\t<meta property=\"og:image:height\" content=\"1080\" \/>\n<meta name=\"twitter:card\" content=\"summary_large_image\" \/>\n<meta name=\"twitter:label1\" content=\"Tiempo de lectura\">\n\t<meta name=\"twitter:data1\" content=\"1 minuto\">\n<script type=\"application\/ld+json\" class=\"yoast-schema-graph\">{\"@context\":\"https:\/\/schema.org\",\"@graph\":[{\"@type\":\"Organization\",\"@id\":\"https:\/\/www.comercialanma.es\/#organization\",\"name\":\"Comercial Anma\",\"url\":\"https:\/\/www.comercialanma.es\/\",\"sameAs\":[\"https:\/\/www.facebook.com\/AnmaHosteleria\",\"https:\/\/www.instagram.com\/anmahosteleria\/?hl=es\",\"https:\/\/www.youtube.com\/channel\/UCT2nmn08Ntks0hmpZPnDgCA\"],\"logo\":{\"@type\":\"ImageObject\",\"@id\":\"https:\/\/www.comercialanma.es\/#logo\",\"inLanguage\":\"es\",\"url\":\"https:\/\/i2.wp.com\/www.comercialanma.es\/wp-content\/uploads\/2019\/06\/logo-anma-color.png?fit=247%2C101&ssl=1\",\"width\":247,\"height\":101,\"caption\":\"Comercial Anma\"},\"image\":{\"@id\":\"https:\/\/www.comercialanma.es\/#logo\"}},{\"@type\":\"WebSite\",\"@id\":\"https:\/\/www.comercialanma.es\/#website\",\"url\":\"https:\/\/www.comercialanma.es\/\",\"name\":\"Comercial de Hosteleria Anma\",\"description\":\"\",\"publisher\":{\"@id\":\"https:\/\/www.comercialanma.es\/#organization\"},\"potentialAction\":[{\"@type\":\"SearchAction\",\"target\":\"https:\/\/www.comercialanma.es\/?s={search_term_string}\",\"query-input\":\"required name=search_term_string\"}],\"inLanguage\":\"es\"},{\"@type\":\"ImageObject\",\"@id\":\"https:\/\/www.comercialanma.es\/?product=amaretto-villa#primaryimage\",\"inLanguage\":\"es\",\"url\":\"https:\/\/i2.wp.com\/www.comercialanma.es\/wp-content\/uploads\/2021\/05\/Amaretto-Villamasa.jpg?fit=1080%2C1080&ssl=1\",\"width\":1080,\"height\":1080},{\"@type\":\"WebPage\",\"@id\":\"https:\/\/www.comercialanma.es\/?product=amaretto-villa#webpage\",\"url\":\"https:\/\/www.comercialanma.es\/?product=amaretto-villa\",\"name\":\"Amaretto Villamassa 70cl. - Comercial de Hosteleria Anma\",\"isPartOf\":{\"@id\":\"https:\/\/www.comercialanma.es\/#website\"},\"primaryImageOfPage\":{\"@id\":\"https:\/\/www.comercialanma.es\/?product=amaretto-villa#primaryimage\"},\"datePublished\":\"2021-05-13T11:00:40+00:00\",\"dateModified\":\"2021-06-18T10:07:53+00:00\",\"description\":\"Amaretto Villamassa | 70cl. | Un licor de almendras suave y deliciosamente dulce, elaborada con aut\\u00e9nticas almendras de sicilia.\",\"breadcrumb\":{\"@id\":\"https:\/\/www.comercialanma.es\/?product=amaretto-villa#breadcrumb\"},\"inLanguage\":\"es\",\"potentialAction\":[{\"@type\":\"ReadAction\",\"target\":[\"https:\/\/www.comercialanma.es\/?product=amaretto-villa\"]}]},{\"@type\":\"BreadcrumbList\",\"@id\":\"https:\/\/www.comercialanma.es\/?product=amaretto-villa#breadcrumb\",\"itemListElement\":[{\"@type\":\"ListItem\",\"position\":1,\"item\":{\"@type\":\"WebPage\",\"@id\":\"https:\/\/www.comercialanma.es\/\",\"url\":\"https:\/\/www.comercialanma.es\/\",\"name\":\"Portada\"}},{\"@type\":\"ListItem\",\"position\":2,\"item\":{\"@type\":\"WebPage\",\"@id\":\"https:\/\/www.comercialanma.es\/?page_id=3963\",\"url\":\"https:\/\/www.comercialanma.es\/?page_id=3963\",\"name\":\"Cat\\u00e1logo de Productos\"}},{\"@type\":\"ListItem\",\"position\":3,\"item\":{\"@type\":\"WebPage\",\"@id\":\"https:\/\/www.comercialanma.es\/?product=amaretto-villa\",\"url\":\"https:\/\/www.comercialanma.es\/?product=amaretto-villa\",\"name\":\"Amaretto Villamassa 70cl.\"}}]}]}<\/script>\n<!-- \/ Yoast SEO plugin. -->","_links":{"self":[{"href":"https:\/\/www.comercialanma.es\/index.php?rest_route=\/wp\/v2\/product\/16385"}],"collection":[{"href":"https:\/\/www.comercialanma.es\/index.php?rest_route=\/wp\/v2\/product"}],"about":[{"href":"https:\/\/www.comercialanma.es\/index.php?rest_route=\/wp\/v2\/types\/product"}],"version-history":[{"count":2,"href":"https:\/\/www.comercialanma.es\/index.php?rest_route=\/wp\/v2\/product\/16385\/revisions"}],"predecessor-version":[{"id":16803,"href":"https:\/\/www.comercialanma.es\/index.php?rest_route=\/wp\/v2\/product\/16385\/revisions\/16803"}],"wp:featuredmedia":[{"embeddable":true,"href":"https:\/\/www.comercialanma.es\/index.php?rest_route=\/wp\/v2\/media\/16386"}],"wp:attachment":[{"href":"https:\/\/www.comercialanma.es\/index.php?rest_route=%2Fwp%2Fv2%2Fmedia&parent=16385"}],"curies":[{"name":"wp","href":"https:\/\/api.w.org\/{rel}","templated":true}]}}