
{"id":16388,"date":"2021-05-13T16:20:06","date_gmt":"2021-05-13T14:20:06","guid":{"rendered":"https:\/\/www.comercialanma.es\/?post_type=product&#038;p=16388"},"modified":"2021-06-17T10:35:27","modified_gmt":"2021-06-17T08:35:27","slug":"bandeja-camarero","status":"publish","type":"product","link":"https:\/\/www.comercialanma.es\/?product=bandeja-camarero","title":{"rendered":"Bandeja camarero antideslizante Fiberglass 40cm."},"content":{"rendered":"<section class=\"content\">\n<ul class=\"keyFeatures__wrapper__list\">\n<li class=\"product-brand ng-star-inserted\">Fabricante: <span class=\"product-brand__name\">Supreminox<\/span><\/li>\n<li class=\"ng-star-inserted\"><span class=\"ng-star-inserted\"> Color<\/span>: <span class=\"ng-star-inserted\">Negro<\/span><\/li>\n<li class=\"ng-star-inserted\"><span class=\"ng-star-inserted\"> Material<\/span>: <span class=\"ng-star-inserted\">Fiberglass<\/span><\/li>\n<li class=\"ng-star-inserted\"><span class=\"ng-star-inserted\"> Dimensiones del producto\u00a0 40cm.<\/span><\/li>\n<\/ul>\n<\/section>\n","protected":false},"excerpt":{"rendered":"<div class=\"field field-name-body field-type-text-with-summary field-label-hidden\">\n<div class=\"field-items\">\n<div class=\"field-item even\">\n<p>Escurrefritos con bandeja de 40cm<\/p>\n<div class=\"txtCaract\">\n<p>Bandeja camarero antideslizante negra modelo Fiberglass de Supreminox de 40cm.<\/p>\n<p>Su efecto antideslizante evita que se resbalen con facilidad en el ajetreo del trabajo diario y, en el caso de que caigan, su efecto es mucho m\u00e1s reducido del que nos tiene acostumbrados este menaje.<br \/>\nPor una parte, se reduce considerablemente el estr\u00e9pito que causan al caer las bandejas fabricadas con acero inoxidable. Adem\u00e1s, su durabilidad aumenta considerablementeen todos los sentidos ya que la fibra de vidrio hace que sea muy dif\u00edcil que se abollen.<br \/>\nEste menaje ni se dobla, ni se rompe. Sus cualidades no dejan indiferente. Es m\u00e1s, ser\u00e1 utilizarla y sorprenderte.<\/p>\n<\/div>\n<p><span class=\"product__description__content product__description__content__box\">\u00a0<\/span><\/p>\n<\/div>\n<\/div>\n<\/div>\n<p>&nbsp;<\/p>\n","protected":false},"featured_media":16389,"template":"","meta":{"spay_email":""},"yoast_head":"<!-- This site is optimized with the Yoast SEO plugin v15.9 - https:\/\/yoast.com\/wordpress\/plugins\/seo\/ -->\n<title>Bandeja camarero antideslizante Fiberglass 40cm. - Comercial de Hosteleria Anma<\/title>\n<meta name=\"description\" content=\"Bandeja camarero antideslizante negra modelo Fiberglass de Supreminox| 40cm. | efecto antideslizante. Alta durabilidad.\" \/>\n<meta name=\"robots\" content=\"index, follow, max-snippet:-1, max-image-preview:large, max-video-preview:-1\" \/>\n<link rel=\"canonical\" href=\"https:\/\/www.comercialanma.es\/?product=bandeja-camarero\" \/>\n<meta property=\"og:locale\" content=\"es_ES\" \/>\n<meta property=\"og:type\" content=\"article\" \/>\n<meta property=\"og:title\" content=\"Bandeja camarero antideslizante Fiberglass 40cm. - Comercial de Hosteleria Anma\" \/>\n<meta property=\"og:description\" content=\"Bandeja camarero antideslizante negra modelo Fiberglass de Supreminox| 40cm. | efecto antideslizante. Alta durabilidad.\" \/>\n<meta property=\"og:url\" content=\"https:\/\/www.comercialanma.es\/?product=bandeja-camarero\" \/>\n<meta property=\"og:site_name\" content=\"Comercial de Hosteleria Anma\" \/>\n<meta property=\"article:publisher\" content=\"https:\/\/www.facebook.com\/AnmaHosteleria\" \/>\n<meta property=\"article:modified_time\" content=\"2021-06-17T08:35:27+00:00\" \/>\n<meta property=\"og:image\" content=\"https:\/\/i2.wp.com\/www.comercialanma.es\/wp-content\/uploads\/2021\/05\/bandeja-camarero.jpg?fit=1080%2C1080&#038;ssl=1\" \/>\n\t<meta property=\"og:image:width\" content=\"1080\" \/>\n\t<meta property=\"og:image:height\" content=\"1080\" \/>\n<meta name=\"twitter:card\" content=\"summary_large_image\" \/>\n<meta name=\"twitter:label1\" content=\"Tiempo de lectura\">\n\t<meta name=\"twitter:data1\" content=\"1 minuto\">\n<script type=\"application\/ld+json\" class=\"yoast-schema-graph\">{\"@context\":\"https:\/\/schema.org\",\"@graph\":[{\"@type\":\"Organization\",\"@id\":\"https:\/\/www.comercialanma.es\/#organization\",\"name\":\"Comercial Anma\",\"url\":\"https:\/\/www.comercialanma.es\/\",\"sameAs\":[\"https:\/\/www.facebook.com\/AnmaHosteleria\",\"https:\/\/www.instagram.com\/anmahosteleria\/?hl=es\",\"https:\/\/www.youtube.com\/channel\/UCT2nmn08Ntks0hmpZPnDgCA\"],\"logo\":{\"@type\":\"ImageObject\",\"@id\":\"https:\/\/www.comercialanma.es\/#logo\",\"inLanguage\":\"es\",\"url\":\"https:\/\/i2.wp.com\/www.comercialanma.es\/wp-content\/uploads\/2019\/06\/logo-anma-color.png?fit=247%2C101&ssl=1\",\"width\":247,\"height\":101,\"caption\":\"Comercial Anma\"},\"image\":{\"@id\":\"https:\/\/www.comercialanma.es\/#logo\"}},{\"@type\":\"WebSite\",\"@id\":\"https:\/\/www.comercialanma.es\/#website\",\"url\":\"https:\/\/www.comercialanma.es\/\",\"name\":\"Comercial de Hosteleria Anma\",\"description\":\"\",\"publisher\":{\"@id\":\"https:\/\/www.comercialanma.es\/#organization\"},\"potentialAction\":[{\"@type\":\"SearchAction\",\"target\":\"https:\/\/www.comercialanma.es\/?s={search_term_string}\",\"query-input\":\"required name=search_term_string\"}],\"inLanguage\":\"es\"},{\"@type\":\"ImageObject\",\"@id\":\"https:\/\/www.comercialanma.es\/?product=bandeja-camarero#primaryimage\",\"inLanguage\":\"es\",\"url\":\"https:\/\/i2.wp.com\/www.comercialanma.es\/wp-content\/uploads\/2021\/05\/bandeja-camarero.jpg?fit=1080%2C1080&ssl=1\",\"width\":1080,\"height\":1080},{\"@type\":\"WebPage\",\"@id\":\"https:\/\/www.comercialanma.es\/?product=bandeja-camarero#webpage\",\"url\":\"https:\/\/www.comercialanma.es\/?product=bandeja-camarero\",\"name\":\"Bandeja camarero antideslizante Fiberglass 40cm. - Comercial de Hosteleria Anma\",\"isPartOf\":{\"@id\":\"https:\/\/www.comercialanma.es\/#website\"},\"primaryImageOfPage\":{\"@id\":\"https:\/\/www.comercialanma.es\/?product=bandeja-camarero#primaryimage\"},\"datePublished\":\"2021-05-13T14:20:06+00:00\",\"dateModified\":\"2021-06-17T08:35:27+00:00\",\"description\":\"Bandeja camarero antideslizante negra modelo Fiberglass de Supreminox| 40cm. | efecto antideslizante. Alta durabilidad.\",\"breadcrumb\":{\"@id\":\"https:\/\/www.comercialanma.es\/?product=bandeja-camarero#breadcrumb\"},\"inLanguage\":\"es\",\"potentialAction\":[{\"@type\":\"ReadAction\",\"target\":[\"https:\/\/www.comercialanma.es\/?product=bandeja-camarero\"]}]},{\"@type\":\"BreadcrumbList\",\"@id\":\"https:\/\/www.comercialanma.es\/?product=bandeja-camarero#breadcrumb\",\"itemListElement\":[{\"@type\":\"ListItem\",\"position\":1,\"item\":{\"@type\":\"WebPage\",\"@id\":\"https:\/\/www.comercialanma.es\/\",\"url\":\"https:\/\/www.comercialanma.es\/\",\"name\":\"Portada\"}},{\"@type\":\"ListItem\",\"position\":2,\"item\":{\"@type\":\"WebPage\",\"@id\":\"https:\/\/www.comercialanma.es\/?page_id=3963\",\"url\":\"https:\/\/www.comercialanma.es\/?page_id=3963\",\"name\":\"Cat\\u00e1logo de Productos\"}},{\"@type\":\"ListItem\",\"position\":3,\"item\":{\"@type\":\"WebPage\",\"@id\":\"https:\/\/www.comercialanma.es\/?product=bandeja-camarero\",\"url\":\"https:\/\/www.comercialanma.es\/?product=bandeja-camarero\",\"name\":\"Bandeja camarero antideslizante Fiberglass 40cm.\"}}]}]}<\/script>\n<!-- \/ Yoast SEO plugin. -->","_links":{"self":[{"href":"https:\/\/www.comercialanma.es\/index.php?rest_route=\/wp\/v2\/product\/16388"}],"collection":[{"href":"https:\/\/www.comercialanma.es\/index.php?rest_route=\/wp\/v2\/product"}],"about":[{"href":"https:\/\/www.comercialanma.es\/index.php?rest_route=\/wp\/v2\/types\/product"}],"version-history":[{"count":1,"href":"https:\/\/www.comercialanma.es\/index.php?rest_route=\/wp\/v2\/product\/16388\/revisions"}],"predecessor-version":[{"id":16390,"href":"https:\/\/www.comercialanma.es\/index.php?rest_route=\/wp\/v2\/product\/16388\/revisions\/16390"}],"wp:featuredmedia":[{"embeddable":true,"href":"https:\/\/www.comercialanma.es\/index.php?rest_route=\/wp\/v2\/media\/16389"}],"wp:attachment":[{"href":"https:\/\/www.comercialanma.es\/index.php?rest_route=%2Fwp%2Fv2%2Fmedia&parent=16388"}],"curies":[{"name":"wp","href":"https:\/\/api.w.org\/{rel}","templated":true}]}}