
{"id":16410,"date":"2021-05-14T09:57:09","date_gmt":"2021-05-14T07:57:09","guid":{"rendered":"https:\/\/www.comercialanma.es\/?post_type=product&#038;p=16410"},"modified":"2021-10-11T12:59:09","modified_gmt":"2021-10-11T10:59:09","slug":"chuketero-madera-montblanc","status":"publish","type":"product","link":"https:\/\/www.comercialanma.es\/?product=chuketero-madera-montblanc","title":{"rendered":"Cuchillo chuletero Monblanc madera 6 unidades"},"content":{"rendered":"<ul>\n<li>Fabricante: Comas &amp; Partners<\/li>\n<li>Pack 6 unidades<\/li>\n<li>Composici\u00f3n Acero Inoxidable.<\/li>\n<li>Acabado: espejo<\/li>\n<li>Tama\u00f1o: 230mm.<\/li>\n<\/ul>\n","protected":false},"excerpt":{"rendered":"<p><span class=\"tlid-translation translation\" lang=\"es\">Cuchillo Chuletero Montblanc madera | 230mm.<br \/>\nSu empu\u00f1adura lo hace absolutamente distinto a todos los chuleteros que hayas visto.<br \/>\nLa forma ergon\u00f3mica de la empu\u00f1adura te dar\u00e1 la seguridad que necesitas para hacer el corte en la pieza.<br \/>\nViaja a la pampa argentina y disfruta como los gauchos de un buen asado.<br \/>\nApto para lavavajillas. Tras el lavado recomendamos secar r\u00e1pidamente con un pa\u00f1o seco y suave.<span class=\"\" title=\"\"><br \/>\n<\/span><\/span><\/p>\n","protected":false},"featured_media":16416,"template":"","meta":{"spay_email":""},"yoast_head":"<!-- This site is optimized with the Yoast SEO plugin v15.9 - https:\/\/yoast.com\/wordpress\/plugins\/seo\/ -->\n<title>Cuchillo chuletero Monblanc madera 6 unidades - Comercial de Hosteleria Anma<\/title>\n<meta name=\"description\" content=\"Cuchillo Chuletero Montblanc madera | 230mm. Su empu\u00f1adura lo hace absolutamente distinto a todos los chuleteros que hayas visto.\" \/>\n<meta name=\"robots\" content=\"index, follow, max-snippet:-1, max-image-preview:large, max-video-preview:-1\" \/>\n<link rel=\"canonical\" href=\"https:\/\/www.comercialanma.es\/?product=chuketero-madera-montblanc\" \/>\n<meta property=\"og:locale\" content=\"es_ES\" \/>\n<meta property=\"og:type\" content=\"article\" \/>\n<meta property=\"og:title\" content=\"Cuchillo chuletero Monblanc madera 6 unidades - Comercial de Hosteleria Anma\" \/>\n<meta property=\"og:description\" content=\"Cuchillo Chuletero Montblanc madera | 230mm. Su empu\u00f1adura lo hace absolutamente distinto a todos los chuleteros que hayas visto.\" \/>\n<meta property=\"og:url\" content=\"https:\/\/www.comercialanma.es\/?product=chuketero-madera-montblanc\" \/>\n<meta property=\"og:site_name\" content=\"Comercial de Hosteleria Anma\" \/>\n<meta property=\"article:publisher\" content=\"https:\/\/www.facebook.com\/AnmaHosteleria\" \/>\n<meta property=\"article:modified_time\" content=\"2021-10-11T10:59:09+00:00\" \/>\n<meta property=\"og:image\" content=\"https:\/\/i1.wp.com\/www.comercialanma.es\/wp-content\/uploads\/2021\/05\/chuletero-madera.jpg?fit=1080%2C1080&#038;ssl=1\" \/>\n\t<meta property=\"og:image:width\" content=\"1080\" \/>\n\t<meta property=\"og:image:height\" content=\"1080\" \/>\n<meta name=\"twitter:card\" content=\"summary_large_image\" \/>\n<meta name=\"twitter:label1\" content=\"Tiempo de lectura\">\n\t<meta name=\"twitter:data1\" content=\"1 minuto\">\n<script type=\"application\/ld+json\" class=\"yoast-schema-graph\">{\"@context\":\"https:\/\/schema.org\",\"@graph\":[{\"@type\":\"Organization\",\"@id\":\"https:\/\/www.comercialanma.es\/#organization\",\"name\":\"Comercial Anma\",\"url\":\"https:\/\/www.comercialanma.es\/\",\"sameAs\":[\"https:\/\/www.facebook.com\/AnmaHosteleria\",\"https:\/\/www.instagram.com\/anmahosteleria\/?hl=es\",\"https:\/\/www.youtube.com\/channel\/UCT2nmn08Ntks0hmpZPnDgCA\"],\"logo\":{\"@type\":\"ImageObject\",\"@id\":\"https:\/\/www.comercialanma.es\/#logo\",\"inLanguage\":\"es\",\"url\":\"https:\/\/i2.wp.com\/www.comercialanma.es\/wp-content\/uploads\/2019\/06\/logo-anma-color.png?fit=247%2C101&ssl=1\",\"width\":247,\"height\":101,\"caption\":\"Comercial Anma\"},\"image\":{\"@id\":\"https:\/\/www.comercialanma.es\/#logo\"}},{\"@type\":\"WebSite\",\"@id\":\"https:\/\/www.comercialanma.es\/#website\",\"url\":\"https:\/\/www.comercialanma.es\/\",\"name\":\"Comercial de Hosteleria Anma\",\"description\":\"\",\"publisher\":{\"@id\":\"https:\/\/www.comercialanma.es\/#organization\"},\"potentialAction\":[{\"@type\":\"SearchAction\",\"target\":\"https:\/\/www.comercialanma.es\/?s={search_term_string}\",\"query-input\":\"required name=search_term_string\"}],\"inLanguage\":\"es\"},{\"@type\":\"ImageObject\",\"@id\":\"https:\/\/www.comercialanma.es\/?product=chuketero-madera-montblanc#primaryimage\",\"inLanguage\":\"es\",\"url\":\"https:\/\/i1.wp.com\/www.comercialanma.es\/wp-content\/uploads\/2021\/05\/chuletero-madera.jpg?fit=1080%2C1080&ssl=1\",\"width\":1080,\"height\":1080},{\"@type\":\"WebPage\",\"@id\":\"https:\/\/www.comercialanma.es\/?product=chuketero-madera-montblanc#webpage\",\"url\":\"https:\/\/www.comercialanma.es\/?product=chuketero-madera-montblanc\",\"name\":\"Cuchillo chuletero Monblanc madera 6 unidades - Comercial de Hosteleria Anma\",\"isPartOf\":{\"@id\":\"https:\/\/www.comercialanma.es\/#website\"},\"primaryImageOfPage\":{\"@id\":\"https:\/\/www.comercialanma.es\/?product=chuketero-madera-montblanc#primaryimage\"},\"datePublished\":\"2021-05-14T07:57:09+00:00\",\"dateModified\":\"2021-10-11T10:59:09+00:00\",\"description\":\"Cuchillo Chuletero Montblanc madera | 230mm. Su empu\\u00f1adura lo hace absolutamente distinto a todos los chuleteros que hayas visto.\",\"breadcrumb\":{\"@id\":\"https:\/\/www.comercialanma.es\/?product=chuketero-madera-montblanc#breadcrumb\"},\"inLanguage\":\"es\",\"potentialAction\":[{\"@type\":\"ReadAction\",\"target\":[\"https:\/\/www.comercialanma.es\/?product=chuketero-madera-montblanc\"]}]},{\"@type\":\"BreadcrumbList\",\"@id\":\"https:\/\/www.comercialanma.es\/?product=chuketero-madera-montblanc#breadcrumb\",\"itemListElement\":[{\"@type\":\"ListItem\",\"position\":1,\"item\":{\"@type\":\"WebPage\",\"@id\":\"https:\/\/www.comercialanma.es\/\",\"url\":\"https:\/\/www.comercialanma.es\/\",\"name\":\"Portada\"}},{\"@type\":\"ListItem\",\"position\":2,\"item\":{\"@type\":\"WebPage\",\"@id\":\"https:\/\/www.comercialanma.es\/?page_id=3963\",\"url\":\"https:\/\/www.comercialanma.es\/?page_id=3963\",\"name\":\"Cat\\u00e1logo de Productos\"}},{\"@type\":\"ListItem\",\"position\":3,\"item\":{\"@type\":\"WebPage\",\"@id\":\"https:\/\/www.comercialanma.es\/?product=chuketero-madera-montblanc\",\"url\":\"https:\/\/www.comercialanma.es\/?product=chuketero-madera-montblanc\",\"name\":\"Cuchillo chuletero Monblanc madera 6 unidades\"}}]}]}<\/script>\n<!-- \/ Yoast SEO plugin. -->","_links":{"self":[{"href":"https:\/\/www.comercialanma.es\/index.php?rest_route=\/wp\/v2\/product\/16410"}],"collection":[{"href":"https:\/\/www.comercialanma.es\/index.php?rest_route=\/wp\/v2\/product"}],"about":[{"href":"https:\/\/www.comercialanma.es\/index.php?rest_route=\/wp\/v2\/types\/product"}],"version-history":[{"count":4,"href":"https:\/\/www.comercialanma.es\/index.php?rest_route=\/wp\/v2\/product\/16410\/revisions"}],"predecessor-version":[{"id":16415,"href":"https:\/\/www.comercialanma.es\/index.php?rest_route=\/wp\/v2\/product\/16410\/revisions\/16415"}],"wp:featuredmedia":[{"embeddable":true,"href":"https:\/\/www.comercialanma.es\/index.php?rest_route=\/wp\/v2\/media\/16416"}],"wp:attachment":[{"href":"https:\/\/www.comercialanma.es\/index.php?rest_route=%2Fwp%2Fv2%2Fmedia&parent=16410"}],"curies":[{"name":"wp","href":"https:\/\/api.w.org\/{rel}","templated":true}]}}