
{"id":16428,"date":"2021-05-14T12:05:23","date_gmt":"2021-05-14T10:05:23","guid":{"rendered":"https:\/\/www.comercialanma.es\/?post_type=product&#038;p=16428"},"modified":"2021-07-28T09:57:41","modified_gmt":"2021-07-28T07:57:41","slug":"biberon-papas-bravas","status":"publish","type":"product","link":"https:\/\/www.comercialanma.es\/?product=biberon-papas-bravas","title":{"rendered":"Salsa Papas Bravas Mill\u00e1s (Biber\u00f3n) 770ml."},"content":{"rendered":"<ul>\n<li>Fabricante: Mill\u00e1s<\/li>\n<li>Formato: Biber\u00f3n<\/li>\n<li>Envase: 770ml.<\/li>\n<\/ul>\n","protected":false},"excerpt":{"rendered":"<div>\n<p>Salsa Papas Bravas Mill\u00e1s (Biber\u00f3n) | 770ml. |<\/p>\n<p>Salsa picante. Ideal para patatas bravas. Tambi\u00e9n puede acompa\u00f1ar otro tipo de platos: tapas de vegetales fritos, calamares, carnes, etc\u2026<\/p>\n<p>Caracter\u00edsticas: Salsa emulsionada elaborada a partir de aceite, huevo, vinagre, tomate y aromas, con ligero color rosado.<\/p>\n<\/div>\n","protected":false},"featured_media":16429,"template":"","meta":{"spay_email":""},"yoast_head":"<!-- This site is optimized with the Yoast SEO plugin v15.9 - https:\/\/yoast.com\/wordpress\/plugins\/seo\/ -->\n<title>Salsa Papas Bravas Mill\u00e1s (Biber\u00f3n) 770ml. - Comercial de Hosteleria Anma<\/title>\n<meta name=\"description\" content=\"Salsa Papas Bravas Mill\u00e1s (Biber\u00f3n) | 770ml. | Salsa picante. Ideal para patatas bravas. Tambi\u00e9n puede acompa\u00f1ar otro tipo de platos.\" \/>\n<meta name=\"robots\" content=\"index, follow, max-snippet:-1, max-image-preview:large, max-video-preview:-1\" \/>\n<link rel=\"canonical\" href=\"https:\/\/www.comercialanma.es\/?product=biberon-papas-bravas\" \/>\n<meta property=\"og:locale\" content=\"es_ES\" \/>\n<meta property=\"og:type\" content=\"article\" \/>\n<meta property=\"og:title\" content=\"Salsa Papas Bravas Mill\u00e1s (Biber\u00f3n) 770ml. - Comercial de Hosteleria Anma\" \/>\n<meta property=\"og:description\" content=\"Salsa Papas Bravas Mill\u00e1s (Biber\u00f3n) | 770ml. | Salsa picante. Ideal para patatas bravas. Tambi\u00e9n puede acompa\u00f1ar otro tipo de platos.\" \/>\n<meta property=\"og:url\" content=\"https:\/\/www.comercialanma.es\/?product=biberon-papas-bravas\" \/>\n<meta property=\"og:site_name\" content=\"Comercial de Hosteleria Anma\" \/>\n<meta property=\"article:publisher\" content=\"https:\/\/www.facebook.com\/AnmaHosteleria\" \/>\n<meta property=\"article:modified_time\" content=\"2021-07-28T07:57:41+00:00\" \/>\n<meta property=\"og:image\" content=\"https:\/\/i0.wp.com\/www.comercialanma.es\/wp-content\/uploads\/2021\/05\/biberon-salsa-papas-bravas-millas.jpg?fit=1080%2C1080&#038;ssl=1\" \/>\n\t<meta property=\"og:image:width\" content=\"1080\" \/>\n\t<meta property=\"og:image:height\" content=\"1080\" \/>\n<meta name=\"twitter:card\" content=\"summary_large_image\" \/>\n<meta name=\"twitter:label1\" content=\"Tiempo de lectura\">\n\t<meta name=\"twitter:data1\" content=\"1 minuto\">\n<script type=\"application\/ld+json\" class=\"yoast-schema-graph\">{\"@context\":\"https:\/\/schema.org\",\"@graph\":[{\"@type\":\"Organization\",\"@id\":\"https:\/\/www.comercialanma.es\/#organization\",\"name\":\"Comercial Anma\",\"url\":\"https:\/\/www.comercialanma.es\/\",\"sameAs\":[\"https:\/\/www.facebook.com\/AnmaHosteleria\",\"https:\/\/www.instagram.com\/anmahosteleria\/?hl=es\",\"https:\/\/www.youtube.com\/channel\/UCT2nmn08Ntks0hmpZPnDgCA\"],\"logo\":{\"@type\":\"ImageObject\",\"@id\":\"https:\/\/www.comercialanma.es\/#logo\",\"inLanguage\":\"es\",\"url\":\"https:\/\/i2.wp.com\/www.comercialanma.es\/wp-content\/uploads\/2019\/06\/logo-anma-color.png?fit=247%2C101&ssl=1\",\"width\":247,\"height\":101,\"caption\":\"Comercial Anma\"},\"image\":{\"@id\":\"https:\/\/www.comercialanma.es\/#logo\"}},{\"@type\":\"WebSite\",\"@id\":\"https:\/\/www.comercialanma.es\/#website\",\"url\":\"https:\/\/www.comercialanma.es\/\",\"name\":\"Comercial de Hosteleria Anma\",\"description\":\"\",\"publisher\":{\"@id\":\"https:\/\/www.comercialanma.es\/#organization\"},\"potentialAction\":[{\"@type\":\"SearchAction\",\"target\":\"https:\/\/www.comercialanma.es\/?s={search_term_string}\",\"query-input\":\"required name=search_term_string\"}],\"inLanguage\":\"es\"},{\"@type\":\"ImageObject\",\"@id\":\"https:\/\/www.comercialanma.es\/?product=biberon-papas-bravas#primaryimage\",\"inLanguage\":\"es\",\"url\":\"https:\/\/i0.wp.com\/www.comercialanma.es\/wp-content\/uploads\/2021\/05\/biberon-salsa-papas-bravas-millas.jpg?fit=1080%2C1080&ssl=1\",\"width\":1080,\"height\":1080},{\"@type\":\"WebPage\",\"@id\":\"https:\/\/www.comercialanma.es\/?product=biberon-papas-bravas#webpage\",\"url\":\"https:\/\/www.comercialanma.es\/?product=biberon-papas-bravas\",\"name\":\"Salsa Papas Bravas Mill\\u00e1s (Biber\\u00f3n) 770ml. - Comercial de Hosteleria Anma\",\"isPartOf\":{\"@id\":\"https:\/\/www.comercialanma.es\/#website\"},\"primaryImageOfPage\":{\"@id\":\"https:\/\/www.comercialanma.es\/?product=biberon-papas-bravas#primaryimage\"},\"datePublished\":\"2021-05-14T10:05:23+00:00\",\"dateModified\":\"2021-07-28T07:57:41+00:00\",\"description\":\"Salsa Papas Bravas Mill\\u00e1s (Biber\\u00f3n) | 770ml. | Salsa picante. Ideal para patatas bravas. Tambi\\u00e9n puede acompa\\u00f1ar otro tipo de platos.\",\"breadcrumb\":{\"@id\":\"https:\/\/www.comercialanma.es\/?product=biberon-papas-bravas#breadcrumb\"},\"inLanguage\":\"es\",\"potentialAction\":[{\"@type\":\"ReadAction\",\"target\":[\"https:\/\/www.comercialanma.es\/?product=biberon-papas-bravas\"]}]},{\"@type\":\"BreadcrumbList\",\"@id\":\"https:\/\/www.comercialanma.es\/?product=biberon-papas-bravas#breadcrumb\",\"itemListElement\":[{\"@type\":\"ListItem\",\"position\":1,\"item\":{\"@type\":\"WebPage\",\"@id\":\"https:\/\/www.comercialanma.es\/\",\"url\":\"https:\/\/www.comercialanma.es\/\",\"name\":\"Portada\"}},{\"@type\":\"ListItem\",\"position\":2,\"item\":{\"@type\":\"WebPage\",\"@id\":\"https:\/\/www.comercialanma.es\/?page_id=3963\",\"url\":\"https:\/\/www.comercialanma.es\/?page_id=3963\",\"name\":\"Cat\\u00e1logo de Productos\"}},{\"@type\":\"ListItem\",\"position\":3,\"item\":{\"@type\":\"WebPage\",\"@id\":\"https:\/\/www.comercialanma.es\/?product=biberon-papas-bravas\",\"url\":\"https:\/\/www.comercialanma.es\/?product=biberon-papas-bravas\",\"name\":\"Salsa Papas Bravas Mill\\u00e1s (Biber\\u00f3n) 770ml.\"}}]}]}<\/script>\n<!-- \/ Yoast SEO plugin. -->","_links":{"self":[{"href":"https:\/\/www.comercialanma.es\/index.php?rest_route=\/wp\/v2\/product\/16428"}],"collection":[{"href":"https:\/\/www.comercialanma.es\/index.php?rest_route=\/wp\/v2\/product"}],"about":[{"href":"https:\/\/www.comercialanma.es\/index.php?rest_route=\/wp\/v2\/types\/product"}],"version-history":[{"count":1,"href":"https:\/\/www.comercialanma.es\/index.php?rest_route=\/wp\/v2\/product\/16428\/revisions"}],"predecessor-version":[{"id":16430,"href":"https:\/\/www.comercialanma.es\/index.php?rest_route=\/wp\/v2\/product\/16428\/revisions\/16430"}],"wp:featuredmedia":[{"embeddable":true,"href":"https:\/\/www.comercialanma.es\/index.php?rest_route=\/wp\/v2\/media\/16429"}],"wp:attachment":[{"href":"https:\/\/www.comercialanma.es\/index.php?rest_route=%2Fwp%2Fv2%2Fmedia&parent=16428"}],"curies":[{"name":"wp","href":"https:\/\/api.w.org\/{rel}","templated":true}]}}