
{"id":16478,"date":"2021-05-19T10:30:31","date_gmt":"2021-05-19T08:30:31","guid":{"rendered":"https:\/\/www.comercialanma.es\/?post_type=product&#038;p=16478"},"modified":"2021-05-19T10:54:18","modified_gmt":"2021-05-19T08:54:18","slug":"queso-untar-philadelphia-200","status":"publish","type":"product","link":"https:\/\/www.comercialanma.es\/?product=queso-untar-philadelphia-200","title":{"rendered":"Queso untar Philadelphia 200gr."},"content":{"rendered":"<h3>Ingredientes:<\/h3>\n<ul>\n<li>LECHE, NATA, sal, estabilizantes (E410, E401, E407), conservador (E202). Origen de la leche: Espa\u00f1a.<\/li>\n<\/ul>\n","protected":false},"excerpt":{"rendered":"<div class=\"col span_12 left\">\n<div class=\"vc_col-sm-12 wpb_column column_container vc_column_container col has-animation no-extra-padding instance-2 animated-in\" data-bg-cover=\"\" data-padding-pos=\"all\" data-has-bg-color=\"false\" data-bg-color=\"\" data-bg-opacity=\"1\" data-hover-bg=\"\" data-hover-bg-opacity=\"1\" data-animation=\"fade-in-from-bottom\" data-delay=\"300\">\n<div class=\"vc_column-inner\">\n<div class=\"wpb_wrapper\">Queso untar Philadelphia | 200gr. |<\/div>\n<div><span class=\"productProperty\">Philadelphia Original, tu aliado perfecto para preparar unas cenas exquisitas de forma r\u00e1pida y c\u00f3moda \u00a1Irresistible!<\/span><\/div>\n<\/div>\n<\/div>\n<\/div>\n","protected":false},"featured_media":16480,"template":"","meta":{"spay_email":""},"yoast_head":"<!-- This site is optimized with the Yoast SEO plugin v15.9 - https:\/\/yoast.com\/wordpress\/plugins\/seo\/ -->\n<title>Queso untar Philadelphia 200gr. - Comercial de Hosteleria Anma<\/title>\n<meta name=\"description\" content=\"Queso semicurado Se\u00f1orio Montelareina | 3kg. | Un gran queso con una personalidad \u00fanica a\u00f1os y sabor intenso, para m\u00e1s de un a\u00f1o en Castilla\" \/>\n<meta name=\"robots\" content=\"index, follow, max-snippet:-1, max-image-preview:large, max-video-preview:-1\" \/>\n<link rel=\"canonical\" href=\"https:\/\/www.comercialanma.es\/?product=queso-untar-philadelphia-200\" \/>\n<meta property=\"og:locale\" content=\"es_ES\" \/>\n<meta property=\"og:type\" content=\"article\" \/>\n<meta property=\"og:title\" content=\"Queso untar Philadelphia 200gr. - Comercial de Hosteleria Anma\" \/>\n<meta property=\"og:description\" content=\"Queso semicurado Se\u00f1orio Montelareina | 3kg. | Un gran queso con una personalidad \u00fanica a\u00f1os y sabor intenso, para m\u00e1s de un a\u00f1o en Castilla\" \/>\n<meta property=\"og:url\" content=\"https:\/\/www.comercialanma.es\/?product=queso-untar-philadelphia-200\" \/>\n<meta property=\"og:site_name\" content=\"Comercial de Hosteleria Anma\" \/>\n<meta property=\"article:publisher\" content=\"https:\/\/www.facebook.com\/AnmaHosteleria\" \/>\n<meta property=\"article:modified_time\" content=\"2021-05-19T08:54:18+00:00\" \/>\n<meta property=\"og:image\" content=\"https:\/\/i0.wp.com\/www.comercialanma.es\/wp-content\/uploads\/2021\/05\/queso-philadelphia-untar-200gr.jpg?fit=1080%2C1080&#038;ssl=1\" \/>\n\t<meta property=\"og:image:width\" content=\"1080\" \/>\n\t<meta property=\"og:image:height\" content=\"1080\" \/>\n<meta name=\"twitter:card\" content=\"summary_large_image\" \/>\n<meta name=\"twitter:label1\" content=\"Tiempo de lectura\">\n\t<meta name=\"twitter:data1\" content=\"1 minuto\">\n<script type=\"application\/ld+json\" class=\"yoast-schema-graph\">{\"@context\":\"https:\/\/schema.org\",\"@graph\":[{\"@type\":\"Organization\",\"@id\":\"https:\/\/www.comercialanma.es\/#organization\",\"name\":\"Comercial Anma\",\"url\":\"https:\/\/www.comercialanma.es\/\",\"sameAs\":[\"https:\/\/www.facebook.com\/AnmaHosteleria\",\"https:\/\/www.instagram.com\/anmahosteleria\/?hl=es\",\"https:\/\/www.youtube.com\/channel\/UCT2nmn08Ntks0hmpZPnDgCA\"],\"logo\":{\"@type\":\"ImageObject\",\"@id\":\"https:\/\/www.comercialanma.es\/#logo\",\"inLanguage\":\"es\",\"url\":\"https:\/\/i2.wp.com\/www.comercialanma.es\/wp-content\/uploads\/2019\/06\/logo-anma-color.png?fit=247%2C101&ssl=1\",\"width\":247,\"height\":101,\"caption\":\"Comercial Anma\"},\"image\":{\"@id\":\"https:\/\/www.comercialanma.es\/#logo\"}},{\"@type\":\"WebSite\",\"@id\":\"https:\/\/www.comercialanma.es\/#website\",\"url\":\"https:\/\/www.comercialanma.es\/\",\"name\":\"Comercial de Hosteleria Anma\",\"description\":\"\",\"publisher\":{\"@id\":\"https:\/\/www.comercialanma.es\/#organization\"},\"potentialAction\":[{\"@type\":\"SearchAction\",\"target\":\"https:\/\/www.comercialanma.es\/?s={search_term_string}\",\"query-input\":\"required name=search_term_string\"}],\"inLanguage\":\"es\"},{\"@type\":\"ImageObject\",\"@id\":\"https:\/\/www.comercialanma.es\/?product=queso-untar-philadelphia-200#primaryimage\",\"inLanguage\":\"es\",\"url\":\"https:\/\/i0.wp.com\/www.comercialanma.es\/wp-content\/uploads\/2021\/05\/queso-philadelphia-untar-200gr.jpg?fit=1080%2C1080&ssl=1\",\"width\":1080,\"height\":1080},{\"@type\":\"WebPage\",\"@id\":\"https:\/\/www.comercialanma.es\/?product=queso-untar-philadelphia-200#webpage\",\"url\":\"https:\/\/www.comercialanma.es\/?product=queso-untar-philadelphia-200\",\"name\":\"Queso untar Philadelphia 200gr. - Comercial de Hosteleria Anma\",\"isPartOf\":{\"@id\":\"https:\/\/www.comercialanma.es\/#website\"},\"primaryImageOfPage\":{\"@id\":\"https:\/\/www.comercialanma.es\/?product=queso-untar-philadelphia-200#primaryimage\"},\"datePublished\":\"2021-05-19T08:30:31+00:00\",\"dateModified\":\"2021-05-19T08:54:18+00:00\",\"description\":\"Queso semicurado Se\\u00f1orio Montelareina | 3kg. | Un gran queso con una personalidad \\u00fanica a\\u00f1os y sabor intenso, para m\\u00e1s de un a\\u00f1o en Castilla\",\"breadcrumb\":{\"@id\":\"https:\/\/www.comercialanma.es\/?product=queso-untar-philadelphia-200#breadcrumb\"},\"inLanguage\":\"es\",\"potentialAction\":[{\"@type\":\"ReadAction\",\"target\":[\"https:\/\/www.comercialanma.es\/?product=queso-untar-philadelphia-200\"]}]},{\"@type\":\"BreadcrumbList\",\"@id\":\"https:\/\/www.comercialanma.es\/?product=queso-untar-philadelphia-200#breadcrumb\",\"itemListElement\":[{\"@type\":\"ListItem\",\"position\":1,\"item\":{\"@type\":\"WebPage\",\"@id\":\"https:\/\/www.comercialanma.es\/\",\"url\":\"https:\/\/www.comercialanma.es\/\",\"name\":\"Portada\"}},{\"@type\":\"ListItem\",\"position\":2,\"item\":{\"@type\":\"WebPage\",\"@id\":\"https:\/\/www.comercialanma.es\/?page_id=3963\",\"url\":\"https:\/\/www.comercialanma.es\/?page_id=3963\",\"name\":\"Cat\\u00e1logo de Productos\"}},{\"@type\":\"ListItem\",\"position\":3,\"item\":{\"@type\":\"WebPage\",\"@id\":\"https:\/\/www.comercialanma.es\/?product=queso-untar-philadelphia-200\",\"url\":\"https:\/\/www.comercialanma.es\/?product=queso-untar-philadelphia-200\",\"name\":\"Queso untar Philadelphia 200gr.\"}}]}]}<\/script>\n<!-- \/ Yoast SEO plugin. -->","_links":{"self":[{"href":"https:\/\/www.comercialanma.es\/index.php?rest_route=\/wp\/v2\/product\/16478"}],"collection":[{"href":"https:\/\/www.comercialanma.es\/index.php?rest_route=\/wp\/v2\/product"}],"about":[{"href":"https:\/\/www.comercialanma.es\/index.php?rest_route=\/wp\/v2\/types\/product"}],"version-history":[{"count":1,"href":"https:\/\/www.comercialanma.es\/index.php?rest_route=\/wp\/v2\/product\/16478\/revisions"}],"predecessor-version":[{"id":16481,"href":"https:\/\/www.comercialanma.es\/index.php?rest_route=\/wp\/v2\/product\/16478\/revisions\/16481"}],"wp:featuredmedia":[{"embeddable":true,"href":"https:\/\/www.comercialanma.es\/index.php?rest_route=\/wp\/v2\/media\/16480"}],"wp:attachment":[{"href":"https:\/\/www.comercialanma.es\/index.php?rest_route=%2Fwp%2Fv2%2Fmedia&parent=16478"}],"curies":[{"name":"wp","href":"https:\/\/api.w.org\/{rel}","templated":true}]}}