
{"id":16555,"date":"2021-05-19T16:57:20","date_gmt":"2021-05-19T14:57:20","guid":{"rendered":"https:\/\/www.comercialanma.es\/?post_type=product&#038;p=16555"},"modified":"2021-05-19T17:15:38","modified_gmt":"2021-05-19T15:15:38","slug":"rooster-rojo-reposado","status":"publish","type":"product","link":"https:\/\/www.comercialanma.es\/?product=rooster-rojo-reposado","title":{"rendered":"Tequila Rooster Rojo Reposado 70cl."},"content":{"rendered":"<div class=\"col-sm-4\">\n<div class=\"product-info__item\">\n<ul>\n<li>M\u00e9xico<\/li>\n<li class=\"product-info__descr\">Ligeramente maduro, fruta madura, agave cocinador<\/li>\n<li class=\"product-info__descr\">Vainilla, caramelo, agave cocinado<\/li>\n<li class=\"product-info__descr\">Sedoso, c\u00e1lido, rico, largo medio<\/li>\n<li class=\"product-info__descr\">Graduaci\u00f3n: 40% vol.<\/li>\n<\/ul>\n<\/div>\n<\/div>\n<p>&nbsp;<\/p>\n","protected":false},"excerpt":{"rendered":"<p>Tequila Rooster Rojo Reposado | 70cl. | 40% vol.<\/p>\n<p>Se trata de un tequila que reposa entre 2 y 6 meses en barricas de roble franc\u00e9s que antes contuvieron Co\u00f1ac para conseguir un toque diferente. Las pi\u00f1as de agave azul son manualmente seleccionadas cuando ya tienen una maduraci\u00f3n de 6-7 meses y con niveles de azucar de entre 24 y 27%. Este nivel de ulzor m\u00e1s la estrategia de corte en mitades en vez de en pedazos, le otorga na dulzura y color bronce al Reposado, con aromas sutiles de vainilla, canela y caramelo de mantequilla. Todo esto hace que deje un acabado sedoso, tibio y rico en el paladar.<\/p>\n<p>El tequila Rooster Rojo Reposado es un tequila de 100% Agave Azul seleccionado a mano. Las pi\u00f1as de agave provienen los Altos de Jalisco y de Tequila en M\u00e9xico, de campos cuidadosamente seleccionados y cultivados. El agua utilizada en el proceso de destilaci\u00f3n de este tequila es filtrada con plata mexicana, lo cual le da un car\u00e1cter complejo al tequila y suavidad al paladar.<\/p>\n","protected":false},"featured_media":16556,"template":"","meta":{"spay_email":""},"yoast_head":"<!-- This site is optimized with the Yoast SEO plugin v15.9 - https:\/\/yoast.com\/wordpress\/plugins\/seo\/ -->\n<title>Tequila Rooster Rojo Reposado 70cl. - Comercial de Hosteleria Anma<\/title>\n<meta name=\"description\" content=\"Rooster Rojo Reposado | 70cl. | 40% vol. | reposa en barricas de roble franc\u00e9s que antes contuvieron Co\u00f1ac para conseguir un toque diferente.\" \/>\n<meta name=\"robots\" content=\"index, follow, max-snippet:-1, max-image-preview:large, max-video-preview:-1\" \/>\n<link rel=\"canonical\" href=\"https:\/\/www.comercialanma.es\/?product=rooster-rojo-reposado\" \/>\n<meta property=\"og:locale\" content=\"es_ES\" \/>\n<meta property=\"og:type\" content=\"article\" \/>\n<meta property=\"og:title\" content=\"Tequila Rooster Rojo Reposado 70cl. - Comercial de Hosteleria Anma\" \/>\n<meta property=\"og:description\" content=\"Rooster Rojo Reposado | 70cl. | 40% vol. | reposa en barricas de roble franc\u00e9s que antes contuvieron Co\u00f1ac para conseguir un toque diferente.\" \/>\n<meta property=\"og:url\" content=\"https:\/\/www.comercialanma.es\/?product=rooster-rojo-reposado\" \/>\n<meta property=\"og:site_name\" content=\"Comercial de Hosteleria Anma\" \/>\n<meta property=\"article:publisher\" content=\"https:\/\/www.facebook.com\/AnmaHosteleria\" \/>\n<meta property=\"article:modified_time\" content=\"2021-05-19T15:15:38+00:00\" \/>\n<meta property=\"og:image\" content=\"https:\/\/i2.wp.com\/www.comercialanma.es\/wp-content\/uploads\/2021\/05\/tequila-rooster-reposado.jpg?fit=1080%2C1080&#038;ssl=1\" \/>\n\t<meta property=\"og:image:width\" content=\"1080\" \/>\n\t<meta property=\"og:image:height\" content=\"1080\" \/>\n<meta name=\"twitter:card\" content=\"summary_large_image\" \/>\n<meta name=\"twitter:label1\" content=\"Tiempo de lectura\">\n\t<meta name=\"twitter:data1\" content=\"1 minuto\">\n<script type=\"application\/ld+json\" class=\"yoast-schema-graph\">{\"@context\":\"https:\/\/schema.org\",\"@graph\":[{\"@type\":\"Organization\",\"@id\":\"https:\/\/www.comercialanma.es\/#organization\",\"name\":\"Comercial Anma\",\"url\":\"https:\/\/www.comercialanma.es\/\",\"sameAs\":[\"https:\/\/www.facebook.com\/AnmaHosteleria\",\"https:\/\/www.instagram.com\/anmahosteleria\/?hl=es\",\"https:\/\/www.youtube.com\/channel\/UCT2nmn08Ntks0hmpZPnDgCA\"],\"logo\":{\"@type\":\"ImageObject\",\"@id\":\"https:\/\/www.comercialanma.es\/#logo\",\"inLanguage\":\"es\",\"url\":\"https:\/\/i2.wp.com\/www.comercialanma.es\/wp-content\/uploads\/2019\/06\/logo-anma-color.png?fit=247%2C101&ssl=1\",\"width\":247,\"height\":101,\"caption\":\"Comercial Anma\"},\"image\":{\"@id\":\"https:\/\/www.comercialanma.es\/#logo\"}},{\"@type\":\"WebSite\",\"@id\":\"https:\/\/www.comercialanma.es\/#website\",\"url\":\"https:\/\/www.comercialanma.es\/\",\"name\":\"Comercial de Hosteleria Anma\",\"description\":\"\",\"publisher\":{\"@id\":\"https:\/\/www.comercialanma.es\/#organization\"},\"potentialAction\":[{\"@type\":\"SearchAction\",\"target\":\"https:\/\/www.comercialanma.es\/?s={search_term_string}\",\"query-input\":\"required name=search_term_string\"}],\"inLanguage\":\"es\"},{\"@type\":\"ImageObject\",\"@id\":\"https:\/\/www.comercialanma.es\/?product=rooster-rojo-reposado#primaryimage\",\"inLanguage\":\"es\",\"url\":\"https:\/\/i2.wp.com\/www.comercialanma.es\/wp-content\/uploads\/2021\/05\/tequila-rooster-reposado.jpg?fit=1080%2C1080&ssl=1\",\"width\":1080,\"height\":1080},{\"@type\":\"WebPage\",\"@id\":\"https:\/\/www.comercialanma.es\/?product=rooster-rojo-reposado#webpage\",\"url\":\"https:\/\/www.comercialanma.es\/?product=rooster-rojo-reposado\",\"name\":\"Tequila Rooster Rojo Reposado 70cl. - Comercial de Hosteleria Anma\",\"isPartOf\":{\"@id\":\"https:\/\/www.comercialanma.es\/#website\"},\"primaryImageOfPage\":{\"@id\":\"https:\/\/www.comercialanma.es\/?product=rooster-rojo-reposado#primaryimage\"},\"datePublished\":\"2021-05-19T14:57:20+00:00\",\"dateModified\":\"2021-05-19T15:15:38+00:00\",\"description\":\"Rooster Rojo Reposado | 70cl. | 40% vol. | reposa en barricas de roble franc\\u00e9s que antes contuvieron Co\\u00f1ac para conseguir un toque diferente.\",\"breadcrumb\":{\"@id\":\"https:\/\/www.comercialanma.es\/?product=rooster-rojo-reposado#breadcrumb\"},\"inLanguage\":\"es\",\"potentialAction\":[{\"@type\":\"ReadAction\",\"target\":[\"https:\/\/www.comercialanma.es\/?product=rooster-rojo-reposado\"]}]},{\"@type\":\"BreadcrumbList\",\"@id\":\"https:\/\/www.comercialanma.es\/?product=rooster-rojo-reposado#breadcrumb\",\"itemListElement\":[{\"@type\":\"ListItem\",\"position\":1,\"item\":{\"@type\":\"WebPage\",\"@id\":\"https:\/\/www.comercialanma.es\/\",\"url\":\"https:\/\/www.comercialanma.es\/\",\"name\":\"Portada\"}},{\"@type\":\"ListItem\",\"position\":2,\"item\":{\"@type\":\"WebPage\",\"@id\":\"https:\/\/www.comercialanma.es\/?page_id=3963\",\"url\":\"https:\/\/www.comercialanma.es\/?page_id=3963\",\"name\":\"Cat\\u00e1logo de Productos\"}},{\"@type\":\"ListItem\",\"position\":3,\"item\":{\"@type\":\"WebPage\",\"@id\":\"https:\/\/www.comercialanma.es\/?product=rooster-rojo-reposado\",\"url\":\"https:\/\/www.comercialanma.es\/?product=rooster-rojo-reposado\",\"name\":\"Tequila Rooster Rojo Reposado 70cl.\"}}]}]}<\/script>\n<!-- \/ Yoast SEO plugin. -->","_links":{"self":[{"href":"https:\/\/www.comercialanma.es\/index.php?rest_route=\/wp\/v2\/product\/16555"}],"collection":[{"href":"https:\/\/www.comercialanma.es\/index.php?rest_route=\/wp\/v2\/product"}],"about":[{"href":"https:\/\/www.comercialanma.es\/index.php?rest_route=\/wp\/v2\/types\/product"}],"version-history":[{"count":2,"href":"https:\/\/www.comercialanma.es\/index.php?rest_route=\/wp\/v2\/product\/16555\/revisions"}],"predecessor-version":[{"id":16561,"href":"https:\/\/www.comercialanma.es\/index.php?rest_route=\/wp\/v2\/product\/16555\/revisions\/16561"}],"wp:featuredmedia":[{"embeddable":true,"href":"https:\/\/www.comercialanma.es\/index.php?rest_route=\/wp\/v2\/media\/16556"}],"wp:attachment":[{"href":"https:\/\/www.comercialanma.es\/index.php?rest_route=%2Fwp%2Fv2%2Fmedia&parent=16555"}],"curies":[{"name":"wp","href":"https:\/\/api.w.org\/{rel}","templated":true}]}}