
{"id":16631,"date":"2021-06-08T09:47:28","date_gmt":"2021-06-08T07:47:28","guid":{"rendered":"https:\/\/www.comercialanma.es\/?post_type=product&#038;p=16631"},"modified":"2021-06-08T09:54:33","modified_gmt":"2021-06-08T07:54:33","slug":"indias-blackberry","status":"publish","type":"product","link":"https:\/\/www.comercialanma.es\/?product=indias-blackberry","title":{"rendered":"Ginebra Puerto de Indias BlackBerry 70cl."},"content":{"rendered":"<ul>\n<li>Marca: Puerto de Indias<\/li>\n<li>Alcohol: 37,5% vol.<\/li>\n<li>Volumen: 70cl.<\/li>\n<\/ul>\n<h3>Nota de cata:<\/h3>\n<ul>\n<li>Al servir, Puerto de Indias Blackberry, nos llama a la vista su llamativo tono morado.<\/li>\n<li>En nariz, desprende aromas intensos a mora y notas de enebro con toques c\u00edtricos.<\/li>\n<li>En boca, resalta el jugoso sabor de las moras con notas de bayas de enebro, c\u00edtricos y florales dando paso a un final suave, dulce y refrescante.<\/li>\n<\/ul>\n","protected":false},"excerpt":{"rendered":"<p>Ginebra Puerto de Indias BlackBerry | 70cl. |<\/p>\n<div>\n<p>Ha llegado el momento de presentarles Puerto de Indias Blackberry, el gin de moras, de tipo Premium con un exquisito toque de sabor natural a mora y un color inconfundible. \u00a1Una delicia para el paladar!<\/p>\n<\/div>\n<p>Es perfecta para darle un toque de sabor y color\u00a0en la preparaci\u00f3n de un cl\u00e1sico Gin &amp; Tonic, o en cualquier otro coctel. Estamos seguros que se convertir\u00e1 en tu Gin favorito.<\/p>\n<p><span class=\"a-list-item\">\u00a0<\/span><\/p>\n<p>&nbsp;<\/p>\n<p>&nbsp;<\/p>\n","protected":false},"featured_media":16632,"template":"","meta":{"spay_email":""},"yoast_head":"<!-- This site is optimized with the Yoast SEO plugin v15.9 - https:\/\/yoast.com\/wordpress\/plugins\/seo\/ -->\n<title>Ginebra Puerto de Indias BlackBerry 70cl. - Comercial de Hosteleria Anma<\/title>\n<meta name=\"description\" content=\"Ginebra Puerto de Indias BlackBerry | 70cl. | Gin de moras, de tipo Premium con exquisito toque sabor natural a mora y un color inconfundible.\" \/>\n<meta name=\"robots\" content=\"index, follow, max-snippet:-1, max-image-preview:large, max-video-preview:-1\" \/>\n<link rel=\"canonical\" href=\"https:\/\/www.comercialanma.es\/?product=indias-blackberry\" \/>\n<meta property=\"og:locale\" content=\"es_ES\" \/>\n<meta property=\"og:type\" content=\"article\" \/>\n<meta property=\"og:title\" content=\"Ginebra Puerto de Indias BlackBerry 70cl. - Comercial de Hosteleria Anma\" \/>\n<meta property=\"og:description\" content=\"Ginebra Puerto de Indias BlackBerry | 70cl. | Gin de moras, de tipo Premium con exquisito toque sabor natural a mora y un color inconfundible.\" \/>\n<meta property=\"og:url\" content=\"https:\/\/www.comercialanma.es\/?product=indias-blackberry\" \/>\n<meta property=\"og:site_name\" content=\"Comercial de Hosteleria Anma\" \/>\n<meta property=\"article:publisher\" content=\"https:\/\/www.facebook.com\/AnmaHosteleria\" \/>\n<meta property=\"article:modified_time\" content=\"2021-06-08T07:54:33+00:00\" \/>\n<meta property=\"og:image\" content=\"https:\/\/i2.wp.com\/www.comercialanma.es\/wp-content\/uploads\/2021\/06\/Puerto-de-indias-Blackberryweb.jpg?fit=1080%2C1080&#038;ssl=1\" \/>\n\t<meta property=\"og:image:width\" content=\"1080\" \/>\n\t<meta property=\"og:image:height\" content=\"1080\" \/>\n<meta name=\"twitter:card\" content=\"summary_large_image\" \/>\n<meta name=\"twitter:label1\" content=\"Tiempo de lectura\">\n\t<meta name=\"twitter:data1\" content=\"1 minuto\">\n<script type=\"application\/ld+json\" class=\"yoast-schema-graph\">{\"@context\":\"https:\/\/schema.org\",\"@graph\":[{\"@type\":\"Organization\",\"@id\":\"https:\/\/www.comercialanma.es\/#organization\",\"name\":\"Comercial Anma\",\"url\":\"https:\/\/www.comercialanma.es\/\",\"sameAs\":[\"https:\/\/www.facebook.com\/AnmaHosteleria\",\"https:\/\/www.instagram.com\/anmahosteleria\/?hl=es\",\"https:\/\/www.youtube.com\/channel\/UCT2nmn08Ntks0hmpZPnDgCA\"],\"logo\":{\"@type\":\"ImageObject\",\"@id\":\"https:\/\/www.comercialanma.es\/#logo\",\"inLanguage\":\"es\",\"url\":\"https:\/\/i2.wp.com\/www.comercialanma.es\/wp-content\/uploads\/2019\/06\/logo-anma-color.png?fit=247%2C101&ssl=1\",\"width\":247,\"height\":101,\"caption\":\"Comercial Anma\"},\"image\":{\"@id\":\"https:\/\/www.comercialanma.es\/#logo\"}},{\"@type\":\"WebSite\",\"@id\":\"https:\/\/www.comercialanma.es\/#website\",\"url\":\"https:\/\/www.comercialanma.es\/\",\"name\":\"Comercial de Hosteleria Anma\",\"description\":\"\",\"publisher\":{\"@id\":\"https:\/\/www.comercialanma.es\/#organization\"},\"potentialAction\":[{\"@type\":\"SearchAction\",\"target\":\"https:\/\/www.comercialanma.es\/?s={search_term_string}\",\"query-input\":\"required name=search_term_string\"}],\"inLanguage\":\"es\"},{\"@type\":\"ImageObject\",\"@id\":\"https:\/\/www.comercialanma.es\/?product=indias-blackberry#primaryimage\",\"inLanguage\":\"es\",\"url\":\"https:\/\/i2.wp.com\/www.comercialanma.es\/wp-content\/uploads\/2021\/06\/Puerto-de-indias-Blackberryweb.jpg?fit=1080%2C1080&ssl=1\",\"width\":1080,\"height\":1080},{\"@type\":\"WebPage\",\"@id\":\"https:\/\/www.comercialanma.es\/?product=indias-blackberry#webpage\",\"url\":\"https:\/\/www.comercialanma.es\/?product=indias-blackberry\",\"name\":\"Ginebra Puerto de Indias BlackBerry 70cl. - Comercial de Hosteleria Anma\",\"isPartOf\":{\"@id\":\"https:\/\/www.comercialanma.es\/#website\"},\"primaryImageOfPage\":{\"@id\":\"https:\/\/www.comercialanma.es\/?product=indias-blackberry#primaryimage\"},\"datePublished\":\"2021-06-08T07:47:28+00:00\",\"dateModified\":\"2021-06-08T07:54:33+00:00\",\"description\":\"Ginebra Puerto de Indias BlackBerry | 70cl. | Gin de moras, de tipo Premium con exquisito toque sabor natural a mora y un color inconfundible.\",\"breadcrumb\":{\"@id\":\"https:\/\/www.comercialanma.es\/?product=indias-blackberry#breadcrumb\"},\"inLanguage\":\"es\",\"potentialAction\":[{\"@type\":\"ReadAction\",\"target\":[\"https:\/\/www.comercialanma.es\/?product=indias-blackberry\"]}]},{\"@type\":\"BreadcrumbList\",\"@id\":\"https:\/\/www.comercialanma.es\/?product=indias-blackberry#breadcrumb\",\"itemListElement\":[{\"@type\":\"ListItem\",\"position\":1,\"item\":{\"@type\":\"WebPage\",\"@id\":\"https:\/\/www.comercialanma.es\/\",\"url\":\"https:\/\/www.comercialanma.es\/\",\"name\":\"Portada\"}},{\"@type\":\"ListItem\",\"position\":2,\"item\":{\"@type\":\"WebPage\",\"@id\":\"https:\/\/www.comercialanma.es\/?page_id=3963\",\"url\":\"https:\/\/www.comercialanma.es\/?page_id=3963\",\"name\":\"Cat\\u00e1logo de Productos\"}},{\"@type\":\"ListItem\",\"position\":3,\"item\":{\"@type\":\"WebPage\",\"@id\":\"https:\/\/www.comercialanma.es\/?product=indias-blackberry\",\"url\":\"https:\/\/www.comercialanma.es\/?product=indias-blackberry\",\"name\":\"Ginebra Puerto de Indias BlackBerry 70cl.\"}}]}]}<\/script>\n<!-- \/ Yoast SEO plugin. -->","_links":{"self":[{"href":"https:\/\/www.comercialanma.es\/index.php?rest_route=\/wp\/v2\/product\/16631"}],"collection":[{"href":"https:\/\/www.comercialanma.es\/index.php?rest_route=\/wp\/v2\/product"}],"about":[{"href":"https:\/\/www.comercialanma.es\/index.php?rest_route=\/wp\/v2\/types\/product"}],"version-history":[{"count":1,"href":"https:\/\/www.comercialanma.es\/index.php?rest_route=\/wp\/v2\/product\/16631\/revisions"}],"predecessor-version":[{"id":16633,"href":"https:\/\/www.comercialanma.es\/index.php?rest_route=\/wp\/v2\/product\/16631\/revisions\/16633"}],"wp:featuredmedia":[{"embeddable":true,"href":"https:\/\/www.comercialanma.es\/index.php?rest_route=\/wp\/v2\/media\/16632"}],"wp:attachment":[{"href":"https:\/\/www.comercialanma.es\/index.php?rest_route=%2Fwp%2Fv2%2Fmedia&parent=16631"}],"curies":[{"name":"wp","href":"https:\/\/api.w.org\/{rel}","templated":true}]}}