
{"id":16637,"date":"2021-06-08T16:43:31","date_gmt":"2021-06-08T14:43:31","guid":{"rendered":"https:\/\/www.comercialanma.es\/?post_type=product&#038;p=16637"},"modified":"2021-06-08T16:50:28","modified_gmt":"2021-06-08T14:50:28","slug":"aberfeldy-21","status":"publish","type":"product","link":"https:\/\/www.comercialanma.es\/?product=aberfeldy-21","title":{"rendered":"Whisky Aberfeldy 21 a\u00f1os 70cl."},"content":{"rendered":"<h3>Nota de cata:<\/h3>\n<ul>\n<li>Color ambarino dorado de media intensidad<\/li>\n<li>Aroma muy complejo, de cebada malteada y golosas de miel de brezo, con elegantes notas dulces especiadas, vainilla y canela, muy intensas y seductoras.<\/li>\n<li>Amplio, redondo y elegante, con vibrantes notas de cebada malteada, vainilla y especias dulces, en equilibrio con delicados recuerdos de almendras. Muy largo, intenso, complejo y de gran finura.<\/li>\n<li>Graduaci\u00f3n 47% vol.<\/li>\n<li>Singlemalt<\/li>\n<\/ul>\n<p>&nbsp;<\/p>\n","protected":false},"excerpt":{"rendered":"<p>Whisky Aberfeldy 21 a\u00f1os | 70cl.| Escoc\u00e9s |<\/p>\n<p>Whisky Aberfeldy 21 a\u00f1os Un whisky de alta gama de Highland (Escocia) un single malt con una maduraci\u00f3n 21 a\u00f1os en barricas de roble, sin duda una joya dentro de su categor\u00eda, capaz de deleitar los paladares m\u00e1s exigentes y no dejar indiferente a quien lo prueba. Este whisky Aberfeldy 21 a\u00f1os esta elaborado por Bodegas Aberfeldy y se elabor\u00f3 por primera vez en el a\u00f1o 2005 para mostrar lo mejor y mas destacado de la destiler\u00eda escocesa. Si tienes alguna duda a la hora de comprar Whisky Aberfeldy 21 a\u00f1os, ponte en contacto con el sumiller de nuestra tienda online de whiskys de Escocia y te asesorar\u00e1 sin compromiso.<\/p>\n<p>&nbsp;<\/p>\n<p>&nbsp;<\/p>\n<p><span lang=\"es\"><span title=\"\"><span title=\"\">\u00a0<\/span><\/span><\/span><\/p>\n","protected":false},"featured_media":16639,"template":"","meta":{"spay_email":""},"yoast_head":"<!-- This site is optimized with the Yoast SEO plugin v15.9 - https:\/\/yoast.com\/wordpress\/plugins\/seo\/ -->\n<title>Whisky Aberfeldy 21 a\u00f1os 70cl. - Comercial de Hosteleria Anma<\/title>\n<meta name=\"description\" content=\"Whisky Aberfeldy 21 a\u00f1os | 70cl.| Escoc\u00e9s | Whisky Aberfeldy 21 a\u00f1os Un whisky single malt con una maduraci\u00f3n 21 a\u00f1os en barricas de roble.\" \/>\n<meta name=\"robots\" content=\"index, follow, max-snippet:-1, max-image-preview:large, max-video-preview:-1\" \/>\n<link rel=\"canonical\" href=\"https:\/\/www.comercialanma.es\/?product=aberfeldy-21\" \/>\n<meta property=\"og:locale\" content=\"es_ES\" \/>\n<meta property=\"og:type\" content=\"article\" \/>\n<meta property=\"og:title\" content=\"Whisky Aberfeldy 21 a\u00f1os 70cl. - Comercial de Hosteleria Anma\" \/>\n<meta property=\"og:description\" content=\"Whisky Aberfeldy 21 a\u00f1os | 70cl.| Escoc\u00e9s | Whisky Aberfeldy 21 a\u00f1os Un whisky single malt con una maduraci\u00f3n 21 a\u00f1os en barricas de roble.\" \/>\n<meta property=\"og:url\" content=\"https:\/\/www.comercialanma.es\/?product=aberfeldy-21\" \/>\n<meta property=\"og:site_name\" content=\"Comercial de Hosteleria Anma\" \/>\n<meta property=\"article:publisher\" content=\"https:\/\/www.facebook.com\/AnmaHosteleria\" \/>\n<meta property=\"article:modified_time\" content=\"2021-06-08T14:50:28+00:00\" \/>\n<meta property=\"og:image\" content=\"https:\/\/i1.wp.com\/www.comercialanma.es\/wp-content\/uploads\/2021\/06\/aberfeldy-21-an\u0303os.jpg?fit=1080%2C1080&#038;ssl=1\" \/>\n\t<meta property=\"og:image:width\" content=\"1080\" \/>\n\t<meta property=\"og:image:height\" content=\"1080\" \/>\n<meta name=\"twitter:card\" content=\"summary_large_image\" \/>\n<meta name=\"twitter:label1\" content=\"Tiempo de lectura\">\n\t<meta name=\"twitter:data1\" content=\"1 minuto\">\n<script type=\"application\/ld+json\" class=\"yoast-schema-graph\">{\"@context\":\"https:\/\/schema.org\",\"@graph\":[{\"@type\":\"Organization\",\"@id\":\"https:\/\/www.comercialanma.es\/#organization\",\"name\":\"Comercial Anma\",\"url\":\"https:\/\/www.comercialanma.es\/\",\"sameAs\":[\"https:\/\/www.facebook.com\/AnmaHosteleria\",\"https:\/\/www.instagram.com\/anmahosteleria\/?hl=es\",\"https:\/\/www.youtube.com\/channel\/UCT2nmn08Ntks0hmpZPnDgCA\"],\"logo\":{\"@type\":\"ImageObject\",\"@id\":\"https:\/\/www.comercialanma.es\/#logo\",\"inLanguage\":\"es\",\"url\":\"https:\/\/i2.wp.com\/www.comercialanma.es\/wp-content\/uploads\/2019\/06\/logo-anma-color.png?fit=247%2C101&ssl=1\",\"width\":247,\"height\":101,\"caption\":\"Comercial Anma\"},\"image\":{\"@id\":\"https:\/\/www.comercialanma.es\/#logo\"}},{\"@type\":\"WebSite\",\"@id\":\"https:\/\/www.comercialanma.es\/#website\",\"url\":\"https:\/\/www.comercialanma.es\/\",\"name\":\"Comercial de Hosteleria Anma\",\"description\":\"\",\"publisher\":{\"@id\":\"https:\/\/www.comercialanma.es\/#organization\"},\"potentialAction\":[{\"@type\":\"SearchAction\",\"target\":\"https:\/\/www.comercialanma.es\/?s={search_term_string}\",\"query-input\":\"required name=search_term_string\"}],\"inLanguage\":\"es\"},{\"@type\":\"ImageObject\",\"@id\":\"https:\/\/www.comercialanma.es\/?product=aberfeldy-21#primaryimage\",\"inLanguage\":\"es\",\"url\":\"https:\/\/i1.wp.com\/www.comercialanma.es\/wp-content\/uploads\/2021\/06\/aberfeldy-21-an\\u0303os.jpg?fit=1080%2C1080&ssl=1\",\"width\":1080,\"height\":1080},{\"@type\":\"WebPage\",\"@id\":\"https:\/\/www.comercialanma.es\/?product=aberfeldy-21#webpage\",\"url\":\"https:\/\/www.comercialanma.es\/?product=aberfeldy-21\",\"name\":\"Whisky Aberfeldy 21 a\\u00f1os 70cl. - Comercial de Hosteleria Anma\",\"isPartOf\":{\"@id\":\"https:\/\/www.comercialanma.es\/#website\"},\"primaryImageOfPage\":{\"@id\":\"https:\/\/www.comercialanma.es\/?product=aberfeldy-21#primaryimage\"},\"datePublished\":\"2021-06-08T14:43:31+00:00\",\"dateModified\":\"2021-06-08T14:50:28+00:00\",\"description\":\"Whisky Aberfeldy 21 a\\u00f1os | 70cl.| Escoc\\u00e9s | Whisky Aberfeldy 21 a\\u00f1os Un whisky single malt con una maduraci\\u00f3n 21 a\\u00f1os en barricas de roble.\",\"breadcrumb\":{\"@id\":\"https:\/\/www.comercialanma.es\/?product=aberfeldy-21#breadcrumb\"},\"inLanguage\":\"es\",\"potentialAction\":[{\"@type\":\"ReadAction\",\"target\":[\"https:\/\/www.comercialanma.es\/?product=aberfeldy-21\"]}]},{\"@type\":\"BreadcrumbList\",\"@id\":\"https:\/\/www.comercialanma.es\/?product=aberfeldy-21#breadcrumb\",\"itemListElement\":[{\"@type\":\"ListItem\",\"position\":1,\"item\":{\"@type\":\"WebPage\",\"@id\":\"https:\/\/www.comercialanma.es\/\",\"url\":\"https:\/\/www.comercialanma.es\/\",\"name\":\"Portada\"}},{\"@type\":\"ListItem\",\"position\":2,\"item\":{\"@type\":\"WebPage\",\"@id\":\"https:\/\/www.comercialanma.es\/?page_id=3963\",\"url\":\"https:\/\/www.comercialanma.es\/?page_id=3963\",\"name\":\"Cat\\u00e1logo de Productos\"}},{\"@type\":\"ListItem\",\"position\":3,\"item\":{\"@type\":\"WebPage\",\"@id\":\"https:\/\/www.comercialanma.es\/?product=aberfeldy-21\",\"url\":\"https:\/\/www.comercialanma.es\/?product=aberfeldy-21\",\"name\":\"Whisky Aberfeldy 21 a\\u00f1os 70cl.\"}}]}]}<\/script>\n<!-- \/ Yoast SEO plugin. -->","_links":{"self":[{"href":"https:\/\/www.comercialanma.es\/index.php?rest_route=\/wp\/v2\/product\/16637"}],"collection":[{"href":"https:\/\/www.comercialanma.es\/index.php?rest_route=\/wp\/v2\/product"}],"about":[{"href":"https:\/\/www.comercialanma.es\/index.php?rest_route=\/wp\/v2\/types\/product"}],"version-history":[{"count":1,"href":"https:\/\/www.comercialanma.es\/index.php?rest_route=\/wp\/v2\/product\/16637\/revisions"}],"predecessor-version":[{"id":16640,"href":"https:\/\/www.comercialanma.es\/index.php?rest_route=\/wp\/v2\/product\/16637\/revisions\/16640"}],"wp:featuredmedia":[{"embeddable":true,"href":"https:\/\/www.comercialanma.es\/index.php?rest_route=\/wp\/v2\/media\/16639"}],"wp:attachment":[{"href":"https:\/\/www.comercialanma.es\/index.php?rest_route=%2Fwp%2Fv2%2Fmedia&parent=16637"}],"curies":[{"name":"wp","href":"https:\/\/api.w.org\/{rel}","templated":true}]}}