
{"id":16659,"date":"2021-06-09T09:19:09","date_gmt":"2021-06-09T07:19:09","guid":{"rendered":"https:\/\/www.comercialanma.es\/?post_type=product&#038;p=16659"},"modified":"2022-05-05T15:58:15","modified_gmt":"2022-05-05T13:58:15","slug":"bombay-sunset","status":"publish","type":"product","link":"https:\/\/www.comercialanma.es\/?product=bombay-sunset","title":{"rendered":"Ginebra Bombay Sapphire Sunset 70cl."},"content":{"rendered":"<p>Bombay Sapphire Sunset | 70cl. |<\/p>\n<ul class=\"a-unordered-list a-vertical a-spacing-mini\">\n<li><span class=\"a-list-item\"> Una nueva ginebra arom\u00e1tica Edici\u00f3n Especial, inspirada en ese resplandor anaranjado y el \u00faltimo calor del sol mientras se funde en el dorado horizonte <\/span><\/li>\n<li><span class=\"a-list-item\"> El atardecer \u00f3ptimo, que se disfruta mejor acompa\u00f1ado de un Sunset &amp; Tonic con una rueda de naranja y an\u00eds estrellado <\/span><\/li>\n<li><span class=\"a-list-item\"> Se sirve mejor con una rueda de naranja como decoraci\u00f3n, simple pero llamativa y, al colocarla primero en la copa, permite que los sabores se infundan a medida que se prepara la bebida <\/span><\/li>\n<li><span class=\"a-list-item\"> Remueve tu creatividad y combina BOMBAY SAPPHIRE SUNSET con ginger ale, jengibre fresco y un chorrito de lima para crear el sabor refrescante de un SECRET SUNSET.<\/span><\/li>\n<\/ul>\n<p>&nbsp;<\/p>\n","protected":false},"excerpt":{"rendered":"<ul>\n<li>Marca: Bombay Sapphire<\/li>\n<li>Alcohol: 43,0% vol.<\/li>\n<li>Volumen: 70cl.<\/li>\n<\/ul>\n","protected":false},"featured_media":16660,"template":"","meta":{"spay_email":""},"yoast_head":"<!-- This site is optimized with the Yoast SEO plugin v15.9 - https:\/\/yoast.com\/wordpress\/plugins\/seo\/ -->\n<title>Ginebra Bombay Sapphire Sunset 70cl. - Comercial de Hosteleria Anma<\/title>\n<meta name=\"description\" content=\"Bombay Sapphire Sunset | 70cl. | Inspirada en ese resplandor anaranjado y el \u00faltimo calor del sol mientras se funde en el dorado horizonte.\" \/>\n<meta name=\"robots\" content=\"index, follow, max-snippet:-1, max-image-preview:large, max-video-preview:-1\" \/>\n<link rel=\"canonical\" href=\"https:\/\/www.comercialanma.es\/?product=bombay-sunset\" \/>\n<meta property=\"og:locale\" content=\"es_ES\" \/>\n<meta property=\"og:type\" content=\"article\" \/>\n<meta property=\"og:title\" content=\"Ginebra Bombay Sapphire Sunset 70cl. - Comercial de Hosteleria Anma\" \/>\n<meta property=\"og:description\" content=\"Bombay Sapphire Sunset | 70cl. | Inspirada en ese resplandor anaranjado y el \u00faltimo calor del sol mientras se funde en el dorado horizonte.\" \/>\n<meta property=\"og:url\" content=\"https:\/\/www.comercialanma.es\/?product=bombay-sunset\" \/>\n<meta property=\"og:site_name\" content=\"Comercial de Hosteleria Anma\" \/>\n<meta property=\"article:publisher\" content=\"https:\/\/www.facebook.com\/AnmaHosteleria\" \/>\n<meta property=\"article:modified_time\" content=\"2022-05-05T13:58:15+00:00\" \/>\n<meta property=\"og:image\" content=\"https:\/\/i1.wp.com\/www.comercialanma.es\/wp-content\/uploads\/2021\/06\/Bombay-sapphire-sunset.jpg?fit=1080%2C1080&#038;ssl=1\" \/>\n\t<meta property=\"og:image:width\" content=\"1080\" \/>\n\t<meta property=\"og:image:height\" content=\"1080\" \/>\n<meta name=\"twitter:card\" content=\"summary_large_image\" \/>\n<meta name=\"twitter:label1\" content=\"Tiempo de lectura\">\n\t<meta name=\"twitter:data1\" content=\"1 minuto\">\n<script type=\"application\/ld+json\" class=\"yoast-schema-graph\">{\"@context\":\"https:\/\/schema.org\",\"@graph\":[{\"@type\":\"Organization\",\"@id\":\"https:\/\/www.comercialanma.es\/#organization\",\"name\":\"Comercial Anma\",\"url\":\"https:\/\/www.comercialanma.es\/\",\"sameAs\":[\"https:\/\/www.facebook.com\/AnmaHosteleria\",\"https:\/\/www.instagram.com\/anmahosteleria\/?hl=es\",\"https:\/\/www.youtube.com\/channel\/UCT2nmn08Ntks0hmpZPnDgCA\"],\"logo\":{\"@type\":\"ImageObject\",\"@id\":\"https:\/\/www.comercialanma.es\/#logo\",\"inLanguage\":\"es\",\"url\":\"https:\/\/i2.wp.com\/www.comercialanma.es\/wp-content\/uploads\/2019\/06\/logo-anma-color.png?fit=247%2C101&ssl=1\",\"width\":247,\"height\":101,\"caption\":\"Comercial Anma\"},\"image\":{\"@id\":\"https:\/\/www.comercialanma.es\/#logo\"}},{\"@type\":\"WebSite\",\"@id\":\"https:\/\/www.comercialanma.es\/#website\",\"url\":\"https:\/\/www.comercialanma.es\/\",\"name\":\"Comercial de Hosteleria Anma\",\"description\":\"\",\"publisher\":{\"@id\":\"https:\/\/www.comercialanma.es\/#organization\"},\"potentialAction\":[{\"@type\":\"SearchAction\",\"target\":\"https:\/\/www.comercialanma.es\/?s={search_term_string}\",\"query-input\":\"required name=search_term_string\"}],\"inLanguage\":\"es\"},{\"@type\":\"ImageObject\",\"@id\":\"https:\/\/www.comercialanma.es\/?product=bombay-sunset#primaryimage\",\"inLanguage\":\"es\",\"url\":\"https:\/\/i1.wp.com\/www.comercialanma.es\/wp-content\/uploads\/2021\/06\/Bombay-sapphire-sunset.jpg?fit=1080%2C1080&ssl=1\",\"width\":1080,\"height\":1080},{\"@type\":\"WebPage\",\"@id\":\"https:\/\/www.comercialanma.es\/?product=bombay-sunset#webpage\",\"url\":\"https:\/\/www.comercialanma.es\/?product=bombay-sunset\",\"name\":\"Ginebra Bombay Sapphire Sunset 70cl. - Comercial de Hosteleria Anma\",\"isPartOf\":{\"@id\":\"https:\/\/www.comercialanma.es\/#website\"},\"primaryImageOfPage\":{\"@id\":\"https:\/\/www.comercialanma.es\/?product=bombay-sunset#primaryimage\"},\"datePublished\":\"2021-06-09T07:19:09+00:00\",\"dateModified\":\"2022-05-05T13:58:15+00:00\",\"description\":\"Bombay Sapphire Sunset | 70cl. | Inspirada en ese resplandor anaranjado y el \\u00faltimo calor del sol mientras se funde en el dorado horizonte.\",\"breadcrumb\":{\"@id\":\"https:\/\/www.comercialanma.es\/?product=bombay-sunset#breadcrumb\"},\"inLanguage\":\"es\",\"potentialAction\":[{\"@type\":\"ReadAction\",\"target\":[\"https:\/\/www.comercialanma.es\/?product=bombay-sunset\"]}]},{\"@type\":\"BreadcrumbList\",\"@id\":\"https:\/\/www.comercialanma.es\/?product=bombay-sunset#breadcrumb\",\"itemListElement\":[{\"@type\":\"ListItem\",\"position\":1,\"item\":{\"@type\":\"WebPage\",\"@id\":\"https:\/\/www.comercialanma.es\/\",\"url\":\"https:\/\/www.comercialanma.es\/\",\"name\":\"Portada\"}},{\"@type\":\"ListItem\",\"position\":2,\"item\":{\"@type\":\"WebPage\",\"@id\":\"https:\/\/www.comercialanma.es\/?page_id=3963\",\"url\":\"https:\/\/www.comercialanma.es\/?page_id=3963\",\"name\":\"Cat\\u00e1logo de Productos\"}},{\"@type\":\"ListItem\",\"position\":3,\"item\":{\"@type\":\"WebPage\",\"@id\":\"https:\/\/www.comercialanma.es\/?product=bombay-sunset\",\"url\":\"https:\/\/www.comercialanma.es\/?product=bombay-sunset\",\"name\":\"Ginebra Bombay Sapphire Sunset 70cl.\"}}]}]}<\/script>\n<!-- \/ Yoast SEO plugin. -->","_links":{"self":[{"href":"https:\/\/www.comercialanma.es\/index.php?rest_route=\/wp\/v2\/product\/16659"}],"collection":[{"href":"https:\/\/www.comercialanma.es\/index.php?rest_route=\/wp\/v2\/product"}],"about":[{"href":"https:\/\/www.comercialanma.es\/index.php?rest_route=\/wp\/v2\/types\/product"}],"version-history":[{"count":4,"href":"https:\/\/www.comercialanma.es\/index.php?rest_route=\/wp\/v2\/product\/16659\/revisions"}],"predecessor-version":[{"id":21267,"href":"https:\/\/www.comercialanma.es\/index.php?rest_route=\/wp\/v2\/product\/16659\/revisions\/21267"}],"wp:featuredmedia":[{"embeddable":true,"href":"https:\/\/www.comercialanma.es\/index.php?rest_route=\/wp\/v2\/media\/16660"}],"wp:attachment":[{"href":"https:\/\/www.comercialanma.es\/index.php?rest_route=%2Fwp%2Fv2%2Fmedia&parent=16659"}],"curies":[{"name":"wp","href":"https:\/\/api.w.org\/{rel}","templated":true}]}}