
{"id":16672,"date":"2021-06-15T17:40:41","date_gmt":"2021-06-15T15:40:41","guid":{"rendered":"https:\/\/www.comercialanma.es\/?post_type=product&#038;p=16672"},"modified":"2021-07-27T16:03:05","modified_gmt":"2021-07-27T14:03:05","slug":"mayonesa-biberon-millas","status":"publish","type":"product","link":"https:\/\/www.comercialanma.es\/?product=mayonesa-biberon-millas","title":{"rendered":"Salsa Mayonesa Mill\u00e1s (Biber\u00f3n) 770ml."},"content":{"rendered":"<h3><b> INGREDIENTES Y AL\u00c9RGENOS\u00a0<\/b><\/h3>\n<ul>\n<li><b> <\/b> Aceite de girasol, agua, yema de huevo pasteurizada, vinagre de alcohol, az\u00facar, sal, estabilizantes (goma guar, goma xantana), aromas, conservador (sorbato pot\u00e1sico) y antioxidantes (\u00e1cido c\u00edtrico y E-385).<\/li>\n<li>Contiene huevo. Sin gluten.<\/li>\n<\/ul>\n<h3><b>VALORES NUTRICIONALES (100 g)\u00a0<\/b><\/h3>\n<ul>\n<li><b> <\/b> Valor energ\u00e9tico: 2399 kJ \/ 583 kcal<\/li>\n<li>Grasas: 64 g<\/li>\n<li>De las cuales saturadas: 10 g<\/li>\n<li>Hidratos de carbono: 1,4 g<\/li>\n<li>De los cuales az\u00facares: 1 g<\/li>\n<li>Prote\u00ednas: 0,8 g<\/li>\n<li>Sal: 1,1 gr.<\/li>\n<\/ul>\n<h3><b>CONSERVACI\u00d3N Y UTILIZACI\u00d3N\u00a0<\/b><\/h3>\n<ul>\n<li><b> <\/b> Conservaci\u00f3n: Conservar en un lugar fresco y seco. Una vez abierto el envase consumir como m\u00e1ximo en 15 d\u00edas. Caducidad 13 meses desde su envasado.<\/li>\n<li>Modo de empleo: Listo para consumir. Salsa preparada para su uso en la elaboraci\u00f3n o como aderezo de platos o ensaladas.<\/li>\n<\/ul>\n","protected":false},"excerpt":{"rendered":"<div>\n<p>Salsa Mayonesa Mill\u00e1s (Biber\u00f3n) | 770ml. |<\/p>\n<p>Mayonesa de sabor intenso, con una textura consistente y suave, de un color blanco e indicada para cualquier acompa\u00f1amiento en una amplia gama de platos, es una mayonesa cuya composici\u00f3n de materia grasa est\u00e1 por encima del 70%. Formato no rellenable y m\u00e1s higi\u00e9nico ideal para cadenas y restaurantes de comida r\u00e1pida.<\/p><\/div>\n","protected":false},"featured_media":16673,"template":"","meta":{"spay_email":""},"yoast_head":"<!-- This site is optimized with the Yoast SEO plugin v15.9 - https:\/\/yoast.com\/wordpress\/plugins\/seo\/ -->\n<title>Salsa Mayonesa Mill\u00e1s (Biber\u00f3n) 770ml. - Comercial de Hosteleria Anma<\/title>\n<meta name=\"description\" content=\"Salsa Mayonesa Mill\u00e1s (Biber\u00f3n) | 770ml. | Mayonesa de sabor intenso, con una textura consistente y suave, de un color blanco.\" \/>\n<meta name=\"robots\" content=\"index, follow, max-snippet:-1, max-image-preview:large, max-video-preview:-1\" \/>\n<link rel=\"canonical\" href=\"https:\/\/www.comercialanma.es\/?product=mayonesa-biberon-millas\" \/>\n<meta property=\"og:locale\" content=\"es_ES\" \/>\n<meta property=\"og:type\" content=\"article\" \/>\n<meta property=\"og:title\" content=\"Salsa Mayonesa Mill\u00e1s (Biber\u00f3n) 770ml. - Comercial de Hosteleria Anma\" \/>\n<meta property=\"og:description\" content=\"Salsa Mayonesa Mill\u00e1s (Biber\u00f3n) | 770ml. | Mayonesa de sabor intenso, con una textura consistente y suave, de un color blanco.\" \/>\n<meta property=\"og:url\" content=\"https:\/\/www.comercialanma.es\/?product=mayonesa-biberon-millas\" \/>\n<meta property=\"og:site_name\" content=\"Comercial de Hosteleria Anma\" \/>\n<meta property=\"article:publisher\" content=\"https:\/\/www.facebook.com\/AnmaHosteleria\" \/>\n<meta property=\"article:modified_time\" content=\"2021-07-27T14:03:05+00:00\" \/>\n<meta property=\"og:image\" content=\"https:\/\/i2.wp.com\/www.comercialanma.es\/wp-content\/uploads\/2021\/06\/32101505.jpg?fit=1080%2C1080&#038;ssl=1\" \/>\n\t<meta property=\"og:image:width\" content=\"1080\" \/>\n\t<meta property=\"og:image:height\" content=\"1080\" \/>\n<meta name=\"twitter:card\" content=\"summary_large_image\" \/>\n<meta name=\"twitter:label1\" content=\"Tiempo de lectura\">\n\t<meta name=\"twitter:data1\" content=\"1 minuto\">\n<script type=\"application\/ld+json\" class=\"yoast-schema-graph\">{\"@context\":\"https:\/\/schema.org\",\"@graph\":[{\"@type\":\"Organization\",\"@id\":\"https:\/\/www.comercialanma.es\/#organization\",\"name\":\"Comercial Anma\",\"url\":\"https:\/\/www.comercialanma.es\/\",\"sameAs\":[\"https:\/\/www.facebook.com\/AnmaHosteleria\",\"https:\/\/www.instagram.com\/anmahosteleria\/?hl=es\",\"https:\/\/www.youtube.com\/channel\/UCT2nmn08Ntks0hmpZPnDgCA\"],\"logo\":{\"@type\":\"ImageObject\",\"@id\":\"https:\/\/www.comercialanma.es\/#logo\",\"inLanguage\":\"es\",\"url\":\"https:\/\/i2.wp.com\/www.comercialanma.es\/wp-content\/uploads\/2019\/06\/logo-anma-color.png?fit=247%2C101&ssl=1\",\"width\":247,\"height\":101,\"caption\":\"Comercial Anma\"},\"image\":{\"@id\":\"https:\/\/www.comercialanma.es\/#logo\"}},{\"@type\":\"WebSite\",\"@id\":\"https:\/\/www.comercialanma.es\/#website\",\"url\":\"https:\/\/www.comercialanma.es\/\",\"name\":\"Comercial de Hosteleria Anma\",\"description\":\"\",\"publisher\":{\"@id\":\"https:\/\/www.comercialanma.es\/#organization\"},\"potentialAction\":[{\"@type\":\"SearchAction\",\"target\":\"https:\/\/www.comercialanma.es\/?s={search_term_string}\",\"query-input\":\"required name=search_term_string\"}],\"inLanguage\":\"es\"},{\"@type\":\"ImageObject\",\"@id\":\"https:\/\/www.comercialanma.es\/?product=mayonesa-biberon-millas#primaryimage\",\"inLanguage\":\"es\",\"url\":\"https:\/\/i2.wp.com\/www.comercialanma.es\/wp-content\/uploads\/2021\/06\/32101505.jpg?fit=1080%2C1080&ssl=1\",\"width\":1080,\"height\":1080},{\"@type\":\"WebPage\",\"@id\":\"https:\/\/www.comercialanma.es\/?product=mayonesa-biberon-millas#webpage\",\"url\":\"https:\/\/www.comercialanma.es\/?product=mayonesa-biberon-millas\",\"name\":\"Salsa Mayonesa Mill\\u00e1s (Biber\\u00f3n) 770ml. - Comercial de Hosteleria Anma\",\"isPartOf\":{\"@id\":\"https:\/\/www.comercialanma.es\/#website\"},\"primaryImageOfPage\":{\"@id\":\"https:\/\/www.comercialanma.es\/?product=mayonesa-biberon-millas#primaryimage\"},\"datePublished\":\"2021-06-15T15:40:41+00:00\",\"dateModified\":\"2021-07-27T14:03:05+00:00\",\"description\":\"Salsa Mayonesa Mill\\u00e1s (Biber\\u00f3n) | 770ml. | Mayonesa de sabor intenso, con una textura consistente y suave, de un color blanco.\",\"breadcrumb\":{\"@id\":\"https:\/\/www.comercialanma.es\/?product=mayonesa-biberon-millas#breadcrumb\"},\"inLanguage\":\"es\",\"potentialAction\":[{\"@type\":\"ReadAction\",\"target\":[\"https:\/\/www.comercialanma.es\/?product=mayonesa-biberon-millas\"]}]},{\"@type\":\"BreadcrumbList\",\"@id\":\"https:\/\/www.comercialanma.es\/?product=mayonesa-biberon-millas#breadcrumb\",\"itemListElement\":[{\"@type\":\"ListItem\",\"position\":1,\"item\":{\"@type\":\"WebPage\",\"@id\":\"https:\/\/www.comercialanma.es\/\",\"url\":\"https:\/\/www.comercialanma.es\/\",\"name\":\"Portada\"}},{\"@type\":\"ListItem\",\"position\":2,\"item\":{\"@type\":\"WebPage\",\"@id\":\"https:\/\/www.comercialanma.es\/?page_id=3963\",\"url\":\"https:\/\/www.comercialanma.es\/?page_id=3963\",\"name\":\"Cat\\u00e1logo de Productos\"}},{\"@type\":\"ListItem\",\"position\":3,\"item\":{\"@type\":\"WebPage\",\"@id\":\"https:\/\/www.comercialanma.es\/?product=mayonesa-biberon-millas\",\"url\":\"https:\/\/www.comercialanma.es\/?product=mayonesa-biberon-millas\",\"name\":\"Salsa Mayonesa Mill\\u00e1s (Biber\\u00f3n) 770ml.\"}}]}]}<\/script>\n<!-- \/ Yoast SEO plugin. -->","_links":{"self":[{"href":"https:\/\/www.comercialanma.es\/index.php?rest_route=\/wp\/v2\/product\/16672"}],"collection":[{"href":"https:\/\/www.comercialanma.es\/index.php?rest_route=\/wp\/v2\/product"}],"about":[{"href":"https:\/\/www.comercialanma.es\/index.php?rest_route=\/wp\/v2\/types\/product"}],"version-history":[{"count":1,"href":"https:\/\/www.comercialanma.es\/index.php?rest_route=\/wp\/v2\/product\/16672\/revisions"}],"predecessor-version":[{"id":16674,"href":"https:\/\/www.comercialanma.es\/index.php?rest_route=\/wp\/v2\/product\/16672\/revisions\/16674"}],"wp:featuredmedia":[{"embeddable":true,"href":"https:\/\/www.comercialanma.es\/index.php?rest_route=\/wp\/v2\/media\/16673"}],"wp:attachment":[{"href":"https:\/\/www.comercialanma.es\/index.php?rest_route=%2Fwp%2Fv2%2Fmedia&parent=16672"}],"curies":[{"name":"wp","href":"https:\/\/api.w.org\/{rel}","templated":true}]}}