
{"id":16691,"date":"2021-06-16T10:45:13","date_gmt":"2021-06-16T08:45:13","guid":{"rendered":"https:\/\/www.comercialanma.es\/?post_type=product&#038;p=16691"},"modified":"2025-02-18T11:58:45","modified_gmt":"2025-02-18T10:58:45","slug":"bonito-del-norte-tronco-olasagasti-1150","status":"publish","type":"product","link":"https:\/\/www.comercialanma.es\/?product=bonito-del-norte-tronco-olasagasti-1150","title":{"rendered":"Bonito del Norte Olasagasti aceite oliva RO-1150"},"content":{"rendered":"<ul>\n<li>Marca: Olasagasti<\/li>\n<li>Descripci\u00f3n: Troncosde\u00a0 Bonito del Norte en Aceite de Oliva<\/li>\n<li>Fomato: Lata 1150gr.<\/li>\n<\/ul>\n","protected":false},"excerpt":{"rendered":"<p>No s\u00f3lo para hosteler\u00eda de calidad sino para cualquier incondicional del Bonito del Norte. Estos hermos\u00edsimos, delicados y jugosos lomos de bonito del norte en aceite de oliva son lo m\u00e1s de lo m\u00e1s y ser\u00e1n celebrados en toda mesa que se precie.<\/p>\n","protected":false},"featured_media":24046,"template":"","meta":{"spay_email":""},"yoast_head":"<!-- This site is optimized with the Yoast SEO plugin v15.9 - https:\/\/yoast.com\/wordpress\/plugins\/seo\/ -->\n<title>Bonito del Norte Olasagasti aceite oliva RO-1150 - Comercial de Hosteleria Anma<\/title>\n<meta name=\"description\" content=\"Bonito del norte tronco | Olasagasti | RO-1150 | Troncos de Bonito del Norte en aceite de oliva LA MARQUINESA\" \/>\n<meta name=\"robots\" content=\"index, follow, max-snippet:-1, max-image-preview:large, max-video-preview:-1\" \/>\n<link rel=\"canonical\" href=\"https:\/\/www.comercialanma.es\/?product=bonito-del-norte-tronco-olasagasti-1150\" \/>\n<meta property=\"og:locale\" content=\"es_ES\" \/>\n<meta property=\"og:type\" content=\"article\" \/>\n<meta property=\"og:title\" content=\"Bonito del Norte Olasagasti aceite oliva RO-1150 - Comercial de Hosteleria Anma\" \/>\n<meta property=\"og:description\" content=\"Bonito del norte tronco | Olasagasti | RO-1150 | Troncos de Bonito del Norte en aceite de oliva LA MARQUINESA\" \/>\n<meta property=\"og:url\" content=\"https:\/\/www.comercialanma.es\/?product=bonito-del-norte-tronco-olasagasti-1150\" \/>\n<meta property=\"og:site_name\" content=\"Comercial de Hosteleria Anma\" \/>\n<meta property=\"article:publisher\" content=\"https:\/\/www.facebook.com\/AnmaHosteleria\" \/>\n<meta property=\"article:modified_time\" content=\"2025-02-18T10:58:45+00:00\" \/>\n<meta property=\"og:image\" content=\"https:\/\/i0.wp.com\/www.comercialanma.es\/wp-content\/uploads\/2021\/06\/Bonito-aceite-oliva-olasagasti-la-marquesina-1150.jpg?fit=1080%2C1080&#038;ssl=1\" \/>\n\t<meta property=\"og:image:width\" content=\"1080\" \/>\n\t<meta property=\"og:image:height\" content=\"1080\" \/>\n<meta name=\"twitter:card\" content=\"summary_large_image\" \/>\n<meta name=\"twitter:label1\" content=\"Tiempo de lectura\">\n\t<meta name=\"twitter:data1\" content=\"1 minuto\">\n<script type=\"application\/ld+json\" class=\"yoast-schema-graph\">{\"@context\":\"https:\/\/schema.org\",\"@graph\":[{\"@type\":\"Organization\",\"@id\":\"https:\/\/www.comercialanma.es\/#organization\",\"name\":\"Comercial Anma\",\"url\":\"https:\/\/www.comercialanma.es\/\",\"sameAs\":[\"https:\/\/www.facebook.com\/AnmaHosteleria\",\"https:\/\/www.instagram.com\/anmahosteleria\/?hl=es\",\"https:\/\/www.youtube.com\/channel\/UCT2nmn08Ntks0hmpZPnDgCA\"],\"logo\":{\"@type\":\"ImageObject\",\"@id\":\"https:\/\/www.comercialanma.es\/#logo\",\"inLanguage\":\"es\",\"url\":\"https:\/\/i2.wp.com\/www.comercialanma.es\/wp-content\/uploads\/2019\/06\/logo-anma-color.png?fit=247%2C101&ssl=1\",\"width\":247,\"height\":101,\"caption\":\"Comercial Anma\"},\"image\":{\"@id\":\"https:\/\/www.comercialanma.es\/#logo\"}},{\"@type\":\"WebSite\",\"@id\":\"https:\/\/www.comercialanma.es\/#website\",\"url\":\"https:\/\/www.comercialanma.es\/\",\"name\":\"Comercial de Hosteleria Anma\",\"description\":\"\",\"publisher\":{\"@id\":\"https:\/\/www.comercialanma.es\/#organization\"},\"potentialAction\":[{\"@type\":\"SearchAction\",\"target\":\"https:\/\/www.comercialanma.es\/?s={search_term_string}\",\"query-input\":\"required name=search_term_string\"}],\"inLanguage\":\"es\"},{\"@type\":\"ImageObject\",\"@id\":\"https:\/\/www.comercialanma.es\/?product=bonito-del-norte-tronco-olasagasti-1150#primaryimage\",\"inLanguage\":\"es\",\"url\":\"https:\/\/i0.wp.com\/www.comercialanma.es\/wp-content\/uploads\/2021\/06\/Bonito-aceite-oliva-olasagasti-la-marquesina-1150.jpg?fit=1080%2C1080&ssl=1\",\"width\":1080,\"height\":1080},{\"@type\":\"WebPage\",\"@id\":\"https:\/\/www.comercialanma.es\/?product=bonito-del-norte-tronco-olasagasti-1150#webpage\",\"url\":\"https:\/\/www.comercialanma.es\/?product=bonito-del-norte-tronco-olasagasti-1150\",\"name\":\"Bonito del Norte Olasagasti aceite oliva RO-1150 - Comercial de Hosteleria Anma\",\"isPartOf\":{\"@id\":\"https:\/\/www.comercialanma.es\/#website\"},\"primaryImageOfPage\":{\"@id\":\"https:\/\/www.comercialanma.es\/?product=bonito-del-norte-tronco-olasagasti-1150#primaryimage\"},\"datePublished\":\"2021-06-16T08:45:13+00:00\",\"dateModified\":\"2025-02-18T10:58:45+00:00\",\"description\":\"Bonito del norte tronco | Olasagasti | RO-1150 | Troncos de Bonito del Norte en aceite de oliva LA MARQUINESA\",\"breadcrumb\":{\"@id\":\"https:\/\/www.comercialanma.es\/?product=bonito-del-norte-tronco-olasagasti-1150#breadcrumb\"},\"inLanguage\":\"es\",\"potentialAction\":[{\"@type\":\"ReadAction\",\"target\":[\"https:\/\/www.comercialanma.es\/?product=bonito-del-norte-tronco-olasagasti-1150\"]}]},{\"@type\":\"BreadcrumbList\",\"@id\":\"https:\/\/www.comercialanma.es\/?product=bonito-del-norte-tronco-olasagasti-1150#breadcrumb\",\"itemListElement\":[{\"@type\":\"ListItem\",\"position\":1,\"item\":{\"@type\":\"WebPage\",\"@id\":\"https:\/\/www.comercialanma.es\/\",\"url\":\"https:\/\/www.comercialanma.es\/\",\"name\":\"Portada\"}},{\"@type\":\"ListItem\",\"position\":2,\"item\":{\"@type\":\"WebPage\",\"@id\":\"https:\/\/www.comercialanma.es\/?page_id=3963\",\"url\":\"https:\/\/www.comercialanma.es\/?page_id=3963\",\"name\":\"Cat\\u00e1logo de Productos\"}},{\"@type\":\"ListItem\",\"position\":3,\"item\":{\"@type\":\"WebPage\",\"@id\":\"https:\/\/www.comercialanma.es\/?product=bonito-del-norte-tronco-olasagasti-1150\",\"url\":\"https:\/\/www.comercialanma.es\/?product=bonito-del-norte-tronco-olasagasti-1150\",\"name\":\"Bonito del Norte Olasagasti aceite oliva RO-1150\"}}]}]}<\/script>\n<!-- \/ Yoast SEO plugin. -->","_links":{"self":[{"href":"https:\/\/www.comercialanma.es\/index.php?rest_route=\/wp\/v2\/product\/16691"}],"collection":[{"href":"https:\/\/www.comercialanma.es\/index.php?rest_route=\/wp\/v2\/product"}],"about":[{"href":"https:\/\/www.comercialanma.es\/index.php?rest_route=\/wp\/v2\/types\/product"}],"version-history":[{"count":3,"href":"https:\/\/www.comercialanma.es\/index.php?rest_route=\/wp\/v2\/product\/16691\/revisions"}],"predecessor-version":[{"id":24047,"href":"https:\/\/www.comercialanma.es\/index.php?rest_route=\/wp\/v2\/product\/16691\/revisions\/24047"}],"wp:featuredmedia":[{"embeddable":true,"href":"https:\/\/www.comercialanma.es\/index.php?rest_route=\/wp\/v2\/media\/24046"}],"wp:attachment":[{"href":"https:\/\/www.comercialanma.es\/index.php?rest_route=%2Fwp%2Fv2%2Fmedia&parent=16691"}],"curies":[{"name":"wp","href":"https:\/\/api.w.org\/{rel}","templated":true}]}}