
{"id":16870,"date":"2021-06-18T17:48:52","date_gmt":"2021-06-18T15:48:52","guid":{"rendered":"https:\/\/www.comercialanma.es\/?post_type=product&#038;p=16870"},"modified":"2021-06-18T17:51:54","modified_gmt":"2021-06-18T15:51:54","slug":"granini-pina-1l","status":"publish","type":"product","link":"https:\/\/www.comercialanma.es\/?product=granini-pina-1l","title":{"rendered":"Zumo Granini Pi\u00f1a 1L."},"content":{"rendered":"<h3><strong>Denominaci\u00f3n:<\/strong><\/h3>\n<p>N\u00e9ctar de pi\u00f1a hecho a partir de concentrado con vitamina C.<\/p>\n<h3>\n<strong>Contenido de fruta:<\/strong><\/h3>\n<p>55%<\/p>\n<h3>\n<strong>Ingredientes:<\/strong><\/h3>\n<p>Zumo de pi\u00f1a a partir de concentrado (55%), agua, az\u00facar, acidulante: \u00e1cido c\u00edtrico, estabilizante: pectina, vitamina C.<\/p>\n","protected":false},"excerpt":{"rendered":"<p>Zumo Pi\u00f1a | Granini | 1L. |<\/p>\n<p>Una variedad cl\u00e1sica, con un sabor \u00fanico. Viaja a un para\u00edso tropical con cada sorbo.<\/p>\n<p>&nbsp;<\/p>\n<p>&nbsp;<\/p>\n<p>&nbsp;<\/p>\n<p>&nbsp;<\/p>\n","protected":false},"featured_media":16871,"template":"","meta":{"spay_email":""},"yoast_head":"<!-- This site is optimized with the Yoast SEO plugin v15.9 - https:\/\/yoast.com\/wordpress\/plugins\/seo\/ -->\n<title>Zumo Granini Pi\u00f1a 1L. - Comercial de Hosteleria Anma<\/title>\n<meta name=\"description\" content=\"Zumo Pi\u00f1a | Granini | 1L. | Una variedad cl\u00e1sica, con un sabor \u00fanico. Viaja a un para\u00edso tropical con cada sorbo.\" \/>\n<meta name=\"robots\" content=\"index, follow, max-snippet:-1, max-image-preview:large, max-video-preview:-1\" \/>\n<link rel=\"canonical\" href=\"https:\/\/www.comercialanma.es\/?product=granini-pina-1l\" \/>\n<meta property=\"og:locale\" content=\"es_ES\" \/>\n<meta property=\"og:type\" content=\"article\" \/>\n<meta property=\"og:title\" content=\"Zumo Granini Pi\u00f1a 1L. - Comercial de Hosteleria Anma\" \/>\n<meta property=\"og:description\" content=\"Zumo Pi\u00f1a | Granini | 1L. | Una variedad cl\u00e1sica, con un sabor \u00fanico. Viaja a un para\u00edso tropical con cada sorbo.\" \/>\n<meta property=\"og:url\" content=\"https:\/\/www.comercialanma.es\/?product=granini-pina-1l\" \/>\n<meta property=\"og:site_name\" content=\"Comercial de Hosteleria Anma\" \/>\n<meta property=\"article:publisher\" content=\"https:\/\/www.facebook.com\/AnmaHosteleria\" \/>\n<meta property=\"article:modified_time\" content=\"2021-06-18T15:51:54+00:00\" \/>\n<meta property=\"og:image\" content=\"https:\/\/i2.wp.com\/www.comercialanma.es\/wp-content\/uploads\/2021\/06\/Zumo-granini-pin\u0303a-1l.jpg?fit=1080%2C1080&#038;ssl=1\" \/>\n\t<meta property=\"og:image:width\" content=\"1080\" \/>\n\t<meta property=\"og:image:height\" content=\"1080\" \/>\n<meta name=\"twitter:card\" content=\"summary_large_image\" \/>\n<meta name=\"twitter:label1\" content=\"Tiempo de lectura\">\n\t<meta name=\"twitter:data1\" content=\"1 minuto\">\n<script type=\"application\/ld+json\" class=\"yoast-schema-graph\">{\"@context\":\"https:\/\/schema.org\",\"@graph\":[{\"@type\":\"Organization\",\"@id\":\"https:\/\/www.comercialanma.es\/#organization\",\"name\":\"Comercial Anma\",\"url\":\"https:\/\/www.comercialanma.es\/\",\"sameAs\":[\"https:\/\/www.facebook.com\/AnmaHosteleria\",\"https:\/\/www.instagram.com\/anmahosteleria\/?hl=es\",\"https:\/\/www.youtube.com\/channel\/UCT2nmn08Ntks0hmpZPnDgCA\"],\"logo\":{\"@type\":\"ImageObject\",\"@id\":\"https:\/\/www.comercialanma.es\/#logo\",\"inLanguage\":\"es\",\"url\":\"https:\/\/i2.wp.com\/www.comercialanma.es\/wp-content\/uploads\/2019\/06\/logo-anma-color.png?fit=247%2C101&ssl=1\",\"width\":247,\"height\":101,\"caption\":\"Comercial Anma\"},\"image\":{\"@id\":\"https:\/\/www.comercialanma.es\/#logo\"}},{\"@type\":\"WebSite\",\"@id\":\"https:\/\/www.comercialanma.es\/#website\",\"url\":\"https:\/\/www.comercialanma.es\/\",\"name\":\"Comercial de Hosteleria Anma\",\"description\":\"\",\"publisher\":{\"@id\":\"https:\/\/www.comercialanma.es\/#organization\"},\"potentialAction\":[{\"@type\":\"SearchAction\",\"target\":\"https:\/\/www.comercialanma.es\/?s={search_term_string}\",\"query-input\":\"required name=search_term_string\"}],\"inLanguage\":\"es\"},{\"@type\":\"ImageObject\",\"@id\":\"https:\/\/www.comercialanma.es\/?product=granini-pina-1l#primaryimage\",\"inLanguage\":\"es\",\"url\":\"https:\/\/i2.wp.com\/www.comercialanma.es\/wp-content\/uploads\/2021\/06\/Zumo-granini-pin\\u0303a-1l.jpg?fit=1080%2C1080&ssl=1\",\"width\":1080,\"height\":1080},{\"@type\":\"WebPage\",\"@id\":\"https:\/\/www.comercialanma.es\/?product=granini-pina-1l#webpage\",\"url\":\"https:\/\/www.comercialanma.es\/?product=granini-pina-1l\",\"name\":\"Zumo Granini Pi\\u00f1a 1L. - Comercial de Hosteleria Anma\",\"isPartOf\":{\"@id\":\"https:\/\/www.comercialanma.es\/#website\"},\"primaryImageOfPage\":{\"@id\":\"https:\/\/www.comercialanma.es\/?product=granini-pina-1l#primaryimage\"},\"datePublished\":\"2021-06-18T15:48:52+00:00\",\"dateModified\":\"2021-06-18T15:51:54+00:00\",\"description\":\"Zumo Pi\\u00f1a | Granini | 1L. | Una variedad cl\\u00e1sica, con un sabor \\u00fanico. Viaja a un para\\u00edso tropical con cada sorbo.\",\"breadcrumb\":{\"@id\":\"https:\/\/www.comercialanma.es\/?product=granini-pina-1l#breadcrumb\"},\"inLanguage\":\"es\",\"potentialAction\":[{\"@type\":\"ReadAction\",\"target\":[\"https:\/\/www.comercialanma.es\/?product=granini-pina-1l\"]}]},{\"@type\":\"BreadcrumbList\",\"@id\":\"https:\/\/www.comercialanma.es\/?product=granini-pina-1l#breadcrumb\",\"itemListElement\":[{\"@type\":\"ListItem\",\"position\":1,\"item\":{\"@type\":\"WebPage\",\"@id\":\"https:\/\/www.comercialanma.es\/\",\"url\":\"https:\/\/www.comercialanma.es\/\",\"name\":\"Portada\"}},{\"@type\":\"ListItem\",\"position\":2,\"item\":{\"@type\":\"WebPage\",\"@id\":\"https:\/\/www.comercialanma.es\/?page_id=3963\",\"url\":\"https:\/\/www.comercialanma.es\/?page_id=3963\",\"name\":\"Cat\\u00e1logo de Productos\"}},{\"@type\":\"ListItem\",\"position\":3,\"item\":{\"@type\":\"WebPage\",\"@id\":\"https:\/\/www.comercialanma.es\/?product=granini-pina-1l\",\"url\":\"https:\/\/www.comercialanma.es\/?product=granini-pina-1l\",\"name\":\"Zumo Granini Pi\\u00f1a 1L.\"}}]}]}<\/script>\n<!-- \/ Yoast SEO plugin. -->","_links":{"self":[{"href":"https:\/\/www.comercialanma.es\/index.php?rest_route=\/wp\/v2\/product\/16870"}],"collection":[{"href":"https:\/\/www.comercialanma.es\/index.php?rest_route=\/wp\/v2\/product"}],"about":[{"href":"https:\/\/www.comercialanma.es\/index.php?rest_route=\/wp\/v2\/types\/product"}],"version-history":[{"count":1,"href":"https:\/\/www.comercialanma.es\/index.php?rest_route=\/wp\/v2\/product\/16870\/revisions"}],"predecessor-version":[{"id":16872,"href":"https:\/\/www.comercialanma.es\/index.php?rest_route=\/wp\/v2\/product\/16870\/revisions\/16872"}],"wp:featuredmedia":[{"embeddable":true,"href":"https:\/\/www.comercialanma.es\/index.php?rest_route=\/wp\/v2\/media\/16871"}],"wp:attachment":[{"href":"https:\/\/www.comercialanma.es\/index.php?rest_route=%2Fwp%2Fv2%2Fmedia&parent=16870"}],"curies":[{"name":"wp","href":"https:\/\/api.w.org\/{rel}","templated":true}]}}