
{"id":16900,"date":"2021-06-22T09:21:05","date_gmt":"2021-06-22T07:21:05","guid":{"rendered":"https:\/\/www.comercialanma.es\/?post_type=product&#038;p=16900"},"modified":"2021-06-22T16:00:43","modified_gmt":"2021-06-22T14:00:43","slug":"red-bull-zero","status":"publish","type":"product","link":"https:\/\/www.comercialanma.es\/?product=red-bull-zero","title":{"rendered":"Red Bull Zero 250ml."},"content":{"rendered":"<ul class=\"a-unordered-list a-vertical a-spacing-mini\">\n<li>Marca: Red Bull Zero<\/li>\n<li>Formato: Lata<\/li>\n<li>Capacidad: 250ml.<\/li>\n<\/ul>\n<h3>Ingredientes:<\/h3>\n<p>Agua, Acidulante (Acido Citrico), Di\u00f3xido de Carbono, Taurina (0,4%), Correctores de Acidez (Carbonatos de Sodio), Carbonatos de Magnesio), Edulcorantes (Acesulfamo K, Sucralosa, Gluc\u00f3sidos de Esteviol), Cafe\u00edna (0,03%), Vitaminas (Niacina, Acido Pantot\u00e9cnico, B6, B12), Aromas, Espesante (Goma Xantana), Potenciador del Sabor (Taumatina), Colorantes (Caramelo Natural, Riboflavinas).<\/p>\n","protected":false},"excerpt":{"rendered":"<p>Red Bull Zero | 250ml.| by Red Bull | Envase Lata |<\/p>\n<p>Zero az\u00facares.100% aaalas. Es una bebida funcional que da alas cuando las necesitas.<\/p>\n","protected":false},"featured_media":16901,"template":"","meta":{"spay_email":""},"yoast_head":"<!-- This site is optimized with the Yoast SEO plugin v15.9 - https:\/\/yoast.com\/wordpress\/plugins\/seo\/ -->\n<title>Red Bull Zero 250ml. - Comercial de Hosteleria Anma<\/title>\n<meta name=\"description\" content=\"Red Bull Zero | 250ml.| by Red Bull | Envase Lata | Zero az\u00facares.100% aaalas. Es una bebida funcional que da alas cuando las necesitas.\" \/>\n<meta name=\"robots\" content=\"index, follow, max-snippet:-1, max-image-preview:large, max-video-preview:-1\" \/>\n<link rel=\"canonical\" href=\"https:\/\/www.comercialanma.es\/?product=red-bull-zero\" \/>\n<meta property=\"og:locale\" content=\"es_ES\" \/>\n<meta property=\"og:type\" content=\"article\" \/>\n<meta property=\"og:title\" content=\"Red Bull Zero 250ml. - Comercial de Hosteleria Anma\" \/>\n<meta property=\"og:description\" content=\"Red Bull Zero | 250ml.| by Red Bull | Envase Lata | Zero az\u00facares.100% aaalas. Es una bebida funcional que da alas cuando las necesitas.\" \/>\n<meta property=\"og:url\" content=\"https:\/\/www.comercialanma.es\/?product=red-bull-zero\" \/>\n<meta property=\"og:site_name\" content=\"Comercial de Hosteleria Anma\" \/>\n<meta property=\"article:publisher\" content=\"https:\/\/www.facebook.com\/AnmaHosteleria\" \/>\n<meta property=\"article:modified_time\" content=\"2021-06-22T14:00:43+00:00\" \/>\n<meta property=\"og:image\" content=\"https:\/\/i1.wp.com\/www.comercialanma.es\/wp-content\/uploads\/2021\/06\/Red-Bull-Zero.jpg?fit=1080%2C1080&#038;ssl=1\" \/>\n\t<meta property=\"og:image:width\" content=\"1080\" \/>\n\t<meta property=\"og:image:height\" content=\"1080\" \/>\n<meta name=\"twitter:card\" content=\"summary_large_image\" \/>\n<meta name=\"twitter:label1\" content=\"Tiempo de lectura\">\n\t<meta name=\"twitter:data1\" content=\"1 minuto\">\n<script type=\"application\/ld+json\" class=\"yoast-schema-graph\">{\"@context\":\"https:\/\/schema.org\",\"@graph\":[{\"@type\":\"Organization\",\"@id\":\"https:\/\/www.comercialanma.es\/#organization\",\"name\":\"Comercial Anma\",\"url\":\"https:\/\/www.comercialanma.es\/\",\"sameAs\":[\"https:\/\/www.facebook.com\/AnmaHosteleria\",\"https:\/\/www.instagram.com\/anmahosteleria\/?hl=es\",\"https:\/\/www.youtube.com\/channel\/UCT2nmn08Ntks0hmpZPnDgCA\"],\"logo\":{\"@type\":\"ImageObject\",\"@id\":\"https:\/\/www.comercialanma.es\/#logo\",\"inLanguage\":\"es\",\"url\":\"https:\/\/i2.wp.com\/www.comercialanma.es\/wp-content\/uploads\/2019\/06\/logo-anma-color.png?fit=247%2C101&ssl=1\",\"width\":247,\"height\":101,\"caption\":\"Comercial Anma\"},\"image\":{\"@id\":\"https:\/\/www.comercialanma.es\/#logo\"}},{\"@type\":\"WebSite\",\"@id\":\"https:\/\/www.comercialanma.es\/#website\",\"url\":\"https:\/\/www.comercialanma.es\/\",\"name\":\"Comercial de Hosteleria Anma\",\"description\":\"\",\"publisher\":{\"@id\":\"https:\/\/www.comercialanma.es\/#organization\"},\"potentialAction\":[{\"@type\":\"SearchAction\",\"target\":\"https:\/\/www.comercialanma.es\/?s={search_term_string}\",\"query-input\":\"required name=search_term_string\"}],\"inLanguage\":\"es\"},{\"@type\":\"ImageObject\",\"@id\":\"https:\/\/www.comercialanma.es\/?product=red-bull-zero#primaryimage\",\"inLanguage\":\"es\",\"url\":\"https:\/\/i1.wp.com\/www.comercialanma.es\/wp-content\/uploads\/2021\/06\/Red-Bull-Zero.jpg?fit=1080%2C1080&ssl=1\",\"width\":1080,\"height\":1080},{\"@type\":\"WebPage\",\"@id\":\"https:\/\/www.comercialanma.es\/?product=red-bull-zero#webpage\",\"url\":\"https:\/\/www.comercialanma.es\/?product=red-bull-zero\",\"name\":\"Red Bull Zero 250ml. - Comercial de Hosteleria Anma\",\"isPartOf\":{\"@id\":\"https:\/\/www.comercialanma.es\/#website\"},\"primaryImageOfPage\":{\"@id\":\"https:\/\/www.comercialanma.es\/?product=red-bull-zero#primaryimage\"},\"datePublished\":\"2021-06-22T07:21:05+00:00\",\"dateModified\":\"2021-06-22T14:00:43+00:00\",\"description\":\"Red Bull Zero | 250ml.| by Red Bull | Envase Lata | Zero az\\u00facares.100% aaalas. Es una bebida funcional que da alas cuando las necesitas.\",\"breadcrumb\":{\"@id\":\"https:\/\/www.comercialanma.es\/?product=red-bull-zero#breadcrumb\"},\"inLanguage\":\"es\",\"potentialAction\":[{\"@type\":\"ReadAction\",\"target\":[\"https:\/\/www.comercialanma.es\/?product=red-bull-zero\"]}]},{\"@type\":\"BreadcrumbList\",\"@id\":\"https:\/\/www.comercialanma.es\/?product=red-bull-zero#breadcrumb\",\"itemListElement\":[{\"@type\":\"ListItem\",\"position\":1,\"item\":{\"@type\":\"WebPage\",\"@id\":\"https:\/\/www.comercialanma.es\/\",\"url\":\"https:\/\/www.comercialanma.es\/\",\"name\":\"Portada\"}},{\"@type\":\"ListItem\",\"position\":2,\"item\":{\"@type\":\"WebPage\",\"@id\":\"https:\/\/www.comercialanma.es\/?page_id=3963\",\"url\":\"https:\/\/www.comercialanma.es\/?page_id=3963\",\"name\":\"Cat\\u00e1logo de Productos\"}},{\"@type\":\"ListItem\",\"position\":3,\"item\":{\"@type\":\"WebPage\",\"@id\":\"https:\/\/www.comercialanma.es\/?product=red-bull-zero\",\"url\":\"https:\/\/www.comercialanma.es\/?product=red-bull-zero\",\"name\":\"Red Bull Zero 250ml.\"}}]}]}<\/script>\n<!-- \/ Yoast SEO plugin. -->","_links":{"self":[{"href":"https:\/\/www.comercialanma.es\/index.php?rest_route=\/wp\/v2\/product\/16900"}],"collection":[{"href":"https:\/\/www.comercialanma.es\/index.php?rest_route=\/wp\/v2\/product"}],"about":[{"href":"https:\/\/www.comercialanma.es\/index.php?rest_route=\/wp\/v2\/types\/product"}],"version-history":[{"count":1,"href":"https:\/\/www.comercialanma.es\/index.php?rest_route=\/wp\/v2\/product\/16900\/revisions"}],"predecessor-version":[{"id":16902,"href":"https:\/\/www.comercialanma.es\/index.php?rest_route=\/wp\/v2\/product\/16900\/revisions\/16902"}],"wp:featuredmedia":[{"embeddable":true,"href":"https:\/\/www.comercialanma.es\/index.php?rest_route=\/wp\/v2\/media\/16901"}],"wp:attachment":[{"href":"https:\/\/www.comercialanma.es\/index.php?rest_route=%2Fwp%2Fv2%2Fmedia&parent=16900"}],"curies":[{"name":"wp","href":"https:\/\/api.w.org\/{rel}","templated":true}]}}