
{"id":16918,"date":"2021-06-22T12:27:31","date_gmt":"2021-06-22T10:27:31","guid":{"rendered":"https:\/\/www.comercialanma.es\/?post_type=product&#038;p=16918"},"modified":"2021-06-22T12:29:56","modified_gmt":"2021-06-22T10:29:56","slug":"tonica-sweppes-1l","status":"publish","type":"product","link":"https:\/\/www.comercialanma.es\/?product=tonica-sweppes-1l","title":{"rendered":"T\u00f3nica Schweppes 1L."},"content":{"rendered":"<ul class=\"a-unordered-list a-vertical a-spacing-mini\">\n<li>Marca: Schweppes<\/li>\n<li>Formato: Pet<\/li>\n<li>Capacidad: 1L.<\/li>\n<\/ul>\n<h3>Ingredientes:<\/h3>\n<p>agua, az\u00facar, anh\u00eddrido carb\u00f3nico, aroma natural de jengibre con otros aromas naturales, acidulante: \u00e1cido c\u00edtrico, extracto de malta de CEBADA, edulcorante: gluc\u00f3sidos de esteviol.<\/p>\n","protected":false},"excerpt":{"rendered":"<p>T\u00f3nica Schweppes |1L.| Pet |<\/p>\n<p>\u00danica e inimitable, la t\u00f3nica es Schweppes. Naci\u00f3 en 1870 y millones de consumidores en todo el mundo la consideran la original por su fina y duradera burbuja. Perfecta para tomar sola o como parte de un combinado, sobre todo con ginebra y vodka.<\/p>\n","protected":false},"featured_media":16919,"template":"","meta":{"spay_email":""},"yoast_head":"<!-- This site is optimized with the Yoast SEO plugin v15.9 - https:\/\/yoast.com\/wordpress\/plugins\/seo\/ -->\n<title>T\u00f3nica Schweppes 1L. - Comercial de Hosteleria Anma<\/title>\n<meta name=\"description\" content=\"T\u00f3nica Schweppes |1L.| Pet | \u00danica e inimitable, la t\u00f3nica es Schweppes, la original por su fina y duradera burbuja.\" \/>\n<meta name=\"robots\" content=\"index, follow, max-snippet:-1, max-image-preview:large, max-video-preview:-1\" \/>\n<link rel=\"canonical\" href=\"https:\/\/www.comercialanma.es\/?product=tonica-sweppes-1l\" \/>\n<meta property=\"og:locale\" content=\"es_ES\" \/>\n<meta property=\"og:type\" content=\"article\" \/>\n<meta property=\"og:title\" content=\"T\u00f3nica Schweppes 1L. - Comercial de Hosteleria Anma\" \/>\n<meta property=\"og:description\" content=\"T\u00f3nica Schweppes |1L.| Pet | \u00danica e inimitable, la t\u00f3nica es Schweppes, la original por su fina y duradera burbuja.\" \/>\n<meta property=\"og:url\" content=\"https:\/\/www.comercialanma.es\/?product=tonica-sweppes-1l\" \/>\n<meta property=\"og:site_name\" content=\"Comercial de Hosteleria Anma\" \/>\n<meta property=\"article:publisher\" content=\"https:\/\/www.facebook.com\/AnmaHosteleria\" \/>\n<meta property=\"article:modified_time\" content=\"2021-06-22T10:29:56+00:00\" \/>\n<meta property=\"og:image\" content=\"https:\/\/i0.wp.com\/www.comercialanma.es\/wp-content\/uploads\/2021\/06\/tonica-schweppes-1L.jpg?fit=1080%2C1080&#038;ssl=1\" \/>\n\t<meta property=\"og:image:width\" content=\"1080\" \/>\n\t<meta property=\"og:image:height\" content=\"1080\" \/>\n<meta name=\"twitter:card\" content=\"summary_large_image\" \/>\n<meta name=\"twitter:label1\" content=\"Tiempo de lectura\">\n\t<meta name=\"twitter:data1\" content=\"1 minuto\">\n<script type=\"application\/ld+json\" class=\"yoast-schema-graph\">{\"@context\":\"https:\/\/schema.org\",\"@graph\":[{\"@type\":\"Organization\",\"@id\":\"https:\/\/www.comercialanma.es\/#organization\",\"name\":\"Comercial Anma\",\"url\":\"https:\/\/www.comercialanma.es\/\",\"sameAs\":[\"https:\/\/www.facebook.com\/AnmaHosteleria\",\"https:\/\/www.instagram.com\/anmahosteleria\/?hl=es\",\"https:\/\/www.youtube.com\/channel\/UCT2nmn08Ntks0hmpZPnDgCA\"],\"logo\":{\"@type\":\"ImageObject\",\"@id\":\"https:\/\/www.comercialanma.es\/#logo\",\"inLanguage\":\"es\",\"url\":\"https:\/\/i2.wp.com\/www.comercialanma.es\/wp-content\/uploads\/2019\/06\/logo-anma-color.png?fit=247%2C101&ssl=1\",\"width\":247,\"height\":101,\"caption\":\"Comercial Anma\"},\"image\":{\"@id\":\"https:\/\/www.comercialanma.es\/#logo\"}},{\"@type\":\"WebSite\",\"@id\":\"https:\/\/www.comercialanma.es\/#website\",\"url\":\"https:\/\/www.comercialanma.es\/\",\"name\":\"Comercial de Hosteleria Anma\",\"description\":\"\",\"publisher\":{\"@id\":\"https:\/\/www.comercialanma.es\/#organization\"},\"potentialAction\":[{\"@type\":\"SearchAction\",\"target\":\"https:\/\/www.comercialanma.es\/?s={search_term_string}\",\"query-input\":\"required name=search_term_string\"}],\"inLanguage\":\"es\"},{\"@type\":\"ImageObject\",\"@id\":\"https:\/\/www.comercialanma.es\/?product=tonica-sweppes-1l#primaryimage\",\"inLanguage\":\"es\",\"url\":\"https:\/\/i0.wp.com\/www.comercialanma.es\/wp-content\/uploads\/2021\/06\/tonica-schweppes-1L.jpg?fit=1080%2C1080&ssl=1\",\"width\":1080,\"height\":1080},{\"@type\":\"WebPage\",\"@id\":\"https:\/\/www.comercialanma.es\/?product=tonica-sweppes-1l#webpage\",\"url\":\"https:\/\/www.comercialanma.es\/?product=tonica-sweppes-1l\",\"name\":\"T\\u00f3nica Schweppes 1L. - Comercial de Hosteleria Anma\",\"isPartOf\":{\"@id\":\"https:\/\/www.comercialanma.es\/#website\"},\"primaryImageOfPage\":{\"@id\":\"https:\/\/www.comercialanma.es\/?product=tonica-sweppes-1l#primaryimage\"},\"datePublished\":\"2021-06-22T10:27:31+00:00\",\"dateModified\":\"2021-06-22T10:29:56+00:00\",\"description\":\"T\\u00f3nica Schweppes |1L.| Pet | \\u00danica e inimitable, la t\\u00f3nica es Schweppes, la original por su fina y duradera burbuja.\",\"breadcrumb\":{\"@id\":\"https:\/\/www.comercialanma.es\/?product=tonica-sweppes-1l#breadcrumb\"},\"inLanguage\":\"es\",\"potentialAction\":[{\"@type\":\"ReadAction\",\"target\":[\"https:\/\/www.comercialanma.es\/?product=tonica-sweppes-1l\"]}]},{\"@type\":\"BreadcrumbList\",\"@id\":\"https:\/\/www.comercialanma.es\/?product=tonica-sweppes-1l#breadcrumb\",\"itemListElement\":[{\"@type\":\"ListItem\",\"position\":1,\"item\":{\"@type\":\"WebPage\",\"@id\":\"https:\/\/www.comercialanma.es\/\",\"url\":\"https:\/\/www.comercialanma.es\/\",\"name\":\"Portada\"}},{\"@type\":\"ListItem\",\"position\":2,\"item\":{\"@type\":\"WebPage\",\"@id\":\"https:\/\/www.comercialanma.es\/?page_id=3963\",\"url\":\"https:\/\/www.comercialanma.es\/?page_id=3963\",\"name\":\"Cat\\u00e1logo de Productos\"}},{\"@type\":\"ListItem\",\"position\":3,\"item\":{\"@type\":\"WebPage\",\"@id\":\"https:\/\/www.comercialanma.es\/?product=tonica-sweppes-1l\",\"url\":\"https:\/\/www.comercialanma.es\/?product=tonica-sweppes-1l\",\"name\":\"T\\u00f3nica Schweppes 1L.\"}}]}]}<\/script>\n<!-- \/ Yoast SEO plugin. -->","_links":{"self":[{"href":"https:\/\/www.comercialanma.es\/index.php?rest_route=\/wp\/v2\/product\/16918"}],"collection":[{"href":"https:\/\/www.comercialanma.es\/index.php?rest_route=\/wp\/v2\/product"}],"about":[{"href":"https:\/\/www.comercialanma.es\/index.php?rest_route=\/wp\/v2\/types\/product"}],"version-history":[{"count":1,"href":"https:\/\/www.comercialanma.es\/index.php?rest_route=\/wp\/v2\/product\/16918\/revisions"}],"predecessor-version":[{"id":16920,"href":"https:\/\/www.comercialanma.es\/index.php?rest_route=\/wp\/v2\/product\/16918\/revisions\/16920"}],"wp:featuredmedia":[{"embeddable":true,"href":"https:\/\/www.comercialanma.es\/index.php?rest_route=\/wp\/v2\/media\/16919"}],"wp:attachment":[{"href":"https:\/\/www.comercialanma.es\/index.php?rest_route=%2Fwp%2Fv2%2Fmedia&parent=16918"}],"curies":[{"name":"wp","href":"https:\/\/api.w.org\/{rel}","templated":true}]}}