
{"id":16935,"date":"2021-06-22T13:01:43","date_gmt":"2021-06-22T11:01:43","guid":{"rendered":"https:\/\/www.comercialanma.es\/?post_type=product&#038;p=16935"},"modified":"2021-06-22T14:59:15","modified_gmt":"2021-06-22T12:59:15","slug":"tonica-le-tribute","status":"publish","type":"product","link":"https:\/\/www.comercialanma.es\/?product=tonica-le-tribute","title":{"rendered":"T\u00f3nica Le Tribute 20cl."},"content":{"rendered":"<ul class=\"a-unordered-list a-vertical a-spacing-mini\">\n<li>Marca: Le tribute<\/li>\n<li>No retornable<\/li>\n<li>Capacidad: 20cl.<\/li>\n<\/ul>\n<h3>Ingredientes:<\/h3>\n<p>Agua carbonatada, az\u00facar, acidulante: \u00e1cido c\u00edtrico (E330), aroma quinina natural, aroma a cardamomo y a lemon grass y conservante: benzoato s\u00f3dico (E211).<\/p>\n","protected":false},"excerpt":{"rendered":"<p>T\u00f3nica Schweppes |25cl.| retornable |<\/p>\n<div class=\"pa_content\">\n<div class=\"rte\">\n<p>T\u00f3nica Le Tribute es una t\u00f3nica premium elaborado por Destiler\u00edas M.G (Espa\u00f1a) que pretende romper con la imagen de las t\u00f3nicas de alta gama.<\/p>\n<p>Se presenta en una botella de cristal opaco estriado que recuerda a las antiguas botellas de botica y que protege al producto de la luz solar.<\/p>\n<p>Se trata de una t\u00f3nica innovadora de calidad superior elaborada con la m\u00e1s prestigiosa y reconocida quinina procedente de Loja, Ecuador. Presentada en un botella de dise\u00f1o Ultra Premium.<\/p>\n<p>T\u00f3nica limpia y balanceada. Con ligeras notas amargas que dan paso al frescor del lemongrass.<\/p>\n<\/div>\n<\/div>\n","protected":false},"featured_media":16936,"template":"","meta":{"spay_email":""},"yoast_head":"<!-- This site is optimized with the Yoast SEO plugin v15.9 - https:\/\/yoast.com\/wordpress\/plugins\/seo\/ -->\n<title>T\u00f3nica Le Tribute 20cl. - Comercial de Hosteleria Anma<\/title>\n<meta name=\"description\" content=\"T\u00f3nica Le Tribute | 20cl.| no retornable| T\u00f3nica Le Tribute es una t\u00f3nica premium elaborado por Destiler\u00edas M.G\" \/>\n<meta name=\"robots\" content=\"index, follow, max-snippet:-1, max-image-preview:large, max-video-preview:-1\" \/>\n<link rel=\"canonical\" href=\"https:\/\/www.comercialanma.es\/?product=tonica-le-tribute\" \/>\n<meta property=\"og:locale\" content=\"es_ES\" \/>\n<meta property=\"og:type\" content=\"article\" \/>\n<meta property=\"og:title\" content=\"T\u00f3nica Le Tribute 20cl. - Comercial de Hosteleria Anma\" \/>\n<meta property=\"og:description\" content=\"T\u00f3nica Le Tribute | 20cl.| no retornable| T\u00f3nica Le Tribute es una t\u00f3nica premium elaborado por Destiler\u00edas M.G\" \/>\n<meta property=\"og:url\" content=\"https:\/\/www.comercialanma.es\/?product=tonica-le-tribute\" \/>\n<meta property=\"og:site_name\" content=\"Comercial de Hosteleria Anma\" \/>\n<meta property=\"article:publisher\" content=\"https:\/\/www.facebook.com\/AnmaHosteleria\" \/>\n<meta property=\"article:modified_time\" content=\"2021-06-22T12:59:15+00:00\" \/>\n<meta property=\"og:image\" content=\"https:\/\/i2.wp.com\/www.comercialanma.es\/wp-content\/uploads\/2021\/06\/le-tribute-tonica-20cl.jpg?fit=1080%2C1080&#038;ssl=1\" \/>\n\t<meta property=\"og:image:width\" content=\"1080\" \/>\n\t<meta property=\"og:image:height\" content=\"1080\" \/>\n<meta name=\"twitter:card\" content=\"summary_large_image\" \/>\n<meta name=\"twitter:label1\" content=\"Tiempo de lectura\">\n\t<meta name=\"twitter:data1\" content=\"1 minuto\">\n<script type=\"application\/ld+json\" class=\"yoast-schema-graph\">{\"@context\":\"https:\/\/schema.org\",\"@graph\":[{\"@type\":\"Organization\",\"@id\":\"https:\/\/www.comercialanma.es\/#organization\",\"name\":\"Comercial Anma\",\"url\":\"https:\/\/www.comercialanma.es\/\",\"sameAs\":[\"https:\/\/www.facebook.com\/AnmaHosteleria\",\"https:\/\/www.instagram.com\/anmahosteleria\/?hl=es\",\"https:\/\/www.youtube.com\/channel\/UCT2nmn08Ntks0hmpZPnDgCA\"],\"logo\":{\"@type\":\"ImageObject\",\"@id\":\"https:\/\/www.comercialanma.es\/#logo\",\"inLanguage\":\"es\",\"url\":\"https:\/\/i2.wp.com\/www.comercialanma.es\/wp-content\/uploads\/2019\/06\/logo-anma-color.png?fit=247%2C101&ssl=1\",\"width\":247,\"height\":101,\"caption\":\"Comercial Anma\"},\"image\":{\"@id\":\"https:\/\/www.comercialanma.es\/#logo\"}},{\"@type\":\"WebSite\",\"@id\":\"https:\/\/www.comercialanma.es\/#website\",\"url\":\"https:\/\/www.comercialanma.es\/\",\"name\":\"Comercial de Hosteleria Anma\",\"description\":\"\",\"publisher\":{\"@id\":\"https:\/\/www.comercialanma.es\/#organization\"},\"potentialAction\":[{\"@type\":\"SearchAction\",\"target\":\"https:\/\/www.comercialanma.es\/?s={search_term_string}\",\"query-input\":\"required name=search_term_string\"}],\"inLanguage\":\"es\"},{\"@type\":\"ImageObject\",\"@id\":\"https:\/\/www.comercialanma.es\/?product=tonica-le-tribute#primaryimage\",\"inLanguage\":\"es\",\"url\":\"https:\/\/i2.wp.com\/www.comercialanma.es\/wp-content\/uploads\/2021\/06\/le-tribute-tonica-20cl.jpg?fit=1080%2C1080&ssl=1\",\"width\":1080,\"height\":1080},{\"@type\":\"WebPage\",\"@id\":\"https:\/\/www.comercialanma.es\/?product=tonica-le-tribute#webpage\",\"url\":\"https:\/\/www.comercialanma.es\/?product=tonica-le-tribute\",\"name\":\"T\\u00f3nica Le Tribute 20cl. - Comercial de Hosteleria Anma\",\"isPartOf\":{\"@id\":\"https:\/\/www.comercialanma.es\/#website\"},\"primaryImageOfPage\":{\"@id\":\"https:\/\/www.comercialanma.es\/?product=tonica-le-tribute#primaryimage\"},\"datePublished\":\"2021-06-22T11:01:43+00:00\",\"dateModified\":\"2021-06-22T12:59:15+00:00\",\"description\":\"T\\u00f3nica Le Tribute | 20cl.| no retornable| T\\u00f3nica Le Tribute es una t\\u00f3nica premium elaborado por Destiler\\u00edas M.G\",\"breadcrumb\":{\"@id\":\"https:\/\/www.comercialanma.es\/?product=tonica-le-tribute#breadcrumb\"},\"inLanguage\":\"es\",\"potentialAction\":[{\"@type\":\"ReadAction\",\"target\":[\"https:\/\/www.comercialanma.es\/?product=tonica-le-tribute\"]}]},{\"@type\":\"BreadcrumbList\",\"@id\":\"https:\/\/www.comercialanma.es\/?product=tonica-le-tribute#breadcrumb\",\"itemListElement\":[{\"@type\":\"ListItem\",\"position\":1,\"item\":{\"@type\":\"WebPage\",\"@id\":\"https:\/\/www.comercialanma.es\/\",\"url\":\"https:\/\/www.comercialanma.es\/\",\"name\":\"Portada\"}},{\"@type\":\"ListItem\",\"position\":2,\"item\":{\"@type\":\"WebPage\",\"@id\":\"https:\/\/www.comercialanma.es\/?page_id=3963\",\"url\":\"https:\/\/www.comercialanma.es\/?page_id=3963\",\"name\":\"Cat\\u00e1logo de Productos\"}},{\"@type\":\"ListItem\",\"position\":3,\"item\":{\"@type\":\"WebPage\",\"@id\":\"https:\/\/www.comercialanma.es\/?product=tonica-le-tribute\",\"url\":\"https:\/\/www.comercialanma.es\/?product=tonica-le-tribute\",\"name\":\"T\\u00f3nica Le Tribute 20cl.\"}}]}]}<\/script>\n<!-- \/ Yoast SEO plugin. -->","_links":{"self":[{"href":"https:\/\/www.comercialanma.es\/index.php?rest_route=\/wp\/v2\/product\/16935"}],"collection":[{"href":"https:\/\/www.comercialanma.es\/index.php?rest_route=\/wp\/v2\/product"}],"about":[{"href":"https:\/\/www.comercialanma.es\/index.php?rest_route=\/wp\/v2\/types\/product"}],"version-history":[{"count":1,"href":"https:\/\/www.comercialanma.es\/index.php?rest_route=\/wp\/v2\/product\/16935\/revisions"}],"predecessor-version":[{"id":16937,"href":"https:\/\/www.comercialanma.es\/index.php?rest_route=\/wp\/v2\/product\/16935\/revisions\/16937"}],"wp:featuredmedia":[{"embeddable":true,"href":"https:\/\/www.comercialanma.es\/index.php?rest_route=\/wp\/v2\/media\/16936"}],"wp:attachment":[{"href":"https:\/\/www.comercialanma.es\/index.php?rest_route=%2Fwp%2Fv2%2Fmedia&parent=16935"}],"curies":[{"name":"wp","href":"https:\/\/api.w.org\/{rel}","templated":true}]}}