
{"id":16946,"date":"2021-06-22T15:33:42","date_gmt":"2021-06-22T13:33:42","guid":{"rendered":"https:\/\/www.comercialanma.es\/?post_type=product&#038;p=16946"},"modified":"2021-06-22T15:42:54","modified_gmt":"2021-06-22T13:42:54","slug":"tonic-1724","status":"publish","type":"product","link":"https:\/\/www.comercialanma.es\/?product=tonic-1724","title":{"rendered":"T\u00f3nica 1724 N.R 20cl."},"content":{"rendered":"<ul class=\"a-unordered-list a-vertical a-spacing-mini\">\n<li>Marca: Fever Tree<\/li>\n<li>No retornable<\/li>\n<li>Capacidad: 20cl.<\/li>\n<\/ul>\n<h3>Nota de cata<\/h3>\n<ul>\n<li>Es una t\u00f3nica, de burbuja mediana, olfato con notas c\u00edtricas y de yuzu.<\/li>\n<li>En la boca presenta buen equilibrio entre el amargor de la quinina y la dulzura, siendo muy muy refrescante y con final de c\u00edtricos y cereza madura.<\/li>\n<\/ul>\n","protected":false},"excerpt":{"rendered":"<p>Tonic Water nace en la Cordillera de los Andes, en el m\u00edtico recorrido del Camino del Inca. No es casualidad. Es el lugar donde se descubri\u00f3 la quinina. All\u00ed, este ingrediente recoge la autenticidad de un producto arraigado desde hace siglos en la regi\u00f3n. A 1724 metros sobre el nivel del mar. Ni un metro m\u00e1s arriba, ni uno m\u00e1s abajo.<\/p>\n<p>La 1724 Tonic Water, est\u00e1 fabricada por el procedimiento tradicional, con agua mineral, quinina recogida a mano en el Camino del Inca, cuyo origen est\u00e1 a 1724 metros sobre el nivel del mar, y de ah\u00ed el nombre de esta t\u00f3nica. Entre los c\u00edtricos que la componen, tiene una especial incidencia la mandarina.<\/p>\n","protected":false},"featured_media":16947,"template":"","meta":{"spay_email":""},"yoast_head":"<!-- This site is optimized with the Yoast SEO plugin v15.9 - https:\/\/yoast.com\/wordpress\/plugins\/seo\/ -->\n<title>T\u00f3nica 1724 N.R 20cl. - Comercial de Hosteleria Anma<\/title>\n<meta name=\"description\" content=\"T\u00f3nica 1724 | 20cl.| Fabricada con agua mineral y quinina recogida a mano, cuyo origen est\u00e1 a 1724 metros sobre el nivel del mar.\" \/>\n<meta name=\"robots\" content=\"index, follow, max-snippet:-1, max-image-preview:large, max-video-preview:-1\" \/>\n<link rel=\"canonical\" href=\"https:\/\/www.comercialanma.es\/?product=tonic-1724\" \/>\n<meta property=\"og:locale\" content=\"es_ES\" \/>\n<meta property=\"og:type\" content=\"article\" \/>\n<meta property=\"og:title\" content=\"T\u00f3nica 1724 N.R 20cl. - Comercial de Hosteleria Anma\" \/>\n<meta property=\"og:description\" content=\"T\u00f3nica 1724 | 20cl.| Fabricada con agua mineral y quinina recogida a mano, cuyo origen est\u00e1 a 1724 metros sobre el nivel del mar.\" \/>\n<meta property=\"og:url\" content=\"https:\/\/www.comercialanma.es\/?product=tonic-1724\" \/>\n<meta property=\"og:site_name\" content=\"Comercial de Hosteleria Anma\" \/>\n<meta property=\"article:publisher\" content=\"https:\/\/www.facebook.com\/AnmaHosteleria\" \/>\n<meta property=\"article:modified_time\" content=\"2021-06-22T13:42:54+00:00\" \/>\n<meta property=\"og:image\" content=\"https:\/\/i2.wp.com\/www.comercialanma.es\/wp-content\/uploads\/2021\/06\/1724-tonic-water.jpg?fit=1080%2C1080&#038;ssl=1\" \/>\n\t<meta property=\"og:image:width\" content=\"1080\" \/>\n\t<meta property=\"og:image:height\" content=\"1080\" \/>\n<meta name=\"twitter:card\" content=\"summary_large_image\" \/>\n<meta name=\"twitter:label1\" content=\"Tiempo de lectura\">\n\t<meta name=\"twitter:data1\" content=\"1 minuto\">\n<script type=\"application\/ld+json\" class=\"yoast-schema-graph\">{\"@context\":\"https:\/\/schema.org\",\"@graph\":[{\"@type\":\"Organization\",\"@id\":\"https:\/\/www.comercialanma.es\/#organization\",\"name\":\"Comercial Anma\",\"url\":\"https:\/\/www.comercialanma.es\/\",\"sameAs\":[\"https:\/\/www.facebook.com\/AnmaHosteleria\",\"https:\/\/www.instagram.com\/anmahosteleria\/?hl=es\",\"https:\/\/www.youtube.com\/channel\/UCT2nmn08Ntks0hmpZPnDgCA\"],\"logo\":{\"@type\":\"ImageObject\",\"@id\":\"https:\/\/www.comercialanma.es\/#logo\",\"inLanguage\":\"es\",\"url\":\"https:\/\/i2.wp.com\/www.comercialanma.es\/wp-content\/uploads\/2019\/06\/logo-anma-color.png?fit=247%2C101&ssl=1\",\"width\":247,\"height\":101,\"caption\":\"Comercial Anma\"},\"image\":{\"@id\":\"https:\/\/www.comercialanma.es\/#logo\"}},{\"@type\":\"WebSite\",\"@id\":\"https:\/\/www.comercialanma.es\/#website\",\"url\":\"https:\/\/www.comercialanma.es\/\",\"name\":\"Comercial de Hosteleria Anma\",\"description\":\"\",\"publisher\":{\"@id\":\"https:\/\/www.comercialanma.es\/#organization\"},\"potentialAction\":[{\"@type\":\"SearchAction\",\"target\":\"https:\/\/www.comercialanma.es\/?s={search_term_string}\",\"query-input\":\"required name=search_term_string\"}],\"inLanguage\":\"es\"},{\"@type\":\"ImageObject\",\"@id\":\"https:\/\/www.comercialanma.es\/?product=tonic-1724#primaryimage\",\"inLanguage\":\"es\",\"url\":\"https:\/\/i2.wp.com\/www.comercialanma.es\/wp-content\/uploads\/2021\/06\/1724-tonic-water.jpg?fit=1080%2C1080&ssl=1\",\"width\":1080,\"height\":1080},{\"@type\":\"WebPage\",\"@id\":\"https:\/\/www.comercialanma.es\/?product=tonic-1724#webpage\",\"url\":\"https:\/\/www.comercialanma.es\/?product=tonic-1724\",\"name\":\"T\\u00f3nica 1724 N.R 20cl. - Comercial de Hosteleria Anma\",\"isPartOf\":{\"@id\":\"https:\/\/www.comercialanma.es\/#website\"},\"primaryImageOfPage\":{\"@id\":\"https:\/\/www.comercialanma.es\/?product=tonic-1724#primaryimage\"},\"datePublished\":\"2021-06-22T13:33:42+00:00\",\"dateModified\":\"2021-06-22T13:42:54+00:00\",\"description\":\"T\\u00f3nica 1724 | 20cl.| Fabricada con agua mineral y quinina recogida a mano, cuyo origen est\\u00e1 a 1724 metros sobre el nivel del mar.\",\"breadcrumb\":{\"@id\":\"https:\/\/www.comercialanma.es\/?product=tonic-1724#breadcrumb\"},\"inLanguage\":\"es\",\"potentialAction\":[{\"@type\":\"ReadAction\",\"target\":[\"https:\/\/www.comercialanma.es\/?product=tonic-1724\"]}]},{\"@type\":\"BreadcrumbList\",\"@id\":\"https:\/\/www.comercialanma.es\/?product=tonic-1724#breadcrumb\",\"itemListElement\":[{\"@type\":\"ListItem\",\"position\":1,\"item\":{\"@type\":\"WebPage\",\"@id\":\"https:\/\/www.comercialanma.es\/\",\"url\":\"https:\/\/www.comercialanma.es\/\",\"name\":\"Portada\"}},{\"@type\":\"ListItem\",\"position\":2,\"item\":{\"@type\":\"WebPage\",\"@id\":\"https:\/\/www.comercialanma.es\/?page_id=3963\",\"url\":\"https:\/\/www.comercialanma.es\/?page_id=3963\",\"name\":\"Cat\\u00e1logo de Productos\"}},{\"@type\":\"ListItem\",\"position\":3,\"item\":{\"@type\":\"WebPage\",\"@id\":\"https:\/\/www.comercialanma.es\/?product=tonic-1724\",\"url\":\"https:\/\/www.comercialanma.es\/?product=tonic-1724\",\"name\":\"T\\u00f3nica 1724 N.R 20cl.\"}}]}]}<\/script>\n<!-- \/ Yoast SEO plugin. -->","_links":{"self":[{"href":"https:\/\/www.comercialanma.es\/index.php?rest_route=\/wp\/v2\/product\/16946"}],"collection":[{"href":"https:\/\/www.comercialanma.es\/index.php?rest_route=\/wp\/v2\/product"}],"about":[{"href":"https:\/\/www.comercialanma.es\/index.php?rest_route=\/wp\/v2\/types\/product"}],"version-history":[{"count":1,"href":"https:\/\/www.comercialanma.es\/index.php?rest_route=\/wp\/v2\/product\/16946\/revisions"}],"predecessor-version":[{"id":16948,"href":"https:\/\/www.comercialanma.es\/index.php?rest_route=\/wp\/v2\/product\/16946\/revisions\/16948"}],"wp:featuredmedia":[{"embeddable":true,"href":"https:\/\/www.comercialanma.es\/index.php?rest_route=\/wp\/v2\/media\/16947"}],"wp:attachment":[{"href":"https:\/\/www.comercialanma.es\/index.php?rest_route=%2Fwp%2Fv2%2Fmedia&parent=16946"}],"curies":[{"name":"wp","href":"https:\/\/api.w.org\/{rel}","templated":true}]}}