
{"id":17050,"date":"2021-06-25T11:06:58","date_gmt":"2021-06-25T09:06:58","guid":{"rendered":"https:\/\/www.comercialanma.es\/?post_type=product&#038;p=17050"},"modified":"2021-06-25T11:40:01","modified_gmt":"2021-06-25T09:40:01","slug":"fusione-menta-poleo-25","status":"publish","type":"product","link":"https:\/\/www.comercialanma.es\/?product=fusione-menta-poleo-25","title":{"rendered":"Fusione Menta poleo 25u."},"content":{"rendered":"<ul>\n<li>Formato: Bolsa de 25 pir\u00e1mides<\/li>\n<li>Ingredientes: 100 % Menta Piperita.<\/li>\n<li>Fecha M\u00ednima de consumo preferente indicada en el producto: M\u00e1s de 6 meses.<\/li>\n<li>Producto Fabricado en la UE.<\/li>\n<li>No contiene t\u00e9.<\/li>\n<\/ul>\n","protected":false},"excerpt":{"rendered":"<p>Las Pir\u00e1mides de Infusiones de Menta Poleo Fusione Bolsa 25\u00a0est\u00e1n elaboradas con una sabia mezcla de poleo y menta en las proporciones justas para conseguir una infusi\u00f3n muy arom\u00e1tica. Ayuda de manera natural a facilitar la digesti\u00f3n.<\/p>\n","protected":false},"featured_media":17054,"template":"","meta":{"spay_email":""},"yoast_head":"<!-- This site is optimized with the Yoast SEO plugin v15.9 - https:\/\/yoast.com\/wordpress\/plugins\/seo\/ -->\n<title>Fusione Menta poleo 25u. - Comercial de Hosteleria Anma<\/title>\n<meta name=\"description\" content=\"Fusione Menta poleo | 25u.| Suave y relajante Poleo Menta con todos sus beneficios y propiedades. Bolsa de 25 pir\u00e1mides individuales.\" \/>\n<meta name=\"robots\" content=\"index, follow, max-snippet:-1, max-image-preview:large, max-video-preview:-1\" \/>\n<link rel=\"canonical\" href=\"https:\/\/www.comercialanma.es\/?product=fusione-menta-poleo-25\" \/>\n<meta property=\"og:locale\" content=\"es_ES\" \/>\n<meta property=\"og:type\" content=\"article\" \/>\n<meta property=\"og:title\" content=\"Fusione Menta poleo 25u. - Comercial de Hosteleria Anma\" \/>\n<meta property=\"og:description\" content=\"Fusione Menta poleo | 25u.| Suave y relajante Poleo Menta con todos sus beneficios y propiedades. Bolsa de 25 pir\u00e1mides individuales.\" \/>\n<meta property=\"og:url\" content=\"https:\/\/www.comercialanma.es\/?product=fusione-menta-poleo-25\" \/>\n<meta property=\"og:site_name\" content=\"Comercial de Hosteleria Anma\" \/>\n<meta property=\"article:publisher\" content=\"https:\/\/www.facebook.com\/AnmaHosteleria\" \/>\n<meta property=\"article:modified_time\" content=\"2021-06-25T09:40:01+00:00\" \/>\n<meta property=\"og:image\" content=\"https:\/\/i0.wp.com\/www.comercialanma.es\/wp-content\/uploads\/2021\/06\/infusion-fusione-te-verde-con-menta.jpg?fit=1080%2C1080&#038;ssl=1\" \/>\n\t<meta property=\"og:image:width\" content=\"1080\" \/>\n\t<meta property=\"og:image:height\" content=\"1080\" \/>\n<meta name=\"twitter:card\" content=\"summary_large_image\" \/>\n<meta name=\"twitter:label1\" content=\"Tiempo de lectura\">\n\t<meta name=\"twitter:data1\" content=\"1 minuto\">\n<script type=\"application\/ld+json\" class=\"yoast-schema-graph\">{\"@context\":\"https:\/\/schema.org\",\"@graph\":[{\"@type\":\"Organization\",\"@id\":\"https:\/\/www.comercialanma.es\/#organization\",\"name\":\"Comercial Anma\",\"url\":\"https:\/\/www.comercialanma.es\/\",\"sameAs\":[\"https:\/\/www.facebook.com\/AnmaHosteleria\",\"https:\/\/www.instagram.com\/anmahosteleria\/?hl=es\",\"https:\/\/www.youtube.com\/channel\/UCT2nmn08Ntks0hmpZPnDgCA\"],\"logo\":{\"@type\":\"ImageObject\",\"@id\":\"https:\/\/www.comercialanma.es\/#logo\",\"inLanguage\":\"es\",\"url\":\"https:\/\/i2.wp.com\/www.comercialanma.es\/wp-content\/uploads\/2019\/06\/logo-anma-color.png?fit=247%2C101&ssl=1\",\"width\":247,\"height\":101,\"caption\":\"Comercial Anma\"},\"image\":{\"@id\":\"https:\/\/www.comercialanma.es\/#logo\"}},{\"@type\":\"WebSite\",\"@id\":\"https:\/\/www.comercialanma.es\/#website\",\"url\":\"https:\/\/www.comercialanma.es\/\",\"name\":\"Comercial de Hosteleria Anma\",\"description\":\"\",\"publisher\":{\"@id\":\"https:\/\/www.comercialanma.es\/#organization\"},\"potentialAction\":[{\"@type\":\"SearchAction\",\"target\":\"https:\/\/www.comercialanma.es\/?s={search_term_string}\",\"query-input\":\"required name=search_term_string\"}],\"inLanguage\":\"es\"},{\"@type\":\"ImageObject\",\"@id\":\"https:\/\/www.comercialanma.es\/?product=fusione-menta-poleo-25#primaryimage\",\"inLanguage\":\"es\",\"url\":\"https:\/\/i0.wp.com\/www.comercialanma.es\/wp-content\/uploads\/2021\/06\/infusion-fusione-te-verde-con-menta.jpg?fit=1080%2C1080&ssl=1\",\"width\":1080,\"height\":1080},{\"@type\":\"WebPage\",\"@id\":\"https:\/\/www.comercialanma.es\/?product=fusione-menta-poleo-25#webpage\",\"url\":\"https:\/\/www.comercialanma.es\/?product=fusione-menta-poleo-25\",\"name\":\"Fusione Menta poleo 25u. - Comercial de Hosteleria Anma\",\"isPartOf\":{\"@id\":\"https:\/\/www.comercialanma.es\/#website\"},\"primaryImageOfPage\":{\"@id\":\"https:\/\/www.comercialanma.es\/?product=fusione-menta-poleo-25#primaryimage\"},\"datePublished\":\"2021-06-25T09:06:58+00:00\",\"dateModified\":\"2021-06-25T09:40:01+00:00\",\"description\":\"Fusione Menta poleo | 25u.| Suave y relajante Poleo Menta con todos sus beneficios y propiedades. Bolsa de 25 pir\\u00e1mides individuales.\",\"breadcrumb\":{\"@id\":\"https:\/\/www.comercialanma.es\/?product=fusione-menta-poleo-25#breadcrumb\"},\"inLanguage\":\"es\",\"potentialAction\":[{\"@type\":\"ReadAction\",\"target\":[\"https:\/\/www.comercialanma.es\/?product=fusione-menta-poleo-25\"]}]},{\"@type\":\"BreadcrumbList\",\"@id\":\"https:\/\/www.comercialanma.es\/?product=fusione-menta-poleo-25#breadcrumb\",\"itemListElement\":[{\"@type\":\"ListItem\",\"position\":1,\"item\":{\"@type\":\"WebPage\",\"@id\":\"https:\/\/www.comercialanma.es\/\",\"url\":\"https:\/\/www.comercialanma.es\/\",\"name\":\"Portada\"}},{\"@type\":\"ListItem\",\"position\":2,\"item\":{\"@type\":\"WebPage\",\"@id\":\"https:\/\/www.comercialanma.es\/?page_id=3963\",\"url\":\"https:\/\/www.comercialanma.es\/?page_id=3963\",\"name\":\"Cat\\u00e1logo de Productos\"}},{\"@type\":\"ListItem\",\"position\":3,\"item\":{\"@type\":\"WebPage\",\"@id\":\"https:\/\/www.comercialanma.es\/?product=fusione-menta-poleo-25\",\"url\":\"https:\/\/www.comercialanma.es\/?product=fusione-menta-poleo-25\",\"name\":\"Fusione Menta poleo 25u.\"}}]}]}<\/script>\n<!-- \/ Yoast SEO plugin. -->","_links":{"self":[{"href":"https:\/\/www.comercialanma.es\/index.php?rest_route=\/wp\/v2\/product\/17050"}],"collection":[{"href":"https:\/\/www.comercialanma.es\/index.php?rest_route=\/wp\/v2\/product"}],"about":[{"href":"https:\/\/www.comercialanma.es\/index.php?rest_route=\/wp\/v2\/types\/product"}],"version-history":[{"count":1,"href":"https:\/\/www.comercialanma.es\/index.php?rest_route=\/wp\/v2\/product\/17050\/revisions"}],"predecessor-version":[{"id":17055,"href":"https:\/\/www.comercialanma.es\/index.php?rest_route=\/wp\/v2\/product\/17050\/revisions\/17055"}],"wp:featuredmedia":[{"embeddable":true,"href":"https:\/\/www.comercialanma.es\/index.php?rest_route=\/wp\/v2\/media\/17054"}],"wp:attachment":[{"href":"https:\/\/www.comercialanma.es\/index.php?rest_route=%2Fwp%2Fv2%2Fmedia&parent=17050"}],"curies":[{"name":"wp","href":"https:\/\/api.w.org\/{rel}","templated":true}]}}