
{"id":17062,"date":"2021-06-25T11:52:05","date_gmt":"2021-06-25T09:52:05","guid":{"rendered":"https:\/\/www.comercialanma.es\/?post_type=product&#038;p=17062"},"modified":"2021-06-25T12:00:48","modified_gmt":"2021-06-25T10:00:48","slug":"te-verde-con-menta","status":"publish","type":"product","link":"https:\/\/www.comercialanma.es\/?product=te-verde-con-menta","title":{"rendered":"T\u00e9 verde con menta Fusione 25u."},"content":{"rendered":"<ul>\n<li><strong>Formato:<\/strong> Bolsa de 25 Pir\u00e1mides. Disponible en otros formatos.<\/li>\n<li><strong>Ingredientes:<\/strong> <span class=\"TextRun BCX0 SCXW239086770\" lang=\"ES-ES\" xml:lang=\"ES-ES\" data-contrast=\"auto\"><span class=\"NormalTextRun BCX0 SCXW239086770\">T\u00e9 <span class=\"TextRun BCX0 SCXW102521113\" lang=\"ES-ES\" xml:lang=\"ES-ES\" data-contrast=\"auto\"><span class=\"NormalTextRun BCX0 SCXW102521113\">verde\u00a0<\/span><\/span><span class=\"TextRun BCX0 SCXW102521113\" lang=\"ES-ES\" xml:lang=\"ES-ES\" data-contrast=\"auto\"><span class=\"SpellingError BCX0 SCXW102521113\">Gunpowder<\/span><\/span><span class=\"TextRun BCX0 SCXW102521113\" lang=\"ES-ES\" xml:lang=\"ES-ES\" data-contrast=\"auto\"><span class=\"NormalTextRun BCX0 SCXW102521113\">, menta y aroma.<\/span><\/span><\/span><\/span><\/li>\n<li>Producto Fabricado en la UE.<\/li>\n<\/ul>\n","protected":false},"excerpt":{"rendered":"<div>\n<p>Las Pir\u00e1mides de\u00a0T\u00e9 Verde con Menta Fusione Bolsa 25\u00a0est\u00e1n elaborados con\u00a0el t\u00e9 verde chino\u00a0Gunpowder, enrollado en \u201cbolitas\u201d con refrescantes hojas de menta que te trasladar\u00e1n\u00a0al ex\u00f3tico mundo \u00e1rabe. Ayuda de manera natural a facilitar la digesti\u00f3n.<\/p>\n<p>En el T\u00e9 Verde con Menta Fusione, las hojas de T\u00e9 Verde est\u00e1n solamente secadas, sin fermentar.<\/p>\n<\/div>\n","protected":false},"featured_media":17063,"template":"","meta":{"spay_email":""},"yoast_head":"<!-- This site is optimized with the Yoast SEO plugin v15.9 - https:\/\/yoast.com\/wordpress\/plugins\/seo\/ -->\n<title>T\u00e9 verde con menta Fusione 25u. - Comercial de Hosteleria Anma<\/title>\n<meta name=\"description\" content=\"T\u00e9 verde con menta Fusione |25u.| Pir\u00e1mides de t\u00e9 verde chino con refrescantes hojas de menta. Bolsa de 25 pir\u00e1mides de T\u00e9 Verde.\" \/>\n<meta name=\"robots\" content=\"index, follow, max-snippet:-1, max-image-preview:large, max-video-preview:-1\" \/>\n<link rel=\"canonical\" href=\"https:\/\/www.comercialanma.es\/?product=te-verde-con-menta\" \/>\n<meta property=\"og:locale\" content=\"es_ES\" \/>\n<meta property=\"og:type\" content=\"article\" \/>\n<meta property=\"og:title\" content=\"T\u00e9 verde con menta Fusione 25u. - Comercial de Hosteleria Anma\" \/>\n<meta property=\"og:description\" content=\"T\u00e9 verde con menta Fusione |25u.| Pir\u00e1mides de t\u00e9 verde chino con refrescantes hojas de menta. Bolsa de 25 pir\u00e1mides de T\u00e9 Verde.\" \/>\n<meta property=\"og:url\" content=\"https:\/\/www.comercialanma.es\/?product=te-verde-con-menta\" \/>\n<meta property=\"og:site_name\" content=\"Comercial de Hosteleria Anma\" \/>\n<meta property=\"article:publisher\" content=\"https:\/\/www.facebook.com\/AnmaHosteleria\" \/>\n<meta property=\"article:modified_time\" content=\"2021-06-25T10:00:48+00:00\" \/>\n<meta property=\"og:image\" content=\"https:\/\/i1.wp.com\/www.comercialanma.es\/wp-content\/uploads\/2021\/06\/infusion-fusione-te-verde-con-menta-1.jpg?fit=1080%2C1080&#038;ssl=1\" \/>\n\t<meta property=\"og:image:width\" content=\"1080\" \/>\n\t<meta property=\"og:image:height\" content=\"1080\" \/>\n<meta name=\"twitter:card\" content=\"summary_large_image\" \/>\n<meta name=\"twitter:label1\" content=\"Tiempo de lectura\">\n\t<meta name=\"twitter:data1\" content=\"1 minuto\">\n<script type=\"application\/ld+json\" class=\"yoast-schema-graph\">{\"@context\":\"https:\/\/schema.org\",\"@graph\":[{\"@type\":\"Organization\",\"@id\":\"https:\/\/www.comercialanma.es\/#organization\",\"name\":\"Comercial Anma\",\"url\":\"https:\/\/www.comercialanma.es\/\",\"sameAs\":[\"https:\/\/www.facebook.com\/AnmaHosteleria\",\"https:\/\/www.instagram.com\/anmahosteleria\/?hl=es\",\"https:\/\/www.youtube.com\/channel\/UCT2nmn08Ntks0hmpZPnDgCA\"],\"logo\":{\"@type\":\"ImageObject\",\"@id\":\"https:\/\/www.comercialanma.es\/#logo\",\"inLanguage\":\"es\",\"url\":\"https:\/\/i2.wp.com\/www.comercialanma.es\/wp-content\/uploads\/2019\/06\/logo-anma-color.png?fit=247%2C101&ssl=1\",\"width\":247,\"height\":101,\"caption\":\"Comercial Anma\"},\"image\":{\"@id\":\"https:\/\/www.comercialanma.es\/#logo\"}},{\"@type\":\"WebSite\",\"@id\":\"https:\/\/www.comercialanma.es\/#website\",\"url\":\"https:\/\/www.comercialanma.es\/\",\"name\":\"Comercial de Hosteleria Anma\",\"description\":\"\",\"publisher\":{\"@id\":\"https:\/\/www.comercialanma.es\/#organization\"},\"potentialAction\":[{\"@type\":\"SearchAction\",\"target\":\"https:\/\/www.comercialanma.es\/?s={search_term_string}\",\"query-input\":\"required name=search_term_string\"}],\"inLanguage\":\"es\"},{\"@type\":\"ImageObject\",\"@id\":\"https:\/\/www.comercialanma.es\/?product=te-verde-con-menta#primaryimage\",\"inLanguage\":\"es\",\"url\":\"https:\/\/i1.wp.com\/www.comercialanma.es\/wp-content\/uploads\/2021\/06\/infusion-fusione-te-verde-con-menta-1.jpg?fit=1080%2C1080&ssl=1\",\"width\":1080,\"height\":1080},{\"@type\":\"WebPage\",\"@id\":\"https:\/\/www.comercialanma.es\/?product=te-verde-con-menta#webpage\",\"url\":\"https:\/\/www.comercialanma.es\/?product=te-verde-con-menta\",\"name\":\"T\\u00e9 verde con menta Fusione 25u. - Comercial de Hosteleria Anma\",\"isPartOf\":{\"@id\":\"https:\/\/www.comercialanma.es\/#website\"},\"primaryImageOfPage\":{\"@id\":\"https:\/\/www.comercialanma.es\/?product=te-verde-con-menta#primaryimage\"},\"datePublished\":\"2021-06-25T09:52:05+00:00\",\"dateModified\":\"2021-06-25T10:00:48+00:00\",\"description\":\"T\\u00e9 verde con menta Fusione |25u.| Pir\\u00e1mides de t\\u00e9 verde chino con refrescantes hojas de menta. Bolsa de 25 pir\\u00e1mides de T\\u00e9 Verde.\",\"breadcrumb\":{\"@id\":\"https:\/\/www.comercialanma.es\/?product=te-verde-con-menta#breadcrumb\"},\"inLanguage\":\"es\",\"potentialAction\":[{\"@type\":\"ReadAction\",\"target\":[\"https:\/\/www.comercialanma.es\/?product=te-verde-con-menta\"]}]},{\"@type\":\"BreadcrumbList\",\"@id\":\"https:\/\/www.comercialanma.es\/?product=te-verde-con-menta#breadcrumb\",\"itemListElement\":[{\"@type\":\"ListItem\",\"position\":1,\"item\":{\"@type\":\"WebPage\",\"@id\":\"https:\/\/www.comercialanma.es\/\",\"url\":\"https:\/\/www.comercialanma.es\/\",\"name\":\"Portada\"}},{\"@type\":\"ListItem\",\"position\":2,\"item\":{\"@type\":\"WebPage\",\"@id\":\"https:\/\/www.comercialanma.es\/?page_id=3963\",\"url\":\"https:\/\/www.comercialanma.es\/?page_id=3963\",\"name\":\"Cat\\u00e1logo de Productos\"}},{\"@type\":\"ListItem\",\"position\":3,\"item\":{\"@type\":\"WebPage\",\"@id\":\"https:\/\/www.comercialanma.es\/?product=te-verde-con-menta\",\"url\":\"https:\/\/www.comercialanma.es\/?product=te-verde-con-menta\",\"name\":\"T\\u00e9 verde con menta Fusione 25u.\"}}]}]}<\/script>\n<!-- \/ Yoast SEO plugin. -->","_links":{"self":[{"href":"https:\/\/www.comercialanma.es\/index.php?rest_route=\/wp\/v2\/product\/17062"}],"collection":[{"href":"https:\/\/www.comercialanma.es\/index.php?rest_route=\/wp\/v2\/product"}],"about":[{"href":"https:\/\/www.comercialanma.es\/index.php?rest_route=\/wp\/v2\/types\/product"}],"version-history":[{"count":1,"href":"https:\/\/www.comercialanma.es\/index.php?rest_route=\/wp\/v2\/product\/17062\/revisions"}],"predecessor-version":[{"id":17064,"href":"https:\/\/www.comercialanma.es\/index.php?rest_route=\/wp\/v2\/product\/17062\/revisions\/17064"}],"wp:featuredmedia":[{"embeddable":true,"href":"https:\/\/www.comercialanma.es\/index.php?rest_route=\/wp\/v2\/media\/17063"}],"wp:attachment":[{"href":"https:\/\/www.comercialanma.es\/index.php?rest_route=%2Fwp%2Fv2%2Fmedia&parent=17062"}],"curies":[{"name":"wp","href":"https:\/\/api.w.org\/{rel}","templated":true}]}}