
{"id":17125,"date":"2021-06-29T10:33:50","date_gmt":"2021-06-29T08:33:50","guid":{"rendered":"https:\/\/www.comercialanma.es\/?post_type=product&#038;p=17125"},"modified":"2021-06-29T11:12:25","modified_gmt":"2021-06-29T09:12:25","slug":"fanta-limon-lata-33","status":"publish","type":"product","link":"https:\/\/www.comercialanma.es\/?product=fanta-limon-lata-33","title":{"rendered":"Fanta lim\u00f3n lata 33cl."},"content":{"rendered":"<ul>\n<li>Fabricante: Coca-Cola Company<\/li>\n<li>Formato: Lata 33cl.<span class=\"a-list-item\"><span dir=\"ltr\"><br \/>\n<\/span><\/span><\/li>\n<li><span class=\"a-list-item\"> Se debe conservar en lugar fresco y seco<\/span><\/li>\n<\/ul>\n<h3>Ingredientes:<\/h3>\n<p>Agua carbonatada, 6% zumo de lim\u00f3n a partir de concentrado, az\u00facar, acidulantes: \u00e1cido m\u00e1lico (E-296) y \u00e1cido c\u00edtrico (E-330), edulcorantes: acesulfamo K (E-950), aspartamo y neohesperidina DC (E-959), antioxidante \u00e1cido asc\u00f3rbico (E-300), corrector de acidez citrato s\u00f3dico (E-331), conservador sorbato pot\u00e1sico (E-202), estabilizantes: goma ar\u00e1biga (E-414) y \u00e9steres glic\u00e9ridos de colofonia de madera (E-445), aromas naturales de lim\u00f3n y otros aromas naturales y colorante betacaroteno (E-160a). Contiene una fuente de fenilalanina.<\/p>\n","protected":false},"excerpt":{"rendered":"<p>Fanta lim\u00f3n lata | 33cl.|<\/p>\n<p><span class=\"st\"><span lang=\"es\" xml:lang=\"es\"><span id=\"result_box\" lang=\"es\" xml:lang=\"es\">Fanta Lim\u00f3n es la bebida burbujeante con sabor a c\u00edtricos por excelencia.<\/span><\/span><\/span><\/p>\n<p>La marca global \u201cFanta\u201d surge en N\u00e1poles, Italia, en 1955, perteneciendo a The Coca-Cola Export Corporation, fabricada con ingredientes c\u00edtricos de origen local.<\/p>\n","protected":false},"featured_media":17127,"template":"","meta":{"spay_email":""},"yoast_head":"<!-- This site is optimized with the Yoast SEO plugin v15.9 - https:\/\/yoast.com\/wordpress\/plugins\/seo\/ -->\n<title>Fanta lim\u00f3n lata 33cl. - Comercial de Hosteleria Anma<\/title>\n<meta name=\"description\" content=\"Fanta lim\u00f3n lata | 33cl.| Con az\u00facares y edulcorantes. Fanta Lim\u00f3n es la bebida burbujeante con sabor a c\u00edtricos por excelencia.\" \/>\n<meta name=\"robots\" content=\"index, follow, max-snippet:-1, max-image-preview:large, max-video-preview:-1\" \/>\n<link rel=\"canonical\" href=\"https:\/\/www.comercialanma.es\/?product=fanta-limon-lata-33\" \/>\n<meta property=\"og:locale\" content=\"es_ES\" \/>\n<meta property=\"og:type\" content=\"article\" \/>\n<meta property=\"og:title\" content=\"Fanta lim\u00f3n lata 33cl. - Comercial de Hosteleria Anma\" \/>\n<meta property=\"og:description\" content=\"Fanta lim\u00f3n lata | 33cl.| Con az\u00facares y edulcorantes. Fanta Lim\u00f3n es la bebida burbujeante con sabor a c\u00edtricos por excelencia.\" \/>\n<meta property=\"og:url\" content=\"https:\/\/www.comercialanma.es\/?product=fanta-limon-lata-33\" \/>\n<meta property=\"og:site_name\" content=\"Comercial de Hosteleria Anma\" \/>\n<meta property=\"article:publisher\" content=\"https:\/\/www.facebook.com\/AnmaHosteleria\" \/>\n<meta property=\"article:modified_time\" content=\"2021-06-29T09:12:25+00:00\" \/>\n<meta property=\"og:image\" content=\"https:\/\/i2.wp.com\/www.comercialanma.es\/wp-content\/uploads\/2021\/06\/Fanta-limon-lata-33.jpg?fit=1080%2C1080&#038;ssl=1\" \/>\n\t<meta property=\"og:image:width\" content=\"1080\" \/>\n\t<meta property=\"og:image:height\" content=\"1080\" \/>\n<meta name=\"twitter:card\" content=\"summary_large_image\" \/>\n<meta name=\"twitter:label1\" content=\"Tiempo de lectura\">\n\t<meta name=\"twitter:data1\" content=\"1 minuto\">\n<script type=\"application\/ld+json\" class=\"yoast-schema-graph\">{\"@context\":\"https:\/\/schema.org\",\"@graph\":[{\"@type\":\"Organization\",\"@id\":\"https:\/\/www.comercialanma.es\/#organization\",\"name\":\"Comercial Anma\",\"url\":\"https:\/\/www.comercialanma.es\/\",\"sameAs\":[\"https:\/\/www.facebook.com\/AnmaHosteleria\",\"https:\/\/www.instagram.com\/anmahosteleria\/?hl=es\",\"https:\/\/www.youtube.com\/channel\/UCT2nmn08Ntks0hmpZPnDgCA\"],\"logo\":{\"@type\":\"ImageObject\",\"@id\":\"https:\/\/www.comercialanma.es\/#logo\",\"inLanguage\":\"es\",\"url\":\"https:\/\/i2.wp.com\/www.comercialanma.es\/wp-content\/uploads\/2019\/06\/logo-anma-color.png?fit=247%2C101&ssl=1\",\"width\":247,\"height\":101,\"caption\":\"Comercial Anma\"},\"image\":{\"@id\":\"https:\/\/www.comercialanma.es\/#logo\"}},{\"@type\":\"WebSite\",\"@id\":\"https:\/\/www.comercialanma.es\/#website\",\"url\":\"https:\/\/www.comercialanma.es\/\",\"name\":\"Comercial de Hosteleria Anma\",\"description\":\"\",\"publisher\":{\"@id\":\"https:\/\/www.comercialanma.es\/#organization\"},\"potentialAction\":[{\"@type\":\"SearchAction\",\"target\":\"https:\/\/www.comercialanma.es\/?s={search_term_string}\",\"query-input\":\"required name=search_term_string\"}],\"inLanguage\":\"es\"},{\"@type\":\"ImageObject\",\"@id\":\"https:\/\/www.comercialanma.es\/?product=fanta-limon-lata-33#primaryimage\",\"inLanguage\":\"es\",\"url\":\"https:\/\/i2.wp.com\/www.comercialanma.es\/wp-content\/uploads\/2021\/06\/Fanta-limon-lata-33.jpg?fit=1080%2C1080&ssl=1\",\"width\":1080,\"height\":1080},{\"@type\":\"WebPage\",\"@id\":\"https:\/\/www.comercialanma.es\/?product=fanta-limon-lata-33#webpage\",\"url\":\"https:\/\/www.comercialanma.es\/?product=fanta-limon-lata-33\",\"name\":\"Fanta lim\\u00f3n lata 33cl. - Comercial de Hosteleria Anma\",\"isPartOf\":{\"@id\":\"https:\/\/www.comercialanma.es\/#website\"},\"primaryImageOfPage\":{\"@id\":\"https:\/\/www.comercialanma.es\/?product=fanta-limon-lata-33#primaryimage\"},\"datePublished\":\"2021-06-29T08:33:50+00:00\",\"dateModified\":\"2021-06-29T09:12:25+00:00\",\"description\":\"Fanta lim\\u00f3n lata | 33cl.| Con az\\u00facares y edulcorantes. Fanta Lim\\u00f3n es la bebida burbujeante con sabor a c\\u00edtricos por excelencia.\",\"breadcrumb\":{\"@id\":\"https:\/\/www.comercialanma.es\/?product=fanta-limon-lata-33#breadcrumb\"},\"inLanguage\":\"es\",\"potentialAction\":[{\"@type\":\"ReadAction\",\"target\":[\"https:\/\/www.comercialanma.es\/?product=fanta-limon-lata-33\"]}]},{\"@type\":\"BreadcrumbList\",\"@id\":\"https:\/\/www.comercialanma.es\/?product=fanta-limon-lata-33#breadcrumb\",\"itemListElement\":[{\"@type\":\"ListItem\",\"position\":1,\"item\":{\"@type\":\"WebPage\",\"@id\":\"https:\/\/www.comercialanma.es\/\",\"url\":\"https:\/\/www.comercialanma.es\/\",\"name\":\"Portada\"}},{\"@type\":\"ListItem\",\"position\":2,\"item\":{\"@type\":\"WebPage\",\"@id\":\"https:\/\/www.comercialanma.es\/?page_id=3963\",\"url\":\"https:\/\/www.comercialanma.es\/?page_id=3963\",\"name\":\"Cat\\u00e1logo de Productos\"}},{\"@type\":\"ListItem\",\"position\":3,\"item\":{\"@type\":\"WebPage\",\"@id\":\"https:\/\/www.comercialanma.es\/?product=fanta-limon-lata-33\",\"url\":\"https:\/\/www.comercialanma.es\/?product=fanta-limon-lata-33\",\"name\":\"Fanta lim\\u00f3n lata 33cl.\"}}]}]}<\/script>\n<!-- \/ Yoast SEO plugin. -->","_links":{"self":[{"href":"https:\/\/www.comercialanma.es\/index.php?rest_route=\/wp\/v2\/product\/17125"}],"collection":[{"href":"https:\/\/www.comercialanma.es\/index.php?rest_route=\/wp\/v2\/product"}],"about":[{"href":"https:\/\/www.comercialanma.es\/index.php?rest_route=\/wp\/v2\/types\/product"}],"version-history":[{"count":1,"href":"https:\/\/www.comercialanma.es\/index.php?rest_route=\/wp\/v2\/product\/17125\/revisions"}],"predecessor-version":[{"id":17128,"href":"https:\/\/www.comercialanma.es\/index.php?rest_route=\/wp\/v2\/product\/17125\/revisions\/17128"}],"wp:featuredmedia":[{"embeddable":true,"href":"https:\/\/www.comercialanma.es\/index.php?rest_route=\/wp\/v2\/media\/17127"}],"wp:attachment":[{"href":"https:\/\/www.comercialanma.es\/index.php?rest_route=%2Fwp%2Fv2%2Fmedia&parent=17125"}],"curies":[{"name":"wp","href":"https:\/\/api.w.org\/{rel}","templated":true}]}}