
{"id":17149,"date":"2021-06-29T12:45:08","date_gmt":"2021-06-29T10:45:08","guid":{"rendered":"https:\/\/www.comercialanma.es\/?post_type=product&#038;p=17149"},"modified":"2021-06-29T12:50:41","modified_gmt":"2021-06-29T10:50:41","slug":"vichy-limon-1-20","status":"publish","type":"product","link":"https:\/\/www.comercialanma.es\/?product=vichy-limon-1-20","title":{"rendered":"Vichy Lim\u00f3n Pet 1,20L."},"content":{"rendered":"<ul>\n<li>Fabricante: Vichy Catalan<\/li>\n<li>Formato: Pet 1,20L.<span class=\"a-list-item\"><span dir=\"ltr\"><br \/>\n<\/span><\/span><\/li>\n<li><span class=\"a-list-item\"> Se debe conservar en lugar fresco y seco<\/span><\/li>\n<\/ul>\n<h3>Ingredientes:<\/h3>\n<p>Agua mineral natural carbonatada, zumo de lim\u00f3n a partir de concentrado (3%), Acidulante (acido c\u00edtrico), estabilizantes (E-414, E-445),Edulcorantes (Glucosidos de esteviol, Acesulfamo K, sucralosa), Aroma natural, Antioxidante (\u00c1cido asc\u00f3rbico), Conservador (sorbato pot\u00e1sico), Colorantes (Lute\u00edna)<\/p>\n","protected":false},"excerpt":{"rendered":"<p>Vichy Lim\u00f3n |1,20L.| Pet|<\/p>\n<p>Bebida carb\u00f3nica aromatizada con un 3% zumo de lim\u00f3n\u00a0y agua mineral natural Vichy Catalan. Sin az\u00facares a\u00f1adidos. Contiene az\u00facares naturalmente presentes en la fruta. Con estevia<\/p>\n<p>&nbsp;<\/p>\n<p>&nbsp;<\/p>\n<p>&nbsp;<\/p>\n<p>&nbsp;<\/p>\n","protected":false},"featured_media":17150,"template":"","meta":{"spay_email":""},"yoast_head":"<!-- This site is optimized with the Yoast SEO plugin v15.9 - https:\/\/yoast.com\/wordpress\/plugins\/seo\/ -->\n<title>Vichy Lim\u00f3n Pet 1,20L. - Comercial de Hosteleria Anma<\/title>\n<meta name=\"description\" content=\"Vichy Lim\u00f3n |1,20L.| Pet| Bebida carb\u00f3nica aromatizada a base de zumo y agua mineral natural con edulcorantes.\" \/>\n<meta name=\"robots\" content=\"index, follow, max-snippet:-1, max-image-preview:large, max-video-preview:-1\" \/>\n<link rel=\"canonical\" href=\"https:\/\/www.comercialanma.es\/?product=vichy-limon-1-20\" \/>\n<meta property=\"og:locale\" content=\"es_ES\" \/>\n<meta property=\"og:type\" content=\"article\" \/>\n<meta property=\"og:title\" content=\"Vichy Lim\u00f3n Pet 1,20L. - Comercial de Hosteleria Anma\" \/>\n<meta property=\"og:description\" content=\"Vichy Lim\u00f3n |1,20L.| Pet| Bebida carb\u00f3nica aromatizada a base de zumo y agua mineral natural con edulcorantes.\" \/>\n<meta property=\"og:url\" content=\"https:\/\/www.comercialanma.es\/?product=vichy-limon-1-20\" \/>\n<meta property=\"og:site_name\" content=\"Comercial de Hosteleria Anma\" \/>\n<meta property=\"article:publisher\" content=\"https:\/\/www.facebook.com\/AnmaHosteleria\" \/>\n<meta property=\"article:modified_time\" content=\"2021-06-29T10:50:41+00:00\" \/>\n<meta property=\"og:image\" content=\"https:\/\/i0.wp.com\/www.comercialanma.es\/wp-content\/uploads\/2021\/06\/Vichy-limo\u0301n-120.jpg?fit=1080%2C1080&#038;ssl=1\" \/>\n\t<meta property=\"og:image:width\" content=\"1080\" \/>\n\t<meta property=\"og:image:height\" content=\"1080\" \/>\n<meta name=\"twitter:card\" content=\"summary_large_image\" \/>\n<meta name=\"twitter:label1\" content=\"Tiempo de lectura\">\n\t<meta name=\"twitter:data1\" content=\"1 minuto\">\n<script type=\"application\/ld+json\" class=\"yoast-schema-graph\">{\"@context\":\"https:\/\/schema.org\",\"@graph\":[{\"@type\":\"Organization\",\"@id\":\"https:\/\/www.comercialanma.es\/#organization\",\"name\":\"Comercial Anma\",\"url\":\"https:\/\/www.comercialanma.es\/\",\"sameAs\":[\"https:\/\/www.facebook.com\/AnmaHosteleria\",\"https:\/\/www.instagram.com\/anmahosteleria\/?hl=es\",\"https:\/\/www.youtube.com\/channel\/UCT2nmn08Ntks0hmpZPnDgCA\"],\"logo\":{\"@type\":\"ImageObject\",\"@id\":\"https:\/\/www.comercialanma.es\/#logo\",\"inLanguage\":\"es\",\"url\":\"https:\/\/i2.wp.com\/www.comercialanma.es\/wp-content\/uploads\/2019\/06\/logo-anma-color.png?fit=247%2C101&ssl=1\",\"width\":247,\"height\":101,\"caption\":\"Comercial Anma\"},\"image\":{\"@id\":\"https:\/\/www.comercialanma.es\/#logo\"}},{\"@type\":\"WebSite\",\"@id\":\"https:\/\/www.comercialanma.es\/#website\",\"url\":\"https:\/\/www.comercialanma.es\/\",\"name\":\"Comercial de Hosteleria Anma\",\"description\":\"\",\"publisher\":{\"@id\":\"https:\/\/www.comercialanma.es\/#organization\"},\"potentialAction\":[{\"@type\":\"SearchAction\",\"target\":\"https:\/\/www.comercialanma.es\/?s={search_term_string}\",\"query-input\":\"required name=search_term_string\"}],\"inLanguage\":\"es\"},{\"@type\":\"ImageObject\",\"@id\":\"https:\/\/www.comercialanma.es\/?product=vichy-limon-1-20#primaryimage\",\"inLanguage\":\"es\",\"url\":\"https:\/\/i0.wp.com\/www.comercialanma.es\/wp-content\/uploads\/2021\/06\/Vichy-limo\\u0301n-120.jpg?fit=1080%2C1080&ssl=1\",\"width\":1080,\"height\":1080},{\"@type\":\"WebPage\",\"@id\":\"https:\/\/www.comercialanma.es\/?product=vichy-limon-1-20#webpage\",\"url\":\"https:\/\/www.comercialanma.es\/?product=vichy-limon-1-20\",\"name\":\"Vichy Lim\\u00f3n Pet 1,20L. - Comercial de Hosteleria Anma\",\"isPartOf\":{\"@id\":\"https:\/\/www.comercialanma.es\/#website\"},\"primaryImageOfPage\":{\"@id\":\"https:\/\/www.comercialanma.es\/?product=vichy-limon-1-20#primaryimage\"},\"datePublished\":\"2021-06-29T10:45:08+00:00\",\"dateModified\":\"2021-06-29T10:50:41+00:00\",\"description\":\"Vichy Lim\\u00f3n |1,20L.| Pet| Bebida carb\\u00f3nica aromatizada a base de zumo y agua mineral natural con edulcorantes.\",\"breadcrumb\":{\"@id\":\"https:\/\/www.comercialanma.es\/?product=vichy-limon-1-20#breadcrumb\"},\"inLanguage\":\"es\",\"potentialAction\":[{\"@type\":\"ReadAction\",\"target\":[\"https:\/\/www.comercialanma.es\/?product=vichy-limon-1-20\"]}]},{\"@type\":\"BreadcrumbList\",\"@id\":\"https:\/\/www.comercialanma.es\/?product=vichy-limon-1-20#breadcrumb\",\"itemListElement\":[{\"@type\":\"ListItem\",\"position\":1,\"item\":{\"@type\":\"WebPage\",\"@id\":\"https:\/\/www.comercialanma.es\/\",\"url\":\"https:\/\/www.comercialanma.es\/\",\"name\":\"Portada\"}},{\"@type\":\"ListItem\",\"position\":2,\"item\":{\"@type\":\"WebPage\",\"@id\":\"https:\/\/www.comercialanma.es\/?page_id=3963\",\"url\":\"https:\/\/www.comercialanma.es\/?page_id=3963\",\"name\":\"Cat\\u00e1logo de Productos\"}},{\"@type\":\"ListItem\",\"position\":3,\"item\":{\"@type\":\"WebPage\",\"@id\":\"https:\/\/www.comercialanma.es\/?product=vichy-limon-1-20\",\"url\":\"https:\/\/www.comercialanma.es\/?product=vichy-limon-1-20\",\"name\":\"Vichy Lim\\u00f3n Pet 1,20L.\"}}]}]}<\/script>\n<!-- \/ Yoast SEO plugin. -->","_links":{"self":[{"href":"https:\/\/www.comercialanma.es\/index.php?rest_route=\/wp\/v2\/product\/17149"}],"collection":[{"href":"https:\/\/www.comercialanma.es\/index.php?rest_route=\/wp\/v2\/product"}],"about":[{"href":"https:\/\/www.comercialanma.es\/index.php?rest_route=\/wp\/v2\/types\/product"}],"version-history":[{"count":1,"href":"https:\/\/www.comercialanma.es\/index.php?rest_route=\/wp\/v2\/product\/17149\/revisions"}],"predecessor-version":[{"id":17151,"href":"https:\/\/www.comercialanma.es\/index.php?rest_route=\/wp\/v2\/product\/17149\/revisions\/17151"}],"wp:featuredmedia":[{"embeddable":true,"href":"https:\/\/www.comercialanma.es\/index.php?rest_route=\/wp\/v2\/media\/17150"}],"wp:attachment":[{"href":"https:\/\/www.comercialanma.es\/index.php?rest_route=%2Fwp%2Fv2%2Fmedia&parent=17149"}],"curies":[{"name":"wp","href":"https:\/\/api.w.org\/{rel}","templated":true}]}}