
{"id":17180,"date":"2021-06-29T17:38:42","date_gmt":"2021-06-29T15:38:42","guid":{"rendered":"https:\/\/www.comercialanma.es\/?post_type=product&#038;p=17180"},"modified":"2021-06-29T17:59:07","modified_gmt":"2021-06-29T15:59:07","slug":"energizer-a27","status":"publish","type":"product","link":"https:\/\/www.comercialanma.es\/?product=energizer-a27","title":{"rendered":"Pila Energizer A27 12V. Alcalina Blister 2"},"content":{"rendered":"<ul>\n<li>Marca: Energizer<\/li>\n<li>Blister: 2 unidad<\/li>\n<li>12V.<\/li>\n<li>Modelo: A27<\/li>\n<\/ul>\n","protected":false},"excerpt":{"rendered":"<p>Pilas Energizer A27 | Blister 2 |<\/p>\n<p>Energizer\u00ae ha sido un l\u00edder mundial en la fabricaci\u00f3n de bater\u00edas para electr\u00f3nicos durante d\u00e9cadas, por lo que puedes confiar en la precisi\u00f3n de ingenier\u00eda de las bater\u00edas para alimentar todos tus dispositivos electr\u00f3nicos.<\/p>\n<p>&nbsp;<\/p>\n<p>&nbsp;<\/p>\n<p>&nbsp;<\/p>\n","protected":false},"featured_media":17181,"template":"","meta":{"spay_email":""},"yoast_head":"<!-- This site is optimized with the Yoast SEO plugin v15.9 - https:\/\/yoast.com\/wordpress\/plugins\/seo\/ -->\n<title>Pila Energizer A27 12V. Alcalina Blister 2 - Comercial de Hosteleria Anma<\/title>\n<meta name=\"description\" content=\"Pilas Energizer A27 | Blister 2 | Energizer\u00ae ha sido un l\u00edder mundial en la fabricaci\u00f3n de bater\u00edas para electr\u00f3nicos durante d\u00e9cadas\" \/>\n<meta name=\"robots\" content=\"index, follow, max-snippet:-1, max-image-preview:large, max-video-preview:-1\" \/>\n<link rel=\"canonical\" href=\"https:\/\/www.comercialanma.es\/?product=energizer-a27\" \/>\n<meta property=\"og:locale\" content=\"es_ES\" \/>\n<meta property=\"og:type\" content=\"article\" \/>\n<meta property=\"og:title\" content=\"Pila Energizer A27 12V. Alcalina Blister 2 - Comercial de Hosteleria Anma\" \/>\n<meta property=\"og:description\" content=\"Pilas Energizer A27 | Blister 2 | Energizer\u00ae ha sido un l\u00edder mundial en la fabricaci\u00f3n de bater\u00edas para electr\u00f3nicos durante d\u00e9cadas\" \/>\n<meta property=\"og:url\" content=\"https:\/\/www.comercialanma.es\/?product=energizer-a27\" \/>\n<meta property=\"og:site_name\" content=\"Comercial de Hosteleria Anma\" \/>\n<meta property=\"article:publisher\" content=\"https:\/\/www.facebook.com\/AnmaHosteleria\" \/>\n<meta property=\"article:modified_time\" content=\"2021-06-29T15:59:07+00:00\" \/>\n<meta property=\"og:image\" content=\"https:\/\/i1.wp.com\/www.comercialanma.es\/wp-content\/uploads\/2021\/06\/A27-energizer.jpg?fit=1080%2C1080&#038;ssl=1\" \/>\n\t<meta property=\"og:image:width\" content=\"1080\" \/>\n\t<meta property=\"og:image:height\" content=\"1080\" \/>\n<meta name=\"twitter:card\" content=\"summary_large_image\" \/>\n<meta name=\"twitter:label1\" content=\"Tiempo de lectura\">\n\t<meta name=\"twitter:data1\" content=\"1 minuto\">\n<script type=\"application\/ld+json\" class=\"yoast-schema-graph\">{\"@context\":\"https:\/\/schema.org\",\"@graph\":[{\"@type\":\"Organization\",\"@id\":\"https:\/\/www.comercialanma.es\/#organization\",\"name\":\"Comercial Anma\",\"url\":\"https:\/\/www.comercialanma.es\/\",\"sameAs\":[\"https:\/\/www.facebook.com\/AnmaHosteleria\",\"https:\/\/www.instagram.com\/anmahosteleria\/?hl=es\",\"https:\/\/www.youtube.com\/channel\/UCT2nmn08Ntks0hmpZPnDgCA\"],\"logo\":{\"@type\":\"ImageObject\",\"@id\":\"https:\/\/www.comercialanma.es\/#logo\",\"inLanguage\":\"es\",\"url\":\"https:\/\/i2.wp.com\/www.comercialanma.es\/wp-content\/uploads\/2019\/06\/logo-anma-color.png?fit=247%2C101&ssl=1\",\"width\":247,\"height\":101,\"caption\":\"Comercial Anma\"},\"image\":{\"@id\":\"https:\/\/www.comercialanma.es\/#logo\"}},{\"@type\":\"WebSite\",\"@id\":\"https:\/\/www.comercialanma.es\/#website\",\"url\":\"https:\/\/www.comercialanma.es\/\",\"name\":\"Comercial de Hosteleria Anma\",\"description\":\"\",\"publisher\":{\"@id\":\"https:\/\/www.comercialanma.es\/#organization\"},\"potentialAction\":[{\"@type\":\"SearchAction\",\"target\":\"https:\/\/www.comercialanma.es\/?s={search_term_string}\",\"query-input\":\"required name=search_term_string\"}],\"inLanguage\":\"es\"},{\"@type\":\"ImageObject\",\"@id\":\"https:\/\/www.comercialanma.es\/?product=energizer-a27#primaryimage\",\"inLanguage\":\"es\",\"url\":\"https:\/\/i1.wp.com\/www.comercialanma.es\/wp-content\/uploads\/2021\/06\/A27-energizer.jpg?fit=1080%2C1080&ssl=1\",\"width\":1080,\"height\":1080},{\"@type\":\"WebPage\",\"@id\":\"https:\/\/www.comercialanma.es\/?product=energizer-a27#webpage\",\"url\":\"https:\/\/www.comercialanma.es\/?product=energizer-a27\",\"name\":\"Pila Energizer A27 12V. Alcalina Blister 2 - Comercial de Hosteleria Anma\",\"isPartOf\":{\"@id\":\"https:\/\/www.comercialanma.es\/#website\"},\"primaryImageOfPage\":{\"@id\":\"https:\/\/www.comercialanma.es\/?product=energizer-a27#primaryimage\"},\"datePublished\":\"2021-06-29T15:38:42+00:00\",\"dateModified\":\"2021-06-29T15:59:07+00:00\",\"description\":\"Pilas Energizer A27 | Blister 2 | Energizer\\u00ae ha sido un l\\u00edder mundial en la fabricaci\\u00f3n de bater\\u00edas para electr\\u00f3nicos durante d\\u00e9cadas\",\"breadcrumb\":{\"@id\":\"https:\/\/www.comercialanma.es\/?product=energizer-a27#breadcrumb\"},\"inLanguage\":\"es\",\"potentialAction\":[{\"@type\":\"ReadAction\",\"target\":[\"https:\/\/www.comercialanma.es\/?product=energizer-a27\"]}]},{\"@type\":\"BreadcrumbList\",\"@id\":\"https:\/\/www.comercialanma.es\/?product=energizer-a27#breadcrumb\",\"itemListElement\":[{\"@type\":\"ListItem\",\"position\":1,\"item\":{\"@type\":\"WebPage\",\"@id\":\"https:\/\/www.comercialanma.es\/\",\"url\":\"https:\/\/www.comercialanma.es\/\",\"name\":\"Portada\"}},{\"@type\":\"ListItem\",\"position\":2,\"item\":{\"@type\":\"WebPage\",\"@id\":\"https:\/\/www.comercialanma.es\/?page_id=3963\",\"url\":\"https:\/\/www.comercialanma.es\/?page_id=3963\",\"name\":\"Cat\\u00e1logo de Productos\"}},{\"@type\":\"ListItem\",\"position\":3,\"item\":{\"@type\":\"WebPage\",\"@id\":\"https:\/\/www.comercialanma.es\/?product=energizer-a27\",\"url\":\"https:\/\/www.comercialanma.es\/?product=energizer-a27\",\"name\":\"Pila Energizer A27 12V. Alcalina Blister 2\"}}]}]}<\/script>\n<!-- \/ Yoast SEO plugin. -->","_links":{"self":[{"href":"https:\/\/www.comercialanma.es\/index.php?rest_route=\/wp\/v2\/product\/17180"}],"collection":[{"href":"https:\/\/www.comercialanma.es\/index.php?rest_route=\/wp\/v2\/product"}],"about":[{"href":"https:\/\/www.comercialanma.es\/index.php?rest_route=\/wp\/v2\/types\/product"}],"version-history":[{"count":3,"href":"https:\/\/www.comercialanma.es\/index.php?rest_route=\/wp\/v2\/product\/17180\/revisions"}],"predecessor-version":[{"id":17188,"href":"https:\/\/www.comercialanma.es\/index.php?rest_route=\/wp\/v2\/product\/17180\/revisions\/17188"}],"wp:featuredmedia":[{"embeddable":true,"href":"https:\/\/www.comercialanma.es\/index.php?rest_route=\/wp\/v2\/media\/17181"}],"wp:attachment":[{"href":"https:\/\/www.comercialanma.es\/index.php?rest_route=%2Fwp%2Fv2%2Fmedia&parent=17180"}],"curies":[{"name":"wp","href":"https:\/\/api.w.org\/{rel}","templated":true}]}}