
{"id":17185,"date":"2021-06-29T17:53:52","date_gmt":"2021-06-29T15:53:52","guid":{"rendered":"https:\/\/www.comercialanma.es\/?post_type=product&#038;p=17185"},"modified":"2021-06-29T18:02:32","modified_gmt":"2021-06-29T16:02:32","slug":"6lr61","status":"publish","type":"product","link":"https:\/\/www.comercialanma.es\/?product=6lr61","title":{"rendered":"Pila Energizer  6LR61 9V. Alcalina Blister 1"},"content":{"rendered":"<ul>\n<li>Marca: Energizer<\/li>\n<li>Blister: 1 unidad<\/li>\n<li>9V.<\/li>\n<li>Modelo: 6LR61<\/li>\n<\/ul>\n","protected":false},"excerpt":{"rendered":"<p>Pila Energizer 6LR61 | 1 Blister<\/p>\n<p>Energizer\u00ae ha sido un l\u00edder mundial en la fabricaci\u00f3n de bater\u00edas para electr\u00f3nicos durante d\u00e9cadas, por lo que puedes confiar en la precisi\u00f3n de ingenier\u00eda de las bater\u00edas para alimentar todos tus dispositivos electr\u00f3nicos.<\/p>\n<p>&nbsp;<\/p>\n<p>&nbsp;<\/p>\n<p>&nbsp;<\/p>\n","protected":false},"featured_media":17189,"template":"","meta":{"spay_email":""},"yoast_head":"<!-- This site is optimized with the Yoast SEO plugin v15.9 - https:\/\/yoast.com\/wordpress\/plugins\/seo\/ -->\n<title>Pila Energizer 6LR61 9V. Alcalina Blister 1 - Comercial de Hosteleria Anma<\/title>\n<meta name=\"description\" content=\"Pila Energizer | 6LR61| 9V.| Alcalina Blister 1 | L\u00edder mundial en la fabricaci\u00f3n de bater\u00edas para electr\u00f3nicos durante d\u00e9cadas.\" \/>\n<meta name=\"robots\" content=\"index, follow, max-snippet:-1, max-image-preview:large, max-video-preview:-1\" \/>\n<link rel=\"canonical\" href=\"https:\/\/www.comercialanma.es\/?product=6lr61\" \/>\n<meta property=\"og:locale\" content=\"es_ES\" \/>\n<meta property=\"og:type\" content=\"article\" \/>\n<meta property=\"og:title\" content=\"Pila Energizer 6LR61 9V. Alcalina Blister 1 - Comercial de Hosteleria Anma\" \/>\n<meta property=\"og:description\" content=\"Pila Energizer | 6LR61| 9V.| Alcalina Blister 1 | L\u00edder mundial en la fabricaci\u00f3n de bater\u00edas para electr\u00f3nicos durante d\u00e9cadas.\" \/>\n<meta property=\"og:url\" content=\"https:\/\/www.comercialanma.es\/?product=6lr61\" \/>\n<meta property=\"og:site_name\" content=\"Comercial de Hosteleria Anma\" \/>\n<meta property=\"article:publisher\" content=\"https:\/\/www.facebook.com\/AnmaHosteleria\" \/>\n<meta property=\"article:modified_time\" content=\"2021-06-29T16:02:32+00:00\" \/>\n<meta property=\"og:image\" content=\"https:\/\/i1.wp.com\/www.comercialanma.es\/wp-content\/uploads\/2021\/06\/ENERGIZER-6LR6.jpg?fit=1080%2C1080&#038;ssl=1\" \/>\n\t<meta property=\"og:image:width\" content=\"1080\" \/>\n\t<meta property=\"og:image:height\" content=\"1080\" \/>\n<meta name=\"twitter:card\" content=\"summary_large_image\" \/>\n<meta name=\"twitter:label1\" content=\"Tiempo de lectura\">\n\t<meta name=\"twitter:data1\" content=\"1 minuto\">\n<script type=\"application\/ld+json\" class=\"yoast-schema-graph\">{\"@context\":\"https:\/\/schema.org\",\"@graph\":[{\"@type\":\"Organization\",\"@id\":\"https:\/\/www.comercialanma.es\/#organization\",\"name\":\"Comercial Anma\",\"url\":\"https:\/\/www.comercialanma.es\/\",\"sameAs\":[\"https:\/\/www.facebook.com\/AnmaHosteleria\",\"https:\/\/www.instagram.com\/anmahosteleria\/?hl=es\",\"https:\/\/www.youtube.com\/channel\/UCT2nmn08Ntks0hmpZPnDgCA\"],\"logo\":{\"@type\":\"ImageObject\",\"@id\":\"https:\/\/www.comercialanma.es\/#logo\",\"inLanguage\":\"es\",\"url\":\"https:\/\/i2.wp.com\/www.comercialanma.es\/wp-content\/uploads\/2019\/06\/logo-anma-color.png?fit=247%2C101&ssl=1\",\"width\":247,\"height\":101,\"caption\":\"Comercial Anma\"},\"image\":{\"@id\":\"https:\/\/www.comercialanma.es\/#logo\"}},{\"@type\":\"WebSite\",\"@id\":\"https:\/\/www.comercialanma.es\/#website\",\"url\":\"https:\/\/www.comercialanma.es\/\",\"name\":\"Comercial de Hosteleria Anma\",\"description\":\"\",\"publisher\":{\"@id\":\"https:\/\/www.comercialanma.es\/#organization\"},\"potentialAction\":[{\"@type\":\"SearchAction\",\"target\":\"https:\/\/www.comercialanma.es\/?s={search_term_string}\",\"query-input\":\"required name=search_term_string\"}],\"inLanguage\":\"es\"},{\"@type\":\"ImageObject\",\"@id\":\"https:\/\/www.comercialanma.es\/?product=6lr61#primaryimage\",\"inLanguage\":\"es\",\"url\":\"https:\/\/i1.wp.com\/www.comercialanma.es\/wp-content\/uploads\/2021\/06\/ENERGIZER-6LR6.jpg?fit=1080%2C1080&ssl=1\",\"width\":1080,\"height\":1080},{\"@type\":\"WebPage\",\"@id\":\"https:\/\/www.comercialanma.es\/?product=6lr61#webpage\",\"url\":\"https:\/\/www.comercialanma.es\/?product=6lr61\",\"name\":\"Pila Energizer 6LR61 9V. Alcalina Blister 1 - Comercial de Hosteleria Anma\",\"isPartOf\":{\"@id\":\"https:\/\/www.comercialanma.es\/#website\"},\"primaryImageOfPage\":{\"@id\":\"https:\/\/www.comercialanma.es\/?product=6lr61#primaryimage\"},\"datePublished\":\"2021-06-29T15:53:52+00:00\",\"dateModified\":\"2021-06-29T16:02:32+00:00\",\"description\":\"Pila Energizer | 6LR61| 9V.| Alcalina Blister 1 | L\\u00edder mundial en la fabricaci\\u00f3n de bater\\u00edas para electr\\u00f3nicos durante d\\u00e9cadas.\",\"breadcrumb\":{\"@id\":\"https:\/\/www.comercialanma.es\/?product=6lr61#breadcrumb\"},\"inLanguage\":\"es\",\"potentialAction\":[{\"@type\":\"ReadAction\",\"target\":[\"https:\/\/www.comercialanma.es\/?product=6lr61\"]}]},{\"@type\":\"BreadcrumbList\",\"@id\":\"https:\/\/www.comercialanma.es\/?product=6lr61#breadcrumb\",\"itemListElement\":[{\"@type\":\"ListItem\",\"position\":1,\"item\":{\"@type\":\"WebPage\",\"@id\":\"https:\/\/www.comercialanma.es\/\",\"url\":\"https:\/\/www.comercialanma.es\/\",\"name\":\"Portada\"}},{\"@type\":\"ListItem\",\"position\":2,\"item\":{\"@type\":\"WebPage\",\"@id\":\"https:\/\/www.comercialanma.es\/?page_id=3963\",\"url\":\"https:\/\/www.comercialanma.es\/?page_id=3963\",\"name\":\"Cat\\u00e1logo de Productos\"}},{\"@type\":\"ListItem\",\"position\":3,\"item\":{\"@type\":\"WebPage\",\"@id\":\"https:\/\/www.comercialanma.es\/?product=6lr61\",\"url\":\"https:\/\/www.comercialanma.es\/?product=6lr61\",\"name\":\"Pila Energizer 6LR61 9V. Alcalina Blister 1\"}}]}]}<\/script>\n<!-- \/ Yoast SEO plugin. -->","_links":{"self":[{"href":"https:\/\/www.comercialanma.es\/index.php?rest_route=\/wp\/v2\/product\/17185"}],"collection":[{"href":"https:\/\/www.comercialanma.es\/index.php?rest_route=\/wp\/v2\/product"}],"about":[{"href":"https:\/\/www.comercialanma.es\/index.php?rest_route=\/wp\/v2\/types\/product"}],"version-history":[{"count":2,"href":"https:\/\/www.comercialanma.es\/index.php?rest_route=\/wp\/v2\/product\/17185\/revisions"}],"predecessor-version":[{"id":17190,"href":"https:\/\/www.comercialanma.es\/index.php?rest_route=\/wp\/v2\/product\/17185\/revisions\/17190"}],"wp:featuredmedia":[{"embeddable":true,"href":"https:\/\/www.comercialanma.es\/index.php?rest_route=\/wp\/v2\/media\/17189"}],"wp:attachment":[{"href":"https:\/\/www.comercialanma.es\/index.php?rest_route=%2Fwp%2Fv2%2Fmedia&parent=17185"}],"curies":[{"name":"wp","href":"https:\/\/api.w.org\/{rel}","templated":true}]}}