
{"id":17192,"date":"2021-07-06T11:52:33","date_gmt":"2021-07-06T09:52:33","guid":{"rendered":"https:\/\/www.comercialanma.es\/?post_type=product&#038;p=17192"},"modified":"2021-07-06T11:57:19","modified_gmt":"2021-07-06T09:57:19","slug":"valdespino-vermouth","status":"publish","type":"product","link":"https:\/\/www.comercialanma.es\/?product=valdespino-vermouth","title":{"rendered":"Vermouth Valdespino Aperitifs 75cl."},"content":{"rendered":"<h3>Nota de Cata<\/h3>\n<ul>\n<li>Aromas especiados con intensos recuerdos a Oloroso viejo de Jerez.<\/li>\n<li>Notas c\u00edtricas (naranjas) con especias perfectamente armonizadas (clavo, genciana) Un elegante amargor envuelve el paladar haci\u00e9ndolo complejo pero suave<\/li>\n<li>Destaca su final especiado, con recuerdos de clavo, nuez moscada, canela y vainilla, ligeramente dulce y con claros recuerdos de su larga crianza en botas envinadas con Jerez Oloroso<\/li>\n<\/ul>\n<h3>Graduaci\u00f3n:<\/h3>\n<ul>\n<li>15\u00ba vol.<\/li>\n<\/ul>\n","protected":false},"excerpt":{"rendered":"<p>Vermut Valdespino pertence a la nueva familia de aperitivos jerezanos del Grupo Est\u00e9vez bautizada como Valdespino Aperitifs. Un &#8220;coupage&#8221; de Jerez oloroso muy viejo y moscatel, que le aporta una elegante nota c\u00edtrica.<\/p>\n<p>Este vermouth es un aperitivo &#8220;De Autor&#8221;, con una marcada identidad, destaca el oloroso viejo de Jerez junto con un elegante amargo, que se compensa con el dulzor del moscatel procedente de solerajes tambi\u00e9n de Valdespino, obteniendo un equilibrio muy sutil. Los bot\u00e1nicos y frutas aportan un car\u00e1cter especiado y c\u00edtrico que le confieren un gusto \u00fanico.<\/p>\n","protected":false},"featured_media":17193,"template":"","meta":{"spay_email":""},"yoast_head":"<!-- This site is optimized with the Yoast SEO plugin v15.9 - https:\/\/yoast.com\/wordpress\/plugins\/seo\/ -->\n<title>Vermouth Valdespino Aperitifs 75cl. - Comercial de Hosteleria Anma<\/title>\n<meta name=\"description\" content=\"Vermouth Valdespino | 75cl. | 15\u00ba vol. | Un &quot;coupage&quot; de Jerez oloroso muy viejo y moscatel, que le aporta una elegante nota c\u00edtrica.\" \/>\n<meta name=\"robots\" content=\"index, follow, max-snippet:-1, max-image-preview:large, max-video-preview:-1\" \/>\n<link rel=\"canonical\" href=\"https:\/\/www.comercialanma.es\/?product=valdespino-vermouth\" \/>\n<meta property=\"og:locale\" content=\"es_ES\" \/>\n<meta property=\"og:type\" content=\"article\" \/>\n<meta property=\"og:title\" content=\"Vermouth Valdespino Aperitifs 75cl. - Comercial de Hosteleria Anma\" \/>\n<meta property=\"og:description\" content=\"Vermouth Valdespino | 75cl. | 15\u00ba vol. | Un &quot;coupage&quot; de Jerez oloroso muy viejo y moscatel, que le aporta una elegante nota c\u00edtrica.\" \/>\n<meta property=\"og:url\" content=\"https:\/\/www.comercialanma.es\/?product=valdespino-vermouth\" \/>\n<meta property=\"og:site_name\" content=\"Comercial de Hosteleria Anma\" \/>\n<meta property=\"article:publisher\" content=\"https:\/\/www.facebook.com\/AnmaHosteleria\" \/>\n<meta property=\"article:modified_time\" content=\"2021-07-06T09:57:19+00:00\" \/>\n<meta property=\"og:image\" content=\"https:\/\/i1.wp.com\/www.comercialanma.es\/wp-content\/uploads\/2021\/07\/VALDESPINO-VERMOUTH-APERITIFS.jpg?fit=1080%2C1080&#038;ssl=1\" \/>\n\t<meta property=\"og:image:width\" content=\"1080\" \/>\n\t<meta property=\"og:image:height\" content=\"1080\" \/>\n<meta name=\"twitter:card\" content=\"summary_large_image\" \/>\n<meta name=\"twitter:label1\" content=\"Tiempo de lectura\">\n\t<meta name=\"twitter:data1\" content=\"1 minuto\">\n<script type=\"application\/ld+json\" class=\"yoast-schema-graph\">{\"@context\":\"https:\/\/schema.org\",\"@graph\":[{\"@type\":\"Organization\",\"@id\":\"https:\/\/www.comercialanma.es\/#organization\",\"name\":\"Comercial Anma\",\"url\":\"https:\/\/www.comercialanma.es\/\",\"sameAs\":[\"https:\/\/www.facebook.com\/AnmaHosteleria\",\"https:\/\/www.instagram.com\/anmahosteleria\/?hl=es\",\"https:\/\/www.youtube.com\/channel\/UCT2nmn08Ntks0hmpZPnDgCA\"],\"logo\":{\"@type\":\"ImageObject\",\"@id\":\"https:\/\/www.comercialanma.es\/#logo\",\"inLanguage\":\"es\",\"url\":\"https:\/\/i2.wp.com\/www.comercialanma.es\/wp-content\/uploads\/2019\/06\/logo-anma-color.png?fit=247%2C101&ssl=1\",\"width\":247,\"height\":101,\"caption\":\"Comercial Anma\"},\"image\":{\"@id\":\"https:\/\/www.comercialanma.es\/#logo\"}},{\"@type\":\"WebSite\",\"@id\":\"https:\/\/www.comercialanma.es\/#website\",\"url\":\"https:\/\/www.comercialanma.es\/\",\"name\":\"Comercial de Hosteleria Anma\",\"description\":\"\",\"publisher\":{\"@id\":\"https:\/\/www.comercialanma.es\/#organization\"},\"potentialAction\":[{\"@type\":\"SearchAction\",\"target\":\"https:\/\/www.comercialanma.es\/?s={search_term_string}\",\"query-input\":\"required name=search_term_string\"}],\"inLanguage\":\"es\"},{\"@type\":\"ImageObject\",\"@id\":\"https:\/\/www.comercialanma.es\/?product=valdespino-vermouth#primaryimage\",\"inLanguage\":\"es\",\"url\":\"https:\/\/i1.wp.com\/www.comercialanma.es\/wp-content\/uploads\/2021\/07\/VALDESPINO-VERMOUTH-APERITIFS.jpg?fit=1080%2C1080&ssl=1\",\"width\":1080,\"height\":1080},{\"@type\":\"WebPage\",\"@id\":\"https:\/\/www.comercialanma.es\/?product=valdespino-vermouth#webpage\",\"url\":\"https:\/\/www.comercialanma.es\/?product=valdespino-vermouth\",\"name\":\"Vermouth Valdespino Aperitifs 75cl. - Comercial de Hosteleria Anma\",\"isPartOf\":{\"@id\":\"https:\/\/www.comercialanma.es\/#website\"},\"primaryImageOfPage\":{\"@id\":\"https:\/\/www.comercialanma.es\/?product=valdespino-vermouth#primaryimage\"},\"datePublished\":\"2021-07-06T09:52:33+00:00\",\"dateModified\":\"2021-07-06T09:57:19+00:00\",\"description\":\"Vermouth Valdespino | 75cl. | 15\\u00ba vol. | Un \\\"coupage\\\" de Jerez oloroso muy viejo y moscatel, que le aporta una elegante nota c\\u00edtrica.\",\"breadcrumb\":{\"@id\":\"https:\/\/www.comercialanma.es\/?product=valdespino-vermouth#breadcrumb\"},\"inLanguage\":\"es\",\"potentialAction\":[{\"@type\":\"ReadAction\",\"target\":[\"https:\/\/www.comercialanma.es\/?product=valdespino-vermouth\"]}]},{\"@type\":\"BreadcrumbList\",\"@id\":\"https:\/\/www.comercialanma.es\/?product=valdespino-vermouth#breadcrumb\",\"itemListElement\":[{\"@type\":\"ListItem\",\"position\":1,\"item\":{\"@type\":\"WebPage\",\"@id\":\"https:\/\/www.comercialanma.es\/\",\"url\":\"https:\/\/www.comercialanma.es\/\",\"name\":\"Portada\"}},{\"@type\":\"ListItem\",\"position\":2,\"item\":{\"@type\":\"WebPage\",\"@id\":\"https:\/\/www.comercialanma.es\/?page_id=3963\",\"url\":\"https:\/\/www.comercialanma.es\/?page_id=3963\",\"name\":\"Cat\\u00e1logo de Productos\"}},{\"@type\":\"ListItem\",\"position\":3,\"item\":{\"@type\":\"WebPage\",\"@id\":\"https:\/\/www.comercialanma.es\/?product=valdespino-vermouth\",\"url\":\"https:\/\/www.comercialanma.es\/?product=valdespino-vermouth\",\"name\":\"Vermouth Valdespino Aperitifs 75cl.\"}}]}]}<\/script>\n<!-- \/ Yoast SEO plugin. -->","_links":{"self":[{"href":"https:\/\/www.comercialanma.es\/index.php?rest_route=\/wp\/v2\/product\/17192"}],"collection":[{"href":"https:\/\/www.comercialanma.es\/index.php?rest_route=\/wp\/v2\/product"}],"about":[{"href":"https:\/\/www.comercialanma.es\/index.php?rest_route=\/wp\/v2\/types\/product"}],"version-history":[{"count":1,"href":"https:\/\/www.comercialanma.es\/index.php?rest_route=\/wp\/v2\/product\/17192\/revisions"}],"predecessor-version":[{"id":17194,"href":"https:\/\/www.comercialanma.es\/index.php?rest_route=\/wp\/v2\/product\/17192\/revisions\/17194"}],"wp:featuredmedia":[{"embeddable":true,"href":"https:\/\/www.comercialanma.es\/index.php?rest_route=\/wp\/v2\/media\/17193"}],"wp:attachment":[{"href":"https:\/\/www.comercialanma.es\/index.php?rest_route=%2Fwp%2Fv2%2Fmedia&parent=17192"}],"curies":[{"name":"wp","href":"https:\/\/api.w.org\/{rel}","templated":true}]}}