
{"id":17195,"date":"2021-07-06T12:01:26","date_gmt":"2021-07-06T10:01:26","guid":{"rendered":"https:\/\/www.comercialanma.es\/?post_type=product&#038;p=17195"},"modified":"2021-07-06T12:38:03","modified_gmt":"2021-07-06T10:38:03","slug":"el-tutor-verdejo","status":"publish","type":"product","link":"https:\/\/www.comercialanma.es\/?product=el-tutor-verdejo","title":{"rendered":"El Tutor Verdejo  75cl."},"content":{"rendered":"<h3>D.O.:<\/h3>\n<ul>\n<li>Rueda<\/li>\n<\/ul>\n<h3>Variedades de uva:<\/h3>\n<ul>\n<li><span class=\"tlid-translation translation\" lang=\"es\"><span title=\"\"><span class=\"tablaValorContenido\">Verdejo<br \/>\n<\/span><\/span><\/span><\/li>\n<\/ul>\n<h3>Graduaci\u00f3n:<\/h3>\n<ul>\n<li>Graduaci\u00f3n: 13,5% vol.<\/li>\n<\/ul>\n<h3>Nota de Cata:<\/h3>\n<div>\n<div>\n<ul>\n<li>De color amarillo p\u00e1lido, con reflejos verdosos.<\/li>\n<li>Intensidad arom\u00e1tica alta marcada por un amplio abanico de notas varietales (heno, bals\u00e1micos, c\u00edtricos), con un aporte de madurez fruto del trabajo con las l\u00edas.<\/li>\n<li>Buena estructura en el paladar. Vino equilibrado, untuoso, aterciopelado y de posgusto largo, recordando los aromas percibidos en nariz.<\/li>\n<\/ul>\n<\/div>\n<\/div>\n","protected":false},"excerpt":{"rendered":"<p>El Tutor Verdejo | 75cl. |<\/p>\n<p><span id=\"page158R_mcid0\" class=\"markedContent\"><\/span><span id=\"page158R_mcid1\" class=\"markedContent\"><\/span><span id=\"page158R_mcid2\" class=\"markedContent\"><span id=\"undefined\" class=\"markedContent\"><\/span><\/span><span id=\"page158R_mcid3\" class=\"markedContent\"><\/span><span id=\"page158R_mcid6\"><span dir=\"ltr\"><span id=\"page151R_mcid4\">&#8220;Este vino te puede ense\u00f1ar muchas cosas&#8221;. Con esta did\u00e1ctica declaraci\u00f3n de intenciones impresa en su etiqueta se presenta este verdejo 100%. La primera\u00a0lecci\u00f3n es el valor inestimable de las cepas cuidadosamente seleccionadas, como son las de su procedencia, cultivadas en Rueda, Pollos y La Seca. La segunda abunda en el placer que procuran su intensidad, frescura y aromas frutales, especiados y minerales,\u00a0propios de la variedad.<\/span><\/span><\/span><\/p>\n","protected":false},"featured_media":17196,"template":"","meta":{"spay_email":""},"yoast_head":"<!-- This site is optimized with the Yoast SEO plugin v15.9 - https:\/\/yoast.com\/wordpress\/plugins\/seo\/ -->\n<title>El Tutor Verdejo 75cl. - Comercial de Hosteleria Anma<\/title>\n<meta name=\"description\" content=\"El Tutor Verdejo | 75cl. | &quot;Este vino te puede ense\u00f1ar muchas cosas&quot;. Cepas cuidadosamente seleccionadas. Frescura y aromas frutales.\" \/>\n<meta name=\"robots\" content=\"index, follow, max-snippet:-1, max-image-preview:large, max-video-preview:-1\" \/>\n<link rel=\"canonical\" href=\"https:\/\/www.comercialanma.es\/?product=el-tutor-verdejo\" \/>\n<meta property=\"og:locale\" content=\"es_ES\" \/>\n<meta property=\"og:type\" content=\"article\" \/>\n<meta property=\"og:title\" content=\"El Tutor Verdejo 75cl. - Comercial de Hosteleria Anma\" \/>\n<meta property=\"og:description\" content=\"El Tutor Verdejo | 75cl. | &quot;Este vino te puede ense\u00f1ar muchas cosas&quot;. Cepas cuidadosamente seleccionadas. Frescura y aromas frutales.\" \/>\n<meta property=\"og:url\" content=\"https:\/\/www.comercialanma.es\/?product=el-tutor-verdejo\" \/>\n<meta property=\"og:site_name\" content=\"Comercial de Hosteleria Anma\" \/>\n<meta property=\"article:publisher\" content=\"https:\/\/www.facebook.com\/AnmaHosteleria\" \/>\n<meta property=\"article:modified_time\" content=\"2021-07-06T10:38:03+00:00\" \/>\n<meta property=\"og:image\" content=\"https:\/\/i0.wp.com\/www.comercialanma.es\/wp-content\/uploads\/2021\/07\/el-tutor.jpg?fit=1080%2C1080&#038;ssl=1\" \/>\n\t<meta property=\"og:image:width\" content=\"1080\" \/>\n\t<meta property=\"og:image:height\" content=\"1080\" \/>\n<meta name=\"twitter:card\" content=\"summary_large_image\" \/>\n<meta name=\"twitter:label1\" content=\"Tiempo de lectura\">\n\t<meta name=\"twitter:data1\" content=\"1 minuto\">\n<script type=\"application\/ld+json\" class=\"yoast-schema-graph\">{\"@context\":\"https:\/\/schema.org\",\"@graph\":[{\"@type\":\"Organization\",\"@id\":\"https:\/\/www.comercialanma.es\/#organization\",\"name\":\"Comercial Anma\",\"url\":\"https:\/\/www.comercialanma.es\/\",\"sameAs\":[\"https:\/\/www.facebook.com\/AnmaHosteleria\",\"https:\/\/www.instagram.com\/anmahosteleria\/?hl=es\",\"https:\/\/www.youtube.com\/channel\/UCT2nmn08Ntks0hmpZPnDgCA\"],\"logo\":{\"@type\":\"ImageObject\",\"@id\":\"https:\/\/www.comercialanma.es\/#logo\",\"inLanguage\":\"es\",\"url\":\"https:\/\/i2.wp.com\/www.comercialanma.es\/wp-content\/uploads\/2019\/06\/logo-anma-color.png?fit=247%2C101&ssl=1\",\"width\":247,\"height\":101,\"caption\":\"Comercial Anma\"},\"image\":{\"@id\":\"https:\/\/www.comercialanma.es\/#logo\"}},{\"@type\":\"WebSite\",\"@id\":\"https:\/\/www.comercialanma.es\/#website\",\"url\":\"https:\/\/www.comercialanma.es\/\",\"name\":\"Comercial de Hosteleria Anma\",\"description\":\"\",\"publisher\":{\"@id\":\"https:\/\/www.comercialanma.es\/#organization\"},\"potentialAction\":[{\"@type\":\"SearchAction\",\"target\":\"https:\/\/www.comercialanma.es\/?s={search_term_string}\",\"query-input\":\"required name=search_term_string\"}],\"inLanguage\":\"es\"},{\"@type\":\"ImageObject\",\"@id\":\"https:\/\/www.comercialanma.es\/?product=el-tutor-verdejo#primaryimage\",\"inLanguage\":\"es\",\"url\":\"https:\/\/i0.wp.com\/www.comercialanma.es\/wp-content\/uploads\/2021\/07\/el-tutor.jpg?fit=1080%2C1080&ssl=1\",\"width\":1080,\"height\":1080},{\"@type\":\"WebPage\",\"@id\":\"https:\/\/www.comercialanma.es\/?product=el-tutor-verdejo#webpage\",\"url\":\"https:\/\/www.comercialanma.es\/?product=el-tutor-verdejo\",\"name\":\"El Tutor Verdejo 75cl. - Comercial de Hosteleria Anma\",\"isPartOf\":{\"@id\":\"https:\/\/www.comercialanma.es\/#website\"},\"primaryImageOfPage\":{\"@id\":\"https:\/\/www.comercialanma.es\/?product=el-tutor-verdejo#primaryimage\"},\"datePublished\":\"2021-07-06T10:01:26+00:00\",\"dateModified\":\"2021-07-06T10:38:03+00:00\",\"description\":\"El Tutor Verdejo | 75cl. | \\\"Este vino te puede ense\\u00f1ar muchas cosas\\\". Cepas cuidadosamente seleccionadas. Frescura y aromas frutales.\",\"breadcrumb\":{\"@id\":\"https:\/\/www.comercialanma.es\/?product=el-tutor-verdejo#breadcrumb\"},\"inLanguage\":\"es\",\"potentialAction\":[{\"@type\":\"ReadAction\",\"target\":[\"https:\/\/www.comercialanma.es\/?product=el-tutor-verdejo\"]}]},{\"@type\":\"BreadcrumbList\",\"@id\":\"https:\/\/www.comercialanma.es\/?product=el-tutor-verdejo#breadcrumb\",\"itemListElement\":[{\"@type\":\"ListItem\",\"position\":1,\"item\":{\"@type\":\"WebPage\",\"@id\":\"https:\/\/www.comercialanma.es\/\",\"url\":\"https:\/\/www.comercialanma.es\/\",\"name\":\"Portada\"}},{\"@type\":\"ListItem\",\"position\":2,\"item\":{\"@type\":\"WebPage\",\"@id\":\"https:\/\/www.comercialanma.es\/?page_id=3963\",\"url\":\"https:\/\/www.comercialanma.es\/?page_id=3963\",\"name\":\"Cat\\u00e1logo de Productos\"}},{\"@type\":\"ListItem\",\"position\":3,\"item\":{\"@type\":\"WebPage\",\"@id\":\"https:\/\/www.comercialanma.es\/?product=el-tutor-verdejo\",\"url\":\"https:\/\/www.comercialanma.es\/?product=el-tutor-verdejo\",\"name\":\"El Tutor Verdejo 75cl.\"}}]}]}<\/script>\n<!-- \/ Yoast SEO plugin. -->","_links":{"self":[{"href":"https:\/\/www.comercialanma.es\/index.php?rest_route=\/wp\/v2\/product\/17195"}],"collection":[{"href":"https:\/\/www.comercialanma.es\/index.php?rest_route=\/wp\/v2\/product"}],"about":[{"href":"https:\/\/www.comercialanma.es\/index.php?rest_route=\/wp\/v2\/types\/product"}],"version-history":[{"count":3,"href":"https:\/\/www.comercialanma.es\/index.php?rest_route=\/wp\/v2\/product\/17195\/revisions"}],"predecessor-version":[{"id":17202,"href":"https:\/\/www.comercialanma.es\/index.php?rest_route=\/wp\/v2\/product\/17195\/revisions\/17202"}],"wp:featuredmedia":[{"embeddable":true,"href":"https:\/\/www.comercialanma.es\/index.php?rest_route=\/wp\/v2\/media\/17196"}],"wp:attachment":[{"href":"https:\/\/www.comercialanma.es\/index.php?rest_route=%2Fwp%2Fv2%2Fmedia&parent=17195"}],"curies":[{"name":"wp","href":"https:\/\/api.w.org\/{rel}","templated":true}]}}